{"id":76,"date":"2024-07-09T13:50:13","date_gmt":"2024-07-09T13:50:13","guid":{"rendered":"https:\/\/mydreamweddingideas.com\/vsebina2\/?page_id=76"},"modified":"2024-07-09T13:50:24","modified_gmt":"2024-07-09T13:50:24","slug":"storzek-v-tezavah","status":"publish","type":"page","link":"https:\/\/tolovaj.com\/vsebina\/pravljice\/storzek-v-tezavah\/","title":{"rendered":"Stor\u017eek v te\u017eavah"},"content":{"rendered":"\n<p><em>Napisal Tomo Ko\u010dar<\/em><br><em>Ilustriral Adriano Jane\u017ei\u010d<\/em><\/p>\n\n\n\n<figure class=\"wp-block-image\"><a href=\"https:\/\/www.agd.si\/\" target=\"_blank\" rel=\"noreferrer noopener\"><img decoding=\"async\" src=\"https:\/\/tolovaj.com\/vsebina1\/wp-content\/uploads\/2024\/07\/agd-130-32.jpg\" alt=\"\" class=\"wp-image-149\"\/><\/a><\/figure>\n\n\n\n<p>Veveri\u010dka Zobek in Stor\u017eek sta bila najbolj\u0161a prijatelja. \u010ceprav sta \u017eivela v razli\u010dnih duplinicah, sta se kar naprej obiskovala. Zobek Stor\u017eka in Stor\u017eek Zobka. Zgodilo se je \u017ee celo, da sta se na obisk odpravila hkrati, nato pred prijateljevo duplinico zaman trkala in se ob vrnitvi nekje na pol poti sre\u010dala.<\/p>\n\n\n\n<figure class=\"wp-block-image alignleft size-full\"><img loading=\"lazy\" decoding=\"async\" width=\"400\" height=\"570\" src=\"https:\/\/tolovaj.com\/vsebina\/wp-content\/uploads\/2024\/07\/Storzek-04-400.jpg\" alt=\"\" class=\"wp-image-79\" srcset=\"https:\/\/tolovaj.com\/vsebina\/wp-content\/uploads\/2024\/07\/Storzek-04-400.jpg 400w, https:\/\/tolovaj.com\/vsebina\/wp-content\/uploads\/2024\/07\/Storzek-04-400-211x300.jpg 211w\" sizes=\"auto, (max-width: 400px) 100vw, 400px\" \/><\/figure>\n\n\n\n<p>\u201cO, Zobek,\u201d je takrat rekel Stor\u017eek. \u201cRavno pri tebi sem bil na obisku.\u201d<\/p>\n\n\n\n<p>\u201cIn jaz pri tebi,\u201d je pokimal Zobek. \u201cAmpak te ni bilo doma!\u201d<\/p>\n\n\n\n<p>\u201cTebe tudi ne,\u201d je povedal Stor\u017eek.<\/p>\n\n\n\n<p>\u201c\u010ce to ni smola,\u201d je zavzdihnil Zobek.<\/p>\n\n\n\n<p>Potem sta sedla na primerno vejico in malo pomalicala.<\/p>\n\n\n\n<p>\u201cNo, ja,\u201d je kasneje rekel Stor\u017eek. \u201cMogo\u010de bova imela pa jutri ve\u010d sre\u010de.\u201d<\/p>\n\n\n\n<p>Poslovila sta se in odskakljala vsak proti svojemu domu.<\/p>\n\n\n\n<p>Tako je teklo \u017eivljenje vse do neke jeseni, ko je Stor\u017ekova leska \u0161e posebej bogato obrodila. Zobek mu jo je pomagal obrati, shraniti le\u0161nike v shrambo, skuhati le\u0161nikovo kremo, pa tudi poskusiti se je ni branil.<\/p>\n\n\n\n<p>Seveda vsaka veverica ve, da je le\u0161nikova krema najbolj\u0161a na pala\u010dinkah. Zato jih je Stor\u017eek nekaj dni zapored kar naprej pekel. Zobek se je za\u010dasno preselil k njemu, da sta lahko z delom za\u010dela \u017ee navsezgodaj. Tudi potem, ko je bilo \u017ee vse opravljeno, se mu kar ni in ni ljubilo posloviti.<\/p>\n\n\n\n<p>\u201cUaaaa,\u201d je zazehal navsezgodaj. \u201cJoj, Stor\u017eek, kako sem la\u010den. Ali ima\u0161 mogo\u010de kako pala\u010dinko? Sve\u017eo, toplo in z le\u0161nikovo kremo namazano?\u201d<\/p>\n\n\n\n<p>Stor\u017eek se je seveda za prijatelja z veseljem potrudil. Tudi \u017eelodovo kavico je skuhal, saj \u0161ele ta daje pala\u010dinkam z le\u0161nikovo kremo pravi okus. Tako je Zobku stregel dan, dva, ves teden in obiskovalec mu je za\u010del po\u010dasi presedati.<\/p>\n\n\n\n<p><a href=\"https:\/\/tolovaj.com\/trgovina\/zbirka-tolovaj\/20-storzek-v-tezavah.html\" target=\"_blank\" rel=\"noreferrer noopener\"><\/a>\u201cPoslu\u0161aj, Zobek! Si kaj premi\u0161ljeval o vrnitvi domov?\u201d<\/p>\n\n\n\n<figure class=\"wp-block-image alignright\"><img decoding=\"async\" src=\"https:\/\/tolovaj.com\/vsebina1\/wp-content\/uploads\/2024\/07\/Storzek-05-400.jpg\" alt=\"\" class=\"wp-image-152\"\/><\/figure>\n\n\n\n<p>\u201cNiti ne,\u201d si je vpra\u0161ani previdno \u010distil br\u010dice. \u201cTu je bolj\u0161a hrana, bolj\u0161a dru\u017eba, pa tudi ne ljubi se mi.\u201d<\/p>\n\n\n\n<p>Stor\u017eek seveda z odgovorom ni bil najbolj zadovoljen. Toda kaj naj naredi? Prijatelja vendar ne more kar spoditi! \u0160el je na sprehod, da bi vse skupaj v miru premislil.<\/p>\n\n\n\n<p>\u201cKaj se tako kislo dr\u017ei\u0161?\u201d ga je \u010dez nekaj \u010dasa sre\u010dala teta \u017dolna.<\/p>\n\n\n\n<p>\u201cKaj se ne bi,\u201d je potarnal. \u201cObisk sem dobil, pa se ga ne morem znebiti. Celo uro sem pekel pala\u010dinke in potem sem mu jih pomagal jesti.\u201d<\/p>\n\n\n\n<p>\u201cZoprno,\u201d se je strinjala \u017dolna. \u201cTudi jaz sem morala celo uro trkati po deblih, da sem ujela nekaj slastnih \u010drvov.\u201d<\/p>\n\n\n\n<p>\u201cUf,\u201d je kar zmrazilo veveri\u010dka. \u201cVsaj s \u010drvi nimam te\u017eav.\u201d<\/p>\n\n\n\n<p>\u201cO, pa so dobri, ve\u0161,\u201d je rekla teta \u017dolna. \u201c\u010ce bo\u0161 kak\u0161nega na\u0161el, me kar pokli\u010di.\u201d<\/p>\n\n\n\n<p>Potem je odletela po opravkih. Do kosila jo je \u010dakalo toliko trkanja, da jo je \u017ee zdaj bolela glava. Za glavo pa se je prijel tudi Stor\u017eek. Vanjo mu je namre\u010d \u0161inila odli\u010dna zamisel in \u0161koda&nbsp; bi jo bilo izgubiti.<\/p>\n\n\n\n<p>\u201cTole s \u010drvi se kar dobro sli\u0161i,\u201d si je rekel. \u201cZobku so \u0161e bolj zoprni kot meni. \u010ce mu re\u010dem, da so se zaredili v duplini, jo bo hitro pobrisal domov.\u201d<\/p>\n\n\n\n<p>In res je storil tako.<\/p>\n\n\n\n<p>\u201cKaaaaj! \u010crvi?\u201d je Zobek planil pokonci, ko je sli\u0161al novico. \u201cGroooza! \u017dal mi je, Stor\u017eek, ampak posloviti se moram!\u201d<\/p>\n\n\n\n<figure class=\"wp-block-image alignleft\"><img decoding=\"async\" src=\"https:\/\/tolovaj.com\/vsebina1\/wp-content\/uploads\/2024\/07\/Vevericja-04-424-1.jpg\" alt=\"\" class=\"wp-image-154\"\/><\/figure>\n\n\n\n<p>\u201cTudi meni je \u017eal,\u201d se je zadovoljno muzal Stor\u017eek.<\/p>\n\n\n\n<p>Zadovoljen, ker je spet sam, je malo pospravil in se nato odpravil na kratek sprehod.<\/p>\n\n\n\n<p>\u201cUh, kon\u010dno sem svoboden!\u201d je zajel polna plju\u010da sve\u017eega zraka. \u201cKako je to prijetno!\u201d<\/p>\n\n\n\n<p>No, ja. Ko je sedel na primerno vejo, da bi v miru u\u017eival v popoldanskem son\u010dku, je Zobka vseeno malo pogre\u0161al.<\/p>\n\n\n\n<p>Ampak vsega tudi ne more\u0161 imeti.<\/p>\n\n\n\n<p>Ali si sam ali pa nisi.<\/p>\n\n\n\n<p>In kaj je medtem po\u010del Zobek?<\/p>\n\n\n\n<p>Tekel je proti domu, kolikor so ga nesle ta\u010dke. Pri tem bi skoraj spregledal teto \u017dolno.<\/p>\n\n\n\n<p>\u201cHej, Zobek! Saj bo\u0161 \u0161e rep izgubil, tako drvi\u0161!\u201d mu je zaklicala.<\/p>\n\n\n\n<p>\u201cMoram,\u201d je pojasnil veveri\u010dek. \u201cPri Stor\u017eku so se zaredili \u010drvi. Tam ne zdr\u017eim ve\u010d. \u010cim prej moram stran!\u201d<\/p>\n\n\n\n<p>\u201c\u010crvi, pravi\u0161?\u201d se je \u017dolna obliznila. \u201c\u010ce ho\u010de\u0161, jih lahko polovim!\u201d<\/p>\n\n\n\n<p>\u201cBi jih res?\u201d je obstal Zobek. \u201cTo bi bilo zelo prijazno. Ampak bojim se, da jih je preve\u010d.\u201d<\/p>\n\n\n\n<p>\u201c\u0160e bolje,\u201d se je nasmehnila \u017dolna. \u201cNa pomo\u010d bom poklicala Detlove, pa bo.\u201d<\/p>\n\n\n\n<p>V nekaj minutah se je zbrala prava mala \u010deta \u017eoln in detlov, ki so se s spretnimi kljuni br\u017e lotili Stor\u017ekovega domka. Ropotalo je in razbijalo, se lomilo in hre\u0161\u010dalo, le o \u010drvih ni bilo ne duha ne sluha.<\/p>\n\n\n\n<p>\u201cSlaba novica,\u201d je pri\u0161la kasneje povedat \u017dolna. \u201cTole drevo je povsem zdravo.\u201d<\/p>\n\n\n\n<p>\u201cSlaba novica za \u017dolno, a dobra zame,\u201d je bil vesel Zobek.<\/p>\n\n\n\n<p>\u201cOjej!\u201d je zatulil Stor\u017eek, ki se je ravno takrat vrnil. \u201cKaj se je zgodilo?\u201d<\/p>\n\n\n\n<p>Osuplo je strmel v duplinico: stene so bile na ve\u010d mestih preluknjane, lubje olupljeno, nekaj najlep\u0161ih vejic pred vhodom pa polomljenih. Njegovo stanovanje je bilo skoraj uni\u010deno.<\/p>\n\n\n\n<p>\u201cEmmm,\u201d je tudi Zobek opazil, da prijatelju ni napravil ravno najve\u010dje usluge. \u201cVe\u0161 \u2026 Strokovnjaki za \u010drve so pri\u0161li in \u2026 Emmm \u2026 No \u2026 Ni\u010desar niso na\u0161li.\u201d<\/p>\n\n\n\n<figure class=\"wp-block-image alignright\"><img decoding=\"async\" src=\"https:\/\/tolovaj.com\/vsebina1\/wp-content\/uploads\/2024\/07\/storzek-06-400.jpg\" alt=\"\" class=\"wp-image-155\"\/><\/figure>\n\n\n\n<p>\u201cKje naj zdaj spim?\u201d je skoraj zajokal Stor\u017eek. \u201c\u0160e posteljico so mi razstavili.\u201d<\/p>\n\n\n\n<p>\u201cJa, res,\u201d je so\u010dutno pokimal Zobek. \u201cPri vseh teh luknjah v steni bo pono\u010di grozen prepih. \u010ce bi bila samo ena, bi jo zama\u0161il z repom, tako pa \u2026\u201d<\/p>\n\n\n\n<p>\u201cMol\u010di \u017ee!\u201d je Stor\u017eek jezno zacepetal. \u201cTi si vsega kriv.\u201d<\/p>\n\n\n\n<p>\u201cOprosti,\u201d je rekel Zobek in takoj za tem veselo sko\u010dil pokonci. \u201c\u017de vem! K meni bova \u0161la. Prostora je malo manj, ampak bova \u017ee kako. Vsaj za prvo silo.\u201d<\/p>\n\n\n\n<p>In sta \u0161la res.<\/p>\n\n\n\n<p>Zobkov domek je bil res manj\u0161i, a je imel lep\u0161i razgled. Z nekaj le\u0161nikove kreme, ki sta jo vzela s seboj, in pala\u010dinkami, ki jih je tokrat spekel Zobek, sploh ni bilo slabo. Ko sta zve\u010der skupaj gledala son\u010dni zahod, je Stor\u017eek ugotovil, da mu pravzaprav ni\u010desar ne manjka.<\/p>\n\n\n\n<p>\u201cOstane\u0161 lahko, kolikor ho\u010de\u0161,\u201d je rekel Zobek.<\/p>\n\n\n\n<p>\u201cBom,\u201d se je nasmehnil Stor\u017eek. \u201cA le pod pogojem, da pala\u010dinke vsak drugi dan pe\u010dem jaz.\u201d<\/p>\n\n\n\n<hr class=\"wp-block-separator has-alpha-channel-opacity\"\/>\n\n\n\n<p>Pravljica je iz\u0161la v slikanici <a href=\"https:\/\/tolovaj.com\/trgovina\/zbirka-tolovaj\/20-storzek-v-tezavah.html\" target=\"_blank\" rel=\"noreferrer noopener\">Stor\u017eek v te\u017eavah<\/a> in na zgo\u0161\u010denki <a href=\"http:\/\/panika.si\/index.php?page=shop.product_details&amp;flypage=flypage-ask.tpl&amp;product_id=244&amp;category_id=3&amp;option=com_virtuemart&amp;Itemid=1\" target=\"_blank\" rel=\"noreferrer noopener\">Lisjak prihaja<\/a>, lahko pa si jo <a href=\"https:\/\/tolovaj.com\/vsebina\/tolovajeva-votlina\" target=\"_blank\" rel=\"noreferrer noopener\">prenesete<\/a> in <a href=\"https:\/\/tolovaj.com\/vsebina\/component\/content\/?id=219:storzek-v-tezavah-mp3&amp;catid=43&amp;Itemid=60\" target=\"_blank\" rel=\"noreferrer noopener\">poslu\u0161ate v mp3 obliki.<\/a><\/p>\n\n\n\n<figure class=\"wp-block-image\"><a href=\"http:\/\/tolovaj.com\/trgovina\/zbirka-tolovaj\/20-storzek-v-tezavah.html\" target=\"_blank\" rel=\"noreferrer noopener\"><img decoding=\"async\" src=\"https:\/\/tolovaj.com\/vsebina\/images\/Pravljica\/storzek-v-tezavah-180.jpg\" alt=\"storzek-v-tezavah-180\"\/><\/a><\/figure>\n\n\n\n<figure class=\"wp-block-image\"><a href=\"http:\/\/panika.si\/index.php?page=shop.product_details&amp;flypage=flypage-ask.tpl&amp;product_id=244&amp;category_id=3&amp;option=com_virtuemart&amp;Itemid=1\" target=\"_blank\" rel=\"noreferrer noopener\"><img decoding=\"async\" src=\"https:\/\/tolovaj.com\/vsebina\/images\/Pravljica\/lisjak-prihaja-panika-180-178.jpg\" alt=\"lisjak-prihaja-panika-180-178\"\/><\/a><\/figure>\n","protected":false},"excerpt":{"rendered":"<p>Napisal Tomo Ko\u010darIlustriral Adriano Jane\u017ei\u010d Veveri\u010dka Zobek in Stor\u017eek sta bila najbolj\u0161a prijatelja. \u010ceprav sta \u017eivela v razli\u010dnih duplinicah, sta se kar naprej obiskovala. Zobek Stor\u017eka in Stor\u017eek Zobka. Zgodilo se je \u017ee celo, da sta se na obisk odpravila hkrati, nato pred prijateljevo duplinico zaman trkala in se ob vrnitvi nekje na pol poti [&hellip;]<\/p>\n","protected":false},"author":1,"featured_media":0,"parent":23,"menu_order":1,"comment_status":"closed","ping_status":"closed","template":"page-no-separators","meta":{"footnotes":""},"class_list":["post-76","page","type-page","status-publish","hentry"],"_links":{"self":[{"href":"https:\/\/tolovaj.com\/vsebina\/wp-json\/wp\/v2\/pages\/76","targetHints":{"allow":["GET"]}}],"collection":[{"href":"https:\/\/tolovaj.com\/vsebina\/wp-json\/wp\/v2\/pages"}],"about":[{"href":"https:\/\/tolovaj.com\/vsebina\/wp-json\/wp\/v2\/types\/page"}],"author":[{"embeddable":true,"href":"https:\/\/tolovaj.com\/vsebina\/wp-json\/wp\/v2\/users\/1"}],"replies":[{"embeddable":true,"href":"https:\/\/tolovaj.com\/vsebina\/wp-json\/wp\/v2\/comments?post=76"}],"version-history":[{"count":1,"href":"https:\/\/tolovaj.com\/vsebina\/wp-json\/wp\/v2\/pages\/76\/revisions"}],"predecessor-version":[{"id":82,"href":"https:\/\/tolovaj.com\/vsebina\/wp-json\/wp\/v2\/pages\/76\/revisions\/82"}],"up":[{"embeddable":true,"href":"https:\/\/tolovaj.com\/vsebina\/wp-json\/wp\/v2\/pages\/23"}],"wp:attachment":[{"href":"https:\/\/tolovaj.com\/vsebina\/wp-json\/wp\/v2\/media?parent=76"}],"curies":[{"name":"wp","href":"https:\/\/api.w.org\/{rel}","templated":true}]}}