{"id":752,"date":"2024-07-14T15:47:12","date_gmt":"2024-07-14T15:47:12","guid":{"rendered":"https:\/\/mydreamweddingideas.com\/vsebina2\/?page_id=752"},"modified":"2024-07-14T15:47:30","modified_gmt":"2024-07-14T15:47:30","slug":"pomivalni-stroj","status":"publish","type":"page","link":"https:\/\/tolovaj.com\/vsebina\/kulinarika\/pomivalni-stroj\/","title":{"rendered":"Pomivalni stroj"},"content":{"rendered":"\n<figure class=\"wp-block-image alignleft size-full\"><img loading=\"lazy\" decoding=\"async\" width=\"500\" height=\"241\" src=\"https:\/\/tolovaj.com\/vsebina\/wp-content\/uploads\/2024\/07\/pomivalni-stroj-sxc-383099_9864-x500-1.jpg\" alt=\"\" class=\"wp-image-755\" srcset=\"https:\/\/tolovaj.com\/vsebina\/wp-content\/uploads\/2024\/07\/pomivalni-stroj-sxc-383099_9864-x500-1.jpg 500w, https:\/\/tolovaj.com\/vsebina\/wp-content\/uploads\/2024\/07\/pomivalni-stroj-sxc-383099_9864-x500-1-300x145.jpg 300w\" sizes=\"auto, (max-width: 500px) 100vw, 500px\" \/><\/figure>\n\n\n\n<p>Pomivanje posode je dolgo veljalo za nujno zlo. Ve\u010dina nas rada sede k bogato oblo\u017eeni mizi. Mnogi si vsaj ob\u010dasno prive\u017eemo predpasnik in kaj dobrega skuhamo. Toda pri pospravljanu se ljubezen neha.<\/p>\n\n\n\n<p>Na sre\u010do danes pomivalni stroji niso ve\u010d rezervirani za hotele in bogata\u0161ke hi\u0161e. Koliko dela nam pomivalni stroj lahko v resnici prihrani?<\/p>\n\n\n\n<h2 class=\"wp-block-heading\">Pomivanje je za \u017eenske<\/h2>\n\n\n\n<p>\u010ceprav velja za izumitelja prvega pomivalnega stroja Ameri\u010dan Joel Houghton, ki je leta 1850 patentiral leseno pripravo z vrtljivim kolesom,&nbsp; je bil njegov izum brez prakti\u010dne vrednosti. Zato ima primat njegova sonarodnjakinja.<\/p>\n\n\n\n<p>Josephine Cochrane je imela izumljanje v krvi. Njen praded John Fitch se je na lastnem parniku preva\u017eal 17 let preden je Fulton parnik uradno izumil. Njen o\u010de John Garis je bil uspe\u0161en in\u017eenir, ki je sodeloval pri gradnji nekaterih pomembnih zgradb v Chicagu. Josephine se je torej rodila v bogati dru\u017eini in ji ni bilo treba pomivati posode. Po poroki s trgovcem in politikom Williamom Cochranom \u0161e posebej ne.<\/p>\n\n\n\n<p>Vseeno jo je motilo nemarno ravnanje slu\u017ein\u010dadi z dragocenim dru\u017einskim porcelanom. Obupana je za\u010dela pomivati sama, a se s tem ni sprijaznila. Le zakaj ni nih\u010de izumil stroja za pomivanje posode? Sklenila je, da ga bo morala sama.<\/p>\n\n\n\n<figure class=\"wp-block-image alignright size-full\"><img loading=\"lazy\" decoding=\"async\" width=\"350\" height=\"467\" src=\"https:\/\/tolovaj.com\/vsebina\/wp-content\/uploads\/2024\/07\/pomivalni-stroj-sxc-147435_4701-350-1.jpg\" alt=\"\" class=\"wp-image-760\" srcset=\"https:\/\/tolovaj.com\/vsebina\/wp-content\/uploads\/2024\/07\/pomivalni-stroj-sxc-147435_4701-350-1.jpg 350w, https:\/\/tolovaj.com\/vsebina\/wp-content\/uploads\/2024\/07\/pomivalni-stroj-sxc-147435_4701-350-1-225x300.jpg 225w\" sizes=\"auto, (max-width: 350px) 100vw, 350px\" \/><\/figure>\n\n\n\n<p>Njen bolehni mo\u017e je \u0161e pred izdelavo prototipa umrl. Na vrata so potrkali upniki. Poleg tega je izgubila mo\u017enost, da bi ji pri promociji izuma pomagale soprogove zveze. Lopo za hi\u0161o je preuredila v delavnico in nekaj let kasneje za\u010dela z ogla\u0161evanjem izuma. Precej preprek je morala premagati, preden so se nekateri ogreli za \u0161e vedno neprakti\u010dno domislico.<\/p>\n\n\n\n<p>Njen stroj je bil izklju\u010dno na \u010dlove\u0161ki pogon. Malo pred smrtjo je izjavila, da se, \u010de bi na za\u010detku svoje izumiteljske poti vedela, kar ve sedaj, ne bi nikoli odlo\u010dila za tak\u0161no trnovo pot.<\/p>\n\n\n\n<p>Podjetje, ki je prevzelo njen patent, se je kasneje preimenovalo v Kitchen Aid in \u0161e kasneje postalo del Whirpoola.<\/p>\n\n\n\n<h2 class=\"wp-block-heading\">Razvoj<\/h2>\n\n\n\n<p>\u0160ele leta 1920 so se pojavili pomivalni stroji, ki jih je bilo mo\u010d priklju\u010diti v vodovodno omre\u017eje, leta 1935 pa prvi prenosni pomivalni stroji, kar je zni\u017ealo njihovo velikost in ceno.<\/p>\n\n\n\n<p>Pet let kasneje so za\u010deli pomivalni stroji posodo tudi su\u0161iti, toda do vgradnje med kuhinjske elemente so potrebovali \u0161e skoraj 30 let. Sredi 80. let prej\u0161njega stoletja so zaradi novih tehnologij postali prijaznej\u0161i uporabniku, ko se je precej zmanj\u0161al njihov hrup, v za\u010detku 90. pa so se pojavili var\u010dni modeli, ki \u0161tedijo z vodo in elektriko.<\/p>\n\n\n\n<p>Kljub o\u010ditnemu napredku \u0161e vedno ve\u010dina pomivalnih strojev te\u017eko tekmuje z ro\u010dnim, saj je ob razli\u010dnih vrstah posode in stopnjah umazanosti, \u010de drugih uporabnikovih navad niti ne upo\u0161tevamo, te\u017eko predvideti najbolj\u0161i program pomivanja.<\/p>\n\n\n\n<h2 class=\"wp-block-heading\">Na kaj paziti pred nakupom pomivalnega stroja?<\/h2>\n\n\n\n<p>Pred nakupom zberite \u010dim ve\u010d informacij in se nikar ne zana\u0161ajte na prodajalca. Poi\u0161\u010dite odgovore na \u010dim ve\u010d vpra\u0161anj.<\/p>\n\n\n\n<figure class=\"wp-block-image alignleft size-full\"><img loading=\"lazy\" decoding=\"async\" width=\"250\" height=\"188\" src=\"https:\/\/tolovaj.com\/vsebina\/wp-content\/uploads\/2024\/07\/krozniki-frs-photo_3202_20070905-250-1.jpg\" alt=\"\" class=\"wp-image-761\"\/><\/figure>\n\n\n\n<p><a href=\"http:\/\/freerangestock.com\/\" rel=\"noreferrer noopener\" target=\"_blank\"><\/a>\u017delite vgradni ali samostoje\u010di model? Kako drago ste pripravljeni pla\u010dati ti\u0161ji model? Bi bila morda za vas primernej\u0161a polovi\u010dna velikost? Potrebujete program za zelo umazano posodo? Se bo prihranek pri var\u010dnej\u0161em, a dra\u017ejem modelu povrnil? Kako je s servisom?<\/p>\n\n\n\n<p>Povpra\u0161ajte pri znancih, ki pomivalni stroj \u017ee imajo. Ve\u010dina uporablja le en program pomivanja. Je potem smiselno kupovati model s \u0161estimi programi?<\/p>\n\n\n\n<p>Boste kupili model z za\u0161\u010dito pred poplavljanjem? Kak\u0161ni bodo obratovalni stro\u0161ki (poleg elektrike in vode \u0161e sol za meh\u010danje vode, ki je v Sloveniji na\u010deloma nadpovpre\u010dno trda, poseben pra\u0161ek in sredstvo za lesk) va\u0161ega pomivalnega stroja? Je mogo\u010de notanjost stroja (ko\u0161arice, police) preurediti po va\u0161ih \u017eeljah?<\/p>\n\n\n\n<p>Pred nakupom, naj se sli\u0161i \u0161e tako zoprno, obvezno preberite navodila.<\/p>\n\n\n\n<p><\/p>\n","protected":false},"excerpt":{"rendered":"<p>Pomivanje posode je dolgo veljalo za nujno zlo. Ve\u010dina nas rada sede k bogato oblo\u017eeni mizi. Mnogi si vsaj ob\u010dasno prive\u017eemo predpasnik in kaj dobrega skuhamo. Toda pri pospravljanu se ljubezen neha. Na sre\u010do danes pomivalni stroji niso ve\u010d rezervirani za hotele in bogata\u0161ke hi\u0161e. Koliko dela nam pomivalni stroj lahko v resnici prihrani? Pomivanje [&hellip;]<\/p>\n","protected":false},"author":1,"featured_media":0,"parent":17,"menu_order":1,"comment_status":"closed","ping_status":"closed","template":"page-no-separators","meta":{"footnotes":""},"class_list":["post-752","page","type-page","status-publish","hentry"],"_links":{"self":[{"href":"https:\/\/tolovaj.com\/vsebina\/wp-json\/wp\/v2\/pages\/752","targetHints":{"allow":["GET"]}}],"collection":[{"href":"https:\/\/tolovaj.com\/vsebina\/wp-json\/wp\/v2\/pages"}],"about":[{"href":"https:\/\/tolovaj.com\/vsebina\/wp-json\/wp\/v2\/types\/page"}],"author":[{"embeddable":true,"href":"https:\/\/tolovaj.com\/vsebina\/wp-json\/wp\/v2\/users\/1"}],"replies":[{"embeddable":true,"href":"https:\/\/tolovaj.com\/vsebina\/wp-json\/wp\/v2\/comments?post=752"}],"version-history":[{"count":1,"href":"https:\/\/tolovaj.com\/vsebina\/wp-json\/wp\/v2\/pages\/752\/revisions"}],"predecessor-version":[{"id":762,"href":"https:\/\/tolovaj.com\/vsebina\/wp-json\/wp\/v2\/pages\/752\/revisions\/762"}],"up":[{"embeddable":true,"href":"https:\/\/tolovaj.com\/vsebina\/wp-json\/wp\/v2\/pages\/17"}],"wp:attachment":[{"href":"https:\/\/tolovaj.com\/vsebina\/wp-json\/wp\/v2\/media?parent=752"}],"curies":[{"name":"wp","href":"https:\/\/api.w.org\/{rel}","templated":true}]}}