{"id":677,"date":"2024-07-14T13:45:02","date_gmt":"2024-07-14T13:45:02","guid":{"rendered":"https:\/\/mydreamweddingideas.com\/vsebina2\/?page_id=677"},"modified":"2024-07-14T13:45:30","modified_gmt":"2024-07-14T13:45:30","slug":"poljubljanje-je-lahko-smrtno-nevarno","status":"publish","type":"page","link":"https:\/\/tolovaj.com\/vsebina\/lepota\/poljubljanje-je-lahko-smrtno-nevarno\/","title":{"rendered":"Poljubljanje je lahko smrtno nevarno!"},"content":{"rendered":"\n<figure class=\"wp-block-image alignleft size-full\"><img loading=\"lazy\" decoding=\"async\" width=\"400\" height=\"302\" src=\"https:\/\/tolovaj.com\/vsebina\/wp-content\/uploads\/2024\/07\/poljub-sxc-705428-78602247-c400.jpg\" alt=\"\" class=\"wp-image-680\" srcset=\"https:\/\/tolovaj.com\/vsebina\/wp-content\/uploads\/2024\/07\/poljub-sxc-705428-78602247-c400.jpg 400w, https:\/\/tolovaj.com\/vsebina\/wp-content\/uploads\/2024\/07\/poljub-sxc-705428-78602247-c400-300x227.jpg 300w\" sizes=\"auto, (max-width: 400px) 100vw, 400px\" \/><\/figure>\n\n\n\n<p>Verjeli ali ne, zdravniki v razvitem delu sveta opa\u017eajo dramati\u010dno pove\u010danje nenavadnih in pogosto zelo nevarnih alergijskih reakcij, do katerih pride zaradi poljubljanja.<\/p>\n\n\n\n<p>Vse ve\u010d je namre\u010d ljudi, ki so alergi\u010dni na razli\u010dna \u017eivila, kot so ara\u0161idi, \u0161koljke, \u010dokolada in podobno. \u010ce se taka oseba poljublja z nekom, ki je pred kratkim u\u017eival zanjo prepovedano \u017eivilo, lahko skozi sluznico&nbsp; prejme dovolj nevarnih snovi, da pristane v bolni\u0161nici.<\/p>\n\n\n\n<p>\u010ce ste alergi\u010dni, bodite pri poljubljanju torej \u0161e posebej previdni!<\/p>\n","protected":false},"excerpt":{"rendered":"<p>Verjeli ali ne, zdravniki v razvitem delu sveta opa\u017eajo dramati\u010dno pove\u010danje nenavadnih in pogosto zelo nevarnih alergijskih reakcij, do katerih pride zaradi poljubljanja. Vse ve\u010d je namre\u010d ljudi, ki so alergi\u010dni na razli\u010dna \u017eivila, kot so ara\u0161idi, \u0161koljke, \u010dokolada in podobno. \u010ce se taka oseba poljublja z nekom, ki je pred kratkim u\u017eival zanjo prepovedano [&hellip;]<\/p>\n","protected":false},"author":1,"featured_media":0,"parent":19,"menu_order":1,"comment_status":"closed","ping_status":"closed","template":"page-no-separators","meta":{"footnotes":""},"class_list":["post-677","page","type-page","status-publish","hentry"],"_links":{"self":[{"href":"https:\/\/tolovaj.com\/vsebina\/wp-json\/wp\/v2\/pages\/677","targetHints":{"allow":["GET"]}}],"collection":[{"href":"https:\/\/tolovaj.com\/vsebina\/wp-json\/wp\/v2\/pages"}],"about":[{"href":"https:\/\/tolovaj.com\/vsebina\/wp-json\/wp\/v2\/types\/page"}],"author":[{"embeddable":true,"href":"https:\/\/tolovaj.com\/vsebina\/wp-json\/wp\/v2\/users\/1"}],"replies":[{"embeddable":true,"href":"https:\/\/tolovaj.com\/vsebina\/wp-json\/wp\/v2\/comments?post=677"}],"version-history":[{"count":1,"href":"https:\/\/tolovaj.com\/vsebina\/wp-json\/wp\/v2\/pages\/677\/revisions"}],"predecessor-version":[{"id":681,"href":"https:\/\/tolovaj.com\/vsebina\/wp-json\/wp\/v2\/pages\/677\/revisions\/681"}],"up":[{"embeddable":true,"href":"https:\/\/tolovaj.com\/vsebina\/wp-json\/wp\/v2\/pages\/19"}],"wp:attachment":[{"href":"https:\/\/tolovaj.com\/vsebina\/wp-json\/wp\/v2\/media?parent=677"}],"curies":[{"name":"wp","href":"https:\/\/api.w.org\/{rel}","templated":true}]}}