{"id":619,"date":"2024-07-14T12:16:20","date_gmt":"2024-07-14T12:16:20","guid":{"rendered":"https:\/\/mydreamweddingideas.com\/vsebina2\/?page_id=619"},"modified":"2024-07-14T12:16:48","modified_gmt":"2024-07-14T12:16:48","slug":"licenje-oci","status":"publish","type":"page","link":"https:\/\/tolovaj.com\/vsebina\/lepota\/licenje-oci\/","title":{"rendered":"Li\u010denje o\u010di"},"content":{"rendered":"\n<figure class=\"wp-block-image alignleft size-full\"><img loading=\"lazy\" decoding=\"async\" width=\"450\" height=\"337\" src=\"https:\/\/tolovaj.com\/vsebina\/wp-content\/uploads\/2024\/07\/licenje-oci-wm-eye-make-up-c450-1.jpg\" alt=\"\" class=\"wp-image-625\" srcset=\"https:\/\/tolovaj.com\/vsebina\/wp-content\/uploads\/2024\/07\/licenje-oci-wm-eye-make-up-c450-1.jpg 450w, https:\/\/tolovaj.com\/vsebina\/wp-content\/uploads\/2024\/07\/licenje-oci-wm-eye-make-up-c450-1-300x225.jpg 300w\" sizes=\"auto, (max-width: 450px) 100vw, 450px\" \/><\/figure>\n\n\n\n<p>Mnogi verjamejo, da je v pogledu skrita magi\u010dna mo\u010d. V o\u010deh se zrcalijo najgloblja \u010dustva. Ko se spra\u0161ujemo, ali nekdo govori resnico, ali la\u017ee, v o\u010deh i\u0161\u010demo odgovor.<\/p>\n\n\n\n<p>Ni pomembno ali so o\u010di modre, zelene ali rjave, navihano igrive ali skrivnostno zasanjane, vedno veljajo za ogledalo du\u0161e.<\/p>\n\n\n\n<p>Opevajo jih v vseh kulturah, obrobljene z dolgimi trepalnicami in elegantnimi obrvmi pa so prav lepe o\u010di gotovo eno najmogo\u010dnej\u0161ih orodij zapeljevanja.<\/p>\n\n\n\n<h2 class=\"wp-block-heading\">Najmo\u010dnej\u0161i stik<\/h2>\n\n\n\n<p>Strokovnjaki za komunikacijo zatrjujejo, da je pogled v o\u010di najmo\u010dnej\u0161e sredstvo prepri\u010devanja brez besed. Prodajalci se na posebnih te\u010dajih u\u010dijo, kako s pomo\u010djo pogleda vzpostaviti \u010dim tesnej\u0161i stik z morebitnimi kupci. Televizijski napovedovalci se u\u010dijo, v katero to\u010dko kamere morajo gledati, da se bodo gledalcu pred malim zaslonom zdeli \u010dim bolj prepri\u010dljivi. Dobri predavatelji znajo z mo\u010djo pogleda razoro\u017eiti te\u010dnobe, ki skrite v sen\u010dnem ozadju dvorane motijo predavanje.<\/p>\n\n\n\n<figure class=\"wp-block-image alignright size-full\"><a href=\"https:\/\/nopanic.si\/\"><img loading=\"lazy\" decoding=\"async\" width=\"162\" height=\"82\" src=\"https:\/\/tolovaj.com\/vsebina\/wp-content\/uploads\/2024\/07\/no-panic-01.jpg\" alt=\"\" class=\"wp-image-626\"\/><\/a><\/figure>\n\n\n\n<p><a href=\"http:\/\/nopanic.si\/\" rel=\"noreferrer noopener\" target=\"_blank\"><\/a>Zaljubljenca s pogledom v o\u010di drug drugemu ugotavljata, ali je njuna zveza \u0161e trdna. \u010ce se je za\u010del odnos krhati, se zenice o\u017eijo, sicer \u0161irijo. In kako dolg naj bi bil idealen pogled v o\u010di? Strokovnjaki pravijo, da precej dalj, kot si ve\u010dina misli. Trajal naj bi kar \u0161tiri ali pet sekund.<\/p>\n\n\n\n<h2 class=\"wp-block-heading\">Obrvi<\/h2>\n\n\n\n<p>Umetniki li\u010denja pravijo obrvem kar okvir obraza. Nekateri zatrjujejo, da gre za najbolj podcenjevan del \u010dlove\u0161kega telesa. Kako pomebne so obrvi, se zavemo \u0161ele, ko se jim spremeni oblika.<\/p>\n\n\n\n<p>Najsi gre za sledenje modnim zapovedim ali kruto \u0161alo na maturantskem izletu, obrvi vsekakor vplivajo na videz. Obraz lahko pomladijo ali postarajo, naredijo ne\u017enej\u0161i ali stro\u017eji, mu dajo ali vzamejo zna\u010daj. \u017de nekaj dlak ve\u010d ali manj lahko prinese dramati\u010dne spremembe.<\/p>\n\n\n\n<figure class=\"wp-block-image alignright size-full\"><img loading=\"lazy\" decoding=\"async\" width=\"400\" height=\"343\" src=\"https:\/\/tolovaj.com\/vsebina\/wp-content\/uploads\/2024\/07\/licenje-oci-wm-pandamonium-eye-400.jpg\" alt=\"\" class=\"wp-image-627\" srcset=\"https:\/\/tolovaj.com\/vsebina\/wp-content\/uploads\/2024\/07\/licenje-oci-wm-pandamonium-eye-400.jpg 400w, https:\/\/tolovaj.com\/vsebina\/wp-content\/uploads\/2024\/07\/licenje-oci-wm-pandamonium-eye-400-300x257.jpg 300w\" sizes=\"auto, (max-width: 400px) 100vw, 400px\" \/><\/figure>\n\n\n\n<p>Oblikovanje obrvi zato velja za enega najpomembnej\u0161ih, \u010de ne kar najpomembnej\u0161i korak do lepega videza. Ker gre za tako pomembno opravilo, ga mnoge dame raje prepustijo strokovnjakom. Danes obstaja v razvitih de\u017eelah \u017ee poseben poklic \u2013 oblikovalec obrvi. Njegova urna postavka je zavidanja vredna.<\/p>\n\n\n\n<p>Osnovna ideja obikovanja obrvi je preprosta. Odkriti obliko, ki se bo najbolje podala k obrazu. Seveda so tudi pri oblikovanju obrvi prisotni trendi, vendar naj bi vsaka lastnica predvsem odkrila \u2018svojo\u2019 obliko in se na trende (na primer zelo ozke obrvi) ozirala bolj simboli\u010dno.<\/p>\n\n\n\n<p>Preprosto povedano naj bi se obrvi za\u010dele na istih navpi\u010dnicah, ki razpolavljata nozdrvi, se v loku vile do dveh tretjin o\u010desa in se tam \u2018prelomile\u2019 v lok s kraj\u0161im polmerom, enako kot te\u010de guba o\u010desne veke. Lok najprej oblikujemo z odstranitvijo odve\u010dnih dlak, nato pa morebitne napake popravimo z li\u010dili. \u017dal je v praksi mogo\u010dih kar nekaj zapletov. Zato ne bo napak, \u010de na\u0161tejemo nekaj osnovnih pravil.<\/p>\n\n\n\n<p>Odve\u010dne dlake odstranjujemo z voskom ali pinceto. Pinceta je klasi\u010dno in dobro preizku\u0161eno orodje, na katerega prisegajo najve\u010dji mojstri. S pinceto naj bi izpulili zgolj eno dlako naenkrat, saj sicer preve\u010d po\u0161kodujemo povrhnjico, kar vodi do pordele ko\u017ee, vnetij in drugih nadlog.<\/p>\n\n\n\n<p>Voskanje je novej\u0161a metoda, nad katero so se svoj \u010das zelo zmrdovali, a dobiva iz dneva v dan ve\u010d privr\u017eencev. Njeni prednosti sta hitrost in popolna gladkost ko\u017ee na povoskanih mestih. Prav ta popolnost je trn v peti mnogih mojstrov, ki zatrjujejo, da obrvi tako dobijo preve\u010d \u2018umeten\u2019 izgled. Kljub temu gre za tehniko, ki bo na pomenu \u0161e pridobivala.<\/p>\n\n\n\n<p>Tretja mo\u017enost \u2013 britje \u2013 je strogo prepovedana.<\/p>\n\n\n\n<p>Na kaj moramo \u0161e paziti? Pulili naj bi dlake na spodnjem robu obrvi, saj tako oko umetno pove\u010damo in lep\u0161e oblikujemo lok, vedno v smeri rasti, nikoli ne smemo pretiravati, saj se lahko zgodi, da izpuljene dlake ne zrasejo ve\u010d.<\/p>\n\n\n\n<p>Puljenje moramo izvajati redno, se pravi raje vsak dan po malem, kot da bi enkrat mese\u010dno radikalno kr\u010dili go\u0161\u010davo nad o\u010dmi. Morebitne dlake, ki se pojavijo izven za\u017eeljenega loka, izpulimo, enako storimo s tistimi, ki se pojavljajo med levo in desno obrvjo, morebitna gola mesta znotraj linije zakrijemo s svin\u010dnikom, kar pa ni lahko, zato se na kasnej\u0161e popravke med samim puljenjem raje na zana\u0161ajmo.<\/p>\n\n\n\n<p>Po puljenju zdra\u017eena mesta navla\u017eimo, na primer z mokro \u010dajno vre\u010dico (kofein iz \u010daja zo\u017ei kapilare in zmanj\u0161a pordelost). Pravilno oblikovane in poudarjene obrvi ocenjujejo nekateri strokovnjaki za kar 50 odstotkov uspeha pri li\u010denju.<\/p>\n\n\n\n<h2 class=\"wp-block-heading\">Veke<\/h2>\n\n\n\n<figure class=\"wp-block-image alignleft size-full\"><img loading=\"lazy\" decoding=\"async\" width=\"401\" height=\"300\" src=\"https:\/\/tolovaj.com\/vsebina\/wp-content\/uploads\/2024\/07\/licenje-oci-123rf-3962021-blog-1.jpg\" alt=\"\" class=\"wp-image-628\" srcset=\"https:\/\/tolovaj.com\/vsebina\/wp-content\/uploads\/2024\/07\/licenje-oci-123rf-3962021-blog-1.jpg 401w, https:\/\/tolovaj.com\/vsebina\/wp-content\/uploads\/2024\/07\/licenje-oci-123rf-3962021-blog-1-300x224.jpg 300w\" sizes=\"auto, (max-width: 401px) 100vw, 401px\" \/><\/figure>\n\n\n\n<p>Sen\u010dilo za veke je znanost zase. Kot bi o\u010desna veka in prostor pod obrvjo klicala po barvanju v \u010dimve\u010d odtenkih. Klasi\u010den primer so sen\u010dila na vekah hollywoodskih igralk pred tremi ali \u0161tirimi desetletji, ki so se prelivala v mavri\u010dnih barvah in ustvarjala eksoti\u010dne oblike, \u010de kri\u010de\u010dih ble\u0161\u010dic niti ne omenjamo. Toda stroka danes pravi, da je pri sen\u010denju vek manj dejansko ve\u010d.<\/p>\n\n\n\n<p>Za vsakdanje prilo\u017enosti naj bi zado\u0161\u010dalo sen\u010dilo v eni sami barvi, sicer pa v dveh (seveda za vsako barvo uporabimo svoj \u010dopi\u010d). \u010ceprav lahko s pomo\u010djo igre svetlobe in senc zelo spremenimo videz o\u010desa, naj bi predvsem poudarili njegovo obliko in pri tem pazli, da se barva sen\u010dila ujame tudi z barvo o\u010desa.<\/p>\n\n\n\n<p>Ker obstajajo kremna in pra\u0161kasta sen\u010dila, moramo poznati razlike. V grobem so pra\u0161kasta (kot stisnjen puder v prahu) primernej\u0161a za starej\u0161e osebe, saj lahko zakrijejo kako gubico, priporo\u010dajo pa jih tudi osebam z mastno ko\u017eo.<\/p>\n\n\n\n<p>V splo\u0161nem naj bi osebe z manj\u0161imi o\u010dmi uporabljale svetlej\u0161a sen\u010dila, saj o\u010di tako opti\u010dno pove\u010dajo. Enako velja za starej\u0161e osebe, saj je pravo sen\u010dilo pri pravi osvetlitvi vredno ve\u010d od tako imenovanega face liftinga.<\/p>\n\n\n\n<p>In ble\u0161\u010dice? So krasna iznajdba, ki se \u010dudovito obnese v diskotekah in na fotografijah, vendar pa se lahko \u017ee po nekaj minutah sprevr\u017eejo v svoje nasprotje. Zlepijo se, lu\u0161\u010dijo, packajo in nam lahko uni\u010dijo ve\u010der, \u010de ne \u0161e kaj ve\u010d.<\/p>\n\n\n\n<h2 class=\"wp-block-heading\"><strong><\/strong>Trepalnice<\/h2>\n\n\n\n<p>\u010ce ne maramo li\u010dil, pa bi ob kaki prilo\u017enosti vendarle posegli po njih, naj bi najprej pomislili na maskaro. Z njo lahko trepalnice zavihamo in odebelimo. Oko je videti \u017eivahnej\u0161e, mlaj\u0161e, bolj zanimivo.<\/p>\n\n\n\n<figure class=\"wp-block-image alignright size-full\"><img loading=\"lazy\" decoding=\"async\" width=\"400\" height=\"265\" src=\"https:\/\/tolovaj.com\/vsebina\/wp-content\/uploads\/2024\/07\/licenje-oci-wm-applying-eye-cosmetics-400.jpg\" alt=\"\" class=\"wp-image-629\" srcset=\"https:\/\/tolovaj.com\/vsebina\/wp-content\/uploads\/2024\/07\/licenje-oci-wm-applying-eye-cosmetics-400.jpg 400w, https:\/\/tolovaj.com\/vsebina\/wp-content\/uploads\/2024\/07\/licenje-oci-wm-applying-eye-cosmetics-400-300x199.jpg 300w\" sizes=\"auto, (max-width: 400px) 100vw, 400px\" \/><\/figure>\n\n\n\n<p>Maskare so na voljo v ne\u0161tetih barvnih odenkih, vklju\u010dno z eksoti\u010dnimi kot sta modra ali zelena (nasvet strokovnjakov: nikoli ju ne uporabljajte). V splo\u0161nem se lo\u010dijo na vodotopne in vodoodporne.<\/p>\n\n\n\n<p>Slednje so primerne seveda za posebne prilo\u017enosti, na primer obisk predstave, med katero rade prite\u010dejo solze, ali plavanje, vendar pri uporabi velja biti posebej previden, saj je tak\u0161no maskaro zelo te\u017eko odstraniti in je verjetnost po\u0161kodbe trepalnic ve\u010dja. Izpuljena trepalnica pa zlepa ne zrase &#8230;<\/p>\n\n\n\n<p>Umetne trepalnice so prav tako ena izmed mo\u017enosti, vendar njihova uporaba zahteva nekaj spretnosti, sicer se kaj rado kaj zalomi. \u010ce jih nameramo prvi\u010d uporabiti pet minut pred pomembnim zmenkom, se nasvet glasi: nikar!<\/p>\n\n\n\n<h2 class=\"wp-block-heading\">Zaklju\u010dek<\/h2>\n\n\n\n<p>Marsikaj bi \u0161e veljalo povedati o o\u010desu, od skrivanja podo\u010dnjakov do skrbi za zdravje vida, a za tokrat naj bo dovolj. Zavedati se moramo predvsem, da so o\u010di pomemben del na\u0161ega zunanjega videza, zato se spla\u010da preizkusiti nekaj kakovostnih kozmeti\u010dnih pripomo\u010dkov in za nasvet vpra\u0161ati kakega strokovnjaka, preden se odlo\u010dimo za na\u010din li\u010denja.<\/p>\n\n\n\n<p>Poleg tega ga moramo prilagoditi drugi najpomembnej\u0161i to\u010dki obraza \u2013 ustnicam. Nali\u010dimo namre\u010d lahko oboje, a mora biti obvezno eno bolj poudarjeno kot drugo.<\/p>\n\n\n\n<p>Vse na\u0161teto velja tudi za mo\u0161ke, a s to razliko, da pri mo\u0161kih ne sme biti opazna niti sled li\u010denja!<\/p>\n\n\n\n<p><em>\u00a9 <a href=\"http:\/\/commons.wikimedia.org\/wiki\/File:Eye_make-up.jpg\" rel=\"noreferrer noopener\" target=\"_blank\">Wikimedia Commons<\/a><\/em><\/p>\n\n\n\n<p><em>\u00a9 <\/em><em><a href=\"http:\/\/commons.wikimedia.org\/wiki\/File:Pandamonium_Eye.jpg\" rel=\"noreferrer noopener\" target=\"_blank\">Wikimedia Commons<\/a><\/em><\/p>\n\n\n\n<p><em>\u00a9 <\/em><em><a href=\"http:\/\/commons.wikimedia.org\/wiki\/File:Applying_eye_cosmetics.jpg\" target=\"_blank\" rel=\"noreferrer noopener\">Wikimedia Commons<\/a><\/em><\/p>\n\n\n\n<p><\/p>\n","protected":false},"excerpt":{"rendered":"<p>Mnogi verjamejo, da je v pogledu skrita magi\u010dna mo\u010d. V o\u010deh se zrcalijo najgloblja \u010dustva. Ko se spra\u0161ujemo, ali nekdo govori resnico, ali la\u017ee, v o\u010deh i\u0161\u010demo odgovor. Ni pomembno ali so o\u010di modre, zelene ali rjave, navihano igrive ali skrivnostno zasanjane, vedno veljajo za ogledalo du\u0161e. Opevajo jih v vseh kulturah, obrobljene z dolgimi [&hellip;]<\/p>\n","protected":false},"author":1,"featured_media":0,"parent":19,"menu_order":1,"comment_status":"closed","ping_status":"closed","template":"page-no-separators","meta":{"footnotes":""},"class_list":["post-619","page","type-page","status-publish","hentry"],"_links":{"self":[{"href":"https:\/\/tolovaj.com\/vsebina\/wp-json\/wp\/v2\/pages\/619","targetHints":{"allow":["GET"]}}],"collection":[{"href":"https:\/\/tolovaj.com\/vsebina\/wp-json\/wp\/v2\/pages"}],"about":[{"href":"https:\/\/tolovaj.com\/vsebina\/wp-json\/wp\/v2\/types\/page"}],"author":[{"embeddable":true,"href":"https:\/\/tolovaj.com\/vsebina\/wp-json\/wp\/v2\/users\/1"}],"replies":[{"embeddable":true,"href":"https:\/\/tolovaj.com\/vsebina\/wp-json\/wp\/v2\/comments?post=619"}],"version-history":[{"count":1,"href":"https:\/\/tolovaj.com\/vsebina\/wp-json\/wp\/v2\/pages\/619\/revisions"}],"predecessor-version":[{"id":630,"href":"https:\/\/tolovaj.com\/vsebina\/wp-json\/wp\/v2\/pages\/619\/revisions\/630"}],"up":[{"embeddable":true,"href":"https:\/\/tolovaj.com\/vsebina\/wp-json\/wp\/v2\/pages\/19"}],"wp:attachment":[{"href":"https:\/\/tolovaj.com\/vsebina\/wp-json\/wp\/v2\/media?parent=619"}],"curies":[{"name":"wp","href":"https:\/\/api.w.org\/{rel}","templated":true}]}}