{"id":580,"date":"2024-07-14T10:05:11","date_gmt":"2024-07-14T10:05:11","guid":{"rendered":"https:\/\/mydreamweddingideas.com\/vsebina2\/?page_id=580"},"modified":"2024-07-14T10:05:44","modified_gmt":"2024-07-14T10:05:44","slug":"torbice","status":"publish","type":"page","link":"https:\/\/tolovaj.com\/vsebina\/lepota\/torbice\/","title":{"rendered":"Torbice"},"content":{"rendered":"\n<blockquote class=\"wp-block-quote is-layout-flow wp-block-quote-is-layout-flow\">\n<p><\/p>\n<cite><p>&#8220;V\u010dasih smo rekli, da \u010devlji naredijo mo\u0161kega. No, danes zagotovo torbice naredijo \u017eensko.&#8221;Milton Pedraza, izvr\u0161ni direktor podjetja za raziskavo trgov Luxury Institute<\/p><\/cite><\/blockquote>\n\n\n\n<p>Torbice so nepogre\u0161ljiv modni dodatek vsake \u017eenske. \u0160e ve\u010d. V zadnjem \u010dasu pospremijo z doma tudi vse ve\u010d mo\u0161kih. Klju\u010di, mobitel, \u0161katlica cigaret, v\u017eigalnik, denarnica, dokumenti &#8230;<\/p>\n\n\n\n<figure class=\"wp-block-image alignleft size-full\"><img loading=\"lazy\" decoding=\"async\" width=\"550\" height=\"275\" src=\"https:\/\/tolovaj.com\/vsebina\/wp-content\/uploads\/2024\/07\/torbice.jpg\" alt=\"\" class=\"wp-image-585\" srcset=\"https:\/\/tolovaj.com\/vsebina\/wp-content\/uploads\/2024\/07\/torbice.jpg 550w, https:\/\/tolovaj.com\/vsebina\/wp-content\/uploads\/2024\/07\/torbice-300x150.jpg 300w\" sizes=\"auto, (max-width: 550px) 100vw, 550px\" \/><\/figure>\n\n\n\n<p>\u010ce vse stla\u010dimo v \u017eepe, \u0161e tako kakovostne hla\u010de pa\u010d ne morejo narediti dobrega vtisa, kajne? Torbice torej v bistvu niti niso ve\u010d dodatek, ampak kar obvezni del \u017eenske in mo\u0161ke garderobe. Brez torbic preprosto ne gre.<\/p>\n\n\n\n<h2 class=\"wp-block-heading\">Iz nuje<\/h2>\n\n\n\n<p>Priro\u010dne torbe so na\u0161i spremljevalci \u017ee vse odkar smo odkrili predmete, ki se nam jih zdi vredno nositi s seboj. Egip\u010danski papirusi prikazujejo torbe, pritrjene na pas, kar pomeni, da so gotovo starej\u0161e od dveh tiso\u010dletij.<\/p>\n\n\n\n<p>Seveda so jih najprej nosili mo\u0161ki, ki so skozi celotno zgodovino \u010dlove\u0161tva uspe\u0161no vzdr\u017eevali razvado odlaganja orodja in oro\u017eja na neprimerna mesta, kjer so na vse skupaj pozabili. V torbah in privezani k telesu so bili njihovi najdragocenej\u0161i predmeti tako vsaj malce bolj na varnem.<\/p>\n\n\n\n<p>Najkasneje v 14. stoletju, ko so torbe (danes bi nas spominjale na nekaj med nahrbtni\u010dki in ve\u010djimi ro\u010dnimi torbicami) nosili mo\u0161ki in \u017eenske, so te dobile tudi estetsko vlogo.<\/p>\n\n\n\n<p>Okra\u0161ene z vezenjem in dragulji so na dale\u010d oznanjale uspe\u0161nost in bogastvo svojih lastnikov, kaj je precej olaj\u0161alo delo cestnim razbojnikom in podobnim nepridipravom. Toda vsaj pri \u017eenskem spolu so del te\u017eav odpravila \u0161iroka krila, saj so \u017eenske svoje torbice pogosto nosile kar pod krili.<\/p>\n\n\n\n<p>Ker je veljalo, da dekleta s \u0161iviljskimi spretnostmi la\u017eje dobijo mo\u017ea, so se mno\u017ei\u010dno posve\u010dale tusi vezenju in nekatere torbice so postale v 17. stoletju \u017ee prave umetnine.<\/p>\n\n\n\n<p>Vmes se je spreminjala moda, obla\u010dila so dobila \u017eepe, kar je zmanj\u0161alo potrebo po torbicah, a ob\u010dasno so se obleke tako zo\u017eale, da so se torbice na primer po Francoski revoluciji spet vrnile.<\/p>\n\n\n\n<figure class=\"wp-block-image alignright size-full\"><img loading=\"lazy\" decoding=\"async\" width=\"450\" height=\"338\" src=\"https:\/\/tolovaj.com\/vsebina\/wp-content\/uploads\/2024\/07\/torbica-sxc-302162_2250-450-1.jpg\" alt=\"\" class=\"wp-image-586\" srcset=\"https:\/\/tolovaj.com\/vsebina\/wp-content\/uploads\/2024\/07\/torbica-sxc-302162_2250-450-1.jpg 450w, https:\/\/tolovaj.com\/vsebina\/wp-content\/uploads\/2024\/07\/torbica-sxc-302162_2250-450-1-300x225.jpg 300w\" sizes=\"auto, (max-width: 450px) 100vw, 450px\" \/><\/figure>\n\n\n\n<p>Njihova priljubljenost je nihala, a v 20. stoletju so se z lo\u010denimi predali za o\u010dala, kukala, pahlja\u010de, cigaretnice in podobno kon\u010dno ustalile kot nepogre\u0161ljiv dodatek, brez katerega ni popolna nobena \u017eenska garderoba. Mo\u0161ki so se jim nekaj \u010dasa izogibali, a&nbsp; konec prej\u0161njega stoletja je pokazal, da se torbicam ne bo odrekel niti mo\u0161ki spol.<\/p>\n\n\n\n<p>Klasi\u010dnim oblikam so se pridru\u017eile ne\u0161tete bolj ali manj domiselne izvedbe, ki se z oblikami in barvami bolj ali manj ujemajo z obleko. \u0160e ve\u010d. \u010ce so morale biti dame \u0161e pred nekaj desetletji od glave do peta v izdelkih priznanega modnega oblikovalca, lahko danes veljajo za elegante tudi v kavbojkah in bomba\u017eni majici, \u010de je le torbico podpisal kdo, ki na tem podro\u010dju zares kaj velja.<\/p>\n\n\n\n<h2 class=\"wp-block-heading\">Statusni simbol<\/h2>\n\n\n\n<p>Prebivalci Papue Nove Gvineje obeh spolov nosijo velike torbe, ki so med drugim okra\u0161ene s \u0161koljkami. Na prvi pogled ni\u010d nenavadnega, vendar je prisotnost \u0161koljk za pripadnike ljudstva, ki \u017eivi v goratem predelu, dale\u010d od obale, \u0161e kako pomembna.<\/p>\n\n\n\n<p>Veliko \u0161koljk na torbi namre\u010d sporo\u010da, da imajo njihovi lastniki veliko znancev na obali, z njimi pa so v tako dobrih odnosih, da jim slednji podarjajo \u0161koljke v velikih koli\u010dinah. To pomeni varnost, mo\u010dno socialno mre\u017eo in, prevedeno v jezik razvitega sveta, presti\u017e.<\/p>\n\n\n\n<p>Zunanjost torbe je svojevrstna oglasna deska, s katere poznavalec marsikaj razkrije o lastniku. \u010ce gre za klasi\u010dna modela, kot sta Chanelov 2.55 ali Herm\u00e8sova Birkin (po igralki in pevki Jane Birkin), je tu vsekakor prva ocena debeline denarnice.<\/p>\n\n\n\n<p>Chanelova torbica je zaslovela sredi 50. let prej\u0161njega stoletja in ostala sve\u017ea in iskana vse do danes, saj so jo spretno posodabljali, ne da bi jo bistveno spremenili. Posebej spreten je bil pri tem Karl Lagerfeld, ki je v \u010dasu svojega dela za Chanel torbico 2.55 izdelal iz tvida, jo prekril z zlatniki in dodal druge podrobnosti, pri tem pa ohranil bistvene elemente, kot sta veri\u017eica in zna\u010dilni inicialki CC, nedotaknjene.<\/p>\n\n\n\n<figure class=\"wp-block-image alignleft size-full\"><img loading=\"lazy\" decoding=\"async\" width=\"300\" height=\"530\" src=\"https:\/\/tolovaj.com\/vsebina\/wp-content\/uploads\/2024\/07\/torbice-sxc-213642-2899-c300.jpg\" alt=\"\" class=\"wp-image-587\" srcset=\"https:\/\/tolovaj.com\/vsebina\/wp-content\/uploads\/2024\/07\/torbice-sxc-213642-2899-c300.jpg 300w, https:\/\/tolovaj.com\/vsebina\/wp-content\/uploads\/2024\/07\/torbice-sxc-213642-2899-c300-170x300.jpg 170w\" sizes=\"auto, (max-width: 300px) 100vw, 300px\" \/><\/figure>\n\n\n\n<p>Fendijeva Baguette je prav tako pomenila pomembno prelomnico, saj je z njo postalo med modnimi navdu\u0161enkami povsem obi\u010dajno \u010dakanje na dobavo.<\/p>\n\n\n\n<p>Zares moderne torbice ni mogo\u010de dobiti v trgovini ali butiku, ampak jo lahko tam samo naro\u010di\u0161 in nato \u010dez nekaj mesecev ali celo let prevzame\u0161. Naenkrat ni bilo ve\u010d pomembno, ali dama v torbici prena\u0161a rezervno spodnje perilo za romanti\u010dno no\u010ditev pri ljubimcu, ali vohunske pripomo\u010dke za prislu\u0161kovanje dr\u017eavnim sovra\u017enikom, ampak le \u0161e napis na torbici.<\/p>\n\n\n\n<p>Seveda so torbice za\u010deli izdelovati vsi znani modni izdelovalci, saj z njimi svoje ime prodajajo in reklamirajo hkrati. Toda kako dose\u010di, da so torbice \u010dim bolj unikatne in temu primerno drage, a jih hkrati prodati v tiso\u010dih ali celo stotiso\u010dih izdelkov?<\/p>\n\n\n\n<p>Del odgovora je v materialih, ki jih uporabijo za izdelavo. Bolj eksoti\u010dno ko\u017eo uporabijo, dra\u017eja je torbica. Osnovne izvedbe Herm\u00e8sove torbice Birkin stanejo od pet do 15 tiso\u010d dolarjev, kar gotovo ni poceni.<\/p>\n\n\n\n<p>Toda model s paladijevimi (zlato in platina sta pa\u010d prepoceni) zaponkami, ki je okra\u0161en z diamanti, stane 37 tiso\u010dakov, ekskluzivni Crocodile Birkin, ki so ga izdelali v le dveh primerkih pa stane celo 120 tiso\u010dakov, kar je \u017ee primerljivo s ceno hi\u0161e!<\/p>\n\n\n\n<p>Kljub temu ne smemo pozabiti, da tudi v tako drage torbice vendarle shranjujemo v\u010dasih zelo osebne predmete. Ker vsebino torbice pozna le njen lastnik (lastnica), mu (ji) daje dolo\u010deno mo\u010d, ki jo s seboj nosijo skrivnosti.<\/p>\n\n\n\n<p>Tako se vra\u010damo na za\u010detek, k starodavnemu in magi\u010dnemu. Krog je sklenjen, pa \u010deprav je vsaj pri torbicah v ve\u010dini primerov \u0161tirioglat.<\/p>\n\n\n\n<h2 class=\"wp-block-heading\">Ali ste vedeli?<\/h2>\n\n\n\n<ul class=\"wp-block-list\">\n<li>V 15. stoletju je bila torbica tradicionalno poro\u010dno darilo \u017eenina nevesti.<\/li>\n\n\n\n<li>Ob koncu 17. stoletja so postali \u017eepi obi\u010dajen del obla\u010dil in mo\u0161kim za prena\u0161anje manj\u0161ih predmetov ni bilo ve\u010d treba nositi torbic, so pa obdr\u017eali mo\u0161nji\u010dke, iz katerih so se razvile listnice in denarnice.<\/li>\n\n\n\n<li>V 20. letih prej\u0161njega stoletja je bilo nekaj \u010dasa\u00a0 v modi, da so dame s seboj nosile lutke, ki so bile oble\u010dene natanko tako kot one, vklju\u010dno z miniaturnimi posnetki torbic.<\/li>\n\n\n\n<li>Ankete so pokazale, da si le \u010detrtina \u017eensk \u017eeli, da bi jim spremljevalci ob\u010dasno dr\u017eali torbico (\u010de na primer potrebujejo proste roke), kar polovica mo\u0161kih pa je za to izrazito nemo\u0161ko delo pripravljena poprijeti brez pomislekov.<\/li>\n\n\n\n<li>Presti\u017ena znamka Lana Marks izdela le pet torbic Cleopatra Clutch iz aligatorske ko\u017ee na leto, med katerimi eno izro\u010dijo nominiranki za oskarja za ve\u010der podelitve. S tak\u0161no torbico sta oskarja na primer prejeli Charlize Theron in Helen Mirren.<\/li>\n\n\n\n<li>Ponarejanje torbic presti\u017enih blagovnih znamk velja za enega najobetavnej\u0161ih nelegalnih poslov prihodnosti.<\/li>\n<\/ul>\n\n\n\n<p><\/p>\n","protected":false},"excerpt":{"rendered":"<p>&#8220;V\u010dasih smo rekli, da \u010devlji naredijo mo\u0161kega. No, danes zagotovo torbice naredijo \u017eensko.&#8221;Milton Pedraza, izvr\u0161ni direktor podjetja za raziskavo trgov Luxury Institute Torbice so nepogre\u0161ljiv modni dodatek vsake \u017eenske. \u0160e ve\u010d. V zadnjem \u010dasu pospremijo z doma tudi vse ve\u010d mo\u0161kih. Klju\u010di, mobitel, \u0161katlica cigaret, v\u017eigalnik, denarnica, dokumenti &#8230; \u010ce vse stla\u010dimo v \u017eepe, \u0161e [&hellip;]<\/p>\n","protected":false},"author":1,"featured_media":0,"parent":19,"menu_order":1,"comment_status":"closed","ping_status":"closed","template":"page-no-separators","meta":{"footnotes":""},"class_list":["post-580","page","type-page","status-publish","hentry"],"_links":{"self":[{"href":"https:\/\/tolovaj.com\/vsebina\/wp-json\/wp\/v2\/pages\/580","targetHints":{"allow":["GET"]}}],"collection":[{"href":"https:\/\/tolovaj.com\/vsebina\/wp-json\/wp\/v2\/pages"}],"about":[{"href":"https:\/\/tolovaj.com\/vsebina\/wp-json\/wp\/v2\/types\/page"}],"author":[{"embeddable":true,"href":"https:\/\/tolovaj.com\/vsebina\/wp-json\/wp\/v2\/users\/1"}],"replies":[{"embeddable":true,"href":"https:\/\/tolovaj.com\/vsebina\/wp-json\/wp\/v2\/comments?post=580"}],"version-history":[{"count":1,"href":"https:\/\/tolovaj.com\/vsebina\/wp-json\/wp\/v2\/pages\/580\/revisions"}],"predecessor-version":[{"id":588,"href":"https:\/\/tolovaj.com\/vsebina\/wp-json\/wp\/v2\/pages\/580\/revisions\/588"}],"up":[{"embeddable":true,"href":"https:\/\/tolovaj.com\/vsebina\/wp-json\/wp\/v2\/pages\/19"}],"wp:attachment":[{"href":"https:\/\/tolovaj.com\/vsebina\/wp-json\/wp\/v2\/media?parent=580"}],"curies":[{"name":"wp","href":"https:\/\/api.w.org\/{rel}","templated":true}]}}