{"id":567,"date":"2024-07-14T09:58:59","date_gmt":"2024-07-14T09:58:59","guid":{"rendered":"https:\/\/mydreamweddingideas.com\/vsebina2\/?page_id=567"},"modified":"2024-07-14T09:59:39","modified_gmt":"2024-07-14T09:59:39","slug":"klobuki-cepice-in-sorodstvo","status":"publish","type":"page","link":"https:\/\/tolovaj.com\/vsebina\/lepota\/klobuki-cepice-in-sorodstvo\/","title":{"rendered":"Klobuki, \u010depice in sorodstvo"},"content":{"rendered":"\n<blockquote class=\"wp-block-quote is-layout-flow wp-block-quote-is-layout-flow\">\n<p><\/p>\n<cite>&#8220;Elegantna \u017eenska brez klobuka preprosto ne obstaja.&#8221;<br>Amy Vanderbilt<\/cite><\/blockquote>\n\n\n\n<p>Klobuki in podobne vrste pokrival so odli\u010dna za\u0161\u010dita pred soncem, vetrom, celo pred udarci.&nbsp;<\/p>\n\n\n\n<figure class=\"wp-block-image alignleft size-full\"><img loading=\"lazy\" decoding=\"async\" width=\"300\" height=\"451\" src=\"https:\/\/tolovaj.com\/vsebina\/wp-content\/uploads\/2024\/07\/klobuk-wm-queen-elizabeth-toronto-2010c300.jpg\" alt=\"\" class=\"wp-image-572\" srcset=\"https:\/\/tolovaj.com\/vsebina\/wp-content\/uploads\/2024\/07\/klobuk-wm-queen-elizabeth-toronto-2010c300.jpg 300w, https:\/\/tolovaj.com\/vsebina\/wp-content\/uploads\/2024\/07\/klobuk-wm-queen-elizabeth-toronto-2010c300-200x300.jpg 200w\" sizes=\"auto, (max-width: 300px) 100vw, 300px\" \/><\/figure>\n\n\n\n<p>V\u010dasih so pokrivala obvezna, na primer v sinagogah ali na gradbi\u0161\u010dih, ve\u010dkrat za\u017eeljena, \u0161e ve\u010dkrat le prostovoljen dodatek, ki tistim, ki si jih poveznejo na glavo, dodajo \u0161\u010depec elegance. Seveda, \u010de znajo klobuke pravilno izbrati in nositi.<\/p>\n\n\n\n<h2 class=\"wp-block-heading\">Najprej za\u0161\u010dita<\/h2>\n\n\n\n<p>Nedvomno je \u010dlovek \u017ee v pradavnini odkril koristi pokrivanja glave z velikim listom ali odrto \u017eivalsko ko\u017eo. Lahko je \u0161lo za za\u0161\u010dito pred pripeko ali de\u017ejem, lahko za kamufla\u017eni pripomo\u010dek. Ker tak\u0161na improvizirana pokrivala niso bila trajna, je to\u010den rojstni dan prvega klobuka te\u017eko dolo\u010diti.<\/p>\n\n\n\n<p>Na vsak na\u010din so klobuke na\u0161li \u017ee v starodavnih grobnicah. Ka\u017ee, da so jih med prvimi nosili velika\u0161i, ki so na tak na\u010din poudarjali svojo prevlado nad podlo\u017eniki.<\/p>\n\n\n\n<p>Preprosta pokrivala brez krajcev, ki so zgolj pokrivala lobanjo, so bila med Grki in Rimljani rezervirana za dr\u017eavljane preprostega rodu. Rekli so jim kar svobodnja\u0161ke \u010depice, saj so vsakega osvobojenega su\u017enja simbolno nagradili prav s tak\u0161no kapo.<\/p>\n\n\n\n<p>Bogata\u0161i so praviloma naokrog hodili razoglavi, kar je bilo logi\u010dno, \u010de pomislimo, da so imeli precej ve\u010dja in udobnej\u0161a domovanja, torej za\u0161\u010dite pred vremenskimi neprilikami niso potrebovali. Glavo so si pokrili samo med lovom in popotovanji. \u0160ele cesar Avgust je uvedel modo, ki je premo\u017enim zapovedovala, naj od doma nikoli ne hodijo brez pokrivala.<\/p>\n\n\n\n<h2 class=\"wp-block-heading\">Klobuki od tu in tam<\/h2>\n\n\n\n<figure class=\"wp-block-image alignright size-full\"><img loading=\"lazy\" decoding=\"async\" width=\"400\" height=\"331\" src=\"https:\/\/tolovaj.com\/vsebina\/wp-content\/uploads\/2024\/07\/klobuk-wm-borsalino-fedora-c400.jpg\" alt=\"\" class=\"wp-image-573\" srcset=\"https:\/\/tolovaj.com\/vsebina\/wp-content\/uploads\/2024\/07\/klobuk-wm-borsalino-fedora-c400.jpg 400w, https:\/\/tolovaj.com\/vsebina\/wp-content\/uploads\/2024\/07\/klobuk-wm-borsalino-fedora-c400-300x248.jpg 300w\" sizes=\"auto, (max-width: 400px) 100vw, 400px\" \/><\/figure>\n\n\n\n<p>Danes najbolj raz\u0161irjeno pokrivalo v razvitem svetu je verjetno <strong>baseballska \u010depica.<\/strong> Je pravi simbol ameri\u0161ke kulture in po mnenju zlobnih jezikov tudi najve\u010dji ameri\u0161ki prispevek k modi. Igralci baseballa so sprva nosili \u010depice brez \u0161\u010ditnikov, v 20. in 30. letih prej\u0161njega stoletja pa so postali pravi \u0161portni junaki v svoji domovini (najbolj znan med njimi je gotovo Babe Ruth). Pribli\u017eno hkrati so za\u010deli uporabljati \u0161\u010ditnike proti soncu.<\/p>\n\n\n\n<p><strong>Panamski klobuk<\/strong> so iz Latinske Amerike pripeljali \u0161panski konkvistadorji, ki so sprva verjeli, da jih Indijanci izdelujejo iz ko\u017e vampirjev.<\/p>\n\n\n\n<p>V resnici so izvirni panamski klobuki izdelani iz listov palmi podobne rastline jipijapa, vendar so se ta ve\u010d kot \u0161tiri tiso\u010dletja stara pokrivala do 18. stoletja precej spreminjala.<\/p>\n\n\n\n<p>Danes najbolj znane panamske klobuke (ki, mimogrede, izvirajo iz Ekvadorja) izdelujejo iz slame v mehi\u0161ki vasici Becal.<\/p>\n\n\n\n<p>Korejski <strong>kat-no<\/strong> je zna\u010dilen visok koni\u010dast klobuik brez krajcev. Njegov poglavitni namen je bila za\u0161\u010dita pri\u010deske, ki so si jo Korejci tradicionalno spletali v nekak\u0161no figo.<\/p>\n\n\n\n<p>Dejansko gre za kos naoljenega papirja, ki ga je mogo\u010de zlahka skriti v \u0161iroki rokav korejske narodne no\u0161e, v primeru de\u017eja pa izvle\u010di in natakniti na glavo. Pritrdili so ga z vrvico pod brado. Ko so tak\u0161ne tulce okrepili s ko\u0161\u010denimi ali kovinskimi \u0161picami in dodali ro\u010daj, je nastal de\u017enik!<\/p>\n\n\n\n<p>Med ostalimi tipi najbolj znanih pokrival lahko omenimo \u0161e <strong>cilinder,<\/strong> za\u0161\u010ditni znak visoke gospode in rokohitrecev, <strong>sombrero,<\/strong> brez katerega si ne moremo predstavljati Mehi\u010dana, <strong>stetson,<\/strong> ki ga nosijo kavboji, pa rde\u010de <strong>kardinalske klobuke,<\/strong> ki jih je v 13. stoletju uvedel pape\u017e Inocenc IV &#8230;<\/p>\n\n\n\n<h2 class=\"wp-block-heading\">Novi materiali, nova moda<\/h2>\n\n\n\n<p>Skozi stoletja so se nosile razli\u010dne \u010depice, a klobuki v pravem pomenu besede so se pojavili \u0161ele v 14. stoletju, ko je bilo na voljo \u017ee kar precej razli\u010dnih materialov za izdelavo. Svila, usnje, \u017eamet, bobrovina, taft in filc so bili med najbolj priljubljenimi. Posebej se je izkazal slednji.<\/p>\n\n\n\n<p>Po legendi je filc odkril sveti Klement, ki si je trde sandale oblo\u017eil z lanenimi vlakni, da bi si za\u0161\u010ditil ob\u010dutljiva stopala. Znoj in pritisk sta vlakna stisnila v trdno, a na dotik prijetno snov, ki se jo je dalo lepo oblikovati.<\/p>\n\n\n\n<figure class=\"wp-block-image alignleft size-full\"><img loading=\"lazy\" decoding=\"async\" width=\"400\" height=\"397\" src=\"https:\/\/tolovaj.com\/vsebina\/wp-content\/uploads\/2024\/07\/klobuk-wm-boy-with-a-large-hat-c400.jpg\" alt=\"\" class=\"wp-image-574\" srcset=\"https:\/\/tolovaj.com\/vsebina\/wp-content\/uploads\/2024\/07\/klobuk-wm-boy-with-a-large-hat-c400.jpg 400w, https:\/\/tolovaj.com\/vsebina\/wp-content\/uploads\/2024\/07\/klobuk-wm-boy-with-a-large-hat-c400-300x298.jpg 300w, https:\/\/tolovaj.com\/vsebina\/wp-content\/uploads\/2024\/07\/klobuk-wm-boy-with-a-large-hat-c400-150x150.jpg 150w\" sizes=\"auto, (max-width: 400px) 100vw, 400px\" \/><\/figure>\n\n\n\n<p>Verjetno je bli\u017ee resnici trditev, da so filc odkrili pripadniki nomadskih plemen, ki so si obutev oblo\u017eili s kameljimi dlakami ali rastlinskimi vlakni in pri\u0161li do enakih ugotovitev. Naj bo tako ali druga\u010de, klobu\u010darji so si Klementa izbrali za za\u0161\u010ditnika.<\/p>\n\n\n\n<p>Za\u0161\u010ditnika so \u0161e kako potrebovali, saj je izdelovanje klobukov spadalo med nevarnej\u0161e poklice. Pri obdelavi filca so uporabljali \u017eivosrebrne pare, zaradi njihovega vdihovanja pa so s\u010dasoma oboleli. Najprej so jim odpovedali \u017eivci na obrazu, zaradi \u010desar so se grdo pa\u010dili, kasneje je bolezen nepopravljivo prizadela mo\u017egane.<\/p>\n\n\n\n<p>Preprosto ljudstvo se je iz klobu\u010darjev pogosto nor\u010devalo, saj so jih zaradi podobnih simptomov imeli za pijandure. V angle\u0161\u010dini je \u0161e vedno znan izraz &#8216;nor kot klobu\u010dar&#8217;.<\/p>\n\n\n\n<h2 class=\"wp-block-heading\">Klobuk kot simbol in modni dodatek<\/h2>\n\n\n\n<p>Sprva se mo\u0161ki in \u017eenski klobuki niso veliko razlikovali, nato so predvsem mo\u0161ki v svojih pokrivalih vse bolj iskali simboliko. Praviloma so jih nosili vsi mo\u0161ki, a vi\u0161ji sloji so imeli praviloma vi\u0161je in lep\u0161e klobuke. Tudi pravila odkrivanja so se za\u010dela postavljati. Trdni visoki cilinder je simboliziral aristokracijo, mehkej\u0161e klobuke so povezovali z liberalnej\u0161imi pogledi.<\/p>\n\n\n\n<p>\u017denske so do 16. stoletja pri pokrivalih dajale prednost rutam, oglavnicam in tan\u010dicam. Ko so se pojavili \u017eenski klobuki, so jih klobu\u010darji za\u010deli krasiti s trakovi, cvetjem in perjem. Pri tem so bili tako zagreti, da se je nekaj vrst ptic celo zna\u0161lo na robu izumrtja in je bilo treba sprejeti posebne zakone o lovu in trgovini s pticami.<\/p>\n\n\n\n<p>Najbolj znan zakon, povezan s klobuki, je Velika Britanija vsilila svojim severnoameri\u0161kim kolonijam. Z njim so prepovedali izvoz bobrovih ko\u017e in zaukazali, da morajo tamkaj\u0161nji naseljenci kupovati obla\u010dila in pokrivala iz Velike Britanije.<\/p>\n\n\n\n<p>Zaradi visokih davkov so bila tudi do petkrat dra\u017eja kot v Angliji. Takoimenovani Klobu\u010dni zakon je bil eden pomembnej\u0161ih razlogov za upor kolonij, kar je na koncu pripeljalo do nastanka ZDA.<\/p>\n\n\n\n<h2 class=\"wp-block-heading\"><strong><\/strong>Vzdr\u017eevanje klobukov<\/h2>\n\n\n\n<ul class=\"wp-block-list\">\n<li>Klobuk iz filca je najla\u017ee \u010distiti s paro. Z nekaj spretnosti se star \u010dajnik prelevi v \u010distilni stroj, ki mu lahko na pomo\u010d prisko\u010di \u0161e majhna \u0161\u010detka. Roka, ki jo vodi, je seveda pomembnej\u0161a od \u0161\u010detke. Posebnost klobukov iz filca je mo\u017enost raztegovanja za \u0161tevilko ali celo dve, kar dober klobu\u010dar naredi s posebnim raztezalnikom.<\/li>\n\n\n\n<li>Panamski klobuk je sicer namenjen predvsem za\u0161\u010diti pred soncem, toda neposredno izpostavljanje soncu in vro\u010dini mu zelo \u0161kodi, saj se vlakna izsu\u0161ijo in klobuk hitro razpoka. Zato ga nikar ne pozabljajte v razbeljenem avtomobilu. \u017divljenjsko dobo mu boste podalj\u0161ali, \u010de ga boste prijemali za krajec, ne za vrh. Panamski klobuk ob\u010dasno popr\u0161ite z malo vode in hvale\u017een vam bo.<\/li>\n\n\n\n<li>Pokrivala iz tvida imajo poseben \u0161arm. Tak\u0161no je nosil Sherlock Holmes, pa Bob Rock (iz skupine TNT) in konec koncev celo priljubljeni \u0160urda, \u010de ostanemo le pri izmi\u0161ljenih osebnostih. Njihovo vzdr\u017eevanje je najzahtevnej\u0161e, zato ga je najbolje zaupati strokovnjakom, ki pokrivala iz tvida \u010distijo v kemijskih \u010distilnicah in pri tem pazijo, da ne izgubijo oblike.<\/li>\n<\/ul>\n\n\n\n<h2 class=\"wp-block-heading\">Predvsem pestro<\/h2>\n\n\n\n<p>Najve\u010d sprememb sta prinesla 19. in posebej 20. stoletje. Spreminjali so se predvsem \u017eenski klobuki, na katerih velikost in na\u010di\u010dkanost sta seveda vplivali tudi obe svetovnih vojni.<\/p>\n\n\n\n<figure class=\"wp-block-image alignright size-full\"><img loading=\"lazy\" decoding=\"async\" width=\"430\" height=\"432\" src=\"https:\/\/tolovaj.com\/vsebina\/wp-content\/uploads\/2024\/07\/klobuk-sxc-1196982-23611958-x430.jpg\" alt=\"\" class=\"wp-image-575\" srcset=\"https:\/\/tolovaj.com\/vsebina\/wp-content\/uploads\/2024\/07\/klobuk-sxc-1196982-23611958-x430.jpg 430w, https:\/\/tolovaj.com\/vsebina\/wp-content\/uploads\/2024\/07\/klobuk-sxc-1196982-23611958-x430-300x300.jpg 300w, https:\/\/tolovaj.com\/vsebina\/wp-content\/uploads\/2024\/07\/klobuk-sxc-1196982-23611958-x430-150x150.jpg 150w\" sizes=\"auto, (max-width: 430px) 100vw, 430px\" \/><\/figure>\n\n\n\n<p>V 60. letih so se ljudje za\u010deli obna\u0161ati manj formalno in takrat so klobuki za\u0161li v eno najve\u010djih kriz. Klobu\u010darji, ki so jih \u017ee prej prizadeli konfekcijski izdelki, so se zna\u0161li na seznamu ogro\u017eenih vrst. Na njihovo sre\u010do sta klobukom nekaj (pravzaprav veliko) bli\u0161\u010da povrnila Charles in Diana v 80. letih.<\/p>\n\n\n\n<p>Tako danes klobuk spada med nekoliko ekstravagantnej\u0161e modne dodatke, po kar\u0161nih segajo predvsem ljudje, ki \u017eelijo svojemu stilu dodati &#8216;nekaj ve\u010d&#8217;.<\/p>\n\n\n\n<p>Ker pokrivala ostajajo tudi statusni simbol, del \u0161tevilnih uniform, za\u0161\u010ditnih oblek in \u0161portnih oprem, se za njihovo prihodnost ni bati.<\/p>\n\n\n\n<h2 class=\"wp-block-heading\">Kapo dol!<\/h2>\n\n\n\n<p>\u0160e tako preprosto pokrivalo se lahko izka\u017ee za presenetljivo zahteven modni dodatek. Predvsem se je te\u017eko odlo\u010diti ob kak\u0161ni prilo\u017enosti se klobuk sname in kdaj ga je bolje (ali celo obvezno!) pustiti na glavi. Ko vstopamo v d\u017eamijo, naj bi bila glava pokrita in noge bose. V kr\u0161\u010danski cerkvi so pravila druga\u010dna.<\/p>\n\n\n\n<p>Po starem bontonu naj bi mo\u0161ki klobuk snel v cerkvi, kadar sre\u010da neznanca, \u010de se sre\u010da z \u017eensko v ozki ulici, ali \u010de jo nagovori. Na Divjem zahodu so mo\u0161ki brez izjeme pozdravljali \u017eenske (obi\u010dajno le z dotikom krajca), drug drugega pa le, kadar so si za\u017eeleli dvoboja, saj je dotik krajca pomenil isto kot izjava &#8220;Ti si punca.&#8221;<\/p>\n\n\n\n<p>Dviganje klobuka je bila odvisno tudi od lokacije. Na obisku, si ga snel, doma pospravil, na javnih mestih obdr\u017eal. Bonton je poskrbel tudi za obna\u0161anje ob nastanku ve\u010dstanovanjskih zgradb in dvigal. Ker so hodniki in dvigala veljali za javne povr\u0161ine, so gospodje tudi vpri\u010do dam klobuk obdr\u017eali na glavi &#8230;<\/p>\n\n\n\n<p>Z \u017eenskimi klobuki je \u0161e ve\u010d te\u017eav, \u010deprav so pravila tu preprostej\u0161a. Dama naj bi namre\u010d klobuk (po pogojem, da je to zares klobuk, ne pa \u010depica ali ruta) obdr\u017eala na glavi v vsakem primeru, razen doma. Razlog za to je preprost. \u017denski klobuki so bistveno manj prakti\u010dni od mo\u0161kih. Pogosto so okra\u0161eni, v\u010dasih celo privezani ali pripeti na pri\u010desko ali obleko.<\/p>\n\n\n\n<p>Tako naj bi dama klobuk obdr\u017eala celo med igranjem himne, \u010deprav ji bo to nepoznavalec bontona zameril. V takem primeru strokovnjaki predlagajo, da dama posku\u0161a \u017ee vnaprej predvideti morebitne zaplete in raje izbere klobuk, ki ga je mogo\u010de enostavno odlo\u017eiti.<\/p>\n\n\n\n<p>Klobuki, \u010depice in ostala pokrivala torej s seboj ob veselju prina\u0161ajo kar nekaj odgovornosti.<\/p>\n\n\n\n<p><em>\u00a9 <a href=\"http:\/\/commons.wikimedia.org\/wiki\/File:Queen_Elizabeth_Toronto_2010.jpg\" rel=\"noreferrer noopener\" target=\"_blank\">Wikimedia Commons<\/a><\/em><\/p>\n\n\n\n<p><em>\u00a9 <a href=\"http:\/\/commons.wikimedia.org\/wiki\/File:Borsalino_fedora.jpg\" rel=\"noreferrer noopener\" target=\"_blank\">Wikimedia Commons<\/a><\/em><\/p>\n\n\n\n<p><em>\u00a9 <a href=\"http:\/\/commons.wikimedia.org\/wiki\/File:Boy_with_a_large_hat.jpg\" rel=\"noreferrer noopener\" target=\"_blank\">Wikimedia Commons<\/a><\/em><\/p>\n\n\n\n<p><\/p>\n\n\n\n<p><\/p>\n","protected":false},"excerpt":{"rendered":"<p>&#8220;Elegantna \u017eenska brez klobuka preprosto ne obstaja.&#8221;Amy Vanderbilt Klobuki in podobne vrste pokrival so odli\u010dna za\u0161\u010dita pred soncem, vetrom, celo pred udarci.&nbsp; V\u010dasih so pokrivala obvezna, na primer v sinagogah ali na gradbi\u0161\u010dih, ve\u010dkrat za\u017eeljena, \u0161e ve\u010dkrat le prostovoljen dodatek, ki tistim, ki si jih poveznejo na glavo, dodajo \u0161\u010depec elegance. Seveda, \u010de znajo klobuke [&hellip;]<\/p>\n","protected":false},"author":1,"featured_media":0,"parent":19,"menu_order":1,"comment_status":"closed","ping_status":"closed","template":"page-no-separators","meta":{"footnotes":""},"class_list":["post-567","page","type-page","status-publish","hentry"],"_links":{"self":[{"href":"https:\/\/tolovaj.com\/vsebina\/wp-json\/wp\/v2\/pages\/567","targetHints":{"allow":["GET"]}}],"collection":[{"href":"https:\/\/tolovaj.com\/vsebina\/wp-json\/wp\/v2\/pages"}],"about":[{"href":"https:\/\/tolovaj.com\/vsebina\/wp-json\/wp\/v2\/types\/page"}],"author":[{"embeddable":true,"href":"https:\/\/tolovaj.com\/vsebina\/wp-json\/wp\/v2\/users\/1"}],"replies":[{"embeddable":true,"href":"https:\/\/tolovaj.com\/vsebina\/wp-json\/wp\/v2\/comments?post=567"}],"version-history":[{"count":2,"href":"https:\/\/tolovaj.com\/vsebina\/wp-json\/wp\/v2\/pages\/567\/revisions"}],"predecessor-version":[{"id":577,"href":"https:\/\/tolovaj.com\/vsebina\/wp-json\/wp\/v2\/pages\/567\/revisions\/577"}],"up":[{"embeddable":true,"href":"https:\/\/tolovaj.com\/vsebina\/wp-json\/wp\/v2\/pages\/19"}],"wp:attachment":[{"href":"https:\/\/tolovaj.com\/vsebina\/wp-json\/wp\/v2\/media?parent=567"}],"curies":[{"name":"wp","href":"https:\/\/api.w.org\/{rel}","templated":true}]}}