{"id":502,"date":"2024-07-14T00:57:59","date_gmt":"2024-07-14T00:57:59","guid":{"rendered":"https:\/\/mydreamweddingideas.com\/vsebina2\/?page_id=502"},"modified":"2024-07-14T01:24:11","modified_gmt":"2024-07-14T01:24:11","slug":"parfumi","status":"publish","type":"page","link":"https:\/\/tolovaj.com\/vsebina\/lepota\/parfumi\/","title":{"rendered":"Parfumi"},"content":{"rendered":"\n<blockquote class=\"wp-block-quote is-layout-flow wp-block-quote-is-layout-flow\">\n<p><\/p>\n<cite>\u201dKo le\u017eem v posteljo, imam na sebi le Chanel No.5 in ni\u010desar drugega.\u201d<br>Marilyn Monroe<\/cite><\/blockquote>\n\n\n\n<p>Kadar \u017eelimo narediti vtis, posebej na nasprotni spol, milo in glavnik \u017ee dolgo ne zagotavljata uspeha. Dandanes \u0161teje prav vsaka podrobnost. Izbor parfuma ni najmanj\u0161a med njimi.<\/p>\n\n\n\n<figure class=\"wp-block-image alignleft size-full\"><img loading=\"lazy\" decoding=\"async\" width=\"350\" height=\"471\" src=\"https:\/\/tolovaj.com\/vsebina\/wp-content\/uploads\/2024\/07\/parfum-wm-coco-mademoiselle-x350.jpg\" alt=\"\" class=\"wp-image-505\" srcset=\"https:\/\/tolovaj.com\/vsebina\/wp-content\/uploads\/2024\/07\/parfum-wm-coco-mademoiselle-x350.jpg 350w, https:\/\/tolovaj.com\/vsebina\/wp-content\/uploads\/2024\/07\/parfum-wm-coco-mademoiselle-x350-223x300.jpg 223w\" sizes=\"auto, (max-width: 350px) 100vw, 350px\" \/><\/figure>\n\n\n\n<p>S pravim vonjem lahko \u017eenska dose\u017ee ve\u010d kot z izzivalnim izrezom. Pa tudi za mo\u0161ke se na tr\u017ei\u0161\u010du najde marsikaj modernej\u0161ega in drznej\u0161ega od stare dobre vodice za po britju.<\/p>\n\n\n\n<p>Na tem mestu ne bomo brskali po zgodovini ali prodirali v tehni\u010dne skrivnosti. Raje se posvetimo nekaterim malenkostim, potrebnim pri izboru zase in\/ali za partnerja. Ob tej prilo\u017enosti nikakor ne pozabimo, da so parfumi med najbolj priljubljenimi darili. Kako izbrati primeren parfum?<\/p>\n\n\n\n<h2 class=\"wp-block-heading\">\u010ce je ona:<\/h2>\n\n\n\n<p><em><strong>Seksi<\/strong><\/em>, zavzeto sledi modnim zapovedim in si \u017eeli biti opa\u017eena. Najbolje se po\u010duti na zmenku, ki je del dogodka, na primer koncerta ali ve\u010dje doma\u010de zabave. Podajo se ji rahlo sladki in izzivalni vonji, kakr\u0161ni so vanilija, sandalovina, breskve in \u010dokolada. Nala\u0161\u010d za tak\u0161ne \u017eenske so izdelali Muglerjevega Angela in Guerlainovo Samsaro.<\/p>\n\n\n\n<p><em><strong>Romanti\u010dna<\/strong><\/em>, se rada obla\u010di \u017eenstveno, ljubko, a na\u010deloma preprosto in zadr\u017eano. Naj se sli\u0161i \u0161e tako oguljeno, obo\u017euje zvoke kitare ob mese\u010dini in sprehode po morski obali. Njeni vonji so vonji lilij, nageljnov in jasmina. Ustrezajo njeni pojavi &#8211; so opazni, a ne vsiljivi. Tak\u0161na sta na primer Lancomov Tresor ali Kleinov Eternity.<\/p>\n\n\n\n<p><em><strong>\u0160portna<\/strong><\/em>, ima lase kratke ali spete in nosi pulije ali puloverje. O\u010darljiva je tudi nenali\u010dena in u\u017eiva v dolgem sprehodu po parku ali potepanju z biciklom. Najlep\u0161e se ujame s sadnimi vonji, na primer z vonjem jabolka ali pomaran\u010de, obogatenimi z mo\u0161usom ali z magnolijo. Kot nala\u0161\u010d zanjo je Armanijev Acqua Di Gio ali Laurenov Ralph.<\/p>\n\n\n\n<p><em><strong>Naravna<\/strong><\/em>, ji je na\u010deloma vseeno, kaj oble\u010de, ali pa vsaj daje tak\u0161en vtis. Lepa bo v kavbojkah ali v krilu, v oprijeti majici ali v pisanem puloverju. Idealni zmenek ji predstavlja doma pripravljena ve\u010derja (ne \u0161kodi, \u010de je ob sve\u010dah) ali udele\u017eba na te\u010daju slikanja s prsti. Njen parfum poudarja sve\u017eino, ki jo iz\u017eareva s svojo pojavo. S citrusi, s timijanom ali z ananasom. V\u0161e\u010d ji bo Versacejev Red Jeans ali Davidoffov Cool Water.<\/p>\n\n\n\n<h2 class=\"wp-block-heading\">Kaj pa on?<\/h2>\n\n\n\n<p>Moderen mo\u0161ki ne di\u0161i ve\u010d le po milu ali, bog ne daj, znoju. Odi\u0161avljen je po podobnih pravilih, kakr\u0161na veljajo za ne\u017enej\u0161i spol. Podnevi z manj opaznim, zve\u010der z nekoliko mo\u010dnej\u0161im vonjem. \u010ceprav je \u017ee pred \u010dasom Klein ponudil tr\u017ei\u0161\u010du ve\u010d kolonjskih vodic za oba spola (na primer Be ali CK One), je sedaj na voljo tudi precej vonjev, ki so rezervirani samo zanj.<\/p>\n\n\n\n<figure class=\"wp-block-image alignright size-full\"><img loading=\"lazy\" decoding=\"async\" width=\"420\" height=\"263\" src=\"https:\/\/tolovaj.com\/vsebina\/wp-content\/uploads\/2024\/07\/parfum-wm-sample-of-perfumes-x420.jpg\" alt=\"\" class=\"wp-image-506\" srcset=\"https:\/\/tolovaj.com\/vsebina\/wp-content\/uploads\/2024\/07\/parfum-wm-sample-of-perfumes-x420.jpg 420w, https:\/\/tolovaj.com\/vsebina\/wp-content\/uploads\/2024\/07\/parfum-wm-sample-of-perfumes-x420-300x188.jpg 300w\" sizes=\"auto, (max-width: 420px) 100vw, 420px\" \/><\/figure>\n\n\n\n<p>Lep primer je, denimo, Diorjev Dune, ki temelji na lesnih vonjih. Sivka ostaja mo\u0161ka klasika. Za drznej\u0161e so tu \u0161e parfumi, v katerih je mogo\u010de \u010dutiti poprovo meto ali pra\u017eena kavna zrna. Izbira je \u0161iroka, le odlo\u010diti se morate.<\/p>\n\n\n\n<h2 class=\"wp-block-heading\">Zakaj parfumi?<\/h2>\n\n\n\n<p>To vpra\u0161anje si bodo pogosteje zastavljali mo\u0161ki, kajti \u017eenske obi\u010dajno rastejo s parfumi in so nelo\u010dljivo povezane z njimi. Di\u0161ave so del na\u0161e civilizacije in se jim ne moremo izogniti. Spla\u010da se jih preizkusiti in spoznati, ker bomo z njimi sebi in svoji bolj\u0161i polovici dodali novo dimenzijo, poudarili osebnost in, ne nazadnje, dobili odli\u010den izgovor, da se k njej malce bolj privijemo.<\/p>\n\n\n\n<p>Toda &#8211; ne pozabite &#8211; pri parfumih nikdar ne ka\u017ee pretiravati! Pri njihovi izdelavi (pa smo le pri tehni\u010dnih te\u017eavah) uporabljajo snovi z najmo\u010dnej\u0161imi in najobstojnej\u0161imi vonji, ki se vse po vrsti \u017ee v malce previsokih koli\u010dinah iz di\u0161av sprevr\u017eejo v svoje nasprotje. Se pravi: parfumi vsekakor da, a s pravo mero!<\/p>\n\n\n\n<p><em>\u00a9 <a href=\"http:\/\/commons.wikimedia.org\/wiki\/File:Coco_mademoiselle.jpg\" rel=\"noreferrer noopener\" target=\"_blank\">Wikimedia Commons<\/a><\/em><br><em>\u00a9 <a href=\"http:\/\/commons.wikimedia.org\/wiki\/File:Sample_of_Fragonard_women%27s_perfumes.JPG\" rel=\"noreferrer noopener\" target=\"_blank\">Wikimedia Commons<\/a><\/em><\/p>\n","protected":false},"excerpt":{"rendered":"<p>\u201dKo le\u017eem v posteljo, imam na sebi le Chanel No.5 in ni\u010desar drugega.\u201dMarilyn Monroe Kadar \u017eelimo narediti vtis, posebej na nasprotni spol, milo in glavnik \u017ee dolgo ne zagotavljata uspeha. Dandanes \u0161teje prav vsaka podrobnost. Izbor parfuma ni najmanj\u0161a med njimi. S pravim vonjem lahko \u017eenska dose\u017ee ve\u010d kot z izzivalnim izrezom. Pa tudi za [&hellip;]<\/p>\n","protected":false},"author":1,"featured_media":0,"parent":19,"menu_order":1,"comment_status":"closed","ping_status":"closed","template":"page-no-separators","meta":{"footnotes":""},"class_list":["post-502","page","type-page","status-publish","hentry"],"_links":{"self":[{"href":"https:\/\/tolovaj.com\/vsebina\/wp-json\/wp\/v2\/pages\/502","targetHints":{"allow":["GET"]}}],"collection":[{"href":"https:\/\/tolovaj.com\/vsebina\/wp-json\/wp\/v2\/pages"}],"about":[{"href":"https:\/\/tolovaj.com\/vsebina\/wp-json\/wp\/v2\/types\/page"}],"author":[{"embeddable":true,"href":"https:\/\/tolovaj.com\/vsebina\/wp-json\/wp\/v2\/users\/1"}],"replies":[{"embeddable":true,"href":"https:\/\/tolovaj.com\/vsebina\/wp-json\/wp\/v2\/comments?post=502"}],"version-history":[{"count":2,"href":"https:\/\/tolovaj.com\/vsebina\/wp-json\/wp\/v2\/pages\/502\/revisions"}],"predecessor-version":[{"id":544,"href":"https:\/\/tolovaj.com\/vsebina\/wp-json\/wp\/v2\/pages\/502\/revisions\/544"}],"up":[{"embeddable":true,"href":"https:\/\/tolovaj.com\/vsebina\/wp-json\/wp\/v2\/pages\/19"}],"wp:attachment":[{"href":"https:\/\/tolovaj.com\/vsebina\/wp-json\/wp\/v2\/media?parent=502"}],"curies":[{"name":"wp","href":"https:\/\/api.w.org\/{rel}","templated":true}]}}