{"id":479,"date":"2024-07-14T00:52:02","date_gmt":"2024-07-14T00:52:02","guid":{"rendered":"https:\/\/mydreamweddingideas.com\/vsebina2\/?page_id=479"},"modified":"2024-07-14T09:54:33","modified_gmt":"2024-07-14T09:54:33","slug":"zvocne-knjige-so-zakon","status":"publish","type":"page","link":"https:\/\/tolovaj.com\/vsebina\/otroci\/zvocne-knjige-so-zakon\/","title":{"rendered":"Zvo\u010dne knjige so zakon!"},"content":{"rendered":"\n<figure class=\"wp-block-image alignleft size-full\"><img loading=\"lazy\" decoding=\"async\" width=\"500\" height=\"333\" src=\"https:\/\/tolovaj.com\/vsebina\/wp-content\/uploads\/2024\/07\/zvocne-knjige.jpg\" alt=\"\" class=\"wp-image-484\" srcset=\"https:\/\/tolovaj.com\/vsebina\/wp-content\/uploads\/2024\/07\/zvocne-knjige.jpg 500w, https:\/\/tolovaj.com\/vsebina\/wp-content\/uploads\/2024\/07\/zvocne-knjige-300x200.jpg 300w\" sizes=\"auto, (max-width: 500px) 100vw, 500px\" \/><\/figure>\n\n\n\n<p>Ljubezen do poslu\u0161anja dobre, zanimive, napete zgodbe, je ena najbolj \u010dlove\u0161kih lastnosti. Zato ne \u010dudi vse ve\u010dja priljubljenost zvo\u010dnih knjig, ki so se najprej uveljavile v u\u010dilnicah tujih jezikov in kot pomo\u010d ljudem s slab\u0161im vidom, ali s slab\u0161im slab\u0161im bralnim znanjem.<\/p>\n\n\n\n<p>Danes jih zaradi dostopnosti in uporabnosti najdemo skoraj povsod. S pomo\u010djo zvo\u010dnih knjig nabiramo znanje ali se preprosto zabavamo med vo\u017enjo, med telovadbo, med opravljanjem gospodinjskih del &#8230; Posebno mesto si zaslu\u017eijo zvo\u010dne knjige za otroke.<\/p>\n\n\n\n<h2 class=\"wp-block-heading\">Imamo sploh \u010das za dobro knjigo?<\/h2>\n\n\n\n<p>Takoimenovanih klasi\u010dnih slu\u017eb, kjer je bilo delo strogo lo\u010deno od prostega \u010dasa, je vse manj. Delovni \u010das se je raztegnil od jutra do ve\u010dera, s kratkimi odmori za hiter obrok, med katerim morda \u0161e sestankujemo ali vsaj pregledujemo sporo\u010dila na mobilniku in med elektronsko po\u0161to.<\/p>\n\n\n\n<p>Delo nosimo tudi domov in vse pogosteje nam celo ob nedeljah delajo dru\u017ebo fascikli in prenosni ra\u010dunalniki. Dodajmo \u0161e izobra\u017eevanje ob delu in slu\u017ebene poti, pa nam hitro postane jasno, da \u010dasa za branje preprosto ni ve\u010d. Celo za listanje slikanice z otrokom v naro\u010dju ga te\u017eko najdemo!<\/p>\n\n\n\n<p>Zvo\u010dni posnetki z branimi ali igranimi pripovedmi so izjemna pomo\u010d ob nenehnem pomanjkanju \u010dasa. Zgodbi lahko sledimo tudi, \u010de so roke zaposlene, a delo ne zahteva na\u0161e polne pozornosti. Pol ure jutranje telovadbe, vo\u017enja v slu\u017ebo, pomivanje posode in druge dejavnosti predstavljajo le nekatere izmed dobrih prilo\u017enosti za dobro zgodbo.<\/p>\n\n\n\n<p>Tak\u0161nih opravil, med katerimi je um sposoben slediti pripovedi, se mimogrede nabere za dve uri na dan. \u010ce to prevedemo v zvo\u010dne knjige, se brez te\u017eav nabere petdeset knjig spo\u0161tljivega obsega na leto.<\/p>\n\n\n\n<h2 class=\"wp-block-heading\">Prednosti in slabosti zvo\u010dnih knjig<\/h2>\n\n\n\n<p>Kdor se je navadil brati knjige le napol zbran in strani, ki se mu zdijo manj zanimive, samo preleteti ali celo presko\u010diti, kmalu ugotovi, da zvo\u010dne knjige tega ne omogo\u010dajo, razen \u010de med poslu\u0161anjem nenehno pritiska gumbe za pomikanje po posnetku.<\/p>\n\n\n\n<figure class=\"wp-block-image alignright size-full\"><img loading=\"lazy\" decoding=\"async\" width=\"333\" height=\"500\" src=\"https:\/\/tolovaj.com\/vsebina\/wp-content\/uploads\/2024\/07\/poslusanje.jpg\" alt=\"\" class=\"wp-image-486\" srcset=\"https:\/\/tolovaj.com\/vsebina\/wp-content\/uploads\/2024\/07\/poslusanje.jpg 333w, https:\/\/tolovaj.com\/vsebina\/wp-content\/uploads\/2024\/07\/poslusanje-200x300.jpg 200w\" sizes=\"auto, (max-width: 333px) 100vw, 333px\" \/><\/figure>\n\n\n\n<p>Pripoved na\u010deloma te\u010de v svojem ritmu, ki je morda prehiter, morda pa tudi prepo\u010dasen za na\u0161e \u017eelje in sposobnosti. Kadar si \u017eelimo besedilo dobro spoznati, so zvo\u010dne knjige gotovo v prednosti zaradi mo\u017enosti ponavljanja posameznih odlomkov, saj bomo ob ve\u010dkratnem poslu\u0161anju v dobrem besedilu gotovo odkrili dodatne plasti zgodbe, ki jo je dober pripovedovalec sposoben \u0161e nadgraditi.<\/p>\n\n\n\n<p>\u0160tevilni poslu\u0161alci zvo\u010dnih knjig so bili za\u010dudeni ob u\u017eitku, ki jim ga je ponudil pripovedovalec zgodbe, sicer znane iz tiskane oblike, v kateri pa ob samostojnem branju niso na\u0161li ni\u010desar posebnega. Nekateri so se prav zaradi dobre pripovedi vrnili k zgodbi v knjigi in jo prebrali \u0161e enkrat, tokrat iz drugega zornega kota in z neprimerno ve\u010djim zado\u0161\u010denjem.<\/p>\n\n\n\n<p>Zvo\u010dnih knjig za otroke se je dolgo dr\u017eal dvom v njihovo primernost. Ali poslu\u0161anje namesto branja ni le potuha lenobi? Niso vsi zvo\u010dni posnetki namenjeni predvsem zabavi, knjiga pa bi morala predstavljati resno delo?<\/p>\n\n\n\n<p>Zaradi tak\u0161nih pomislekov so bili zvo\u010dni posnetki v \u0161olah dolgo rezervirani le za u\u010dilnice glasbe in tujih jezikov, a na sre\u010do se vse ve\u010d u\u010diteljev zaveda \u0161tevilnih prednosti zvo\u010dnih knjig, ki so dobrodo\u0161la in kakovostna dopolnitev pouka.<\/p>\n\n\n\n<p>S pomo\u010djo zvo\u010dnih posnetkov otroci spoznavajo nove besede v \u017eivem, govorjenem jeziku, zaradi mo\u017enosti poslu\u0161anja v skupini lahko takoj primerjajo svoje razumevanje besedila, \u010de ob zvo\u010dnem posnetku gledajo \u0161e v tiskano besedilo, se u\u010dijo tudi branja in izgovorjave &#8230;<\/p>\n\n\n\n<p>Poslu\u0161anje zvo\u010dnih posnetkov dokazano pove\u010duje besedni zaklad, pospe\u0161uje u\u010denje branja, neprecenljivo pa je pri razvoju domi\u0161ljije, saj si otrok ob zgo\u0161\u010denki s pravljicami v svoji glavi ustvarja slikovne podobe, neobremenjene z ilustracijami v slikanicah ali celo gibljivimi liki v risankah.<\/p>\n\n\n\n<p>Dodatna prednost, ki se je hitro zavedo prezaposleni star\u0161i, je seveda mo\u017enost samostojnega poslu\u0161anja posnetka. Otrok lahko ob poslu\u0161anju pravljice tudi brez mamine prisotnosti breskrbno zapluje v svet sanj.<\/p>\n\n\n\n<h2 class=\"wp-block-heading\">Kaj mora imeti dobra zvo\u010dna knjiga<\/h2>\n\n\n\n<p>Zvo\u010dne knjige so v zadnjih desetletjih zelo napredovale. Na voljo so posnetki zgodb, ki jih pripovedujejo poklicni igralci ali avtorji sami, a tudi dramatizirani posnetki z igranimi dialogi, zvo\u010dnimi u\u010dinki in glasbeno spremljavo, ki osnovno besedilo primerno poudari in nadgradi, kar daje zgodbi povsem nove dimenzije, enako kot velja za uglasbitev zapisane pesmi.<\/p>\n\n\n\n<figure class=\"wp-block-image alignleft size-full\"><img loading=\"lazy\" decoding=\"async\" width=\"400\" height=\"300\" src=\"https:\/\/tolovaj.com\/vsebina\/wp-content\/uploads\/2024\/07\/zvocne-knjige-sxc-1150867-31513363-400.jpg\" alt=\"\" class=\"wp-image-487\" srcset=\"https:\/\/tolovaj.com\/vsebina\/wp-content\/uploads\/2024\/07\/zvocne-knjige-sxc-1150867-31513363-400.jpg 400w, https:\/\/tolovaj.com\/vsebina\/wp-content\/uploads\/2024\/07\/zvocne-knjige-sxc-1150867-31513363-400-300x225.jpg 300w\" sizes=\"auto, (max-width: 400px) 100vw, 400px\" \/><\/figure>\n\n\n\n<p>Mnogi zvo\u010dni posnetki so po \u0161tevil\u010dnosti zasedbe in zahtevnosti produkcije primerljivi s pravim filmom!<\/p>\n\n\n\n<p>Ko izbiramo zvo\u010dno knjigo, vsekakor i\u0161\u010dimo tak\u0161no z v\u0161e\u010dnim pripovedovalcem in kakovostno produkcijo. Povr\u0161no branje, neenakomerna glasnost posnetka ali prasketanje nas lahko tako motijo, da se bomo besedilu le te\u017eko posvetili s potrebno pozornostjo.<\/p>\n\n\n\n<p>Z nekaj vaje se bomo nau\u010dili lo\u010diti zrnje od plev, saj je v nekaterih branih besedilih o\u010ditno, da so jih posneli na hitro ali uporabili zvo\u010dne u\u010dinke za prikrivanje napak, namesto na primer za ustvarjanje vzdu\u0161ja ali poudarjanje napetosti. Seveda imejmo ves \u010das v mislih svoj okus ali okus poslu\u0161alca, za katerega zvo\u010dno knjigo izbiramo.<\/p>\n\n\n\n<p>Nekateri dajejo prednost enemu samemu pripovedovalcu, s katerim so se sposobni dobesedno zliti v domi\u0161ljijsko do\u017eivetje, drugi si \u017eelijo \u010dim ve\u010dje razgibanosti, akcije in humorja. Na policah knji\u017enic in trgovin najdemo dovolj kakovostne ponudbe za \u0161e tako zahtevne poslu\u0161alce.<\/p>\n\n\n\n<h2 class=\"wp-block-heading\">Kako za\u010deti?<\/h2>\n\n\n\n<p>Zvo\u010dne knjige so zaradi povezave med svetovoma zabave in u\u010denosti neprecenljiva pomo\u010d mladim bralcem, ki \u0161ele vstopajo v svet pismenosti. \u010ce imajo otroci kakr\u0161nekoli te\u017eave z branjem, jim jih dobre zvo\u010dne knjige lahko pomagajo odpraviti.<\/p>\n\n\n\n<figure class=\"wp-block-image alignright size-full\"><img loading=\"lazy\" decoding=\"async\" width=\"450\" height=\"299\" src=\"https:\/\/tolovaj.com\/vsebina\/wp-content\/uploads\/2024\/07\/zvocne-knjige-sxc-969754-37664697-450.jpg\" alt=\"\" class=\"wp-image-488\" srcset=\"https:\/\/tolovaj.com\/vsebina\/wp-content\/uploads\/2024\/07\/zvocne-knjige-sxc-969754-37664697-450.jpg 450w, https:\/\/tolovaj.com\/vsebina\/wp-content\/uploads\/2024\/07\/zvocne-knjige-sxc-969754-37664697-450-300x199.jpg 300w\" sizes=\"auto, (max-width: 450px) 100vw, 450px\" \/><\/figure>\n\n\n\n<p>Seveda zvo\u010dnih knjig ne uvajamo na silo. Za\u010dnimo vedno z zgodbami, za katere smo prepri\u010dani, da bodo otrokom v\u0161e\u010d. So morda kot mal\u010dki najraje poslu\u0161ali klasi\u010dne pravljice s princeskami in \u010darovniki? Ali pa so navdu\u0161eni nad prigodami razli\u010dnih \u017eivalic? Radi listajo stripe o vitezih ali gusarjih?<\/p>\n\n\n\n<p>Za za\u010detek jim torej ponudimo nekaj, kar bo takoj pritegnilo njihovo pozornost. Primeren \u010das je morda \u017ee med vo\u017enjo v \u0161olo ali iz \u0161ole, lahko pa si vzamemo pol urice zve\u010der in poslu\u0161anje sprmenimo v kakovostno dru\u017einsko izku\u0161njo. Kje pi\u0161e, da bi morali skupen \u010das prebijati le pred televizorjem?<\/p>\n\n\n\n<p>\u010ce dobro premislimo, zlahka najdemo razli\u010dne prilo\u017enosti za poslu\u0161anje zvo\u010dnih knjig, pri katerih nas omejuje le dostopnost elektri\u010dne energije. S sodobnimi mobilniki, ki ob nizki porabi omogo\u010dajo poslu\u0161anje skoraj vedno in povsod, tudi ta izgovor odpade.<\/p>\n\n\n\n<p>Za\u017eelimo torej dobrodo\u0161lico zvo\u010dnim knjigam!<\/p>\n\n\n\n<figure class=\"wp-block-image\"><img decoding=\"async\" src=\"https:\/\/tolovaj.com\/vsebina\/images\/stories\/Pravljica\/zgodbica-babilonski-stolp-250.jpg\" alt=\"Babilonski stolp\"\/><\/figure>\n\n\n\n<p>Kratki zgodbi v Tolovajevi produkciji lahko prisluhnete <a href=\"https:\/\/tolovaj.com\/vsebina\/poslusajte\/babilonski-stolp-mp3\/\" data-type=\"page\" data-id=\"285\">tukaj<\/a><a href=\"https:\/\/tolovaj.com\/vsebina\/component\/content\/?id=220:babilonski-stolp-mp3&amp;catid=43&amp;Itemid=60\" target=\"_blank\" rel=\"noreferrer noopener\">.<\/a><\/p>\n\n\n\n<p><em>\u00a9 <\/em><a href=\"http:\/\/www.sxc.hu\/home\" rel=\"noreferrer noopener\" target=\"_blank\"><em>SXC.hu, HAAP Media Ltd.<\/em><\/a><\/p>\n","protected":false},"excerpt":{"rendered":"<p>Ljubezen do poslu\u0161anja dobre, zanimive, napete zgodbe, je ena najbolj \u010dlove\u0161kih lastnosti. Zato ne \u010dudi vse ve\u010dja priljubljenost zvo\u010dnih knjig, ki so se najprej uveljavile v u\u010dilnicah tujih jezikov in kot pomo\u010d ljudem s slab\u0161im vidom, ali s slab\u0161im slab\u0161im bralnim znanjem. Danes jih zaradi dostopnosti in uporabnosti najdemo skoraj povsod. S pomo\u010djo zvo\u010dnih knjig [&hellip;]<\/p>\n","protected":false},"author":1,"featured_media":0,"parent":15,"menu_order":1,"comment_status":"closed","ping_status":"closed","template":"page-no-separators","meta":{"footnotes":""},"class_list":["post-479","page","type-page","status-publish","hentry"],"_links":{"self":[{"href":"https:\/\/tolovaj.com\/vsebina\/wp-json\/wp\/v2\/pages\/479","targetHints":{"allow":["GET"]}}],"collection":[{"href":"https:\/\/tolovaj.com\/vsebina\/wp-json\/wp\/v2\/pages"}],"about":[{"href":"https:\/\/tolovaj.com\/vsebina\/wp-json\/wp\/v2\/types\/page"}],"author":[{"embeddable":true,"href":"https:\/\/tolovaj.com\/vsebina\/wp-json\/wp\/v2\/users\/1"}],"replies":[{"embeddable":true,"href":"https:\/\/tolovaj.com\/vsebina\/wp-json\/wp\/v2\/comments?post=479"}],"version-history":[{"count":2,"href":"https:\/\/tolovaj.com\/vsebina\/wp-json\/wp\/v2\/pages\/479\/revisions"}],"predecessor-version":[{"id":566,"href":"https:\/\/tolovaj.com\/vsebina\/wp-json\/wp\/v2\/pages\/479\/revisions\/566"}],"up":[{"embeddable":true,"href":"https:\/\/tolovaj.com\/vsebina\/wp-json\/wp\/v2\/pages\/15"}],"wp:attachment":[{"href":"https:\/\/tolovaj.com\/vsebina\/wp-json\/wp\/v2\/media?parent=479"}],"curies":[{"name":"wp","href":"https:\/\/api.w.org\/{rel}","templated":true}]}}