{"id":437,"date":"2024-07-13T23:58:43","date_gmt":"2024-07-13T23:58:43","guid":{"rendered":"https:\/\/mydreamweddingideas.com\/vsebina2\/?page_id=437"},"modified":"2024-07-13T23:59:09","modified_gmt":"2024-07-13T23:59:09","slug":"avtist","status":"publish","type":"page","link":"https:\/\/tolovaj.com\/vsebina\/zdravje\/avtist\/","title":{"rendered":"Je moj otrok avtist?"},"content":{"rendered":"\n<p>Avtist je oseba z avtizmom ali, odvisno od definicije, z eno od motenj takoimenovanega avtisti\u010dnega spektra.<\/p>\n\n\n\n<figure class=\"wp-block-image alignleft size-full\"><img loading=\"lazy\" decoding=\"async\" width=\"500\" height=\"334\" src=\"https:\/\/tolovaj.com\/vsebina\/wp-content\/uploads\/2024\/07\/kid-playing-with-train.jpg\" alt=\"\" class=\"wp-image-444\" srcset=\"https:\/\/tolovaj.com\/vsebina\/wp-content\/uploads\/2024\/07\/kid-playing-with-train.jpg 500w, https:\/\/tolovaj.com\/vsebina\/wp-content\/uploads\/2024\/07\/kid-playing-with-train-300x200.jpg 300w\" sizes=\"auto, (max-width: 500px) 100vw, 500px\" \/><\/figure>\n\n\n\n<p>Motnje avtisti\u010dnega spektra se obi\u010dajno poka\u017eejo \u017ee dokaj zgodaj v otrokovem razvoju.<\/p>\n\n\n\n<p>Sprva star\u0161i in pediatri opazijo zaostanek v razvoju, nato druge znake, kot so posebnosti pri obna\u0161anju, posebej pri jedi (kar tri \u010detrtine avtistov velja za izbir\u010dne, ima pred ali med jedjo posebne vzorce obna\u0161anja, pogosto jim primanjkuje kalcija in proteinov &#8230;).<\/p>\n\n\n\n<p>Sledijo zna\u010dilni vzorci obna\u0161anja (ponavljajo\u010di gibi, zelo zna\u010dilno je zibanje), te\u017eave pri stikih z ljudmi iz okolice, zna\u010dilno je obna\u0161anje s ponavljajo\u010dimi vzorci, kot je nenehna uporaba dolo\u010dene igra\u010dke na enak na\u010din. Znaki avtizma so raznoliki, kot se tudi sam <a href=\"https:\/\/tolovaj.com\/vsebina\/zdravje\/avtizem\/\" target=\"_blank\" rel=\"noreferrer noopener\">avtizem<\/a> ka\u017ee z zelo razli\u010dnimi simptomi.<\/p>\n\n\n\n<p>Avtist se izogiba dotikom, nerad pogleda v o\u010di, v pogovoru zna biti izjemno odkrit in netakten (kar mnogi zamenjujejo z nesramnostjo), ne razume besednih iger in \u0161al, v dru\u017ebi se dr\u017ei zase (v vrtcih je zna\u010dilna takoimenovana vzporedna igra), pogosto je nezainteresiran za svojo okolico, zelo te\u017eko sprejema spremembe ali pa jih povsem zanemarja &#8230;<\/p>\n\n\n\n<p>Kljub temu moramo vedeti, da imajo tudi ljudje z motnjami avtisti\u010dnega spektra smisel za humor in potrebujejo \u010dlove\u0161ko bli\u017eino.<\/p>\n\n\n\n<p>Prav tako si \u017eelijo komunikacije, a se pogosto zaradi te\u017eav pri razumevanju (\u0161tevilne finese jezika, ki se dodatno zapleta z nebesedno komunikacijo, kot je govorica telesa, obrazna mimika ali spo\u0161tovanje osebnega prostora, so zanje huda te\u017eava) zaprejo vase.<\/p>\n\n\n\n<p>Zaradi te\u017eav pri sporazumevanju se avtizem pri mnogih odra\u017ea v slab\u0161em u\u010dnem uspehu in posledi\u010dno manj\u0161ih mo\u017enostih za uspe\u0161no kariero. Toda ob primerni strokovni pomo\u010di, posebej, \u010de je diagnoza avtizma postavljena zgodaj, avtisti lahko dosegajo primerljive rezultate z drugimi.<\/p>\n\n\n\n<p>V\u010dasih se avtisti, posebej tisti z vi\u0161jo stopnjo funkcionalnosti, kakr\u0161na je na primer zna\u010dilna za <a href=\"https:\/\/tolovaj.com\/vsebina\/zdravje\/aspergerjev-sindrom\/\" target=\"_blank\" rel=\"noreferrer noopener\">Aspergerjev sindrom<\/a>,&nbsp; zahvaljujo\u010d svoji sposobnosti izjemnega osredoto\u010denja, ki lahko \u017ee meji na obsedenost, izjemno izka\u017eejo na dolo\u010denih podro\u010djih, kot so matematika, in\u017eenirstvo, umetnost, &#8230;<\/p>\n\n\n\n<h2 class=\"wp-block-heading\">Avtisti so med nami \u017ee od nekdaj<\/h2>\n\n\n\n<figure class=\"wp-block-image alignright size-full\"><img loading=\"lazy\" decoding=\"async\" width=\"500\" height=\"345\" src=\"https:\/\/tolovaj.com\/vsebina\/wp-content\/uploads\/2024\/07\/puzzle.jpg\" alt=\"\" class=\"wp-image-445\" srcset=\"https:\/\/tolovaj.com\/vsebina\/wp-content\/uploads\/2024\/07\/puzzle.jpg 500w, https:\/\/tolovaj.com\/vsebina\/wp-content\/uploads\/2024\/07\/puzzle-300x207.jpg 300w\" sizes=\"auto, (max-width: 500px) 100vw, 500px\" \/><\/figure>\n\n\n\n<p>O avtizmu se je za\u010delo govoriti \u0161ele proti koncu prve polovice 20. stoletja, vendar so ljudje z motnjami avtisti\u010dnega spektra seveda prisotni skozi vso zgodovino. Poznavalci so po razpolo\u017eljivih podatkih ocenili, da bi med avtiste lahko uvrstili \u0161tevilne znane zgodovinske osebnosti:<\/p>\n\n\n\n<ul class=\"wp-block-list\">\n<li><a href=\"https:\/\/tolovaj.com\/pravljice\/o-pravljicah\/andersen\/\" target=\"_blank\" rel=\"noreferrer noopener\">Hans Christian Andersen, pisatelj<\/a><\/li>\n\n\n\n<li>Michelangelo Buonarroti, kipar<\/li>\n\n\n\n<li>Charles Darwin, biolog<\/li>\n\n\n\n<li>Emily Dickinson, pesnica<\/li>\n\n\n\n<li>Adolf Hitler, politik<\/li>\n\n\n\n<li>Thomas Jefferson, politik<\/li>\n\n\n\n<li>James Joyce, pisatelj<\/li>\n\n\n\n<li>Wolfgang Amadeus Mozart, skladatelj<\/li>\n\n\n\n<li>Isaac Newton, fizik<\/li>\n\n\n\n<li>Alan Turing, matematik<\/li>\n<\/ul>\n\n\n\n<p>Statistika:<\/p>\n\n\n\n<ul class=\"wp-block-list\">\n<li>Danes ocenjujejo, da ima eden izmed 88 ljudi, nekateri celo trdijo, da eden izmed 50.V Sloveniji imamo po zmernih ocenah vsaj 20 tiso\u010d avtistov.<\/li>\n\n\n\n<li>\u0160tevilo avtistov nenehno nara\u0161\u010da. Nekateri za to krivijo onesna\u017eenje okolja ali programe cepljenja, a bolj verjetno gre za bolj\u0161e zavedanje te problematike med star\u0161i in zdravstvenimi delavci.<\/li>\n\n\n\n<li>Avtizem velja za &#8216;mo\u0161ko&#8217; motnjo. Po nekaterih podatkih je med de\u010dki kar petkrat ve\u010d avtistov kot med deklicami. Zanimiva \u0161tudija Univerze v Cambridgu je nakazala, da je anoreksija kot izrazito &#8216;\u017eenska&#8217; te\u017eava morda dejansko vrsta avtizma, saj si z njim deli celo vrsto simptomov.<\/li>\n<\/ul>\n\n\n\n<h2 class=\"wp-block-heading\">Avtisti\u010den otrok &#8211; kako ukrepati?<\/h2>\n\n\n\n<p>Najprej moramo seveda opaziti, da se otrok obna\u0161a druga\u010de od vrstnikov. Avtisti\u010den otrok pogosto spregovori bistveno kasneje, njegov besedni zaklad je manj\u0161i, njegova igra manj raznovrstna, ne dru\u017ei se z drugimi, \u010de pa \u017ee, ga obi\u010dajno bolj privla\u010di dru\u017eba precej starej\u0161ih ali mlaj\u0161ih kot vrstnikov.<\/p>\n\n\n\n<p>Med rednimi pregledi pri splo\u0161nem zdravniku in psihologu (pri nas se na vabilo psihologa pri otrokovih treh letih nekateri star\u0161i sploh ne odzovejo) se o tak\u0161nih posebnostih pogovorimo in dogovorimo za pregled pri specialistu, na kar je obi\u010dajno treba \u010dakati mesece.<\/p>\n\n\n\n<p>Med \u010dakanjem si skrbno bele\u017eimo posebnosti, ki jih opa\u017eamo v otrokovem razvoju, da bomo, ko pridemo na vrsto skupaj s strokovnjaki poiskali \u010dim bolj\u0161o terapijo.<\/p>\n\n\n\n<p>Avtistom lahko zelo pomagajo posebne vaje iz pridobivanja in krepitve socialnih ve\u0161\u010din (ob\u010dutek izklju\u010denosti iz razredne skupnosti v \u0161oli se pogosto odra\u017ea v slab\u0161em u\u010dnem uspehu) in seveda prilagojen u\u010dni program (morda kot \u0161olar potrebuje dodaten \u010das za re\u0161evanje nalog ali mu morajo biti vpra\u0161anja postavljena na druga\u010den na\u010din).<\/p>\n\n\n\n<p>Ker se avtizem pogosto pojavlja v povezavi z drugimi zdravstvenimi motnjami, kot sta nespe\u010dnost in neurejena prebava, stroka \u017ee dolgo posve\u010da posebno pozornost prehrani. U\u017eivanje dodatnih vitaminov (na primer B6) in mineralov (na primer <a href=\"https:\/\/tolovaj.com\/vsebina\/zdravje\/kalcij-dejstva-in-zablode\" target=\"_blank\" rel=\"noreferrer noopener\">kalcij<\/a> ali magnezij), navajanje na raznovrstno uravnote\u017eeno prehrano in izogibanje pre\u010di\u0161\u010deni industrijski hrani, dajejo zelo spodbudne rezultate.<\/p>\n\n\n\n<p>\u010ce torej ugotovimo, da je nekdo avtist, \u0161e ni konec sveta. Tudi zato ponekod namesto besede motnja uporabljajo izraz druga\u010dnost.<\/p>\n\n\n\n<hr class=\"wp-block-separator has-alpha-channel-opacity\"\/>\n","protected":false},"excerpt":{"rendered":"<p>Avtist je oseba z avtizmom ali, odvisno od definicije, z eno od motenj takoimenovanega avtisti\u010dnega spektra. Motnje avtisti\u010dnega spektra se obi\u010dajno poka\u017eejo \u017ee dokaj zgodaj v otrokovem razvoju. Sprva star\u0161i in pediatri opazijo zaostanek v razvoju, nato druge znake, kot so posebnosti pri obna\u0161anju, posebej pri jedi (kar tri \u010detrtine avtistov velja za izbir\u010dne, ima [&hellip;]<\/p>\n","protected":false},"author":1,"featured_media":0,"parent":21,"menu_order":1,"comment_status":"closed","ping_status":"closed","template":"page-no-separators","meta":{"footnotes":""},"class_list":["post-437","page","type-page","status-publish","hentry"],"_links":{"self":[{"href":"https:\/\/tolovaj.com\/vsebina\/wp-json\/wp\/v2\/pages\/437","targetHints":{"allow":["GET"]}}],"collection":[{"href":"https:\/\/tolovaj.com\/vsebina\/wp-json\/wp\/v2\/pages"}],"about":[{"href":"https:\/\/tolovaj.com\/vsebina\/wp-json\/wp\/v2\/types\/page"}],"author":[{"embeddable":true,"href":"https:\/\/tolovaj.com\/vsebina\/wp-json\/wp\/v2\/users\/1"}],"replies":[{"embeddable":true,"href":"https:\/\/tolovaj.com\/vsebina\/wp-json\/wp\/v2\/comments?post=437"}],"version-history":[{"count":1,"href":"https:\/\/tolovaj.com\/vsebina\/wp-json\/wp\/v2\/pages\/437\/revisions"}],"predecessor-version":[{"id":446,"href":"https:\/\/tolovaj.com\/vsebina\/wp-json\/wp\/v2\/pages\/437\/revisions\/446"}],"up":[{"embeddable":true,"href":"https:\/\/tolovaj.com\/vsebina\/wp-json\/wp\/v2\/pages\/21"}],"wp:attachment":[{"href":"https:\/\/tolovaj.com\/vsebina\/wp-json\/wp\/v2\/media?parent=437"}],"curies":[{"name":"wp","href":"https:\/\/api.w.org\/{rel}","templated":true}]}}