{"id":318,"date":"2024-07-13T14:46:04","date_gmt":"2024-07-13T14:46:04","guid":{"rendered":"https:\/\/mydreamweddingideas.com\/vsebina2\/?page_id=318"},"modified":"2024-07-16T00:15:54","modified_gmt":"2024-07-16T00:15:54","slug":"tolovajeva-votlina","status":"publish","type":"page","link":"https:\/\/tolovaj.com\/vsebina\/tolovajeva-votlina\/","title":{"rendered":"Tolovajeva votlina"},"content":{"rendered":"\n<h3 class=\"wp-block-heading\">Zalo\u017eba Tolovaj<\/h3>\n\n\n\n<p>V Tolovajevi votlini boste na\u0161li kataloge na\u0161e zalo\u017ebe in razli\u010dna presene\u010denja. Vsebina Tolovajeve votline se lahko nenapovedano spreminja, zato jo velja obiskati ve\u010dkrat. Pri nas ste vedno dobrodo\u0161li!<\/p>\n\n\n\n<div data-wp-interactive=\"core\/file\" class=\"wp-block-file\"><object data-wp-bind--hidden=\"!state.hasPdfPreview\" hidden class=\"wp-block-file__embed\" data=\"https:\/\/tolovaj.com\/vsebina\/wp-content\/uploads\/2024\/07\/Tolovaj-COM-1.pdf\" type=\"application\/pdf\" style=\"width:100%;height:600px\" aria-label=\"Embed of Tolovaj-COM-1.\"><\/object><a id=\"wp-block-file--media-c2195c8b-a6be-44b9-9ce6-8ee4d44aa93e\" href=\"https:\/\/tolovaj.com\/vsebina\/wp-content\/uploads\/2024\/07\/Tolovaj-COM-1.pdf\">Tolovaj-COM-1<\/a><a href=\"https:\/\/tolovaj.com\/vsebina\/wp-content\/uploads\/2024\/07\/Tolovaj-COM-1.pdf\" class=\"wp-block-file__button wp-element-button\" download aria-describedby=\"wp-block-file--media-c2195c8b-a6be-44b9-9ce6-8ee4d44aa93e\">Download<\/a><\/div>\n\n\n\n<p>V tem katalogu boste izvedeli (skoraj) vse o <a href=\"http:\/\/www.tolovaj.com\/trgovina\/\" target=\"_blank\" rel=\"noreferrer noopener\">Tolovajevih knjigah<\/a>. Katalog je v nizki lo\u010dljivosti, posebej pripraven je za prenos prek po\u010dasnih linij in za po\u0161iljanje po e-po\u0161ti (velikost 4,55 MB).<\/p>\n\n\n\n<p><\/p>\n\n\n\n<div data-wp-interactive=\"core\/file\" class=\"wp-block-file\"><object data-wp-bind--hidden=\"!state.hasPdfPreview\" hidden class=\"wp-block-file__embed\" data=\"https:\/\/tolovaj.com\/vsebina\/wp-content\/uploads\/2024\/07\/Tolovaj-COM-2.pdf\" type=\"application\/pdf\" style=\"width:100%;height:600px\" aria-label=\"Embed of Tolovaj-COM-2.\"><\/object><a id=\"wp-block-file--media-0ad4e65f-55a7-405f-af55-cfe206df33aa\" href=\"https:\/\/tolovaj.com\/vsebina\/wp-content\/uploads\/2024\/07\/Tolovaj-COM-2.pdf\">Tolovaj-COM-2<\/a><a href=\"https:\/\/tolovaj.com\/vsebina\/wp-content\/uploads\/2024\/07\/Tolovaj-COM-2.pdf\" class=\"wp-block-file__button wp-element-button\" download aria-describedby=\"wp-block-file--media-0ad4e65f-55a7-405f-af55-cfe206df33aa\">Download<\/a><\/div>\n\n\n\n<p>Tudi v tem katalogu boste izvedeli (skoraj) vse o <a href=\"http:\/\/www.tolovaj.com\/trgovina\/\" target=\"_blank\" rel=\"noopener\">Tolovajevih knjigah<\/a>.<br> Katalog je v srednji&nbsp; lo\u010dljivosti, prenos prek po\u010dasnih linij je \u0161e <br>znosen, velikost je \u0161e vedno primerna za po\u0161iljanje po e-po\u0161ti (velikost<br> 7,59 MB).<\/p>\n\n\n\n<p><\/p>\n\n\n\n<div data-wp-interactive=\"core\/file\" class=\"wp-block-file\"><object data-wp-bind--hidden=\"!state.hasPdfPreview\" hidden class=\"wp-block-file__embed\" data=\"https:\/\/tolovaj.com\/vsebina\/wp-content\/uploads\/2024\/07\/Tolovaj-COM-3.pdf\" type=\"application\/pdf\" style=\"width:100%;height:600px\" aria-label=\"Embed of Tolovaj-COM-3.\"><\/object><a id=\"wp-block-file--media-3d19b175-eacb-45e1-a4b2-946e400655ec\" href=\"https:\/\/tolovaj.com\/vsebina\/wp-content\/uploads\/2024\/07\/Tolovaj-COM-3.pdf\">Tolovaj-COM-3<\/a><a href=\"https:\/\/tolovaj.com\/vsebina\/wp-content\/uploads\/2024\/07\/Tolovaj-COM-3.pdf\" class=\"wp-block-file__button wp-element-button\" download aria-describedby=\"wp-block-file--media-3d19b175-eacb-45e1-a4b2-946e400655ec\">Download<\/a><\/div>\n\n\n\n<p>Ekh. Tudi v tem katalogu boste izvedeli (skoraj) vse o <a href=\"http:\/\/www.tolovaj.com\/trgovina\/\" target=\"_blank\" rel=\"noreferrer noopener\">Tolovajevih knjigah<\/a>. Katalog je v visoki lo\u010dljivosti, priporo\u010damo ga vsem s hitrim dostopom do spleta, za po\u0161iljanje po e-po\u0161ti \u017eal v ve\u010dini primerov zaradi omejitve velikosti priponk ni primeren (velikost 14,21 MB).<\/p>\n\n\n\n<h3 class=\"wp-block-heading\">Stor\u017eek v te\u017eavah<\/h3>\n\n\n\n<p><\/p>\n\n\n\n<figure class=\"wp-block-audio\"><audio controls src=\"https:\/\/tolovaj.com\/vsebina\/wp-content\/uploads\/2024\/07\/Storzek_v_tezavah.mp3\"><\/audio><\/figure>\n\n\n\n<p>Pravljica je iz\u0161la v slikanici <a href=\"http:\/\/www.tolovaj.com\/trgovina\/zbirka-tolovaj\/20-storzek-v-tezavah.html\" target=\"_blank\" rel=\"noreferrer noopener\">Stor\u017eek v te\u017eavah<\/a> in na zgo\u0161\u010denki <a href=\"http:\/\/panika.si\/index.php?page=shop.product_details&amp;flypage=flypage-ask.tpl&amp;product_id=244&amp;category_id=3&amp;option=com_virtuemart&amp;Itemid=1\" target=\"_blank\" rel=\"noreferrer noopener\">Lisjak prihaja<\/a>.<\/p>\n\n\n\n<p><\/p>\n\n\n\n<p><\/p>\n\n\n\n<div data-wp-interactive=\"core\/file\" class=\"wp-block-file\"><object data-wp-bind--hidden=\"!state.hasPdfPreview\" hidden class=\"wp-block-file__embed\" data=\"https:\/\/tolovaj.com\/vsebina\/wp-content\/uploads\/2024\/07\/Storzek_v_tezavah.pdf\" type=\"application\/pdf\" style=\"width:100%;height:600px\" aria-label=\"Embed of Storzek_v_tezavah.\"><\/object><a id=\"wp-block-file--media-8555b8ad-81a4-4d11-9c19-c4dc92f42b51\" href=\"https:\/\/tolovaj.com\/vsebina\/wp-content\/uploads\/2024\/07\/Storzek_v_tezavah.pdf\">Storzek_v_tezavah<\/a><a href=\"https:\/\/tolovaj.com\/vsebina\/wp-content\/uploads\/2024\/07\/Storzek_v_tezavah.pdf\" class=\"wp-block-file__button wp-element-button\" download aria-describedby=\"wp-block-file--media-8555b8ad-81a4-4d11-9c19-c4dc92f42b51\">Download<\/a><\/div>\n\n\n\n<p>Pravljica je iz\u0161la v slikanici <a href=\"http:\/\/www.tolovaj.com\/trgovina\/zbirka-tolovaj\/20-storzek-v-tezavah.html\" target=\"_blank\" rel=\"noreferrer noopener\">Stor\u017eek v te\u017eavah<\/a> in na zgo\u0161\u010denki <a href=\"http:\/\/panika.si\/index.php?page=shop.product_details&amp;flypage=flypage-ask.tpl&amp;product_id=244&amp;category_id=3&amp;option=com_virtuemart&amp;Itemid=1\" target=\"_blank\" rel=\"noreferrer noopener\">Lisjak prihaja<\/a>.<\/p>\n\n\n\n<p><\/p>\n\n\n\n<h3 class=\"wp-block-heading\">Nadome\u0161\u010danje<\/h3>\n\n\n\n<div data-wp-interactive=\"core\/file\" class=\"wp-block-file\"><object data-wp-bind--hidden=\"!state.hasPdfPreview\" hidden class=\"wp-block-file__embed\" data=\"https:\/\/tolovaj.com\/vsebina\/wp-content\/uploads\/2024\/07\/Nadomescanje.pdf\" type=\"application\/pdf\" style=\"width:100%;height:600px\" aria-label=\"Embed of Nadomescanje.\"><\/object><a id=\"wp-block-file--media-cd194d4c-6266-48f5-8dca-e32f1018505c\" href=\"https:\/\/tolovaj.com\/vsebina\/wp-content\/uploads\/2024\/07\/Nadomescanje.pdf\">Nadomescanje<\/a><a href=\"https:\/\/tolovaj.com\/vsebina\/wp-content\/uploads\/2024\/07\/Nadomescanje.pdf\" class=\"wp-block-file__button wp-element-button\" download aria-describedby=\"wp-block-file--media-cd194d4c-6266-48f5-8dca-e32f1018505c\">Download<\/a><\/div>\n\n\n\n<p>Zgodbica je iz\u0161la v knjigi <a href=\"http:\/\/www.tolovaj.com\/trgovina\/zbirka-lumpi-lumpasti\/25-lumpi-iz-3-a-se-ne-dajo.html\" target=\"_blank\" rel=\"noreferrer noopener\">Lumpi iz 3.a se ne dajo<\/a>.<\/p>\n\n\n\n<p><\/p>\n\n\n\n<h3 class=\"wp-block-heading\">Ma\u0161a &#8211; mala velika gospa<\/h3>\n\n\n\n<div data-wp-interactive=\"core\/file\" class=\"wp-block-file\"><object data-wp-bind--hidden=\"!state.hasPdfPreview\" hidden class=\"wp-block-file__embed\" data=\"https:\/\/tolovaj.com\/vsebina\/wp-content\/uploads\/2024\/07\/Masa-mala_velika_gospa.pdf\" type=\"application\/pdf\" style=\"width:100%;height:600px\" aria-label=\"Embed of Masa-mala_velika_gospa.\"><\/object><a id=\"wp-block-file--media-8b810e47-01fa-4ccf-b3d7-40f5cb801b4a\" href=\"https:\/\/tolovaj.com\/vsebina\/wp-content\/uploads\/2024\/07\/Masa-mala_velika_gospa.pdf\">Masa-mala_velika_gospa<\/a><a href=\"https:\/\/tolovaj.com\/vsebina\/wp-content\/uploads\/2024\/07\/Masa-mala_velika_gospa.pdf\" class=\"wp-block-file__button wp-element-button\" download aria-describedby=\"wp-block-file--media-8b810e47-01fa-4ccf-b3d7-40f5cb801b4a\">Download<\/a><\/div>\n\n\n\n<p>Zgodbica je iz\u0161la v knjigi <a href=\"http:\/\/www.tolovaj.com\/trgovina\/tamale-za-tamale\/27-masa.html\" target=\"_blank\" rel=\"noreferrer noopener\">Ma\u0161a.<\/a><\/p>\n\n\n\n<p><\/p>\n\n\n\n<h3 class=\"wp-block-heading\">Modelarji<\/h3>\n\n\n\n<div data-wp-interactive=\"core\/file\" class=\"wp-block-file\"><object data-wp-bind--hidden=\"!state.hasPdfPreview\" hidden class=\"wp-block-file__embed\" data=\"https:\/\/tolovaj.com\/vsebina\/wp-content\/uploads\/2024\/07\/Modelarji.pdf\" type=\"application\/pdf\" style=\"width:100%;height:600px\" aria-label=\"Embed of Modelarji.\"><\/object><a id=\"wp-block-file--media-f9a08910-9a13-4dfd-8c1e-22f78e6e178d\" href=\"https:\/\/tolovaj.com\/vsebina\/wp-content\/uploads\/2024\/07\/Modelarji.pdf\">Modelarji<\/a><a href=\"https:\/\/tolovaj.com\/vsebina\/wp-content\/uploads\/2024\/07\/Modelarji.pdf\" class=\"wp-block-file__button wp-element-button\" download aria-describedby=\"wp-block-file--media-f9a08910-9a13-4dfd-8c1e-22f78e6e178d\">Download<\/a><\/div>\n\n\n\n<p>Zgodbica je iz\u0161la v knjigi <a href=\"http:\/\/www.tolovaj.com\/trgovina\/zbirka-lumpi-lumpasti\/22-lumpi-iz-3-a-in-lumpi-iz-3-b.html\" target=\"_blank\" rel=\"noreferrer noopener\">Lumpi iz 3.a in lumpi iz 3.b<\/a>.<\/p>\n\n\n\n<p><\/p>\n\n\n\n<h3 class=\"wp-block-heading\">Lumpi iz 3. a<\/h3>\n\n\n\n<div data-wp-interactive=\"core\/file\" class=\"wp-block-file\"><object data-wp-bind--hidden=\"!state.hasPdfPreview\" hidden class=\"wp-block-file__embed\" data=\"https:\/\/tolovaj.com\/vsebina\/wp-content\/uploads\/2024\/07\/Lumpi.pdf\" type=\"application\/pdf\" style=\"width:100%;height:600px\" aria-label=\"Embed of Lumpi.\"><\/object><a id=\"wp-block-file--media-8ba00215-a2e4-4b1e-9773-2f7e98cc51ff\" href=\"https:\/\/tolovaj.com\/vsebina\/wp-content\/uploads\/2024\/07\/Lumpi.pdf\">Lumpi<\/a><a href=\"https:\/\/tolovaj.com\/vsebina\/wp-content\/uploads\/2024\/07\/Lumpi.pdf\" class=\"wp-block-file__button wp-element-button\" download aria-describedby=\"wp-block-file--media-8ba00215-a2e4-4b1e-9773-2f7e98cc51ff\">Download<\/a><\/div>\n\n\n\n<p>Zgodbice so iz\u0161le v zbirki <a href=\"http:\/\/tolovaj.com\/trgovina\/zbirka-lumpi-lumpasti\/14-lumpi-iz-3-a.html\" target=\"_blank\" rel=\"noreferrer noopener\">Lumpi lumpasti<\/a>.<\/p>\n\n\n\n<p><\/p>\n","protected":false},"excerpt":{"rendered":"<p>Zalo\u017eba Tolovaj V Tolovajevi votlini boste na\u0161li kataloge na\u0161e zalo\u017ebe in razli\u010dna presene\u010denja. Vsebina Tolovajeve votline se lahko nenapovedano spreminja, zato jo velja obiskati ve\u010dkrat. Pri nas ste vedno dobrodo\u0161li! V tem katalogu boste izvedeli (skoraj) vse o Tolovajevih knjigah. Katalog je v nizki lo\u010dljivosti, posebej pripraven je za prenos prek po\u010dasnih linij in za [&hellip;]<\/p>\n","protected":false},"author":1,"featured_media":0,"parent":0,"menu_order":0,"comment_status":"closed","ping_status":"closed","template":"page-no-separators","meta":{"footnotes":""},"class_list":["post-318","page","type-page","status-publish","hentry"],"_links":{"self":[{"href":"https:\/\/tolovaj.com\/vsebina\/wp-json\/wp\/v2\/pages\/318","targetHints":{"allow":["GET"]}}],"collection":[{"href":"https:\/\/tolovaj.com\/vsebina\/wp-json\/wp\/v2\/pages"}],"about":[{"href":"https:\/\/tolovaj.com\/vsebina\/wp-json\/wp\/v2\/types\/page"}],"author":[{"embeddable":true,"href":"https:\/\/tolovaj.com\/vsebina\/wp-json\/wp\/v2\/users\/1"}],"replies":[{"embeddable":true,"href":"https:\/\/tolovaj.com\/vsebina\/wp-json\/wp\/v2\/comments?post=318"}],"version-history":[{"count":5,"href":"https:\/\/tolovaj.com\/vsebina\/wp-json\/wp\/v2\/pages\/318\/revisions"}],"predecessor-version":[{"id":547,"href":"https:\/\/tolovaj.com\/vsebina\/wp-json\/wp\/v2\/pages\/318\/revisions\/547"}],"wp:attachment":[{"href":"https:\/\/tolovaj.com\/vsebina\/wp-json\/wp\/v2\/media?parent=318"}],"curies":[{"name":"wp","href":"https:\/\/api.w.org\/{rel}","templated":true}]}}