{"id":292,"date":"2024-07-13T14:24:35","date_gmt":"2024-07-13T14:24:35","guid":{"rendered":"https:\/\/mydreamweddingideas.com\/vsebina2\/?page_id=292"},"modified":"2024-07-13T14:41:01","modified_gmt":"2024-07-13T14:41:01","slug":"storzek-v-tezavah-mp3","status":"publish","type":"page","link":"https:\/\/tolovaj.com\/vsebina\/poslusajte\/storzek-v-tezavah-mp3\/","title":{"rendered":"Stor\u017eek v te\u017eavah, mp3"},"content":{"rendered":"\n<p>Poslu\u0161ate pravljico <a href=\"https:\/\/tolovaj.com\/vsebina\/pravljice\/storzek-v-tezavah\" target=\"_blank\" rel=\"noreferrer noopener\">Stor\u017eek v te\u017eavah.<\/a><\/p>\n\n\n\n<figure class=\"wp-block-image alignright size-full\"><img loading=\"lazy\" decoding=\"async\" width=\"400\" height=\"273\" src=\"https:\/\/tolovaj.com\/vsebina\/wp-content\/uploads\/2024\/07\/pravljica-storzek-v-tezavah-07-400.jpg\" alt=\"\" class=\"wp-image-296\" srcset=\"https:\/\/tolovaj.com\/vsebina\/wp-content\/uploads\/2024\/07\/pravljica-storzek-v-tezavah-07-400.jpg 400w, https:\/\/tolovaj.com\/vsebina\/wp-content\/uploads\/2024\/07\/pravljica-storzek-v-tezavah-07-400-300x205.jpg 300w\" sizes=\"auto, (max-width: 400px) 100vw, 400px\" \/><\/figure>\n\n\n\n<p>Kratka vsebina: Leska, ki raste pod duplinico veveri\u010dka Stor\u017eka, je obilno obrodila. Prijatelj Zobek mu je z veseljem prisko\u010dil na pomo\u010d pri obiranju in kuhanju le\u0161nikove kreme. Ko pa so bili vsi le\u0161niki \u017ee davno obrani, Zobek pa \u0161e kar ni kon\u010dal s svojim obiskom, se je Stor\u017eek vpra\u0161al, kako naj Zobku dopove, da bi bil rad malo sam.<\/p>\n\n\n\n<p><audio src=\"https:\/\/tolovaj.com\/vsebina\/images\/audio\/storzekvtezavah.mp3\" preload=\"metadata\"><\/audio><\/p>\n\n\n\n<figure class=\"wp-block-audio\"><audio controls src=\"https:\/\/tolovaj.com\/vsebina\/wp-content\/uploads\/2024\/07\/storzekvtezavah.mp3\"><\/audio><\/figure>\n\n\n\n<p>Skupaj s \u0161e petimi drugimi pravljicami je iz\u0161la na zgo\u0161\u010denki <a href=\"http:\/\/panika.si\/index.php?page=shop.product_details&amp;flypage=flypage-ask.tpl&amp;product_id=244&amp;category_id=3&amp;option=com_virtuemart&amp;Itemid=1\" target=\"_blank\" rel=\"noreferrer noopener\">Lisjak prihaja<\/a>.<\/p>\n\n\n\n<figure class=\"wp-block-image size-full\"><a href=\"http:\/\/panika.si\/index.php?page=shop.product_details&amp;flypage=flypage-ask.tpl&amp;product_id=244&amp;category_id=3&amp;option=com_virtuemart&amp;Itemid=1\" target=\"_blank\" rel=\"noreferrer noopener\"><img loading=\"lazy\" decoding=\"async\" width=\"180\" height=\"178\" src=\"https:\/\/tolovaj.com\/vsebina\/wp-content\/uploads\/2024\/07\/lisjak-prihaja-panika-180-178-1.jpg\" alt=\"\" class=\"wp-image-308\"\/><\/a><\/figure>\n\n\n\n<p>Napisal in dramatiziral jo je <a href=\"http:\/\/www.zupca.net\/dnevna_soba\/knjiga_meseca\/t_kocar.htm\" target=\"_blank\" rel=\"noreferrer noopener\">Tomo Ko\u010dar<\/a>.<\/p>\n\n\n\n<p>Pripovedovala je Tja\u0161a \u017deleznik.<\/p>\n\n\n\n<p>V ostalih vlogah so nastopili Anja Garbajs (\u017dolna), Bo\u0161tjan Napotnik (Zobek) in Sre\u010dko Kermavner (Stor\u017eek).<\/p>\n\n\n\n<p>Glasbeno spremljavo je ustvaril Mijo Popovi\u010d.<\/p>\n\n\n\n<p>Tonski mojster je bil Igor Gaji\u010d.<\/p>\n\n\n\n<p>Re\u017eiser in producent je bil <a href=\"http:\/\/www.zupca.net\/dnevna_soba\/knjiga_meseca\/t_kocar.htm\" target=\"_blank\" rel=\"noreferrer noopener\">Tomo Ko\u010dar<\/a>.<\/p>\n\n\n\n<p>Pravljica je bila posneta v legendarnem studiu Faktor.<\/p>\n\n\n\n<p>Zgodba o prijateljstvu v dobrem in slabem je v samostojni slikanici <a href=\"https:\/\/tolovaj.com\/trgovina\/zbirka-tolovaj\/20-storzek-v-tezavah.html\" target=\"_blank\" rel=\"noreferrer noopener\">Stor\u017eek v te\u017eavah<\/a> predstavljena na izviren, zabaven, a vseeno poglobljen in u\u010dinkovit na\u010din. Tudi s pomo\u010djo izvrstnih ilustracij <a href=\"http:\/\/www.zupca.net\/dnevna_soba\/ilustratorji\/adriano_janezic.htm\" target=\"_blank\" rel=\"noreferrer noopener\">Adriana Jane\u017ei\u010da<\/a>.<\/p>\n\n\n\n<figure class=\"wp-block-image size-full\"><a href=\"https:\/\/tolovaj.com\/trgovina\/zbirka-tolovaj\/20-storzek-v-tezavah.html\" target=\"_blank\" rel=\"noreferrer noopener\"><img loading=\"lazy\" decoding=\"async\" width=\"180\" height=\"264\" src=\"https:\/\/tolovaj.com\/vsebina\/wp-content\/uploads\/2024\/07\/storzek-v-tezavah-180.jpg\" alt=\"\" class=\"wp-image-310\"\/><\/a><\/figure>\n\n\n\n<p><em>\u00a9 <\/em><em>Zavod Tolovaj, <\/em><em>Tomo Ko<\/em><em>\u010d<\/em><em>ar<\/em><\/p>\n\n\n\n<p><em>Vse pravice pridr\u017eane.<\/em><\/p>\n","protected":false},"excerpt":{"rendered":"<p>Poslu\u0161ate pravljico Stor\u017eek v te\u017eavah. Kratka vsebina: Leska, ki raste pod duplinico veveri\u010dka Stor\u017eka, je obilno obrodila. Prijatelj Zobek mu je z veseljem prisko\u010dil na pomo\u010d pri obiranju in kuhanju le\u0161nikove kreme. Ko pa so bili vsi le\u0161niki \u017ee davno obrani, Zobek pa \u0161e kar ni kon\u010dal s svojim obiskom, se je Stor\u017eek vpra\u0161al, kako [&hellip;]<\/p>\n","protected":false},"author":1,"featured_media":0,"parent":283,"menu_order":1,"comment_status":"closed","ping_status":"closed","template":"page-no-separators","meta":{"footnotes":""},"class_list":["post-292","page","type-page","status-publish","hentry"],"_links":{"self":[{"href":"https:\/\/tolovaj.com\/vsebina\/wp-json\/wp\/v2\/pages\/292","targetHints":{"allow":["GET"]}}],"collection":[{"href":"https:\/\/tolovaj.com\/vsebina\/wp-json\/wp\/v2\/pages"}],"about":[{"href":"https:\/\/tolovaj.com\/vsebina\/wp-json\/wp\/v2\/types\/page"}],"author":[{"embeddable":true,"href":"https:\/\/tolovaj.com\/vsebina\/wp-json\/wp\/v2\/users\/1"}],"replies":[{"embeddable":true,"href":"https:\/\/tolovaj.com\/vsebina\/wp-json\/wp\/v2\/comments?post=292"}],"version-history":[{"count":3,"href":"https:\/\/tolovaj.com\/vsebina\/wp-json\/wp\/v2\/pages\/292\/revisions"}],"predecessor-version":[{"id":311,"href":"https:\/\/tolovaj.com\/vsebina\/wp-json\/wp\/v2\/pages\/292\/revisions\/311"}],"up":[{"embeddable":true,"href":"https:\/\/tolovaj.com\/vsebina\/wp-json\/wp\/v2\/pages\/283"}],"wp:attachment":[{"href":"https:\/\/tolovaj.com\/vsebina\/wp-json\/wp\/v2\/media?parent=292"}],"curies":[{"name":"wp","href":"https:\/\/api.w.org\/{rel}","templated":true}]}}