{"id":283,"date":"2024-07-13T14:20:21","date_gmt":"2024-07-13T14:20:21","guid":{"rendered":"https:\/\/mydreamweddingideas.com\/vsebina2\/?page_id=283"},"modified":"2024-07-16T00:17:05","modified_gmt":"2024-07-16T00:17:05","slug":"poslusajte","status":"publish","type":"page","link":"https:\/\/tolovaj.com\/vsebina\/poslusajte\/","title":{"rendered":"Poslu\u0161ajte"},"content":{"rendered":"\n<div class=\"wp-block-media-text is-stacked-on-mobile\"><figure class=\"wp-block-media-text__media\"><a href=\"https:\/\/tolovaj.com\/vsebina\/poslusajte\/storzek-v-tezavah-mp3\/\"><img loading=\"lazy\" decoding=\"async\" width=\"400\" height=\"273\" src=\"https:\/\/tolovaj.com\/vsebina\/wp-content\/uploads\/2024\/07\/pravljica-storzek-v-tezavah-07-400.jpg\" alt=\"\" class=\"wp-image-296 size-full\" srcset=\"https:\/\/tolovaj.com\/vsebina\/wp-content\/uploads\/2024\/07\/pravljica-storzek-v-tezavah-07-400.jpg 400w, https:\/\/tolovaj.com\/vsebina\/wp-content\/uploads\/2024\/07\/pravljica-storzek-v-tezavah-07-400-300x205.jpg 300w\" sizes=\"auto, (max-width: 400px) 100vw, 400px\" \/><\/a><\/figure><div class=\"wp-block-media-text__content\">\n<p>Poslu\u0161ate pravljico <a href=\"https:\/\/tolovaj.com\/vsebina\/poslusajte\/storzek-v-tezavah-mp3\/\" data-type=\"page\" data-id=\"292\">Stor\u017eek v te\u017eavah<\/a><\/p>\n<\/div><\/div>\n","protected":false},"excerpt":{"rendered":"<p>Poslu\u0161ate pravljico Stor\u017eek v te\u017eavah<\/p>\n","protected":false},"author":1,"featured_media":0,"parent":0,"menu_order":0,"comment_status":"closed","ping_status":"closed","template":"page-no-separators","meta":{"footnotes":""},"class_list":["post-283","page","type-page","status-publish","hentry"],"_links":{"self":[{"href":"https:\/\/tolovaj.com\/vsebina\/wp-json\/wp\/v2\/pages\/283","targetHints":{"allow":["GET"]}}],"collection":[{"href":"https:\/\/tolovaj.com\/vsebina\/wp-json\/wp\/v2\/pages"}],"about":[{"href":"https:\/\/tolovaj.com\/vsebina\/wp-json\/wp\/v2\/types\/page"}],"author":[{"embeddable":true,"href":"https:\/\/tolovaj.com\/vsebina\/wp-json\/wp\/v2\/users\/1"}],"replies":[{"embeddable":true,"href":"https:\/\/tolovaj.com\/vsebina\/wp-json\/wp\/v2\/comments?post=283"}],"version-history":[{"count":3,"href":"https:\/\/tolovaj.com\/vsebina\/wp-json\/wp\/v2\/pages\/283\/revisions"}],"predecessor-version":[{"id":1219,"href":"https:\/\/tolovaj.com\/vsebina\/wp-json\/wp\/v2\/pages\/283\/revisions\/1219"}],"wp:attachment":[{"href":"https:\/\/tolovaj.com\/vsebina\/wp-json\/wp\/v2\/media?parent=283"}],"curies":[{"name":"wp","href":"https:\/\/api.w.org\/{rel}","templated":true}]}}