{"id":260,"date":"2024-07-13T13:50:20","date_gmt":"2024-07-13T13:50:20","guid":{"rendered":"https:\/\/mydreamweddingideas.com\/vsebina2\/?page_id=260"},"modified":"2024-07-13T13:50:33","modified_gmt":"2024-07-13T13:50:33","slug":"akupunktura-najstarejsa-medicinska-znanost-na-svetu","status":"publish","type":"page","link":"https:\/\/tolovaj.com\/vsebina\/zdravje\/akupunktura-najstarejsa-medicinska-znanost-na-svetu\/","title":{"rendered":"Akupunktura, najstarej\u0161a medicinska znanost na svetu"},"content":{"rendered":"\n<p>Akupunkturo Kitajci ozna\u010dujejo s slikovno \u010drko \u010cen, ki jo lahko dobesedno prevedemo kot \u2018zbosti z iglo\u2019.<\/p>\n\n\n\n<figure class=\"wp-block-image alignleft size-full\"><img loading=\"lazy\" decoding=\"async\" width=\"300\" height=\"450\" src=\"https:\/\/tolovaj.com\/vsebina\/wp-content\/uploads\/2024\/07\/akupunktura-photoxpress-3581690-300.jpg\" alt=\"\" class=\"wp-image-265\" srcset=\"https:\/\/tolovaj.com\/vsebina\/wp-content\/uploads\/2024\/07\/akupunktura-photoxpress-3581690-300.jpg 300w, https:\/\/tolovaj.com\/vsebina\/wp-content\/uploads\/2024\/07\/akupunktura-photoxpress-3581690-300-200x300.jpg 200w\" sizes=\"auto, (max-width: 300px) 100vw, 300px\" \/><\/figure>\n\n\n\n<p>Bolj znano latinsko skovanko je v 17. stoletju sestavil nizozemski zdravnik Willem Ten Rhyne iz acus (igla) in pungere (zbosti), ali po na\u0161e akupunktura.<\/p>\n\n\n\n<p>\u010ceprav niti najnaprednej\u0161a znanost ne zna razlo\u017eiti, kako lahko zabadanje igel v dolo\u010dene to\u010dke na telesu vpliva na zdravje, se ta alternativna medicinska metoda ne le vse ve\u010d uporablja, temve\u010d u\u017eiva globoko spo\u0161tovanje celo med najbolj zaprise\u017eenimi ljubitelji takoimenovane zahodne medicine. Razlog je preprost. Akupunktura deluje.<\/p>\n\n\n\n<h2 class=\"wp-block-heading\">Druga\u010den pristop<\/h2>\n\n\n\n<p>\u010ceprav je v ponudbi ve\u010dine zdravili\u0161\u010d, ima akupunktura v na\u0161em okolju \u0161e vedno pridih skrivnostnosti in eksotike. Glavni razlog za to je, da k zdravljenju bolezni ali vsaj laj\u0161anju simptomov pristopa druga\u010de od medicine zahoda.<\/p>\n\n\n\n<p>Mi smo vajeni specialistov, ki se po postavljeni diagnozi bolezni lotijo s te\u017ekim oro\u017ejem, akupunkturist pa se ne loteva zgolj bolezni, temve\u010d posku\u0161a zdraviti celoto duha in telesa, obnoviti \u017eivljenjsko energijo, jo uravnote\u017eiti ali preusmeriti energijske tokove.<\/p>\n\n\n\n<p>Prav tokovi energije, imenovane \u010di, so klju\u010dni za razlago pomena to\u010dk, prek katerih akupunkturist posega v zdravje svojega pacienta. Vsi poznamo ob\u010dutek olaj\u0161anja, ki ga prinese dotik ali masiranje nekaterih to\u010dk pri glavobolu ali zobobolu. Nekatere tak\u0161ne to\u010dke prinesejo trenutno olaj\u0161anje, druge so nekak\u0161na vstopna vrata v boju proti bolezni.<\/p>\n\n\n\n<p>Danes so z najmodernej\u0161imi metodami ugotovili, da je akupunktura skozi tiso\u010dletja svojega obstoja izdelala podroben zemljevid \u017eiv\u010dnega sistema, prek katerega se prena\u0161ajo klju\u010dne informacije o procesih v telesu. \u010ceprav je \u0161e marsikaj nejasno, ima v dr\u017eavah z najrazvitej\u0161im zdravstvom akupunktura status primerljiv z ostalimi vejami medicine.<\/p>\n\n\n\n<figure class=\"wp-block-image alignright size-full\"><img loading=\"lazy\" decoding=\"async\" width=\"350\" height=\"489\" src=\"https:\/\/tolovaj.com\/vsebina\/wp-content\/uploads\/2024\/07\/akupunktura-sxc-1233894-86430661-350.jpg\" alt=\"\" class=\"wp-image-266\" srcset=\"https:\/\/tolovaj.com\/vsebina\/wp-content\/uploads\/2024\/07\/akupunktura-sxc-1233894-86430661-350.jpg 350w, https:\/\/tolovaj.com\/vsebina\/wp-content\/uploads\/2024\/07\/akupunktura-sxc-1233894-86430661-350-215x300.jpg 215w\" sizes=\"auto, (max-width: 350px) 100vw, 350px\" \/><\/figure>\n\n\n\n<p>Tako se morajo akupunkturisti pred pri\u010detkom opravljanja prakse izkazati z univerzitetnim spri\u010devalom, nenehno so pod nadzorom in\u0161pekcijskih slu\u017eb, njihovo zdravljenje pa je mogo\u010de pla\u010dati iz naslova zdravstvenega zavarovanja.<\/p>\n\n\n\n<h2 class=\"wp-block-heading\">Ali ste vedeli?<\/h2>\n\n\n\n<ul class=\"wp-block-list\">\n<li>Lani je akupunkturista obiskal kar vsak 12. prebivalec de\u017eel z najnaprednej\u0161o medicino (Zahodna Evropa, Severna Amerika). Najve\u010dkrat so bile vzrok slabosti, prebavne motnje, revmati\u010dna obolenja in seveda kroni\u010dne bole\u010dine.<\/li>\n\n\n\n<li>Samo v ZDA je registriranih kar 15 tiso\u010d akupunkturistov, ki z akupunkturo laj\u0161ajo najrazli\u010dnej\u0161e tegobe.<\/li>\n\n\n\n<li>Poskusi na podganah so pokazali, da je mogo\u010de z elektroapunkturo zni\u017eati krvni tlak do 40 ali celo 50 odstotkov. Raziskave na ljudeh \u0161e potekajo.<\/li>\n\n\n\n<li>\u0160vedski fizioterapevti so razdelili nose\u010dnice z bole\u010dinami v medeni\u010dnem predelu na tri skupine: ene so se razgibavale na klasi\u010den na\u010din, druge po posebnem programu, tretje so uporabljale akupunkturo. Najmanj bole\u010din so imele slednje.<\/li>\n\n\n\n<li>Akupunktura sode\u010d po raziskavi, opravljeni leta 2004 v Hong Kongu, zmanj\u0161uje te\u017eave z alergijami. Skupina otrok s senenim nahodom je bile dele\u017ena klasi\u010dne kitajske akupunkture, kontrolni skupini pa so akupunkturo izvajali le navidezno. Obe skupini sta verjeli, da prejemata pravo terapijo, a izbolj\u0161ave so bile opazne le pri prvi skupini.<\/li>\n\n\n\n<li>Ameri\u0161ki znanstveniki so \u017eenskam, ki niso mogle zanositi, pomagali s klasi\u010dno umetno oploditvijo. Polovica je hkrati poskusila \u0161e z akupunkturo, druga pa ne. v prvi skupini je zanosila polovica pacientk, v drugi le tretjina. Med nose\u010dnicami je plod uspe\u0161no donosilo ve\u010d kot devet desetin pacientk iz prve skupine, a le osem desetin iz druge.<\/li>\n<\/ul>\n\n\n\n<h2 class=\"wp-block-heading\">Iz kamene dobe<\/h2>\n\n\n\n<p>Za predhodnike dana\u0161njih akupunkturistov veljajo ljudje iz kamene dobe, ki so v boju proti bole\u010dini kamenje z ostrimi robovi prislanjali na razli\u010dne to\u010dke telesa.<\/p>\n\n\n\n<p>To\u010dke, na katerih so dosegli poziteven u\u010dinek, so odkrivali s posku\u0161anjem, svoje znanje prena\u0161ali iz roda v rod, prvi dokazani opisi tak\u0161nega zdravljenja pa segajo v obdobje dinastije \u010cang (pribli\u017eno 1500 let pr. n. \u0161t.).<\/p>\n\n\n\n<p>Osnova filozofije, na kateri je temeljilo zdravljenje s pritiskanjem kamenja, je bilo iskanje ravnote\u017eja med telesom in duhom, \u017eivim in ne\u017eivim, sedanjostjo in preteklostjo.<\/p>\n\n\n\n<p>Z razvojem znanosti so kamenje izpodrinile posebno oblikovane igle iz lon\u010devine in razli\u010dnih kovin. Sprva iz brona, nato \u0161e iz srebra in zlata. Klasi\u010dni komplet devetih igel se danes \u0161e vedno uporablja v nekaterih nerazvitih obmo\u010djih Kitajske, a ve\u010dina akupunkturistov je obdr\u017eala zgolj eno obliko igle, ki je danes iz nerjave\u010dega jekla.<\/p>\n\n\n\n<figure class=\"wp-block-image alignright size-full\"><img loading=\"lazy\" decoding=\"async\" width=\"300\" height=\"450\" src=\"https:\/\/tolovaj.com\/vsebina\/wp-content\/uploads\/2024\/07\/akupunktura-sxc-1254995-59107335-c300.jpg\" alt=\"\" class=\"wp-image-267\" srcset=\"https:\/\/tolovaj.com\/vsebina\/wp-content\/uploads\/2024\/07\/akupunktura-sxc-1254995-59107335-c300.jpg 300w, https:\/\/tolovaj.com\/vsebina\/wp-content\/uploads\/2024\/07\/akupunktura-sxc-1254995-59107335-c300-200x300.jpg 200w\" sizes=\"auto, (max-width: 300px) 100vw, 300px\" \/><\/figure>\n\n\n\n<p>\u017de v 6. stoletju je bila na Kitajskem ustanovljena prva medicinska univerza, na kateri so\u00a0 pou\u010devali predvsem akupunkturo in zeli\u0161\u010darstvo. Kljub organiziranosti, podobni dana\u0161njim\u00a0 fakultetam, se je tovrstno znanje prete\u017eno prena\u0161alo kar z o\u010detov na sinove. Vseeno se lahko univerzi in njenim naslednicam zahvalimo za prve resne zemljevide akupunkturnih to\u010dk in energijskih kanalov \u010dlove\u0161kega telesa.<\/p>\n\n\n\n<h2 class=\"wp-block-heading\">Sre\u010danje z Zahodom<\/h2>\n\n\n\n<p>V Evropo je akupunktura pri\u0161la v 16. stoletju z misijonarji. S sre\u010danjem dveh kultur je pri\u0161lo do izmenjave znanj. Kitajska medicina se je odlikovala predvsem po celostnem pristopu, a imela v primerjavi z zahodno veliko pomanjkljivost.<\/p>\n\n\n\n<p>Zahodnjaki so namre\u010d tedaj \u017ee kar precej vedeli o kirurgiji in znali tako odpraviti marsikatero te\u017eavo, ki je Kitajci zaradi verovanja, da naj bi \u010dlovek po smrti svoje prednike sre\u010dal v enem kosu, niso znali re\u0161iti tako hitro ali pa sploh ne.<\/p>\n\n\n\n<p>\u0160e ve\u010dji udarec je tradicionalnim na\u010dinom zdravljenja zadala revolucija, ki je vse staro, tudi dobro, ozna\u010dila za neza\u017eeljeno.<\/p>\n\n\n\n<p>Kljub temu se je akupunktura skupaj z zeli\u0161\u010darstvom na pode\u017eelju \u0161e ohranila in z Mao Cetungom vrnila v polnem siju, saj mu je v slabih razmerah med slovitim pohodom leta 1934 prav tradicionalna medicina pomagala ohraniti vojsko v zadovoljivem stanju. Leta 1944 je celo sklical posvet predstavnikov vzhodne in zahodne medicine in jih pozval naj prese\u017eejo ljubosumje in zdru\u017eijo svoja znanja.<\/p>\n\n\n\n<p>Naslednji klju\u010dni dogodek je verjetno obisk Richarda Nixona na Kitajskem, ki je v ZDA spro\u017eil pravo manijo. V 70. letih prej\u0161njega stoletja je postalo moderno vse, kar je bilo kitajsko, akupunktura pa je postala izjemno iskana veda. V le nekaj mesecih se je na\u0161lo na desetine akupunkturistov, ki so imeli po nekaj sto strank na dan. Predstavniki uradne medicine so zagnali vik in krik, poskusili celo s sodnim pregonom, a morali kmalu priznati poraz.<\/p>\n\n\n\n<p>Akupunktura se je izkazala pri laj\u0161anju \u0161tevilnih kroni\u010dnih obolenj, nad katerimi so sicer zdravniki \u017ee obupali.<\/p>\n\n\n\n<p>Ko so \u0161e uveljavljene znanstvene metode potrdile nekatere predpostavke tradicionalne medicine, je bila akupunktura dejansko sprejeta kot enakovredna ostalim vedam moderne medicine.<\/p>\n\n\n\n<h2 class=\"wp-block-heading\">Nove metode<\/h2>\n\n\n\n<p>Plemenitenje z novimi znanji in idejami je prineslo precej\u0161en napredek tudi na podro\u010dju akupunkture.<\/p>\n\n\n\n<p>Ena izmed najpomembnej\u0161ih novih metod je prav gotovo u\u0161esna akupunktura, ki temelji na ideji, da se vsi energijski kanali sre\u010dajo prav v uhlju. Tako ni ve\u010d treba za denimo te\u017eave s komolcem zabadati igle v komolec, temve\u010d za zdravljenje komolca enako dobro slu\u017ei to\u010dka v uhlju.<\/p>\n\n\n\n<figure class=\"wp-block-image alignright size-full\"><img loading=\"lazy\" decoding=\"async\" width=\"300\" height=\"450\" src=\"https:\/\/tolovaj.com\/vsebina\/wp-content\/uploads\/2024\/07\/akupunktura-sxc-1255004-88259036-300.jpg\" alt=\"\" class=\"wp-image-268\" srcset=\"https:\/\/tolovaj.com\/vsebina\/wp-content\/uploads\/2024\/07\/akupunktura-sxc-1255004-88259036-300.jpg 300w, https:\/\/tolovaj.com\/vsebina\/wp-content\/uploads\/2024\/07\/akupunktura-sxc-1255004-88259036-300-200x300.jpg 200w\" sizes=\"auto, (max-width: 300px) 100vw, 300px\" \/><\/figure>\n\n\n\n<p>Tovrstna akupunktura, ki so jo skupaj razvili Kitajci in Francozi, je bolj prakti\u010dna, saj pacient, ki mora iglo obdr\u017eati zabodeno v akupunkturno to\u010dko dalj \u010dasa, vseeno ohrani ve\u010dino svoje gibljivosti, kar pri klasi\u010dnem pristopu z zabadanjem igel po vsem telesu ni mogo\u010de.<\/p>\n\n\n\n<p>Danes je akupunktura marsikje vodilna metoda za anestezijo brez stranskih u\u010dinkov klasi\u010dne anestezije.<\/p>\n\n\n\n<p>Podobna izpeljanka je takoimenovana akupunktura lasi\u0161\u010da, ki se odli\u010dno obnese pri nekaterih mo\u017eganskih po\u0161kodbah, na primer pri mo\u017eganski kapi.<\/p>\n\n\n\n<p>Ker se tradiciji in dokazanim uspehom navkljub marsikdo akupunkture \u0161e vedno izogiba zaradi igel (pravilno zabodene ne povzro\u010dajo bole\u010din, obi\u010dajno pa je \u0161\u010demenje), je nastala elektroakupunktura. Pri tej tehniki igle ne prebadajo ko\u017ee, temve\u010d se le dotikajo akupunkturnih to\u010dk in jih stimulirajo z rahlimi elektri\u010dnimi sunki.<\/p>\n\n\n\n<p>Podobna ideja ti\u010di tudi za uporabo laserjev, zeli\u0161\u010d, piezoelektri\u010dnih kristalov in magnetov na akupunkturnih to\u010dkah. Znanje akupunkture je pripeljalo do razvoja napravice za laj\u0161anje bole\u010din s pomo\u010djo nizkoenergijskih elektri\u010dnih sunkov (TENS), ki jo v \u0161tevilnih dr\u017eavah uporabljajo za laj\u0161anje bole\u010din med porodom.<\/p>\n\n\n\n<p>Omenimo \u0161e \u0161iatsu (vrsta masa\u017ee), <a href=\"http:\/\/bownovaterapija.si\/\" target=\"_blank\" rel=\"noreferrer noopener\">Bownovo terapijo<\/a> (stimulacija mehkih tkiv)&nbsp; in akupresuro (pritiskanje na akupunkturne to\u010dke) in hitro postane jasno, da je akupunktura kljub svoji \u010dastitljivi starosti pravzaprav znanost v razvoju.<\/p>\n\n\n\n<h2 class=\"wp-block-heading\">Temna plat<\/h2>\n\n\n\n<p>Akupunktura ima \u0161tevilne dobre lastnosti, a vsemogo\u010dna vseeno ni. Nekateri pacienti se na primer na zdravljenje z akupunkturo ne odzivajo. Poleg tega so u\u010dinki obi\u010dajno opazni kasneje kot pri zahodni medicin.<\/p>\n\n\n\n<p>V\u010dasih se tudi zgodi, da <a href=\"http:\/\/akupunktura-janezhonn.com\/\" target=\"_blank\" rel=\"noreferrer noopener\">akupunktura<\/a> ne more odpraviti bole\u010dine, kot jo lahko obi\u010dajna tableta, temve\u010d jo le omili. Zgodi se tudi, da se med zdravljenjem bolezni nekateri simptomi okrepijo, torej za\u010dasno lahko celo pride do poslab\u0161anja. Tak primer je sicer med akupunkturisti za\u017eeljen, ker dokazuje, da se pacient na akupunkturo odziva, a se pacient vseeno neprijetno po\u010duti.<\/p>\n\n\n\n<p>Pri\u0161tejmo \u0161e bolezenska stanja, pri katerih je akupunktura povsem nemo\u010dna (rakava obolenja, zlomi, ureznine, vnetja, kile in podobno) in zaklju\u010dimo, da je akupunktura najmo\u010dnej\u0161a predvsem pri kroni\u010dnih te\u017eavah, za zdravstvene zaplete, ki zahtevajo hitro ukrepanje in mehanske posege, pa se vseeno obrnemo k zahodni medicini.<\/p>\n\n\n\n<hr class=\"wp-block-separator has-alpha-channel-opacity\"\/>\n","protected":false},"excerpt":{"rendered":"<p>Akupunkturo Kitajci ozna\u010dujejo s slikovno \u010drko \u010cen, ki jo lahko dobesedno prevedemo kot \u2018zbosti z iglo\u2019. Bolj znano latinsko skovanko je v 17. stoletju sestavil nizozemski zdravnik Willem Ten Rhyne iz acus (igla) in pungere (zbosti), ali po na\u0161e akupunktura. \u010ceprav niti najnaprednej\u0161a znanost ne zna razlo\u017eiti, kako lahko zabadanje igel v dolo\u010dene to\u010dke na [&hellip;]<\/p>\n","protected":false},"author":1,"featured_media":0,"parent":21,"menu_order":1,"comment_status":"closed","ping_status":"closed","template":"page-no-separators","meta":{"footnotes":""},"class_list":["post-260","page","type-page","status-publish","hentry"],"_links":{"self":[{"href":"https:\/\/tolovaj.com\/vsebina\/wp-json\/wp\/v2\/pages\/260","targetHints":{"allow":["GET"]}}],"collection":[{"href":"https:\/\/tolovaj.com\/vsebina\/wp-json\/wp\/v2\/pages"}],"about":[{"href":"https:\/\/tolovaj.com\/vsebina\/wp-json\/wp\/v2\/types\/page"}],"author":[{"embeddable":true,"href":"https:\/\/tolovaj.com\/vsebina\/wp-json\/wp\/v2\/users\/1"}],"replies":[{"embeddable":true,"href":"https:\/\/tolovaj.com\/vsebina\/wp-json\/wp\/v2\/comments?post=260"}],"version-history":[{"count":1,"href":"https:\/\/tolovaj.com\/vsebina\/wp-json\/wp\/v2\/pages\/260\/revisions"}],"predecessor-version":[{"id":269,"href":"https:\/\/tolovaj.com\/vsebina\/wp-json\/wp\/v2\/pages\/260\/revisions\/269"}],"up":[{"embeddable":true,"href":"https:\/\/tolovaj.com\/vsebina\/wp-json\/wp\/v2\/pages\/21"}],"wp:attachment":[{"href":"https:\/\/tolovaj.com\/vsebina\/wp-json\/wp\/v2\/media?parent=260"}],"curies":[{"name":"wp","href":"https:\/\/api.w.org\/{rel}","templated":true}]}}