{"id":142,"date":"2024-07-09T15:30:01","date_gmt":"2024-07-09T15:30:01","guid":{"rendered":"https:\/\/mydreamweddingideas.com\/vsebina2\/?page_id=142"},"modified":"2024-07-09T20:08:27","modified_gmt":"2024-07-09T20:08:27","slug":"aromaterapija","status":"publish","type":"page","link":"https:\/\/tolovaj.com\/vsebina\/zdravje\/aromaterapija\/","title":{"rendered":"Aromaterapija"},"content":{"rendered":"\n<p>Aromaterapija povezuje vonj (aroma) z zdravljenjem (terapija). Zna\u010dilnost te alternativne metode je celostni pristop k zdravljenju.<\/p>\n\n\n\n<figure class=\"wp-block-image alignleft\"><img decoding=\"async\" src=\"https:\/\/tolovaj.com\/vsebina1\/wp-content\/uploads\/2024\/07\/aromaterapija-sxc-923181-97410724-cc330-70-2.jpg\" alt=\"\" class=\"wp-image-256\"\/><\/figure>\n\n\n\n<p>Pisni viri iz Egipta, Indije in Kitajske dokazujejo, da je aromaterapija vsaj \u0161est tiso\u010d let stara veda o zdravljenju telesa in duha. Po slikah v jamah v francoskem Lascauxu je mogo\u010de sklepati, da je rojstni datum aromaterapije \u0161e kakih 12 tiso\u010dletij starej\u0161i!<\/p>\n\n\n\n<h2 class=\"wp-block-heading\">Eteri\u010dna olja za mrtve in \u017eive<\/h2>\n\n\n\n<p>Egip\u010dani so eteri\u010dna olja cimeta, mu\u0161kata, mire, nageljnovih \u017ebic in sandalovine uporabljali pri balzamiranju. Prijetne di\u0161ave niso bile namenjene le mrtvim. Radi so jih imeli tako mo\u0161ki kot \u017eenske. Menda so tudi besedo parfum (iz latinskih per in fumum, po na\u0161e \u2018skozi dim\u2019) skovali Egip\u010dani. Tedanji parfumi so bile v bistvu di\u0161e\u010de smole. Uporabljali so jih tako, da so si drobce nanesli na glavo in po\u010dakali, da jih je telesna toplota stalila in se je vonj razlezel po telesu.<\/p>\n\n\n\n<p>Grki so znanju Egip\u010danov marsikaj dodali. Hipokrat je eteri\u010dna olja \u017ee uporabljal v zdravstvene namenein s tem postavljal temelje dana\u0161nje aromaterapije. Grki so z miro laj\u0161ali opekline in pospe\u0161evali celjenje ran. \u0160e kasneje so Rimljani pisali ob\u0161irne knjige, v katerih so opisovali zdravilne lastnosti stotin rastlin.<\/p>\n\n\n\n<h2 class=\"wp-block-heading\">Aromaterapija tiso\u010d let kasneje<\/h2>\n\n\n\n<figure class=\"wp-block-image alignright\"><img decoding=\"async\" src=\"https:\/\/tolovaj.com\/vsebina1\/wp-content\/uploads\/2024\/07\/aromaterapija-sxc-697311-92983451-lavender-c300-70.jpg\" alt=\"\" class=\"wp-image-243\"\/><\/figure>\n\n\n\n<p>Prelomno odkritje na podro\u010dju eteri\u010dnih olj je gotovo Avicenov izum destilacijske naprave, pri kateri se posoda z rastlino segreva, cev, skozi katero se dviga eteri\u010dno olje, pa hladi, zaradi \u010desar se eteri\u010dno olje ujame v drugi posodi. Za razliko od drugih podobnih naprav je Avicenovo odlikovala zavita cev, ki je bistveno izbolj\u0161ala izkoristke. Od tedaj je bilo na voljo ve\u010d eteri\u010dnih olj, bila so bolj\u0161e kakovosti in resno delo se je lahko za\u010delo.<\/p>\n\n\n\n<p>V 16. stoletju je bilo mogo\u010de eteri\u010dna olja \u017ee kupiti v apotekah. Z nara\u0161\u010danjem ponudbe so cene padale. Tako so si v 19. stoletju fine dame lahko celo privo\u0161\u010dile naro\u010diti lasten parfum, ki se je ujemal z njihovo osebnostjo ali vsaj z nakitom. Toda to ni \u0161e ni\u010d v primerjavi z 20. stoletjem, posebej z nastopom tako imenovanega new agea, ko so eteri\u010dna olja postala nepogre\u0161ljiv del kozmetike in spiritisti\u010dnih seans, prehranske industrije in holisti\u010dnega zdravljenja.<\/p>\n\n\n\n<p>Kolik\u0161na mo\u010d se pravzaprav skriva v prijetnih vonjavah, bo \u010das \u0161e pokazal. Glede na njihovo pestro zgodovino in vse ve\u010dje zanimanje znanosti ta gotovo ni zanemarljiva.<\/p>\n\n\n\n<hr class=\"wp-block-separator has-alpha-channel-opacity\"\/>\n\n\n\n<h2 class=\"wp-block-heading\">Za vsako bolezen travca raste \u2013 tudi v aromaterapiji?<\/h2>\n\n\n\n<p>Uporaba eteri\u010dnih olj v zdravstvene namene zahteva precej znanja, zato na aromaterapijo nikar ne glejmo kot na popoldanski konji\u010dek. Zaradi mo\u017enih zapletov neukemu odlo\u010dno odsvetujemo uporabo eteri\u010dnih olj v koli\u010dinah, kot jih uporablja aromaterapija. Kljub temu kot zanimivost predstavljamo nekaj rastlin in zdravilne u\u010dinke njihovih eteri\u010dnih olj:<\/p>\n\n\n\n<p><strong>Brin<\/strong> \u2013 \u010di\u0161\u010denje telesa, razku\u017eevanje dihal, pomo\u010d pri prebavi in te\u017eavah s ko\u017eo<\/p>\n\n\n\n<p><strong>Citrusi<\/strong> (limona, pomaran\u010da, grenivka \u2026) \u2013 po\u017eivitev, \u010di\u0161\u010denje ko\u017ee<\/p>\n\n\n\n<p><strong>Ingver<\/strong> \u2013 po\u017eivljanje krvnega obtoka in prebave, laj\u0161anje bole\u010din v sklepih<\/p>\n\n\n\n<p><strong>Jasmin<\/strong> \u2013 pomo\u010d pri <a href=\"https:\/\/tolovaj.com\/vsebina\/component\/content\/?id=138:depresija&amp;catid=37&amp;Itemid=57\" target=\"_blank\" rel=\"noreferrer noopener\">depresiji<\/a>, te\u017eavah s ko\u017eo in popadkih<\/p>\n\n\n\n<p><strong>Jelka<\/strong> \u2013 \u010di\u0161\u010denje in razku\u017eevanje dihal, osve\u017eitev, po\u017eivitev, laj\u0161anje bole\u010din v mi\u0161icah in sklepih<\/p>\n\n\n\n<p><strong>Koper<\/strong> \u2013 pomirjanje in spro\u0161\u010danje, pomo\u010d pri prebavi<\/p>\n\n\n\n<p><strong>Poprova meta<\/strong> \u2013 po\u017eivitev in osve\u017eitev, laj\u0161anje te\u017eav s prebavo, \u010di\u0161\u010denje dihal, laj\u0161anje zobobola<\/p>\n\n\n\n<p><strong>Sivka<\/strong> \u2013 laj\u0161anje opeklin, ureznin in pikov, proti glavobolu, astmi razli\u010dnim vnetjem, tudi revmi<\/p>\n\n\n\n<p><strong>\u017dajbelj<\/strong> \u2013 razku\u017eevanje dihal in \u017erela, pomo\u010d pri menstrualnih te\u017eavah, uravnavanje krvnega pritiska, ve\u010danje spolne sle<\/p>\n\n\n\n<hr class=\"wp-block-separator has-alpha-channel-opacity\"\/>\n","protected":false},"excerpt":{"rendered":"<p>Aromaterapija povezuje vonj (aroma) z zdravljenjem (terapija). Zna\u010dilnost te alternativne metode je celostni pristop k zdravljenju. Pisni viri iz Egipta, Indije in Kitajske dokazujejo, da je aromaterapija vsaj \u0161est tiso\u010d let stara veda o zdravljenju telesa in duha. Po slikah v jamah v francoskem Lascauxu je mogo\u010de sklepati, da je rojstni datum aromaterapije \u0161e kakih [&hellip;]<\/p>\n","protected":false},"author":1,"featured_media":0,"parent":21,"menu_order":1,"comment_status":"closed","ping_status":"closed","template":"page-no-separators","meta":{"footnotes":""},"class_list":["post-142","page","type-page","status-publish","hentry"],"_links":{"self":[{"href":"https:\/\/tolovaj.com\/vsebina\/wp-json\/wp\/v2\/pages\/142","targetHints":{"allow":["GET"]}}],"collection":[{"href":"https:\/\/tolovaj.com\/vsebina\/wp-json\/wp\/v2\/pages"}],"about":[{"href":"https:\/\/tolovaj.com\/vsebina\/wp-json\/wp\/v2\/types\/page"}],"author":[{"embeddable":true,"href":"https:\/\/tolovaj.com\/vsebina\/wp-json\/wp\/v2\/users\/1"}],"replies":[{"embeddable":true,"href":"https:\/\/tolovaj.com\/vsebina\/wp-json\/wp\/v2\/comments?post=142"}],"version-history":[{"count":1,"href":"https:\/\/tolovaj.com\/vsebina\/wp-json\/wp\/v2\/pages\/142\/revisions"}],"predecessor-version":[{"id":147,"href":"https:\/\/tolovaj.com\/vsebina\/wp-json\/wp\/v2\/pages\/142\/revisions\/147"}],"up":[{"embeddable":true,"href":"https:\/\/tolovaj.com\/vsebina\/wp-json\/wp\/v2\/pages\/21"}],"wp:attachment":[{"href":"https:\/\/tolovaj.com\/vsebina\/wp-json\/wp\/v2\/media?parent=142"}],"curies":[{"name":"wp","href":"https:\/\/api.w.org\/{rel}","templated":true}]}}