{"id":1205,"date":"2024-07-15T23:20:06","date_gmt":"2024-07-15T23:20:06","guid":{"rendered":"https:\/\/mydreamweddingideas.com\/vsebina2\/?page_id=1205"},"modified":"2024-07-15T23:20:37","modified_gmt":"2024-07-15T23:20:37","slug":"smrkci","status":"publish","type":"page","link":"https:\/\/tolovaj.com\/vsebina\/otroci\/smrkci\/","title":{"rendered":"Smrkci"},"content":{"rendered":"\n<figure class=\"wp-block-image alignleft size-full\"><img loading=\"lazy\" decoding=\"async\" width=\"338\" height=\"450\" src=\"https:\/\/tolovaj.com\/vsebina\/wp-content\/uploads\/2024\/07\/Smrketa.png\" alt=\"\" class=\"wp-image-1210\" srcset=\"https:\/\/tolovaj.com\/vsebina\/wp-content\/uploads\/2024\/07\/Smrketa.png 338w, https:\/\/tolovaj.com\/vsebina\/wp-content\/uploads\/2024\/07\/Smrketa-225x300.png 225w\" sizes=\"auto, (max-width: 338px) 100vw, 338px\" \/><\/figure>\n\n\n\n<p>Visoki so za le tri jabolka, modri, z belimi \u010depicami, stanujejo v gobah, &#8230; Smrkci! Le kdo jih ne pozna?<\/p>\n\n\n\n<h2 class=\"wp-block-heading\">Peyo<\/h2>\n\n\n\n<p>Pierre Culliford (1928-1992) je bil belgijski ilustrator in stripar, ki je za\u010del uporabljati ime Peyo zaradi te\u017eav svojega angle\u0161kega sorodstva z izgovorjavo pomanjjevalnice njegovega pravega imena (Pierrot).<\/p>\n\n\n\n<p>Takoj po kon\u010danem \u0161tudiju na Kraljevi akademiji lepih umetnosti se je zaposlil v studiu za animacijo, kjer je sodeloval s \u0161tevilnimi odli\u010dnimi risarji, med katerimi je verjetno danes najbolj znan Morris (1923-2001), usvarjalec Sre\u010dnega Luke.<\/p>\n\n\n\n<p>Takrat je spoznal tudi Yvana Delorteja, pisca besedil, s katerim je nato sodeloval ve\u010dino \u017eivljenja. Po koncu delovanja studia je delal za razli\u010dne \u010dasopise in ustvaril ve\u010d zanimivih likov, med katerimi je bil eden prvih Johan, srednjeve\u0161ki pa\u017e.<\/p>\n\n\n\n<h2 class=\"wp-block-heading\">Smrkci so imeli sprva le stransko vlogo!<\/h2>\n\n\n\n<p>Leta 1952 je Peyo za\u010del delati za striparsko revijo Spirou in zanje ustvaril serijo Johan in Pirouit (Peewit), nekak\u0161no nadaljevanje \u017ee omenjenega Johana. Lika malce spominjata na Donk Kihota in Sancha Panso, v eni izmed prigod leta 1958 pa naletita tudi na majhna modra bitja, ki stanujejo v gobah. \u017de nekaj mesecev kasneje modri pal\u010dki z belimi pokrivali, imenovani Smrkci, dobijo svojo lastno serijo.<\/p>\n\n\n\n<p>Njihova priljubljenost je hitro nara\u0161\u010dala in \u0161e istega leta so se na tr\u017ei\u0161\u010du pojavile plasti\u010dne figurice s prvimi Smrkci, najprej le trije razli\u010dni, danes pa jih je \u017ee okrog petsto in so danes po prodaji \u017ee presegle pol milijarde primerkov.<\/p>\n\n\n\n<h2 class=\"wp-block-heading\">Risanke<\/h2>\n\n\n\n<figure class=\"wp-block-image alignright size-full\"><img loading=\"lazy\" decoding=\"async\" width=\"500\" height=\"375\" src=\"https:\/\/tolovaj.com\/vsebina\/wp-content\/uploads\/2024\/07\/Smrkci.png\" alt=\"\" class=\"wp-image-1211\" srcset=\"https:\/\/tolovaj.com\/vsebina\/wp-content\/uploads\/2024\/07\/Smrkci.png 500w, https:\/\/tolovaj.com\/vsebina\/wp-content\/uploads\/2024\/07\/Smrkci-300x225.png 300w\" sizes=\"auto, (max-width: 500px) 100vw, 500px\" \/><\/figure>\n\n\n\n<p>\u010ceprav so bili Smrkci komercialno zelo uspe\u0161ni \u017ee prej, so pravi preboj dosegli s podpisom pogodbe med Peyom in ameri\u0161ko produkcijsko hi\u0161o Hanna Barbera leta 1981. V ZDA so nastopali v jutranjem programu predvsem zato, da bi vzpodbudili prodajo figuric na tamkaj\u0161njem trgu.<\/p>\n\n\n\n<p>Kljub zelo plitvim zgodbicam so se mali modri junaki hiro prikupili in danes je zaradi avtorskih pravic in tantiem vrednost njihove blagovne znamke ocenjena na ve\u010d milijard dolarjev!<\/p>\n\n\n\n<h2 class=\"wp-block-heading\">Smrkec<\/h2>\n\n\n\n<ul class=\"wp-block-list\">\n<li>je modre barve, ker zelena, ki mu je bila sprva dolo\u010dena, v gozdu ne bi pri\u0161la do pravega izraza,<\/li>\n\n\n\n<li>ima belo pokrivalo (z izjemo Ata Smrka, ki ima rde\u010de), kar nekateri Amri\u010dani povezujejo s kukluksklanom (\u010dlani imajo bela pokrivala, njihov vodja pa rde\u010de),<\/li>\n\n\n\n<li>je komunist, ker \u017eivi po idealisti\u010dnih na\u010delih komunizma, v katera je verjel tudi Peyo,<\/li>\n\n\n\n<li>lahko potemni, \u010de ga pi\u010di \u017eu\u017eelka, ki prena\u0161a poseben virus (nato oku\u017eeni za\u010dne gristi druge Smrkce, kar dejansko predstavlja za\u010detek \u017eanra srhljivk z zombiji),<\/li>\n\n\n\n<li>pomaga UNICEF-u v razli\u010dnih dobrodelnih akcijah.<\/li>\n<\/ul>\n\n\n\n<h2 class=\"wp-block-heading\">Ata Smrk<\/h2>\n\n\n\n<ul class=\"wp-block-list\">\n<li>ima rde\u010de pokrivalo, ki je verjetno izpeljano iz frigijskega pokrivala iz \u010dasa anti\u010dnega Rima (tak\u0161no pokrivalo so nosili osvobojeni su\u017enji in je tudi v \u010dasu Francoske revolucije simboliziralo svobodo),<\/li>\n\n\n\n<li>obvlada \u010daranje in je vodja vseh Smrkcev v vasi,<\/li>\n\n\n\n<li>je za nekaj stoletij starej\u0161i od ve\u010dine Smrkcev, a vseeno \u0161ele tretji najstarej\u0161i izmed njih,<\/li>\n\n\n\n<li>je izjemen diplomat v risankah, a precej hitre jeze v izvirniku.<\/li>\n<\/ul>\n\n\n\n<h2 class=\"wp-block-heading\"><a href=\"http:\/\/pippi2011.blogspot.com\/2013\/09\/smurf-halloween-costumes-kids.html\" target=\"_blank\" rel=\"noreferrer noopener\"><\/a><\/h2>\n\n\n\n<h2 class=\"wp-block-heading\">Smrketa<\/h2>\n\n\n\n<figure class=\"wp-block-image alignleft size-full\"><img loading=\"lazy\" decoding=\"async\" width=\"350\" height=\"323\" src=\"https:\/\/tolovaj.com\/vsebina\/wp-content\/uploads\/2024\/07\/Pravljicna-hisica.jpg\" alt=\"\" class=\"wp-image-1212\" srcset=\"https:\/\/tolovaj.com\/vsebina\/wp-content\/uploads\/2024\/07\/Pravljicna-hisica.jpg 350w, https:\/\/tolovaj.com\/vsebina\/wp-content\/uploads\/2024\/07\/Pravljicna-hisica-300x277.jpg 300w\" sizes=\"auto, (max-width: 350px) 100vw, 350px\" \/><\/figure>\n\n\n\n<ul class=\"wp-block-list\">\n<li>je ena izmed le treh Smrkcev \u017eenskega spola in med vsemi dale\u010d najbolj znana in priljubljena,<\/li>\n\n\n\n<li>je pri\u0161la v vas Smrkcev delat zdrahe po Gargamelovih navodilih (on jo je pravzaprav ustvaril, a jo je Ata Smrk nato spremenil),<\/li>\n\n\n\n<li>je bila po Peyovih izjavah &#8216;tipi\u010dna \u017eenska: svetlolasa, klepetava, a ni izustila ni\u010desar pametnega, in je nenehno povzro\u010dala te\u017eave, za katere je krivdo valila na druge&#8217;,<\/li>\n\n\n\n<li>je po mnenju poznavalcev marketinga klasi\u010den primer lika, ki je bil ustvarjen, da bi se prikupil to\u010dno dolo\u010denemu delu trga, v tem primeru seveda majhnim deklicam, ki imajo raje figurice likov \u017eenskega kot mo\u0161kega spola.<\/li>\n<\/ul>\n\n\n\n<h2 class=\"wp-block-heading\">Igrice<\/h2>\n\n\n\n<p>Smrkcem je namenjena kopica igric, med katerimi so tudi \u0161tevilne brezpla\u010dno na voljo na spletu. Najbolj razvpita med vsemi pa je vendarle verjetno Smr\u010dja vas, ki je na voljo v Applovi trgovii iTunes. \u010ceprav je igrica sama brezpla\u010dna, postane zares zanimiva \u0161ele s \u0161tevilnimi dodatki, ki so na voljo ob dopla\u010dilu.<\/p>\n\n\n\n<p>Tako je pri\u0161lo do ve\u010d primerov, ko so otroci porabili stotine (celo tiso\u010de dolarjev) za okrasitev vasice, njihovi star\u0161i pa ob pogledu na ra\u010dun na koncu tako pobesneli, da je zadeva dobila epilog na sodi\u0161\u010du. \u010ceprav se nam Smrkci zdijo \u0161e tako ljubki, torej nikdar ne pozabimo, da je bila njihova idli\u010dna vasica z Gargamelom in Azraelom vred ustvarjena predvsem v \u017eelji po dobi\u010dku.<\/p>\n\n\n\n<p><em>\u00a9 <a href=\"http:\/\/commons.wikimedia.org\/wiki\/File%3AFesta_Major_de_Sants_2008_P1200883.JPG\" target=\"_blank\" rel=\"noreferrer noopener\">Wikimedia Commons<\/a><\/em><br><em>\u00a9 <a href=\"http:\/\/openclipart.org\/detail\/183884\/orange-mushroom-house-by-pippi2011-183884\" target=\"_blank\" rel=\"noreferrer noopener\">Openclipart<\/a><\/em><\/p>\n","protected":false},"excerpt":{"rendered":"<p>Visoki so za le tri jabolka, modri, z belimi \u010depicami, stanujejo v gobah, &#8230; Smrkci! Le kdo jih ne pozna? Peyo Pierre Culliford (1928-1992) je bil belgijski ilustrator in stripar, ki je za\u010del uporabljati ime Peyo zaradi te\u017eav svojega angle\u0161kega sorodstva z izgovorjavo pomanjjevalnice njegovega pravega imena (Pierrot). Takoj po kon\u010danem \u0161tudiju na Kraljevi akademiji [&hellip;]<\/p>\n","protected":false},"author":1,"featured_media":0,"parent":15,"menu_order":1,"comment_status":"closed","ping_status":"closed","template":"page-no-separators","meta":{"footnotes":""},"class_list":["post-1205","page","type-page","status-publish","hentry"],"_links":{"self":[{"href":"https:\/\/tolovaj.com\/vsebina\/wp-json\/wp\/v2\/pages\/1205","targetHints":{"allow":["GET"]}}],"collection":[{"href":"https:\/\/tolovaj.com\/vsebina\/wp-json\/wp\/v2\/pages"}],"about":[{"href":"https:\/\/tolovaj.com\/vsebina\/wp-json\/wp\/v2\/types\/page"}],"author":[{"embeddable":true,"href":"https:\/\/tolovaj.com\/vsebina\/wp-json\/wp\/v2\/users\/1"}],"replies":[{"embeddable":true,"href":"https:\/\/tolovaj.com\/vsebina\/wp-json\/wp\/v2\/comments?post=1205"}],"version-history":[{"count":1,"href":"https:\/\/tolovaj.com\/vsebina\/wp-json\/wp\/v2\/pages\/1205\/revisions"}],"predecessor-version":[{"id":1213,"href":"https:\/\/tolovaj.com\/vsebina\/wp-json\/wp\/v2\/pages\/1205\/revisions\/1213"}],"up":[{"embeddable":true,"href":"https:\/\/tolovaj.com\/vsebina\/wp-json\/wp\/v2\/pages\/15"}],"wp:attachment":[{"href":"https:\/\/tolovaj.com\/vsebina\/wp-json\/wp\/v2\/media?parent=1205"}],"curies":[{"name":"wp","href":"https:\/\/api.w.org\/{rel}","templated":true}]}}