{"id":92,"date":"2024-06-30T11:48:16","date_gmt":"2024-06-30T11:48:16","guid":{"rendered":"https:\/\/tolovaj.com\/trgovina1\/?page_id=92"},"modified":"2024-07-09T08:31:00","modified_gmt":"2024-07-09T08:31:00","slug":"dostava","status":"publish","type":"page","link":"https:\/\/tolovaj.com\/trgovina\/o-nas\/dostava\/","title":{"rendered":"Dostava"},"content":{"rendered":"\n<p>Po va\u0161em naro\u010dilu vas bomo morda poklicali in preverili, da ne bo pri\u0161lo do nesporazumov, potegav\u0161\u010din ali drugih neprijetnosti. Naro\u010dene knjige bomo odnesli na po\u0161to predvidoma najkasneje v dveh delovnih dneh po naro\u010dilu. Pla\u010dali jih boste ob prevzemu doma ali na po\u0161ti.<\/p>\n\n\n\n<p>Potrudili se bomo, da bodo knjige dobro za\u0161\u010ditene, a mo\u017enosti po\u0161kodbe ne moremo povsem izklju\u010diti. \u010ce bo pri\u0161lo do kak\u0161nih te\u017eav, prosimo, da nas o tem obvestite, saj si \u017eelimo svojim kupcem ponuditi najvi\u0161jo kakovost.<\/p>\n\n\n\n<p>Pri naro\u010dilu nad 40 \u20ac je dostava brezpla\u010dna, pla\u010date samo odkupnino po <a href=\"http:\/\/www.posta.si\/seznam-dokumentov\/799\/Informativni-ceniki\" target=\"_blank\" rel=\"noreferrer noopener\">ceniku Po\u0161te Slovenije<\/a>.<\/p>\n\n\n\n<div class=\"wp-block-group is-vertical is-content-justification-center is-layout-flex wp-container-core-group-is-layout-838cd1cc wp-block-group-is-layout-flex\" style=\"padding-top:var(--wp--preset--spacing--40);padding-bottom:var(--wp--preset--spacing--50)\"><div class=\"is-default-size wp-block-site-logo\"><a href=\"https:\/\/tolovaj.com\/trgovina\/\" class=\"custom-logo-link\" rel=\"home\"><img loading=\"lazy\" decoding=\"async\" width=\"500\" height=\"479\" src=\"https:\/\/tolovaj.com\/trgovina\/wp-content\/uploads\/2024\/06\/jezna-gospa.png\" class=\"custom-logo\" alt=\"Zalo\u017eba Tolovaj\" srcset=\"https:\/\/tolovaj.com\/trgovina\/wp-content\/uploads\/2024\/06\/jezna-gospa.png 500w, https:\/\/tolovaj.com\/trgovina\/wp-content\/uploads\/2024\/06\/jezna-gospa-300x287.png 300w\" sizes=\"auto, (max-width: 500px) 100vw, 500px\" \/><\/a><\/div>\n\n\n<p><strong>Slikanice in knjige za otroke od dveh let naprej. Raznolika ponudba, ugodne cene, smo strokovnjaki za pravljice.<\/strong><\/p>\n\n\n\n<p>Vse pravice pridr\u017eane. \u00a9 2010 &#8211; 2025<\/p>\n\n\n\n<p class=\"has-text-align-center has-secondary-color has-text-color has-link-color has-small-font-size wp-elements-c04d1eb07621d3e55b93fd705b6e6bac\">\n\tDesigned with <a href=\"https:\/\/wordpress.org\" rel=\"nofollow\">WordPress<\/a>\t<\/p>\n<\/div>\n","protected":false},"excerpt":{"rendered":"<p>Po va\u0161em naro\u010dilu vas bomo morda poklicali in preverili, da ne bo pri\u0161lo do nesporazumov, potegav\u0161\u010din ali drugih neprijetnosti. Naro\u010dene knjige bomo odnesli na po\u0161to predvidoma najkasneje v dveh delovnih dneh po naro\u010dilu. Pla\u010dali jih boste ob prevzemu doma ali na po\u0161ti. Potrudili se bomo, da bodo knjige dobro za\u0161\u010ditene, a mo\u017enosti po\u0161kodbe ne moremo [&hellip;]<\/p>\n","protected":false},"author":1,"featured_media":0,"parent":71,"menu_order":1,"comment_status":"closed","ping_status":"closed","template":"","meta":{"footnotes":""},"class_list":["post-92","page","type-page","status-publish","hentry"],"_links":{"self":[{"href":"https:\/\/tolovaj.com\/trgovina\/wp-json\/wp\/v2\/pages\/92","targetHints":{"allow":["GET"]}}],"collection":[{"href":"https:\/\/tolovaj.com\/trgovina\/wp-json\/wp\/v2\/pages"}],"about":[{"href":"https:\/\/tolovaj.com\/trgovina\/wp-json\/wp\/v2\/types\/page"}],"author":[{"embeddable":true,"href":"https:\/\/tolovaj.com\/trgovina\/wp-json\/wp\/v2\/users\/1"}],"replies":[{"embeddable":true,"href":"https:\/\/tolovaj.com\/trgovina\/wp-json\/wp\/v2\/comments?post=92"}],"version-history":[{"count":2,"href":"https:\/\/tolovaj.com\/trgovina\/wp-json\/wp\/v2\/pages\/92\/revisions"}],"predecessor-version":[{"id":579,"href":"https:\/\/tolovaj.com\/trgovina\/wp-json\/wp\/v2\/pages\/92\/revisions\/579"}],"up":[{"embeddable":true,"href":"https:\/\/tolovaj.com\/trgovina\/wp-json\/wp\/v2\/pages\/71"}],"wp:attachment":[{"href":"https:\/\/tolovaj.com\/trgovina\/wp-json\/wp\/v2\/media?parent=92"}],"curies":[{"name":"wp","href":"https:\/\/api.w.org\/{rel}","templated":true}]}}