{"id":86,"date":"2024-06-30T11:47:24","date_gmt":"2024-06-30T11:47:24","guid":{"rendered":"https:\/\/tolovaj.com\/trgovina1\/?page_id=86"},"modified":"2024-07-09T08:31:44","modified_gmt":"2024-07-09T08:31:44","slug":"pravno-obvestilo","status":"publish","type":"page","link":"https:\/\/tolovaj.com\/trgovina\/o-nas\/pravno-obvestilo\/","title":{"rendered":"Pravno obvestilo"},"content":{"rendered":"\n<p>V na\u0161i spletni trgovinici vas varuje <a href=\"http:\/\/www.uradni-list.si\/1\/content?id=51154\" target=\"_blank\" rel=\"noreferrer noopener\">Zakon o varstvu potro\u0161nikov<\/a> (ZVPot-UPB2, Uradni list RS, \u0161t. 98\/2004).<\/p>\n\n\n\n<p>Od nakupa lahko brez pojasnil odstopite v 15 dneh od prevzema knjig tako, da nam odstop sporo\u010dite na naslov <a href=\"mailto:zavodtolovaj@yahoo.com.\"><\/a><a href=\"mailto:zavodtolovaj@yahoo.com\">zavodtolovaj@yahoo.com<\/a>. V 30 dneh od odstopa nam morate knjigo oz. knjige vrniti, mi pa vam bomo vrnili kupnino. Stro\u0161ki vra\u010dila bremenijo vas.<\/p>\n\n\n\n<p>Z naro\u010dilom na na\u0161i spletni strani se strinjate, da vse podatke, potrebne za izvedbo va\u0161ega naro\u010dila, obdelujemo v skladu z <a href=\"http:\/\/www.uradni-list.si\/1\/objava.jsp?urlid=200794&amp;stevilka=4690\" target=\"_blank\" rel=\"noreferrer noopener\">Zakonom o varstvu osebnih podatkov <\/a>(ZVOP-1-UPB1, Uradni list RS, \u0161t. 94\/2007 z dne 16. 10. 2007).<\/p>\n\n\n\n<p>Po va\u0161em naro\u010dilu bomo sestavili ra\u010dun v dveh enakih izvodih, ki imata zna\u010daj pogodbe. Svoj izvod boste prejeli skupaj s knjigami, mi bomo svojega hranili v na\u0161ih poslovnih knjigah. \u010ce boste kasneje potrebovali vpogled v na\u0161 izvod ra\u010duna, nas pokli\u010dite na 01-568-1329 ali 041-565-021 in dogovorili se bomo za kar najhitrej\u0161o mo\u017enost vpogleda.<\/p>\n\n\n\n<p><strong>O pi\u0161kotkih<\/strong><\/p>\n\n\n\n<p>Spletni pi\u0161kotki so drobne datoteke, ki jih uporablja ve\u010dina spletnih strani za zagotavljanje in izbolj\u0161anje svojih storitev (pospe\u0161evanje prenosa podatkov, izbolj\u0161anje ponudbe vsebine in podobno). Na\u0161e spletne strani uporabljajo pi\u0161kotke izklju\u010dno za namene statistike (\u0161tetje obiskovalcev, viri prometa in podobno), teh podatkov pa ne bomo nikoli uporabili za karkoli drugega. Vse pridobljene podatke bomo varovali po najbolj\u0161ih mo\u010deh.<\/p>\n\n\n\n<p>Ker je mogo\u010de s pomo\u010djo pi\u0161kotkov tudi zbrati zelo osebne in ob\u010dutljive podatke (na primer \u0161tevilke kreditnih kartic), vas moramo po zakonu seznaniti z njimi. Ve\u010d o tem in nastavitvah zasebnosti va\u0161ega brskanja po spletu <a href=\"http:\/\/www.aboutcookies.org\/page-1\" target=\"_blank\" rel=\"noreferrer noopener\">tule<\/a>.<\/p>\n\n\n\n<div class=\"wp-block-group is-vertical is-content-justification-center is-layout-flex wp-container-core-group-is-layout-838cd1cc wp-block-group-is-layout-flex\" style=\"padding-top:var(--wp--preset--spacing--40);padding-bottom:var(--wp--preset--spacing--50)\"><div class=\"is-default-size wp-block-site-logo\"><a href=\"https:\/\/tolovaj.com\/trgovina\/\" class=\"custom-logo-link\" rel=\"home\"><img loading=\"lazy\" decoding=\"async\" width=\"500\" height=\"479\" src=\"https:\/\/tolovaj.com\/trgovina\/wp-content\/uploads\/2024\/06\/jezna-gospa.png\" class=\"custom-logo\" alt=\"Zalo\u017eba Tolovaj\" srcset=\"https:\/\/tolovaj.com\/trgovina\/wp-content\/uploads\/2024\/06\/jezna-gospa.png 500w, https:\/\/tolovaj.com\/trgovina\/wp-content\/uploads\/2024\/06\/jezna-gospa-300x287.png 300w\" sizes=\"auto, (max-width: 500px) 100vw, 500px\" \/><\/a><\/div>\n\n\n<p><strong>Slikanice in knjige za otroke od dveh let naprej. Raznolika ponudba, ugodne cene, smo strokovnjaki za pravljice.<\/strong><\/p>\n\n\n\n<p>Vse pravice pridr\u017eane. \u00a9 2010 &#8211; 2025<\/p>\n\n\n\n<p class=\"has-text-align-center has-secondary-color has-text-color has-link-color has-small-font-size wp-elements-c04d1eb07621d3e55b93fd705b6e6bac\">\n\tDesigned with <a href=\"https:\/\/wordpress.org\" rel=\"nofollow\">WordPress<\/a>\t<\/p>\n<\/div>\n","protected":false},"excerpt":{"rendered":"<p>V na\u0161i spletni trgovinici vas varuje Zakon o varstvu potro\u0161nikov (ZVPot-UPB2, Uradni list RS, \u0161t. 98\/2004). Od nakupa lahko brez pojasnil odstopite v 15 dneh od prevzema knjig tako, da nam odstop sporo\u010dite na naslov zavodtolovaj@yahoo.com. V 30 dneh od odstopa nam morate knjigo oz. knjige vrniti, mi pa vam bomo vrnili kupnino. Stro\u0161ki vra\u010dila [&hellip;]<\/p>\n","protected":false},"author":1,"featured_media":0,"parent":71,"menu_order":1,"comment_status":"closed","ping_status":"closed","template":"","meta":{"footnotes":""},"class_list":["post-86","page","type-page","status-publish","hentry"],"_links":{"self":[{"href":"https:\/\/tolovaj.com\/trgovina\/wp-json\/wp\/v2\/pages\/86","targetHints":{"allow":["GET"]}}],"collection":[{"href":"https:\/\/tolovaj.com\/trgovina\/wp-json\/wp\/v2\/pages"}],"about":[{"href":"https:\/\/tolovaj.com\/trgovina\/wp-json\/wp\/v2\/types\/page"}],"author":[{"embeddable":true,"href":"https:\/\/tolovaj.com\/trgovina\/wp-json\/wp\/v2\/users\/1"}],"replies":[{"embeddable":true,"href":"https:\/\/tolovaj.com\/trgovina\/wp-json\/wp\/v2\/comments?post=86"}],"version-history":[{"count":2,"href":"https:\/\/tolovaj.com\/trgovina\/wp-json\/wp\/v2\/pages\/86\/revisions"}],"predecessor-version":[{"id":581,"href":"https:\/\/tolovaj.com\/trgovina\/wp-json\/wp\/v2\/pages\/86\/revisions\/581"}],"up":[{"embeddable":true,"href":"https:\/\/tolovaj.com\/trgovina\/wp-json\/wp\/v2\/pages\/71"}],"wp:attachment":[{"href":"https:\/\/tolovaj.com\/trgovina\/wp-json\/wp\/v2\/media?parent=86"}],"curies":[{"name":"wp","href":"https:\/\/api.w.org\/{rel}","templated":true}]}}