{"id":56,"date":"2024-06-29T14:51:21","date_gmt":"2024-06-29T14:51:21","guid":{"rendered":"https:\/\/tolovaj.com\/trgovina1\/?page_id=56"},"modified":"2024-07-01T17:28:49","modified_gmt":"2024-07-01T17:28:49","slug":"11-jezek-spikec","status":"publish","type":"page","link":"https:\/\/tolovaj.com\/trgovina\/zbirka-tolovaj\/11-jezek-spikec\/","title":{"rendered":"Je\u017eek \u0160pikec"},"content":{"rendered":"\n<p><\/p>\n\n\n\n<div class=\"wp-block-media-text is-stacked-on-mobile is-vertically-aligned-top\"><figure class=\"wp-block-media-text__media\"><img loading=\"lazy\" decoding=\"async\" width=\"420\" height=\"595\" src=\"https:\/\/tolovaj.com\/trgovina\/wp-content\/uploads\/2024\/06\/Jezek_Spikec_Naslovka-420-1.jpg\" alt=\"\" class=\"wp-image-205 size-full\" srcset=\"https:\/\/tolovaj.com\/trgovina\/wp-content\/uploads\/2024\/06\/Jezek_Spikec_Naslovka-420-1.jpg 420w, https:\/\/tolovaj.com\/trgovina\/wp-content\/uploads\/2024\/06\/Jezek_Spikec_Naslovka-420-1-212x300.jpg 212w\" sizes=\"auto, (max-width: 420px) 100vw, 420px\" \/><\/figure><div class=\"wp-block-media-text__content\">\n<p>Je\u017eek \u0160pikec je prijazen je\u017eek, ki bi se ves ljubi dan potepal. Njegova brata se zato jezita nanj. Se jima res ne more pridru\u017eiti pri zbiranju hru\u0161k? Nekega dne se skregajo in takrat \u0160pikec odkrije, kaj ga v \u017eivljenju zares veseli. Ko se v zgodbici pojavi \u0161e Bodulj\u010dica, sta tudi \u0160pik\u010deva bratca pripravljena spremeniti svoje mnenje.<\/p>\n\n\n\n<p>Preprosta, simpati\u010dna zgodbica z ljubkimi ilustracijami je zaradi velikih ploskev in privla\u010dnih svetlih barv primerna \u017ee za otroke od drugega leta naprej.<\/p>\n\n\n\n<p><a href=\"http:\/\/www.tolovaj.com\/vsebina\/tolovajeva-votlina\" target=\"_blank\" rel=\"noreferrer noopener\">Cena:&nbsp;&nbsp;8,99 EUR za kos<\/a><\/p>\n\n\n\n<p>Avtor: Tomo Ko\u010dar<br>Vrsta: slikanica<br>Leto izdaje: 2005<br>\u0160tevilo strani: 32<br>Format: mehka vezava, A4<\/p>\n<\/div><\/div>\n\n\n\n<p><\/p>\n\n\n\n<figure class=\"wp-block-gallery has-nested-images columns-default is-cropped wp-block-gallery-1 is-layout-flex wp-block-gallery-is-layout-flex\">\n<figure class=\"wp-block-image size-large\"><img loading=\"lazy\" decoding=\"async\" width=\"383\" height=\"484\" data-id=\"111\" src=\"https:\/\/tolovaj.com\/trgovina\/wp-content\/uploads\/2024\/06\/Jezek_Spikec-01-383.jpg\" alt=\"\" class=\"wp-image-111\" srcset=\"https:\/\/tolovaj.com\/trgovina\/wp-content\/uploads\/2024\/06\/Jezek_Spikec-01-383.jpg 383w, https:\/\/tolovaj.com\/trgovina\/wp-content\/uploads\/2024\/06\/Jezek_Spikec-01-383-237x300.jpg 237w\" sizes=\"auto, (max-width: 383px) 100vw, 383px\" \/><\/figure>\n\n\n\n<figure class=\"wp-block-image size-large\"><img loading=\"lazy\" decoding=\"async\" width=\"402\" height=\"569\" data-id=\"113\" src=\"https:\/\/tolovaj.com\/trgovina\/wp-content\/uploads\/2024\/06\/Jezek_Spikec-03-402.jpg\" alt=\"\" class=\"wp-image-113\" srcset=\"https:\/\/tolovaj.com\/trgovina\/wp-content\/uploads\/2024\/06\/Jezek_Spikec-03-402.jpg 402w, https:\/\/tolovaj.com\/trgovina\/wp-content\/uploads\/2024\/06\/Jezek_Spikec-03-402-212x300.jpg 212w\" sizes=\"auto, (max-width: 402px) 100vw, 402px\" \/><\/figure>\n\n\n\n<figure class=\"wp-block-image size-large\"><img loading=\"lazy\" decoding=\"async\" width=\"440\" height=\"626\" data-id=\"115\" src=\"https:\/\/tolovaj.com\/trgovina\/wp-content\/uploads\/2024\/06\/Jezek_Spikec-07-440.jpg\" alt=\"\" class=\"wp-image-115\" srcset=\"https:\/\/tolovaj.com\/trgovina\/wp-content\/uploads\/2024\/06\/Jezek_Spikec-07-440.jpg 440w, https:\/\/tolovaj.com\/trgovina\/wp-content\/uploads\/2024\/06\/Jezek_Spikec-07-440-211x300.jpg 211w\" sizes=\"auto, (max-width: 440px) 100vw, 440px\" \/><\/figure>\n\n\n\n<figure class=\"wp-block-image size-full\"><img loading=\"lazy\" decoding=\"async\" width=\"557\" height=\"870\" data-id=\"207\" src=\"https:\/\/tolovaj.com\/trgovina\/wp-content\/uploads\/2024\/06\/Jezek_Spikec-08-870.jpg\" alt=\"\" class=\"wp-image-207\" srcset=\"https:\/\/tolovaj.com\/trgovina\/wp-content\/uploads\/2024\/06\/Jezek_Spikec-08-870.jpg 557w, https:\/\/tolovaj.com\/trgovina\/wp-content\/uploads\/2024\/06\/Jezek_Spikec-08-870-192x300.jpg 192w\" sizes=\"auto, (max-width: 557px) 100vw, 557px\" \/><\/figure>\n<\/figure>\n","protected":false},"excerpt":{"rendered":"<p>Je\u017eek \u0160pikec je prijazen je\u017eek, ki bi se ves ljubi dan potepal. Njegova brata se zato jezita nanj. Se jima res ne more pridru\u017eiti pri zbiranju hru\u0161k? Nekega dne se skregajo in takrat \u0160pikec odkrije, kaj ga v \u017eivljenju zares veseli. Ko se v zgodbici pojavi \u0161e Bodulj\u010dica, sta tudi \u0160pik\u010deva bratca pripravljena spremeniti svoje [&hellip;]<\/p>\n","protected":false},"author":1,"featured_media":0,"parent":53,"menu_order":1,"comment_status":"closed","ping_status":"closed","template":"page-with-sidebar","meta":{"footnotes":""},"class_list":["post-56","page","type-page","status-publish","hentry"],"_links":{"self":[{"href":"https:\/\/tolovaj.com\/trgovina\/wp-json\/wp\/v2\/pages\/56","targetHints":{"allow":["GET"]}}],"collection":[{"href":"https:\/\/tolovaj.com\/trgovina\/wp-json\/wp\/v2\/pages"}],"about":[{"href":"https:\/\/tolovaj.com\/trgovina\/wp-json\/wp\/v2\/types\/page"}],"author":[{"embeddable":true,"href":"https:\/\/tolovaj.com\/trgovina\/wp-json\/wp\/v2\/users\/1"}],"replies":[{"embeddable":true,"href":"https:\/\/tolovaj.com\/trgovina\/wp-json\/wp\/v2\/comments?post=56"}],"version-history":[{"count":4,"href":"https:\/\/tolovaj.com\/trgovina\/wp-json\/wp\/v2\/pages\/56\/revisions"}],"predecessor-version":[{"id":210,"href":"https:\/\/tolovaj.com\/trgovina\/wp-json\/wp\/v2\/pages\/56\/revisions\/210"}],"up":[{"embeddable":true,"href":"https:\/\/tolovaj.com\/trgovina\/wp-json\/wp\/v2\/pages\/53"}],"wp:attachment":[{"href":"https:\/\/tolovaj.com\/trgovina\/wp-json\/wp\/v2\/media?parent=56"}],"curies":[{"name":"wp","href":"https:\/\/api.w.org\/{rel}","templated":true}]}}