{"id":546,"date":"2024-07-01T15:37:43","date_gmt":"2024-07-01T15:37:43","guid":{"rendered":"https:\/\/tolovaj.com\/trgovina1\/?page_id=546"},"modified":"2024-07-01T17:39:23","modified_gmt":"2024-07-01T17:39:23","slug":"32-lumpi-iz-4-a","status":"publish","type":"page","link":"https:\/\/tolovaj.com\/trgovina\/zbirka-lumpi-lumpasti\/32-lumpi-iz-4-a\/","title":{"rendered":"Lumpi iz 4.a"},"content":{"rendered":"\n<div class=\"wp-block-media-text is-stacked-on-mobile is-vertically-aligned-top\"><figure class=\"wp-block-media-text__media\"><img loading=\"lazy\" decoding=\"async\" width=\"592\" height=\"851\" src=\"https:\/\/tolovaj.com\/trgovina\/wp-content\/uploads\/2024\/07\/lumpi-iz-4a-Naslovka-592.jpg\" alt=\"\" class=\"wp-image-549 size-full\" srcset=\"https:\/\/tolovaj.com\/trgovina\/wp-content\/uploads\/2024\/07\/lumpi-iz-4a-Naslovka-592.jpg 592w, https:\/\/tolovaj.com\/trgovina\/wp-content\/uploads\/2024\/07\/lumpi-iz-4a-Naslovka-592-209x300.jpg 209w\" sizes=\"auto, (max-width: 592px) 100vw, 592px\" \/><\/figure><div class=\"wp-block-media-text__content\">\n<p>Kaj lumpom prina\u0161a vstop v 4. razred? Kdo bo zmagovalec papirne akcije? Je mogo\u010de s postavljanjem sne\u017eaka priti v \u010dasopis? Bo zobozdravniku uspelo popraviti razmajan zob? Zakaj ni pametno pu\u0161\u010dati son\u010dnih o\u010dal brez nadzora? Kako se obna\u0161ajo pravi mo\u0161ki?<\/p>\n\n\n\n<p>Priljubljene in nesramno nevzgojne lumpe tudi v 4. razredu spremljajo zabavne ilustracije.<\/p>\n\n\n\n<p><a href=\"http:\/\/www.tolovaj.com\/vsebina\/tolovajeva-votlina\" target=\"_blank\" rel=\"noreferrer noopener\">Cena:&nbsp; 17,99 EUR za kos<\/a><\/p>\n\n\n\n<p>Avtor: Tomo Ko\u010dar<br>Vrsta: knjiga<br>Leto izdaje: 2011<br>\u0160tevilo strani: 56<br>Format: trda vezava, A5&nbsp;<\/p>\n<\/div><\/div>\n\n\n\n<figure class=\"wp-block-gallery has-nested-images columns-default is-cropped wp-block-gallery-1 is-layout-flex wp-block-gallery-is-layout-flex\">\n<figure class=\"wp-block-image size-large\"><img loading=\"lazy\" decoding=\"async\" width=\"399\" height=\"602\" data-id=\"552\" src=\"https:\/\/tolovaj.com\/trgovina\/wp-content\/uploads\/2024\/07\/lumpi-iz-4a-001.jpg\" alt=\"\" class=\"wp-image-552\" srcset=\"https:\/\/tolovaj.com\/trgovina\/wp-content\/uploads\/2024\/07\/lumpi-iz-4a-001.jpg 399w, https:\/\/tolovaj.com\/trgovina\/wp-content\/uploads\/2024\/07\/lumpi-iz-4a-001-199x300.jpg 199w\" sizes=\"auto, (max-width: 399px) 100vw, 399px\" \/><\/figure>\n\n\n\n<figure class=\"wp-block-image size-large\"><img loading=\"lazy\" decoding=\"async\" width=\"409\" height=\"504\" data-id=\"556\" src=\"https:\/\/tolovaj.com\/trgovina\/wp-content\/uploads\/2024\/07\/lumpi-iz-4a-002.jpg\" alt=\"\" class=\"wp-image-556\" srcset=\"https:\/\/tolovaj.com\/trgovina\/wp-content\/uploads\/2024\/07\/lumpi-iz-4a-002.jpg 409w, https:\/\/tolovaj.com\/trgovina\/wp-content\/uploads\/2024\/07\/lumpi-iz-4a-002-243x300.jpg 243w\" sizes=\"auto, (max-width: 409px) 100vw, 409px\" \/><\/figure>\n\n\n\n<figure class=\"wp-block-image size-large\"><img loading=\"lazy\" decoding=\"async\" width=\"433\" height=\"622\" data-id=\"557\" src=\"https:\/\/tolovaj.com\/trgovina\/wp-content\/uploads\/2024\/07\/lumpi-iz-4a-003.jpg\" alt=\"\" class=\"wp-image-557\" srcset=\"https:\/\/tolovaj.com\/trgovina\/wp-content\/uploads\/2024\/07\/lumpi-iz-4a-003.jpg 433w, https:\/\/tolovaj.com\/trgovina\/wp-content\/uploads\/2024\/07\/lumpi-iz-4a-003-209x300.jpg 209w\" sizes=\"auto, (max-width: 433px) 100vw, 433px\" \/><\/figure>\n\n\n\n<figure class=\"wp-block-image size-large\"><img loading=\"lazy\" decoding=\"async\" width=\"410\" height=\"612\" data-id=\"555\" src=\"https:\/\/tolovaj.com\/trgovina\/wp-content\/uploads\/2024\/07\/lumpi-iz-4a-005.jpg\" alt=\"\" class=\"wp-image-555\" srcset=\"https:\/\/tolovaj.com\/trgovina\/wp-content\/uploads\/2024\/07\/lumpi-iz-4a-005.jpg 410w, https:\/\/tolovaj.com\/trgovina\/wp-content\/uploads\/2024\/07\/lumpi-iz-4a-005-201x300.jpg 201w\" sizes=\"auto, (max-width: 410px) 100vw, 410px\" \/><\/figure>\n\n\n\n<figure class=\"wp-block-image size-large\"><img loading=\"lazy\" decoding=\"async\" width=\"428\" height=\"301\" data-id=\"553\" src=\"https:\/\/tolovaj.com\/trgovina\/wp-content\/uploads\/2024\/07\/lumpi-iz-4a-007.jpg\" alt=\"\" class=\"wp-image-553\" srcset=\"https:\/\/tolovaj.com\/trgovina\/wp-content\/uploads\/2024\/07\/lumpi-iz-4a-007.jpg 428w, https:\/\/tolovaj.com\/trgovina\/wp-content\/uploads\/2024\/07\/lumpi-iz-4a-007-300x211.jpg 300w\" sizes=\"auto, (max-width: 428px) 100vw, 428px\" \/><\/figure>\n\n\n\n<figure class=\"wp-block-image size-large\"><img loading=\"lazy\" decoding=\"async\" width=\"307\" height=\"278\" data-id=\"554\" src=\"https:\/\/tolovaj.com\/trgovina\/wp-content\/uploads\/2024\/07\/lumpi-iz-4a-008.jpg\" alt=\"\" class=\"wp-image-554\" srcset=\"https:\/\/tolovaj.com\/trgovina\/wp-content\/uploads\/2024\/07\/lumpi-iz-4a-008.jpg 307w, https:\/\/tolovaj.com\/trgovina\/wp-content\/uploads\/2024\/07\/lumpi-iz-4a-008-300x272.jpg 300w\" sizes=\"auto, (max-width: 307px) 100vw, 307px\" \/><\/figure>\n<\/figure>\n","protected":false},"excerpt":{"rendered":"<p>Kaj lumpom prina\u0161a vstop v 4. razred? Kdo bo zmagovalec papirne akcije? Je mogo\u010de s postavljanjem sne\u017eaka priti v \u010dasopis? Bo zobozdravniku uspelo popraviti razmajan zob? Zakaj ni pametno pu\u0161\u010dati son\u010dnih o\u010dal brez nadzora? Kako se obna\u0161ajo pravi mo\u0161ki? Priljubljene in nesramno nevzgojne lumpe tudi v 4. razredu spremljajo zabavne ilustracije. Cena:&nbsp; 17,99 EUR za [&hellip;]<\/p>\n","protected":false},"author":1,"featured_media":0,"parent":418,"menu_order":1,"comment_status":"closed","ping_status":"closed","template":"page-with-sidebar","meta":{"footnotes":""},"class_list":["post-546","page","type-page","status-publish","hentry"],"_links":{"self":[{"href":"https:\/\/tolovaj.com\/trgovina\/wp-json\/wp\/v2\/pages\/546","targetHints":{"allow":["GET"]}}],"collection":[{"href":"https:\/\/tolovaj.com\/trgovina\/wp-json\/wp\/v2\/pages"}],"about":[{"href":"https:\/\/tolovaj.com\/trgovina\/wp-json\/wp\/v2\/types\/page"}],"author":[{"embeddable":true,"href":"https:\/\/tolovaj.com\/trgovina\/wp-json\/wp\/v2\/users\/1"}],"replies":[{"embeddable":true,"href":"https:\/\/tolovaj.com\/trgovina\/wp-json\/wp\/v2\/comments?post=546"}],"version-history":[{"count":1,"href":"https:\/\/tolovaj.com\/trgovina\/wp-json\/wp\/v2\/pages\/546\/revisions"}],"predecessor-version":[{"id":558,"href":"https:\/\/tolovaj.com\/trgovina\/wp-json\/wp\/v2\/pages\/546\/revisions\/558"}],"up":[{"embeddable":true,"href":"https:\/\/tolovaj.com\/trgovina\/wp-json\/wp\/v2\/pages\/418"}],"wp:attachment":[{"href":"https:\/\/tolovaj.com\/trgovina\/wp-json\/wp\/v2\/media?parent=546"}],"curies":[{"name":"wp","href":"https:\/\/api.w.org\/{rel}","templated":true}]}}