{"id":531,"date":"2024-07-01T15:35:31","date_gmt":"2024-07-01T15:35:31","guid":{"rendered":"https:\/\/tolovaj.com\/trgovina1\/?page_id=531"},"modified":"2024-07-01T17:38:58","modified_gmt":"2024-07-01T17:38:58","slug":"31-lumpi-iz-3-a-so-nekulturni","status":"publish","type":"page","link":"https:\/\/tolovaj.com\/trgovina\/zbirka-lumpi-lumpasti\/31-lumpi-iz-3-a-so-nekulturni\/","title":{"rendered":"Lumpi iz 3.a so nekulturni"},"content":{"rendered":"\n<div class=\"wp-block-media-text is-stacked-on-mobile is-vertically-aligned-top\"><figure class=\"wp-block-media-text__media\"><img loading=\"lazy\" decoding=\"async\" width=\"592\" height=\"851\" src=\"https:\/\/tolovaj.com\/trgovina\/wp-content\/uploads\/2024\/07\/lumpi-so-nekulturni-naslovka-592.jpg\" alt=\"\" class=\"wp-image-534 size-full\" srcset=\"https:\/\/tolovaj.com\/trgovina\/wp-content\/uploads\/2024\/07\/lumpi-so-nekulturni-naslovka-592.jpg 592w, https:\/\/tolovaj.com\/trgovina\/wp-content\/uploads\/2024\/07\/lumpi-so-nekulturni-naslovka-592-209x300.jpg 209w\" sizes=\"auto, (max-width: 592px) 100vw, 592px\" \/><\/figure><div class=\"wp-block-media-text__content\">\n<p>Kako se bodo lumpi iz 3. a obna\u0161ali na plesnih vajah? Zakaj so tako navdu\u0161eni nad petardami? Kaj pa lahkou\u0161pi\u010dijo v operi? Je risanje tiho\u017eitja res dolgo\u010dasno? Kje bodo pre\u017eiveli 1. maj? Ali imajo v sebi potencial filmskih zvezd?<\/p>\n\n\n\n<p>Nabrite in malce prismuknjene prigode odli\u010dno zaokro\u017eujejo zabavne ilustracije.<\/p>\n\n\n\n<p><a href=\"http:\/\/www.tolovaj.com\/vsebina\/tolovajeva-votlina\" target=\"_blank\" rel=\"noreferrer noopener\">Cena:&nbsp; 17,99 EUR za kos<\/a><\/p>\n\n\n\n<p>Avtor: Tomo Ko\u010dar<br>Vrsta: knjiga<br>Leto izdaje: 2011<br>\u0160tevilo strani: 56<br>Format: trda vezava, A5<\/p>\n<\/div><\/div>\n\n\n\n<figure class=\"wp-block-gallery has-nested-images columns-default is-cropped wp-block-gallery-1 is-layout-flex wp-block-gallery-is-layout-flex\">\n<figure class=\"wp-block-image size-large\"><img loading=\"lazy\" decoding=\"async\" width=\"363\" height=\"612\" data-id=\"542\" src=\"https:\/\/tolovaj.com\/trgovina\/wp-content\/uploads\/2024\/07\/lumpi-so-nekulturni-001.jpg\" alt=\"\" class=\"wp-image-542\" srcset=\"https:\/\/tolovaj.com\/trgovina\/wp-content\/uploads\/2024\/07\/lumpi-so-nekulturni-001.jpg 363w, https:\/\/tolovaj.com\/trgovina\/wp-content\/uploads\/2024\/07\/lumpi-so-nekulturni-001-178x300.jpg 178w\" sizes=\"auto, (max-width: 363px) 100vw, 363px\" \/><\/figure>\n\n\n\n<figure class=\"wp-block-image size-large\"><img loading=\"lazy\" decoding=\"async\" width=\"434\" height=\"613\" data-id=\"538\" src=\"https:\/\/tolovaj.com\/trgovina\/wp-content\/uploads\/2024\/07\/lumpi-so-nekulturni-002.jpg\" alt=\"\" class=\"wp-image-538\" srcset=\"https:\/\/tolovaj.com\/trgovina\/wp-content\/uploads\/2024\/07\/lumpi-so-nekulturni-002.jpg 434w, https:\/\/tolovaj.com\/trgovina\/wp-content\/uploads\/2024\/07\/lumpi-so-nekulturni-002-212x300.jpg 212w\" sizes=\"auto, (max-width: 434px) 100vw, 434px\" \/><\/figure>\n\n\n\n<figure class=\"wp-block-image size-large\"><img loading=\"lazy\" decoding=\"async\" width=\"434\" height=\"626\" data-id=\"539\" src=\"https:\/\/tolovaj.com\/trgovina\/wp-content\/uploads\/2024\/07\/lumpi-so-nekulturni-003.jpg\" alt=\"\" class=\"wp-image-539\" srcset=\"https:\/\/tolovaj.com\/trgovina\/wp-content\/uploads\/2024\/07\/lumpi-so-nekulturni-003.jpg 434w, https:\/\/tolovaj.com\/trgovina\/wp-content\/uploads\/2024\/07\/lumpi-so-nekulturni-003-208x300.jpg 208w\" sizes=\"auto, (max-width: 434px) 100vw, 434px\" \/><\/figure>\n\n\n\n<figure class=\"wp-block-image size-large\"><img loading=\"lazy\" decoding=\"async\" width=\"432\" height=\"283\" data-id=\"540\" src=\"https:\/\/tolovaj.com\/trgovina\/wp-content\/uploads\/2024\/07\/lumpi-so-nekulturni-007.jpg\" alt=\"\" class=\"wp-image-540\" srcset=\"https:\/\/tolovaj.com\/trgovina\/wp-content\/uploads\/2024\/07\/lumpi-so-nekulturni-007.jpg 432w, https:\/\/tolovaj.com\/trgovina\/wp-content\/uploads\/2024\/07\/lumpi-so-nekulturni-007-300x197.jpg 300w\" sizes=\"auto, (max-width: 432px) 100vw, 432px\" \/><\/figure>\n\n\n\n<figure class=\"wp-block-image size-large\"><img loading=\"lazy\" decoding=\"async\" width=\"423\" height=\"616\" data-id=\"541\" src=\"https:\/\/tolovaj.com\/trgovina\/wp-content\/uploads\/2024\/07\/lumpi-so-nekulturni-009.jpg\" alt=\"\" class=\"wp-image-541\" srcset=\"https:\/\/tolovaj.com\/trgovina\/wp-content\/uploads\/2024\/07\/lumpi-so-nekulturni-009.jpg 423w, https:\/\/tolovaj.com\/trgovina\/wp-content\/uploads\/2024\/07\/lumpi-so-nekulturni-009-206x300.jpg 206w\" sizes=\"auto, (max-width: 423px) 100vw, 423px\" \/><\/figure>\n\n\n\n<figure class=\"wp-block-image size-large\"><img loading=\"lazy\" decoding=\"async\" width=\"330\" height=\"321\" data-id=\"537\" src=\"https:\/\/tolovaj.com\/trgovina\/wp-content\/uploads\/2024\/07\/lumpi-so-nekulturni-010.jpg\" alt=\"\" class=\"wp-image-537\" srcset=\"https:\/\/tolovaj.com\/trgovina\/wp-content\/uploads\/2024\/07\/lumpi-so-nekulturni-010.jpg 330w, https:\/\/tolovaj.com\/trgovina\/wp-content\/uploads\/2024\/07\/lumpi-so-nekulturni-010-300x292.jpg 300w\" sizes=\"auto, (max-width: 330px) 100vw, 330px\" \/><\/figure>\n<\/figure>\n","protected":false},"excerpt":{"rendered":"<p>Kako se bodo lumpi iz 3. a obna\u0161ali na plesnih vajah? Zakaj so tako navdu\u0161eni nad petardami? Kaj pa lahkou\u0161pi\u010dijo v operi? Je risanje tiho\u017eitja res dolgo\u010dasno? Kje bodo pre\u017eiveli 1. maj? Ali imajo v sebi potencial filmskih zvezd? Nabrite in malce prismuknjene prigode odli\u010dno zaokro\u017eujejo zabavne ilustracije. Cena:&nbsp; 17,99 EUR za kos Avtor: Tomo [&hellip;]<\/p>\n","protected":false},"author":1,"featured_media":0,"parent":418,"menu_order":1,"comment_status":"closed","ping_status":"closed","template":"page-with-sidebar","meta":{"footnotes":""},"class_list":["post-531","page","type-page","status-publish","hentry"],"_links":{"self":[{"href":"https:\/\/tolovaj.com\/trgovina\/wp-json\/wp\/v2\/pages\/531","targetHints":{"allow":["GET"]}}],"collection":[{"href":"https:\/\/tolovaj.com\/trgovina\/wp-json\/wp\/v2\/pages"}],"about":[{"href":"https:\/\/tolovaj.com\/trgovina\/wp-json\/wp\/v2\/types\/page"}],"author":[{"embeddable":true,"href":"https:\/\/tolovaj.com\/trgovina\/wp-json\/wp\/v2\/users\/1"}],"replies":[{"embeddable":true,"href":"https:\/\/tolovaj.com\/trgovina\/wp-json\/wp\/v2\/comments?post=531"}],"version-history":[{"count":1,"href":"https:\/\/tolovaj.com\/trgovina\/wp-json\/wp\/v2\/pages\/531\/revisions"}],"predecessor-version":[{"id":543,"href":"https:\/\/tolovaj.com\/trgovina\/wp-json\/wp\/v2\/pages\/531\/revisions\/543"}],"up":[{"embeddable":true,"href":"https:\/\/tolovaj.com\/trgovina\/wp-json\/wp\/v2\/pages\/418"}],"wp:attachment":[{"href":"https:\/\/tolovaj.com\/trgovina\/wp-json\/wp\/v2\/media?parent=531"}],"curies":[{"name":"wp","href":"https:\/\/api.w.org\/{rel}","templated":true}]}}