{"id":53,"date":"2024-06-29T14:48:48","date_gmt":"2024-06-29T14:48:48","guid":{"rendered":"https:\/\/tolovaj.com\/trgovina1\/?page_id=53"},"modified":"2024-07-09T08:38:54","modified_gmt":"2024-07-09T08:38:54","slug":"zbirka-tolovaj","status":"publish","type":"page","link":"https:\/\/tolovaj.com\/trgovina\/zbirka-tolovaj\/","title":{"rendered":"Zbirka Tolovaj"},"content":{"rendered":"\n<p>Zbirka Tolovaj je zbirka barvnih slikanic v najpogostej\u0161em formatu A4. S platnicami vred ima vsaka slikanica 32 strani. Namenjene so otrokom od pribli\u017eno tretjega pa vse do desetega leta starosti. \u010ce so sposobni slediti med 10 in 15 minut dolgi pripovedi, pritegnejo tudi mlaj\u0161e.<\/p>\n\n\n\n<p>Zbirka Tolovaj je idealna za star\u0161e, ki otrokom pripovedujejo pravljice tako, da jih med pripovedjo dr\u017eijo v naro\u010dju. Ker je vsaka zgodbica napisana na zabaven in hkrati pou\u010den na\u010din, ji bo otrok z veseljem prisluhnil ve\u010dkrat in ob vsakem poslu\u0161anju odkril kaj novega.<\/p>\n\n\n\n<p>Kakovostne ilustracije so pripravljene z mislijo na ljubezen najmanj\u0161ih otrok po prepoznavanju in poimenovanju predmetov in kasneje \u0161e odnosov med posameznimi liki. Skupaj s star\u0161i bodo u\u017eivali v odkrivanju \u0161tevilnih zabavnih podrobnosti.<\/p>\n\n\n\n<p>Dodatna posebnost zbirke Tolovaj so zbirke znotraj same zbirke: tako so doslej iz\u0161le tri slikanice o veveri\u010dkih Zobku in Stor\u017eku, tri slikanice o Janku Jazbecu in dve o Je\u017eku \u0160pikcu. \u010ceprav se zgodbice v posameznih serijah smiselno dopolnjujejo, je vsaka zase zaklju\u010dena celota.<\/p>\n\n\n\n<p>Najmlaj\u0161e zaradi svoje preprostosti zagotovo najprej pritegneta slikanici o Je\u017eku \u0160pikcu, v zgodbicah o vever\u010dkih Zobku in Stor\u017eku je ve\u010d akcije in humorja, zato so posebej v\u0161e\u010d malo starej\u0161im (od \u010detrtega leta naprej in \u0161e posebej fantom), serijo o Janku Jazbecu odlikujejo nenavadne, v\u010dasih \u017ee kar \u010duda\u0161ke domislice, slikanica o Hr\u010dku Smr\u010dku je izjemno v\u0161e\u010d ljubiteljem risank, ob psu Vufu se od srca nasmejejo otroci in odrasli &#8230;<\/p>\n\n\n\n<p>Torej &#8211; za vsakega nekaj! \u010ce i\u0161\u010dete najprimernej\u0161e darilo za malega nadebudne\u017ea, nas pokli\u010dite ali nam pi\u0161ite in z veseljem vam bomo svetovali.<\/p>\n\n\n\n<figure class=\"wp-block-gallery has-nested-images columns-default is-cropped wp-block-gallery-1 is-layout-flex wp-block-gallery-is-layout-flex\">\n<figure class=\"wp-block-image size-full\"><a href=\"https:\/\/tolovaj.com\/trgovina\/zbirka-tolovaj\/13-gozdni-strah\/\"><img loading=\"lazy\" decoding=\"async\" width=\"595\" height=\"848\" data-id=\"316\" src=\"https:\/\/tolovaj.com\/trgovina\/wp-content\/uploads\/2024\/06\/Gozdni_strah_Naslovka-1.jpg\" alt=\"\" class=\"wp-image-316\" srcset=\"https:\/\/tolovaj.com\/trgovina\/wp-content\/uploads\/2024\/06\/Gozdni_strah_Naslovka-1.jpg 595w, https:\/\/tolovaj.com\/trgovina\/wp-content\/uploads\/2024\/06\/Gozdni_strah_Naslovka-1-210x300.jpg 210w\" sizes=\"auto, (max-width: 595px) 100vw, 595px\" \/><\/a><\/figure>\n\n\n\n<figure class=\"wp-block-image size-full\"><a href=\"https:\/\/tolovaj.com\/trgovina\/zbirka-tolovaj\/17-prava-malenkost\/\"><img loading=\"lazy\" decoding=\"async\" width=\"220\" height=\"300\" data-id=\"586\" src=\"https:\/\/tolovaj.com\/trgovina\/wp-content\/uploads\/2024\/07\/04-pravljica-prava-malenkost-naslov.jpg\" alt=\"\" class=\"wp-image-586\"\/><\/a><\/figure>\n\n\n\n<figure class=\"wp-block-image size-full\"><a href=\"https:\/\/tolovaj.com\/trgovina\/zbirka-tolovaj\/21-nagajivcki\/\"><img loading=\"lazy\" decoding=\"async\" width=\"600\" height=\"849\" data-id=\"318\" src=\"https:\/\/tolovaj.com\/trgovina\/wp-content\/uploads\/2024\/06\/Nagajivcki-Naslovnica.jpg\" alt=\"\" class=\"wp-image-318\" srcset=\"https:\/\/tolovaj.com\/trgovina\/wp-content\/uploads\/2024\/06\/Nagajivcki-Naslovnica.jpg 600w, https:\/\/tolovaj.com\/trgovina\/wp-content\/uploads\/2024\/06\/Nagajivcki-Naslovnica-212x300.jpg 212w\" sizes=\"auto, (max-width: 600px) 100vw, 600px\" \/><\/a><\/figure>\n\n\n\n<figure class=\"wp-block-image size-full\"><a href=\"https:\/\/tolovaj.com\/trgovina\/zbirka-tolovaj\/29-zaljubljeni-zajcek\/\"><img loading=\"lazy\" decoding=\"async\" width=\"592\" height=\"851\" data-id=\"313\" src=\"https:\/\/tolovaj.com\/trgovina\/wp-content\/uploads\/2024\/06\/zaljubljeni-zajcek-naslovka-592.jpg\" alt=\"\" class=\"wp-image-313\" srcset=\"https:\/\/tolovaj.com\/trgovina\/wp-content\/uploads\/2024\/06\/zaljubljeni-zajcek-naslovka-592.jpg 592w, https:\/\/tolovaj.com\/trgovina\/wp-content\/uploads\/2024\/06\/zaljubljeni-zajcek-naslovka-592-209x300.jpg 209w\" sizes=\"auto, (max-width: 592px) 100vw, 592px\" \/><\/a><\/figure>\n\n\n\n<figure class=\"wp-block-image size-full\"><a href=\"https:\/\/tolovaj.com\/trgovina\/zbirka-tolovaj\/20-storzek-v-tezavah\/\"><img loading=\"lazy\" decoding=\"async\" width=\"384\" height=\"567\" data-id=\"319\" src=\"https:\/\/tolovaj.com\/trgovina\/wp-content\/uploads\/2024\/06\/Storzek-naslovka-1-364-1.jpg\" alt=\"\" class=\"wp-image-319\" srcset=\"https:\/\/tolovaj.com\/trgovina\/wp-content\/uploads\/2024\/06\/Storzek-naslovka-1-364-1.jpg 384w, https:\/\/tolovaj.com\/trgovina\/wp-content\/uploads\/2024\/06\/Storzek-naslovka-1-364-1-203x300.jpg 203w\" sizes=\"auto, (max-width: 384px) 100vw, 384px\" \/><\/a><\/figure>\n\n\n\n<figure class=\"wp-block-image size-full\"><a href=\"https:\/\/tolovaj.com\/trgovina\/zbirka-tolovaj\/23-ime-mi-je-vuf\/\"><img loading=\"lazy\" decoding=\"async\" width=\"460\" height=\"614\" data-id=\"320\" src=\"https:\/\/tolovaj.com\/trgovina\/wp-content\/uploads\/2024\/06\/Vuf-Naslovnica-POL.jpg\" alt=\"\" class=\"wp-image-320\" srcset=\"https:\/\/tolovaj.com\/trgovina\/wp-content\/uploads\/2024\/06\/Vuf-Naslovnica-POL.jpg 460w, https:\/\/tolovaj.com\/trgovina\/wp-content\/uploads\/2024\/06\/Vuf-Naslovnica-POL-225x300.jpg 225w\" sizes=\"auto, (max-width: 460px) 100vw, 460px\" \/><\/a><\/figure>\n\n\n\n<figure class=\"wp-block-image size-full\"><a href=\"https:\/\/tolovaj.com\/trgovina\/zbirka-tolovaj\/11-jezek-spikec\/\"><img loading=\"lazy\" decoding=\"async\" width=\"592\" height=\"851\" data-id=\"321\" src=\"https:\/\/tolovaj.com\/trgovina\/wp-content\/uploads\/2024\/06\/Jezek_Spikec_Naslovka-592-851.jpg\" alt=\"\" class=\"wp-image-321\" srcset=\"https:\/\/tolovaj.com\/trgovina\/wp-content\/uploads\/2024\/06\/Jezek_Spikec_Naslovka-592-851.jpg 592w, https:\/\/tolovaj.com\/trgovina\/wp-content\/uploads\/2024\/06\/Jezek_Spikec_Naslovka-592-851-209x300.jpg 209w\" sizes=\"auto, (max-width: 592px) 100vw, 592px\" \/><\/a><\/figure>\n\n\n\n<figure class=\"wp-block-image size-full\"><a href=\"https:\/\/tolovaj.com\/trgovina\/zbirka-tolovaj\/16-razvajeni-detelcek\/\"><img loading=\"lazy\" decoding=\"async\" width=\"598\" height=\"847\" data-id=\"322\" src=\"https:\/\/tolovaj.com\/trgovina\/wp-content\/uploads\/2024\/06\/Razvajeni_Naslovka.jpg\" alt=\"\" class=\"wp-image-322\" srcset=\"https:\/\/tolovaj.com\/trgovina\/wp-content\/uploads\/2024\/06\/Razvajeni_Naslovka.jpg 598w, https:\/\/tolovaj.com\/trgovina\/wp-content\/uploads\/2024\/06\/Razvajeni_Naslovka-212x300.jpg 212w\" sizes=\"auto, (max-width: 598px) 100vw, 598px\" \/><\/a><\/figure>\n\n\n\n<figure class=\"wp-block-image size-full\"><img loading=\"lazy\" decoding=\"async\" width=\"592\" height=\"851\" data-id=\"323\" src=\"https:\/\/tolovaj.com\/trgovina\/wp-content\/uploads\/2024\/06\/Skatla-01-NASLOVKA-592-851.jpg\" alt=\"\" class=\"wp-image-323\" srcset=\"https:\/\/tolovaj.com\/trgovina\/wp-content\/uploads\/2024\/06\/Skatla-01-NASLOVKA-592-851.jpg 592w, https:\/\/tolovaj.com\/trgovina\/wp-content\/uploads\/2024\/06\/Skatla-01-NASLOVKA-592-851-209x300.jpg 209w\" sizes=\"auto, (max-width: 592px) 100vw, 592px\" \/><\/figure>\n\n\n\n<figure class=\"wp-block-image size-full\"><a href=\"https:\/\/tolovaj.com\/trgovina\/zbirka-tolovaj\/12-vevericja-zabava\/\"><img loading=\"lazy\" decoding=\"async\" width=\"594\" height=\"839\" data-id=\"324\" src=\"https:\/\/tolovaj.com\/trgovina\/wp-content\/uploads\/2024\/06\/Vevericja_zabava_Naslovka-1.jpg\" alt=\"\" class=\"wp-image-324\" srcset=\"https:\/\/tolovaj.com\/trgovina\/wp-content\/uploads\/2024\/06\/Vevericja_zabava_Naslovka-1.jpg 594w, https:\/\/tolovaj.com\/trgovina\/wp-content\/uploads\/2024\/06\/Vevericja_zabava_Naslovka-1-212x300.jpg 212w\" sizes=\"auto, (max-width: 594px) 100vw, 594px\" \/><\/a><\/figure>\n\n\n\n<figure class=\"wp-block-image size-full\"><a href=\"https:\/\/tolovaj.com\/trgovina\/zbirka-tolovaj\/19-prijatelj-vedno-pride-prav\/\"><img loading=\"lazy\" decoding=\"async\" width=\"619\" height=\"844\" data-id=\"325\" src=\"https:\/\/tolovaj.com\/trgovina\/wp-content\/uploads\/2024\/06\/Prijatelj_vedno_Naslovka.jpg\" alt=\"\" class=\"wp-image-325\" srcset=\"https:\/\/tolovaj.com\/trgovina\/wp-content\/uploads\/2024\/06\/Prijatelj_vedno_Naslovka.jpg 619w, https:\/\/tolovaj.com\/trgovina\/wp-content\/uploads\/2024\/06\/Prijatelj_vedno_Naslovka-220x300.jpg 220w\" sizes=\"auto, (max-width: 619px) 100vw, 619px\" \/><\/a><\/figure>\n\n\n\n<figure class=\"wp-block-image size-full\"><a href=\"https:\/\/tolovaj.com\/trgovina\/zbirka-tolovaj\/30-moja-moja-moja\/\"><img loading=\"lazy\" decoding=\"async\" width=\"571\" height=\"832\" data-id=\"314\" src=\"https:\/\/tolovaj.com\/trgovina\/wp-content\/uploads\/2024\/06\/moja-moja-moja-Naslovka.jpg\" alt=\"\" class=\"wp-image-314\" srcset=\"https:\/\/tolovaj.com\/trgovina\/wp-content\/uploads\/2024\/06\/moja-moja-moja-Naslovka.jpg 571w, https:\/\/tolovaj.com\/trgovina\/wp-content\/uploads\/2024\/06\/moja-moja-moja-Naslovka-206x300.jpg 206w\" sizes=\"auto, (max-width: 571px) 100vw, 571px\" \/><\/a><\/figure>\n<\/figure>\n\n\n<ul class=\"wp-block-page-list\"><li class=\"wp-block-pages-list__item\"><a class=\"wp-block-pages-list__item__link\" href=\"https:\/\/tolovaj.com\/trgovina\/zbirka-tolovaj\/13-gozdni-strah\/\">Gozdni strah<\/a><\/li><li class=\"wp-block-pages-list__item\"><a class=\"wp-block-pages-list__item__link\" href=\"https:\/\/tolovaj.com\/trgovina\/zbirka-tolovaj\/23-ime-mi-je-vuf\/\">Ime mi je Vuf<\/a><\/li><li class=\"wp-block-pages-list__item\"><a class=\"wp-block-pages-list__item__link\" href=\"https:\/\/tolovaj.com\/trgovina\/zbirka-tolovaj\/11-jezek-spikec\/\">Je\u017eek \u0160pikec<\/a><\/li><li class=\"wp-block-pages-list__item\"><a class=\"wp-block-pages-list__item__link\" href=\"https:\/\/tolovaj.com\/trgovina\/zbirka-tolovaj\/30-moja-moja-moja\/\">Moja moja moja<\/a><\/li><li class=\"wp-block-pages-list__item\"><a class=\"wp-block-pages-list__item__link\" href=\"https:\/\/tolovaj.com\/trgovina\/zbirka-tolovaj\/21-nagajivcki\/\">Nagajiv\u010dki<\/a><\/li><li class=\"wp-block-pages-list__item\"><a class=\"wp-block-pages-list__item__link\" href=\"https:\/\/tolovaj.com\/trgovina\/zbirka-tolovaj\/17-prava-malenkost\/\">Prava malenkost<\/a><\/li><li class=\"wp-block-pages-list__item\"><a class=\"wp-block-pages-list__item__link\" href=\"https:\/\/tolovaj.com\/trgovina\/zbirka-tolovaj\/19-prijatelj-vedno-pride-prav\/\">Prijatelj vedno pride prav<\/a><\/li><li class=\"wp-block-pages-list__item\"><a class=\"wp-block-pages-list__item__link\" href=\"https:\/\/tolovaj.com\/trgovina\/zbirka-tolovaj\/16-razvajeni-detelcek\/\">Razvajeni detel\u010dek<\/a><\/li><li class=\"wp-block-pages-list__item\"><a class=\"wp-block-pages-list__item__link\" href=\"https:\/\/tolovaj.com\/trgovina\/zbirka-tolovaj\/15-skatla\/\">\u0160katla<\/a><\/li><li class=\"wp-block-pages-list__item\"><a class=\"wp-block-pages-list__item__link\" href=\"https:\/\/tolovaj.com\/trgovina\/zbirka-tolovaj\/20-storzek-v-tezavah\/\">Stor\u017eek v te\u017eavah<\/a><\/li><li class=\"wp-block-pages-list__item\"><a class=\"wp-block-pages-list__item__link\" href=\"https:\/\/tolovaj.com\/trgovina\/zbirka-tolovaj\/12-vevericja-zabava\/\">Veveri\u010dja zabava<\/a><\/li><li class=\"wp-block-pages-list__item\"><a class=\"wp-block-pages-list__item__link\" href=\"https:\/\/tolovaj.com\/trgovina\/zbirka-tolovaj\/29-zaljubljeni-zajcek\/\">Zaljubljeni zaj\u010dek<\/a><\/li><\/ul>\n\n\n<div class=\"wp-block-group is-vertical is-content-justification-center is-layout-flex wp-container-core-group-is-layout-838cd1cc wp-block-group-is-layout-flex\" style=\"padding-top:var(--wp--preset--spacing--40);padding-bottom:var(--wp--preset--spacing--50)\"><div class=\"is-default-size wp-block-site-logo\"><a href=\"https:\/\/tolovaj.com\/trgovina\/\" class=\"custom-logo-link\" rel=\"home\"><img loading=\"lazy\" decoding=\"async\" width=\"500\" height=\"479\" src=\"https:\/\/tolovaj.com\/trgovina\/wp-content\/uploads\/2024\/06\/jezna-gospa.png\" class=\"custom-logo\" alt=\"Zalo\u017eba Tolovaj\" srcset=\"https:\/\/tolovaj.com\/trgovina\/wp-content\/uploads\/2024\/06\/jezna-gospa.png 500w, https:\/\/tolovaj.com\/trgovina\/wp-content\/uploads\/2024\/06\/jezna-gospa-300x287.png 300w\" sizes=\"auto, (max-width: 500px) 100vw, 500px\" \/><\/a><\/div>\n\n\n<p><strong>Slikanice in knjige za otroke od dveh let naprej. Raznolika ponudba, ugodne cene, smo strokovnjaki za pravljice.<\/strong><\/p>\n\n\n\n<p>Vse pravice pridr\u017eane. \u00a9 2010 &#8211; 2025<\/p>\n\n\n\n<p class=\"has-text-align-center has-secondary-color has-text-color has-link-color has-small-font-size wp-elements-c04d1eb07621d3e55b93fd705b6e6bac\">\n\tDesigned with <a href=\"https:\/\/wordpress.org\" rel=\"nofollow\">WordPress<\/a>\t<\/p>\n<\/div>\n","protected":false},"excerpt":{"rendered":"<p>Zbirka Tolovaj je zbirka barvnih slikanic v najpogostej\u0161em formatu A4. S platnicami vred ima vsaka slikanica 32 strani. Namenjene so otrokom od pribli\u017eno tretjega pa vse do desetega leta starosti. \u010ce so sposobni slediti med 10 in 15 minut dolgi pripovedi, pritegnejo tudi mlaj\u0161e. Zbirka Tolovaj je idealna za star\u0161e, ki otrokom pripovedujejo pravljice tako, [&hellip;]<\/p>\n","protected":false},"author":1,"featured_media":0,"parent":0,"menu_order":0,"comment_status":"closed","ping_status":"closed","template":"","meta":{"footnotes":""},"class_list":["post-53","page","type-page","status-publish","hentry"],"_links":{"self":[{"href":"https:\/\/tolovaj.com\/trgovina\/wp-json\/wp\/v2\/pages\/53","targetHints":{"allow":["GET"]}}],"collection":[{"href":"https:\/\/tolovaj.com\/trgovina\/wp-json\/wp\/v2\/pages"}],"about":[{"href":"https:\/\/tolovaj.com\/trgovina\/wp-json\/wp\/v2\/types\/page"}],"author":[{"embeddable":true,"href":"https:\/\/tolovaj.com\/trgovina\/wp-json\/wp\/v2\/users\/1"}],"replies":[{"embeddable":true,"href":"https:\/\/tolovaj.com\/trgovina\/wp-json\/wp\/v2\/comments?post=53"}],"version-history":[{"count":5,"href":"https:\/\/tolovaj.com\/trgovina\/wp-json\/wp\/v2\/pages\/53\/revisions"}],"predecessor-version":[{"id":587,"href":"https:\/\/tolovaj.com\/trgovina\/wp-json\/wp\/v2\/pages\/53\/revisions\/587"}],"wp:attachment":[{"href":"https:\/\/tolovaj.com\/trgovina\/wp-json\/wp\/v2\/media?parent=53"}],"curies":[{"name":"wp","href":"https:\/\/api.w.org\/{rel}","templated":true}]}}