{"id":514,"date":"2024-07-01T15:32:05","date_gmt":"2024-07-01T15:32:05","guid":{"rendered":"https:\/\/tolovaj.com\/trgovina1\/?page_id=514"},"modified":"2024-07-01T17:38:37","modified_gmt":"2024-07-01T17:38:37","slug":"26-lumpi-iz-3-a-so-romanticni","status":"publish","type":"page","link":"https:\/\/tolovaj.com\/trgovina\/zbirka-lumpi-lumpasti\/26-lumpi-iz-3-a-so-romanticni\/","title":{"rendered":"Lumpi iz 3.a so romanticni"},"content":{"rendered":"\n<div class=\"wp-block-media-text is-stacked-on-mobile is-vertically-aligned-top\"><figure class=\"wp-block-media-text__media\"><img loading=\"lazy\" decoding=\"async\" width=\"509\" height=\"714\" src=\"https:\/\/tolovaj.com\/trgovina\/wp-content\/uploads\/2024\/07\/Lumpi_romanticni-Naslovka-brez.jpg\" alt=\"\" class=\"wp-image-517 size-full\" srcset=\"https:\/\/tolovaj.com\/trgovina\/wp-content\/uploads\/2024\/07\/Lumpi_romanticni-Naslovka-brez.jpg 509w, https:\/\/tolovaj.com\/trgovina\/wp-content\/uploads\/2024\/07\/Lumpi_romanticni-Naslovka-brez-214x300.jpg 214w\" sizes=\"auto, (max-width: 509px) 100vw, 509px\" \/><\/figure><div class=\"wp-block-media-text__content\">\n<p>Kaj pravzprav pomeni, \u010de ti punca re\u010de, da si ji simpati\u010den? Kaj punci, ki je simpati\u010dna tebi, podariti za Valentinovo? Kako na lumpe iz 3. a vpliva prihod nove tovari\u0161ice za glasbo? Kako obdarovati mamo za 8. marec? Kako se je treba obna\u0161ati na poroki? Zakaj te mlaj\u0161i bratec v nekaterih primerih ovira, v drugih pa pomeni veliko prednost?<\/p>\n\n\n\n<p>Zabavne in prismojene prigode so tokrat za\u010dinjene \u0161e s \u0161\u010depcem romantike.<\/p>\n\n\n\n<p><a href=\"http:\/\/www.tolovaj.com\/vsebina\/tolovajeva-votlina\" target=\"_blank\" rel=\"noreferrer noopener\">Cena:&nbsp; 17,99 EUR za kos<\/a><\/p>\n\n\n\n<p>Avtor: Tomo Ko\u010dar<br>Vrsta: knjiga<br>Leto izdaje: 2009<br>\u0160tevilo strani: 56<br>Format: trda vezava, A5&nbsp;<\/p>\n<\/div><\/div>\n\n\n\n<figure class=\"wp-block-gallery has-nested-images columns-default is-cropped wp-block-gallery-1 is-layout-flex wp-block-gallery-is-layout-flex\">\n<figure class=\"wp-block-image size-large\"><img loading=\"lazy\" decoding=\"async\" width=\"490\" height=\"340\" data-id=\"521\" src=\"https:\/\/tolovaj.com\/trgovina\/wp-content\/uploads\/2024\/07\/Lumpi_romanticni-01-1.jpg\" alt=\"\" class=\"wp-image-521\" srcset=\"https:\/\/tolovaj.com\/trgovina\/wp-content\/uploads\/2024\/07\/Lumpi_romanticni-01-1.jpg 490w, https:\/\/tolovaj.com\/trgovina\/wp-content\/uploads\/2024\/07\/Lumpi_romanticni-01-1-300x208.jpg 300w\" sizes=\"auto, (max-width: 490px) 100vw, 490px\" \/><\/figure>\n\n\n\n<figure class=\"wp-block-image size-large\"><img loading=\"lazy\" decoding=\"async\" width=\"445\" height=\"373\" data-id=\"520\" src=\"https:\/\/tolovaj.com\/trgovina\/wp-content\/uploads\/2024\/07\/Lumpi_romanticni-01-2.jpg\" alt=\"\" class=\"wp-image-520\" srcset=\"https:\/\/tolovaj.com\/trgovina\/wp-content\/uploads\/2024\/07\/Lumpi_romanticni-01-2.jpg 445w, https:\/\/tolovaj.com\/trgovina\/wp-content\/uploads\/2024\/07\/Lumpi_romanticni-01-2-300x251.jpg 300w\" sizes=\"auto, (max-width: 445px) 100vw, 445px\" \/><\/figure>\n\n\n\n<figure class=\"wp-block-image size-large\"><img loading=\"lazy\" decoding=\"async\" width=\"411\" height=\"533\" data-id=\"524\" src=\"https:\/\/tolovaj.com\/trgovina\/wp-content\/uploads\/2024\/07\/Lumpi_romanticni-01-3.jpg\" alt=\"\" class=\"wp-image-524\" srcset=\"https:\/\/tolovaj.com\/trgovina\/wp-content\/uploads\/2024\/07\/Lumpi_romanticni-01-3.jpg 411w, https:\/\/tolovaj.com\/trgovina\/wp-content\/uploads\/2024\/07\/Lumpi_romanticni-01-3-231x300.jpg 231w\" sizes=\"auto, (max-width: 411px) 100vw, 411px\" \/><\/figure>\n\n\n\n<figure class=\"wp-block-image size-large\"><img loading=\"lazy\" decoding=\"async\" width=\"464\" height=\"707\" data-id=\"525\" src=\"https:\/\/tolovaj.com\/trgovina\/wp-content\/uploads\/2024\/07\/Zgodbice_za_otroke-Lumpi_iz_3.a_so_romanticni-01.jpg\" alt=\"\" class=\"wp-image-525\" srcset=\"https:\/\/tolovaj.com\/trgovina\/wp-content\/uploads\/2024\/07\/Zgodbice_za_otroke-Lumpi_iz_3.a_so_romanticni-01.jpg 464w, https:\/\/tolovaj.com\/trgovina\/wp-content\/uploads\/2024\/07\/Zgodbice_za_otroke-Lumpi_iz_3.a_so_romanticni-01-197x300.jpg 197w\" sizes=\"auto, (max-width: 464px) 100vw, 464px\" \/><\/figure>\n\n\n\n<figure class=\"wp-block-image size-large\"><img loading=\"lazy\" decoding=\"async\" width=\"461\" height=\"691\" data-id=\"522\" src=\"https:\/\/tolovaj.com\/trgovina\/wp-content\/uploads\/2024\/07\/Zgodbice_za_otroke-Lumpi_iz_3.a_so_romanticni-03.jpg\" alt=\"\" class=\"wp-image-522\" srcset=\"https:\/\/tolovaj.com\/trgovina\/wp-content\/uploads\/2024\/07\/Zgodbice_za_otroke-Lumpi_iz_3.a_so_romanticni-03.jpg 461w, https:\/\/tolovaj.com\/trgovina\/wp-content\/uploads\/2024\/07\/Zgodbice_za_otroke-Lumpi_iz_3.a_so_romanticni-03-200x300.jpg 200w\" sizes=\"auto, (max-width: 461px) 100vw, 461px\" \/><\/figure>\n\n\n\n<figure class=\"wp-block-image size-large\"><img loading=\"lazy\" decoding=\"async\" width=\"463\" height=\"693\" data-id=\"526\" src=\"https:\/\/tolovaj.com\/trgovina\/wp-content\/uploads\/2024\/07\/Zgodbice_za_otroke-Lumpi_iz_3.a_so_romanticni-04.jpg\" alt=\"\" class=\"wp-image-526\" srcset=\"https:\/\/tolovaj.com\/trgovina\/wp-content\/uploads\/2024\/07\/Zgodbice_za_otroke-Lumpi_iz_3.a_so_romanticni-04.jpg 463w, https:\/\/tolovaj.com\/trgovina\/wp-content\/uploads\/2024\/07\/Zgodbice_za_otroke-Lumpi_iz_3.a_so_romanticni-04-200x300.jpg 200w\" sizes=\"auto, (max-width: 463px) 100vw, 463px\" \/><\/figure>\n\n\n\n<figure class=\"wp-block-image size-large\"><img loading=\"lazy\" decoding=\"async\" width=\"1024\" height=\"987\" data-id=\"527\" src=\"https:\/\/tolovaj.com\/trgovina\/wp-content\/uploads\/2024\/07\/Lumpi_romanticni-Zadaj-2000-1024x987.jpg\" alt=\"\" class=\"wp-image-527\" srcset=\"https:\/\/tolovaj.com\/trgovina\/wp-content\/uploads\/2024\/07\/Lumpi_romanticni-Zadaj-2000-1024x987.jpg 1024w, https:\/\/tolovaj.com\/trgovina\/wp-content\/uploads\/2024\/07\/Lumpi_romanticni-Zadaj-2000-300x289.jpg 300w, https:\/\/tolovaj.com\/trgovina\/wp-content\/uploads\/2024\/07\/Lumpi_romanticni-Zadaj-2000-768x740.jpg 768w, https:\/\/tolovaj.com\/trgovina\/wp-content\/uploads\/2024\/07\/Lumpi_romanticni-Zadaj-2000-1536x1481.jpg 1536w, https:\/\/tolovaj.com\/trgovina\/wp-content\/uploads\/2024\/07\/Lumpi_romanticni-Zadaj-2000.jpg 2000w\" sizes=\"auto, (max-width: 1024px) 100vw, 1024px\" \/><\/figure>\n<\/figure>\n","protected":false},"excerpt":{"rendered":"<p>Kaj pravzprav pomeni, \u010de ti punca re\u010de, da si ji simpati\u010den? Kaj punci, ki je simpati\u010dna tebi, podariti za Valentinovo? Kako na lumpe iz 3. a vpliva prihod nove tovari\u0161ice za glasbo? Kako obdarovati mamo za 8. marec? Kako se je treba obna\u0161ati na poroki? Zakaj te mlaj\u0161i bratec v nekaterih primerih ovira, v drugih [&hellip;]<\/p>\n","protected":false},"author":1,"featured_media":0,"parent":418,"menu_order":1,"comment_status":"closed","ping_status":"closed","template":"page-with-sidebar","meta":{"footnotes":""},"class_list":["post-514","page","type-page","status-publish","hentry"],"_links":{"self":[{"href":"https:\/\/tolovaj.com\/trgovina\/wp-json\/wp\/v2\/pages\/514","targetHints":{"allow":["GET"]}}],"collection":[{"href":"https:\/\/tolovaj.com\/trgovina\/wp-json\/wp\/v2\/pages"}],"about":[{"href":"https:\/\/tolovaj.com\/trgovina\/wp-json\/wp\/v2\/types\/page"}],"author":[{"embeddable":true,"href":"https:\/\/tolovaj.com\/trgovina\/wp-json\/wp\/v2\/users\/1"}],"replies":[{"embeddable":true,"href":"https:\/\/tolovaj.com\/trgovina\/wp-json\/wp\/v2\/comments?post=514"}],"version-history":[{"count":1,"href":"https:\/\/tolovaj.com\/trgovina\/wp-json\/wp\/v2\/pages\/514\/revisions"}],"predecessor-version":[{"id":528,"href":"https:\/\/tolovaj.com\/trgovina\/wp-json\/wp\/v2\/pages\/514\/revisions\/528"}],"up":[{"embeddable":true,"href":"https:\/\/tolovaj.com\/trgovina\/wp-json\/wp\/v2\/pages\/418"}],"wp:attachment":[{"href":"https:\/\/tolovaj.com\/trgovina\/wp-json\/wp\/v2\/media?parent=514"}],"curies":[{"name":"wp","href":"https:\/\/api.w.org\/{rel}","templated":true}]}}