{"id":497,"date":"2024-07-01T15:29:34","date_gmt":"2024-07-01T15:29:34","guid":{"rendered":"https:\/\/tolovaj.com\/trgovina1\/?page_id=497"},"modified":"2024-07-01T17:38:13","modified_gmt":"2024-07-01T17:38:13","slug":"25-lumpi-iz-3-a-se-ne-dajo","status":"publish","type":"page","link":"https:\/\/tolovaj.com\/trgovina\/zbirka-lumpi-lumpasti\/25-lumpi-iz-3-a-se-ne-dajo\/","title":{"rendered":"Lumpi iz 3.a se ne dajo"},"content":{"rendered":"\n<div class=\"wp-block-media-text is-stacked-on-mobile is-vertically-aligned-top\"><figure class=\"wp-block-media-text__media\"><img loading=\"lazy\" decoding=\"async\" width=\"660\" height=\"1001\" src=\"https:\/\/tolovaj.com\/trgovina\/wp-content\/uploads\/2024\/07\/Lumpi_se_ne_dajo-NASLOVKA-brez-660.jpg\" alt=\"\" class=\"wp-image-500 size-full\" srcset=\"https:\/\/tolovaj.com\/trgovina\/wp-content\/uploads\/2024\/07\/Lumpi_se_ne_dajo-NASLOVKA-brez-660.jpg 660w, https:\/\/tolovaj.com\/trgovina\/wp-content\/uploads\/2024\/07\/Lumpi_se_ne_dajo-NASLOVKA-brez-660-198x300.jpg 198w\" sizes=\"auto, (max-width: 660px) 100vw, 660px\" \/><\/figure><div class=\"wp-block-media-text__content\">\n<p>Kako pomagati so\u0161olcu s cvekom, \u010de tudi sam nima\u0161 pojma o pojmu? Kako se babica z de\u017eele znajde v sodobnem nakupovalnem centru? Kaj bom, ko bom velik? Kak\u0161ne bunde so letos moderne in kaj storiti, \u010de jih imajo vsi, razen tebe? Kako prepre\u010diti tatvine doma in v okolici? Zakaj so ure nadome\u0161\u010danj med najbolj zanimivimi v \u0161oli?<\/p>\n\n\n\n<p>Ravno, ko se nam zazdi, da se je lumpom iz 3. a \u017ee zgodilo vse, kar se lahko pripeti, nas uspejo ponovno presenetiti.<\/p>\n\n\n\n<p><a href=\"http:\/\/www.tolovaj.com\/vsebina\/tolovajeva-votlina\" target=\"_blank\" rel=\"noreferrer noopener\">Cena:&nbsp; 17,99 EUR za kos<\/a><\/p>\n\n\n\n<p>Avtor: Tomo Ko\u010dar<br>Vrsta: knjiga<br>Leto izdaje: 2010<br>\u0160tevilo strani: 56<br>Format: trda vezava, A5&nbsp;<\/p>\n<\/div><\/div>\n\n\n\n<figure class=\"wp-block-gallery has-nested-images columns-default is-cropped wp-block-gallery-1 is-layout-flex wp-block-gallery-is-layout-flex\">\n<figure class=\"wp-block-image size-large\"><img loading=\"lazy\" decoding=\"async\" width=\"486\" height=\"657\" data-id=\"505\" src=\"https:\/\/tolovaj.com\/trgovina\/wp-content\/uploads\/2024\/07\/Zgodbice_za_otroke-Lumpi_iz_3.a_se_ne_dajo-01.jpg\" alt=\"\" class=\"wp-image-505\" srcset=\"https:\/\/tolovaj.com\/trgovina\/wp-content\/uploads\/2024\/07\/Zgodbice_za_otroke-Lumpi_iz_3.a_se_ne_dajo-01.jpg 486w, https:\/\/tolovaj.com\/trgovina\/wp-content\/uploads\/2024\/07\/Zgodbice_za_otroke-Lumpi_iz_3.a_se_ne_dajo-01-222x300.jpg 222w\" sizes=\"auto, (max-width: 486px) 100vw, 486px\" \/><\/figure>\n\n\n\n<figure class=\"wp-block-image size-large\"><img loading=\"lazy\" decoding=\"async\" width=\"442\" height=\"652\" data-id=\"504\" src=\"https:\/\/tolovaj.com\/trgovina\/wp-content\/uploads\/2024\/07\/Zgodbice_za_otroke-Lumpi_iz_3.a_se_ne_dajo-02.jpg\" alt=\"\" class=\"wp-image-504\" srcset=\"https:\/\/tolovaj.com\/trgovina\/wp-content\/uploads\/2024\/07\/Zgodbice_za_otroke-Lumpi_iz_3.a_se_ne_dajo-02.jpg 442w, https:\/\/tolovaj.com\/trgovina\/wp-content\/uploads\/2024\/07\/Zgodbice_za_otroke-Lumpi_iz_3.a_se_ne_dajo-02-203x300.jpg 203w\" sizes=\"auto, (max-width: 442px) 100vw, 442px\" \/><\/figure>\n\n\n\n<figure class=\"wp-block-image size-large\"><img loading=\"lazy\" decoding=\"async\" width=\"505\" height=\"665\" data-id=\"506\" src=\"https:\/\/tolovaj.com\/trgovina\/wp-content\/uploads\/2024\/07\/Zgodbice_za_otroke-Lumpi_iz_3.a_se_ne_dajo-04.jpg\" alt=\"\" class=\"wp-image-506\" srcset=\"https:\/\/tolovaj.com\/trgovina\/wp-content\/uploads\/2024\/07\/Zgodbice_za_otroke-Lumpi_iz_3.a_se_ne_dajo-04.jpg 505w, https:\/\/tolovaj.com\/trgovina\/wp-content\/uploads\/2024\/07\/Zgodbice_za_otroke-Lumpi_iz_3.a_se_ne_dajo-04-228x300.jpg 228w\" sizes=\"auto, (max-width: 505px) 100vw, 505px\" \/><\/figure>\n\n\n\n<figure class=\"wp-block-image size-large\"><img loading=\"lazy\" decoding=\"async\" width=\"442\" height=\"679\" data-id=\"507\" src=\"https:\/\/tolovaj.com\/trgovina\/wp-content\/uploads\/2024\/07\/Zgodbice_za_otroke-Lumpi_iz_3.a_se_ne_dajo-05.jpg\" alt=\"\" class=\"wp-image-507\" srcset=\"https:\/\/tolovaj.com\/trgovina\/wp-content\/uploads\/2024\/07\/Zgodbice_za_otroke-Lumpi_iz_3.a_se_ne_dajo-05.jpg 442w, https:\/\/tolovaj.com\/trgovina\/wp-content\/uploads\/2024\/07\/Zgodbice_za_otroke-Lumpi_iz_3.a_se_ne_dajo-05-195x300.jpg 195w\" sizes=\"auto, (max-width: 442px) 100vw, 442px\" \/><\/figure>\n\n\n\n<figure class=\"wp-block-image size-large\"><img loading=\"lazy\" decoding=\"async\" width=\"450\" height=\"594\" data-id=\"503\" src=\"https:\/\/tolovaj.com\/trgovina\/wp-content\/uploads\/2024\/07\/Zgodbice_za_otroke-Lumpi_iz_3.a_se_ne_dajo-06.jpg\" alt=\"\" class=\"wp-image-503\" srcset=\"https:\/\/tolovaj.com\/trgovina\/wp-content\/uploads\/2024\/07\/Zgodbice_za_otroke-Lumpi_iz_3.a_se_ne_dajo-06.jpg 450w, https:\/\/tolovaj.com\/trgovina\/wp-content\/uploads\/2024\/07\/Zgodbice_za_otroke-Lumpi_iz_3.a_se_ne_dajo-06-227x300.jpg 227w\" sizes=\"auto, (max-width: 450px) 100vw, 450px\" \/><\/figure>\n\n\n\n<figure class=\"wp-block-image size-large\"><img loading=\"lazy\" decoding=\"async\" width=\"449\" height=\"670\" data-id=\"508\" src=\"https:\/\/tolovaj.com\/trgovina\/wp-content\/uploads\/2024\/07\/Zgodbice_za_otroke-Lumpi_iz_3.a_se_ne_dajo-09.jpg\" alt=\"\" class=\"wp-image-508\" srcset=\"https:\/\/tolovaj.com\/trgovina\/wp-content\/uploads\/2024\/07\/Zgodbice_za_otroke-Lumpi_iz_3.a_se_ne_dajo-09.jpg 449w, https:\/\/tolovaj.com\/trgovina\/wp-content\/uploads\/2024\/07\/Zgodbice_za_otroke-Lumpi_iz_3.a_se_ne_dajo-09-201x300.jpg 201w\" sizes=\"auto, (max-width: 449px) 100vw, 449px\" \/><\/figure>\n\n\n\n<figure class=\"wp-block-image size-full\"><img loading=\"lazy\" decoding=\"async\" width=\"345\" height=\"337\" data-id=\"510\" src=\"https:\/\/tolovaj.com\/trgovina\/wp-content\/uploads\/2024\/07\/Lumpi_se_ne_dajo-Naslovka-Zadaj-01.jpg\" alt=\"\" class=\"wp-image-510\" srcset=\"https:\/\/tolovaj.com\/trgovina\/wp-content\/uploads\/2024\/07\/Lumpi_se_ne_dajo-Naslovka-Zadaj-01.jpg 345w, https:\/\/tolovaj.com\/trgovina\/wp-content\/uploads\/2024\/07\/Lumpi_se_ne_dajo-Naslovka-Zadaj-01-300x293.jpg 300w\" sizes=\"auto, (max-width: 345px) 100vw, 345px\" \/><\/figure>\n<\/figure>\n","protected":false},"excerpt":{"rendered":"<p>Kako pomagati so\u0161olcu s cvekom, \u010de tudi sam nima\u0161 pojma o pojmu? Kako se babica z de\u017eele znajde v sodobnem nakupovalnem centru? Kaj bom, ko bom velik? Kak\u0161ne bunde so letos moderne in kaj storiti, \u010de jih imajo vsi, razen tebe? Kako prepre\u010diti tatvine doma in v okolici? Zakaj so ure nadome\u0161\u010danj med najbolj zanimivimi [&hellip;]<\/p>\n","protected":false},"author":1,"featured_media":0,"parent":418,"menu_order":1,"comment_status":"closed","ping_status":"closed","template":"page-with-sidebar","meta":{"footnotes":""},"class_list":["post-497","page","type-page","status-publish","hentry"],"_links":{"self":[{"href":"https:\/\/tolovaj.com\/trgovina\/wp-json\/wp\/v2\/pages\/497","targetHints":{"allow":["GET"]}}],"collection":[{"href":"https:\/\/tolovaj.com\/trgovina\/wp-json\/wp\/v2\/pages"}],"about":[{"href":"https:\/\/tolovaj.com\/trgovina\/wp-json\/wp\/v2\/types\/page"}],"author":[{"embeddable":true,"href":"https:\/\/tolovaj.com\/trgovina\/wp-json\/wp\/v2\/users\/1"}],"replies":[{"embeddable":true,"href":"https:\/\/tolovaj.com\/trgovina\/wp-json\/wp\/v2\/comments?post=497"}],"version-history":[{"count":1,"href":"https:\/\/tolovaj.com\/trgovina\/wp-json\/wp\/v2\/pages\/497\/revisions"}],"predecessor-version":[{"id":511,"href":"https:\/\/tolovaj.com\/trgovina\/wp-json\/wp\/v2\/pages\/497\/revisions\/511"}],"up":[{"embeddable":true,"href":"https:\/\/tolovaj.com\/trgovina\/wp-json\/wp\/v2\/pages\/418"}],"wp:attachment":[{"href":"https:\/\/tolovaj.com\/trgovina\/wp-json\/wp\/v2\/media?parent=497"}],"curies":[{"name":"wp","href":"https:\/\/api.w.org\/{rel}","templated":true}]}}