{"id":457,"date":"2024-07-01T15:22:22","date_gmt":"2024-07-01T15:22:22","guid":{"rendered":"https:\/\/tolovaj.com\/trgovina1\/?page_id=457"},"modified":"2024-07-01T17:37:15","modified_gmt":"2024-07-01T17:37:15","slug":"18-spet-lumpi-iz-3-a","status":"publish","type":"page","link":"https:\/\/tolovaj.com\/trgovina\/zbirka-lumpi-lumpasti\/18-spet-lumpi-iz-3-a\/","title":{"rendered":"Spet lumpi iz 3.a"},"content":{"rendered":"\n<div class=\"wp-block-media-text is-stacked-on-mobile is-vertically-aligned-top\"><figure class=\"wp-block-media-text__media\"><img loading=\"lazy\" decoding=\"async\" width=\"471\" height=\"683\" src=\"https:\/\/tolovaj.com\/trgovina\/wp-content\/uploads\/2024\/07\/Spet_lumpi-Naslovka-brez.jpg\" alt=\"\" class=\"wp-image-458 size-full\" srcset=\"https:\/\/tolovaj.com\/trgovina\/wp-content\/uploads\/2024\/07\/Spet_lumpi-Naslovka-brez.jpg 471w, https:\/\/tolovaj.com\/trgovina\/wp-content\/uploads\/2024\/07\/Spet_lumpi-Naslovka-brez-207x300.jpg 207w\" sizes=\"auto, (max-width: 471px) 100vw, 471px\" \/><\/figure><div class=\"wp-block-media-text__content\">\n<p>Kaj storiti s potepu\u0161kim psom? Kak\u0161en je \u0161portni dan 3. a? Kako se upreti mlademu nasilne\u017eu? Je zaj\u010dek pri pouku narave primeren ali preve\u010d tvegan u\u010dni pripomo\u010dek? Kaj vse se lahko zaplete pri po\u010ditnicah na morju? Zakaj lumpi iz 3. a nimajo sre\u010de pri opravljanju dobrih del?<\/p>\n\n\n\n<p>Nove prigode in nova sporo\u010dila, a \u0161e vedno napeto, zabavno, nevzgojno in sploh neprimerno branje s prvovrstnimi ilustracijami.<\/p>\n\n\n\n<p><a href=\"http:\/\/www.tolovaj.com\/vsebina\/tolovajeva-votlina\" target=\"_blank\" rel=\"noreferrer noopener\">Cena:&nbsp; 16,99 EUR za kos<\/a><\/p>\n\n\n\n<p>Avtor: Tomo Ko\u010dar<br>Vrsta: knjiga<br>Leto izdaje: 2008<br>\u0160tevilo strani: 56<br>Format: trda vezava, A5&nbsp;<\/p>\n<\/div><\/div>\n\n\n\n<figure class=\"wp-block-gallery has-nested-images columns-default is-cropped wp-block-gallery-1 is-layout-flex wp-block-gallery-is-layout-flex\">\n<figure class=\"wp-block-image size-large\"><img loading=\"lazy\" decoding=\"async\" width=\"410\" height=\"408\" data-id=\"464\" src=\"https:\/\/tolovaj.com\/trgovina\/wp-content\/uploads\/2024\/07\/Spet_lumpi-01-4.jpg\" alt=\"\" class=\"wp-image-464\" srcset=\"https:\/\/tolovaj.com\/trgovina\/wp-content\/uploads\/2024\/07\/Spet_lumpi-01-4.jpg 410w, https:\/\/tolovaj.com\/trgovina\/wp-content\/uploads\/2024\/07\/Spet_lumpi-01-4-300x300.jpg 300w, https:\/\/tolovaj.com\/trgovina\/wp-content\/uploads\/2024\/07\/Spet_lumpi-01-4-150x150.jpg 150w\" sizes=\"auto, (max-width: 410px) 100vw, 410px\" \/><\/figure>\n\n\n\n<figure class=\"wp-block-image size-large\"><img loading=\"lazy\" decoding=\"async\" width=\"488\" height=\"711\" data-id=\"466\" src=\"https:\/\/tolovaj.com\/trgovina\/wp-content\/uploads\/2024\/07\/Zgodbice_za_otroke-Spet_lumpi_iz_3a-01.jpg\" alt=\"\" class=\"wp-image-466\" srcset=\"https:\/\/tolovaj.com\/trgovina\/wp-content\/uploads\/2024\/07\/Zgodbice_za_otroke-Spet_lumpi_iz_3a-01.jpg 488w, https:\/\/tolovaj.com\/trgovina\/wp-content\/uploads\/2024\/07\/Zgodbice_za_otroke-Spet_lumpi_iz_3a-01-206x300.jpg 206w\" sizes=\"auto, (max-width: 488px) 100vw, 488px\" \/><\/figure>\n\n\n\n<figure class=\"wp-block-image size-large\"><img loading=\"lazy\" decoding=\"async\" width=\"494\" height=\"685\" data-id=\"468\" src=\"https:\/\/tolovaj.com\/trgovina\/wp-content\/uploads\/2024\/07\/Zgodbice_za_otroke-Spet_lumpi_iz_3a-02.jpg\" alt=\"\" class=\"wp-image-468\" srcset=\"https:\/\/tolovaj.com\/trgovina\/wp-content\/uploads\/2024\/07\/Zgodbice_za_otroke-Spet_lumpi_iz_3a-02.jpg 494w, https:\/\/tolovaj.com\/trgovina\/wp-content\/uploads\/2024\/07\/Zgodbice_za_otroke-Spet_lumpi_iz_3a-02-216x300.jpg 216w\" sizes=\"auto, (max-width: 494px) 100vw, 494px\" \/><\/figure>\n\n\n\n<figure class=\"wp-block-image size-large\"><img loading=\"lazy\" decoding=\"async\" width=\"453\" height=\"661\" data-id=\"463\" src=\"https:\/\/tolovaj.com\/trgovina\/wp-content\/uploads\/2024\/07\/Zgodbice_za_otroke-Spet_lumpi_iz_3a-03.jpg\" alt=\"\" class=\"wp-image-463\" srcset=\"https:\/\/tolovaj.com\/trgovina\/wp-content\/uploads\/2024\/07\/Zgodbice_za_otroke-Spet_lumpi_iz_3a-03.jpg 453w, https:\/\/tolovaj.com\/trgovina\/wp-content\/uploads\/2024\/07\/Zgodbice_za_otroke-Spet_lumpi_iz_3a-03-206x300.jpg 206w\" sizes=\"auto, (max-width: 453px) 100vw, 453px\" \/><\/figure>\n\n\n\n<figure class=\"wp-block-image size-large\"><img loading=\"lazy\" decoding=\"async\" width=\"482\" height=\"659\" data-id=\"467\" src=\"https:\/\/tolovaj.com\/trgovina\/wp-content\/uploads\/2024\/07\/Zgodbice_za_otroke-Spet_lumpi_iz_3a-04.jpg\" alt=\"\" class=\"wp-image-467\" srcset=\"https:\/\/tolovaj.com\/trgovina\/wp-content\/uploads\/2024\/07\/Zgodbice_za_otroke-Spet_lumpi_iz_3a-04.jpg 482w, https:\/\/tolovaj.com\/trgovina\/wp-content\/uploads\/2024\/07\/Zgodbice_za_otroke-Spet_lumpi_iz_3a-04-219x300.jpg 219w\" sizes=\"auto, (max-width: 482px) 100vw, 482px\" \/><\/figure>\n\n\n\n<figure class=\"wp-block-image size-large\"><img loading=\"lazy\" decoding=\"async\" width=\"460\" height=\"532\" data-id=\"465\" src=\"https:\/\/tolovaj.com\/trgovina\/wp-content\/uploads\/2024\/07\/Zgodbice_za_otroke-Spet_lumpi_iz_3a-08.jpg\" alt=\"\" class=\"wp-image-465\" srcset=\"https:\/\/tolovaj.com\/trgovina\/wp-content\/uploads\/2024\/07\/Zgodbice_za_otroke-Spet_lumpi_iz_3a-08.jpg 460w, https:\/\/tolovaj.com\/trgovina\/wp-content\/uploads\/2024\/07\/Zgodbice_za_otroke-Spet_lumpi_iz_3a-08-259x300.jpg 259w\" sizes=\"auto, (max-width: 460px) 100vw, 460px\" \/><\/figure>\n<\/figure>\n","protected":false},"excerpt":{"rendered":"<p>Kaj storiti s potepu\u0161kim psom? Kak\u0161en je \u0161portni dan 3. a? Kako se upreti mlademu nasilne\u017eu? Je zaj\u010dek pri pouku narave primeren ali preve\u010d tvegan u\u010dni pripomo\u010dek? Kaj vse se lahko zaplete pri po\u010ditnicah na morju? Zakaj lumpi iz 3. a nimajo sre\u010de pri opravljanju dobrih del? Nove prigode in nova sporo\u010dila, a \u0161e vedno [&hellip;]<\/p>\n","protected":false},"author":1,"featured_media":0,"parent":418,"menu_order":1,"comment_status":"closed","ping_status":"closed","template":"page-with-sidebar","meta":{"footnotes":""},"class_list":["post-457","page","type-page","status-publish","hentry"],"_links":{"self":[{"href":"https:\/\/tolovaj.com\/trgovina\/wp-json\/wp\/v2\/pages\/457","targetHints":{"allow":["GET"]}}],"collection":[{"href":"https:\/\/tolovaj.com\/trgovina\/wp-json\/wp\/v2\/pages"}],"about":[{"href":"https:\/\/tolovaj.com\/trgovina\/wp-json\/wp\/v2\/types\/page"}],"author":[{"embeddable":true,"href":"https:\/\/tolovaj.com\/trgovina\/wp-json\/wp\/v2\/users\/1"}],"replies":[{"embeddable":true,"href":"https:\/\/tolovaj.com\/trgovina\/wp-json\/wp\/v2\/comments?post=457"}],"version-history":[{"count":1,"href":"https:\/\/tolovaj.com\/trgovina\/wp-json\/wp\/v2\/pages\/457\/revisions"}],"predecessor-version":[{"id":469,"href":"https:\/\/tolovaj.com\/trgovina\/wp-json\/wp\/v2\/pages\/457\/revisions\/469"}],"up":[{"embeddable":true,"href":"https:\/\/tolovaj.com\/trgovina\/wp-json\/wp\/v2\/pages\/418"}],"wp:attachment":[{"href":"https:\/\/tolovaj.com\/trgovina\/wp-json\/wp\/v2\/media?parent=457"}],"curies":[{"name":"wp","href":"https:\/\/api.w.org\/{rel}","templated":true}]}}