{"id":438,"date":"2024-07-01T15:16:43","date_gmt":"2024-07-01T15:16:43","guid":{"rendered":"https:\/\/tolovaj.com\/trgovina1\/?page_id=438"},"modified":"2024-07-01T17:36:37","modified_gmt":"2024-07-01T17:36:37","slug":"14-lumpi-iz-3-a","status":"publish","type":"page","link":"https:\/\/tolovaj.com\/trgovina\/zbirka-lumpi-lumpasti\/14-lumpi-iz-3-a\/","title":{"rendered":"Lumpi iz 3.a"},"content":{"rendered":"\n<div class=\"wp-block-media-text is-stacked-on-mobile is-vertically-aligned-top\"><figure class=\"wp-block-media-text__media\"><img loading=\"lazy\" decoding=\"async\" width=\"362\" height=\"504\" src=\"https:\/\/tolovaj.com\/trgovina\/wp-content\/uploads\/2024\/07\/Lumpi_3a-Naslovka-brez-362.jpg\" alt=\"\" class=\"wp-image-443 size-full\" srcset=\"https:\/\/tolovaj.com\/trgovina\/wp-content\/uploads\/2024\/07\/Lumpi_3a-Naslovka-brez-362.jpg 362w, https:\/\/tolovaj.com\/trgovina\/wp-content\/uploads\/2024\/07\/Lumpi_3a-Naslovka-brez-362-215x300.jpg 215w\" sizes=\"auto, (max-width: 362px) 100vw, 362px\" \/><\/figure><div class=\"wp-block-media-text__content\">\n<p>Kako se v 3. a spoprimejo s kontrolno nalogo? Kaj u\u0161pi\u010dijo na naravoslovnem dnevu? Kako se bo dru\u017eini spremenilo \u017eivljenje ob prihodu dojen\u010dka? Kaj vse se lahko zalomi na \u0161olski proslavi? Ali se bodo te\u017eave z vpisom na te\u010daj karateja re\u0161ile ali \u0161e pove\u010dale? Kaj pa ima z vsem skupaj dedek Mraz?<\/p>\n\n\n\n<p>Do\u017eiveta pripoved, ogromno dogajanja, obe\u0161enja\u0161ki humor in skrajno nevzgojne zamisli v polni mo\u010di za\u017eivijo s pomo\u010djo izvrstnih ilustracij, ki \u017ee mejijo na karikature.<\/p>\n\n\n\n<p><a href=\"http:\/\/www.tolovaj.com\/vsebina\/tolovajeva-votlina\" target=\"_blank\" rel=\"noreferrer noopener\">Cena:&nbsp; 16,99 EUR za kos<\/a><\/p>\n\n\n\n<p>Avtor: Tomo Ko\u010dar<br>Vrsta: knjiga<br>Leto izdaje: 2006<br>\u0160tevilo strani: 56<br>Format: trda vezava, A5&nbsp;<\/p>\n<\/div><\/div>\n\n\n\n<figure class=\"wp-block-gallery has-nested-images columns-default is-cropped wp-block-gallery-1 is-layout-flex wp-block-gallery-is-layout-flex\">\n<figure class=\"wp-block-image size-large\"><img loading=\"lazy\" decoding=\"async\" width=\"371\" height=\"282\" data-id=\"448\" src=\"https:\/\/tolovaj.com\/trgovina\/wp-content\/uploads\/2024\/07\/Lumpi_3a-1-1.jpg\" alt=\"\" class=\"wp-image-448\" srcset=\"https:\/\/tolovaj.com\/trgovina\/wp-content\/uploads\/2024\/07\/Lumpi_3a-1-1.jpg 371w, https:\/\/tolovaj.com\/trgovina\/wp-content\/uploads\/2024\/07\/Lumpi_3a-1-1-300x228.jpg 300w\" sizes=\"auto, (max-width: 371px) 100vw, 371px\" \/><\/figure>\n\n\n\n<figure class=\"wp-block-image size-large\"><img loading=\"lazy\" decoding=\"async\" width=\"467\" height=\"656\" data-id=\"449\" src=\"https:\/\/tolovaj.com\/trgovina\/wp-content\/uploads\/2024\/07\/Zgodbice_za_otroke-Lumpi_3a-003.jpg\" alt=\"\" class=\"wp-image-449\" srcset=\"https:\/\/tolovaj.com\/trgovina\/wp-content\/uploads\/2024\/07\/Zgodbice_za_otroke-Lumpi_3a-003.jpg 467w, https:\/\/tolovaj.com\/trgovina\/wp-content\/uploads\/2024\/07\/Zgodbice_za_otroke-Lumpi_3a-003-214x300.jpg 214w\" sizes=\"auto, (max-width: 467px) 100vw, 467px\" \/><\/figure>\n\n\n\n<figure class=\"wp-block-image size-large\"><img loading=\"lazy\" decoding=\"async\" width=\"452\" height=\"611\" data-id=\"446\" src=\"https:\/\/tolovaj.com\/trgovina\/wp-content\/uploads\/2024\/07\/Zgodbice_za_otroke-Lumpi_3a-004.jpg\" alt=\"\" class=\"wp-image-446\" srcset=\"https:\/\/tolovaj.com\/trgovina\/wp-content\/uploads\/2024\/07\/Zgodbice_za_otroke-Lumpi_3a-004.jpg 452w, https:\/\/tolovaj.com\/trgovina\/wp-content\/uploads\/2024\/07\/Zgodbice_za_otroke-Lumpi_3a-004-222x300.jpg 222w\" sizes=\"auto, (max-width: 452px) 100vw, 452px\" \/><\/figure>\n\n\n\n<figure class=\"wp-block-image size-large\"><img loading=\"lazy\" decoding=\"async\" width=\"409\" height=\"604\" data-id=\"445\" src=\"https:\/\/tolovaj.com\/trgovina\/wp-content\/uploads\/2024\/07\/Zgodbice_za_otroke-Lumpi_3a-005.jpg\" alt=\"\" class=\"wp-image-445\" srcset=\"https:\/\/tolovaj.com\/trgovina\/wp-content\/uploads\/2024\/07\/Zgodbice_za_otroke-Lumpi_3a-005.jpg 409w, https:\/\/tolovaj.com\/trgovina\/wp-content\/uploads\/2024\/07\/Zgodbice_za_otroke-Lumpi_3a-005-203x300.jpg 203w\" sizes=\"auto, (max-width: 409px) 100vw, 409px\" \/><\/figure>\n\n\n\n<figure class=\"wp-block-image size-large\"><img loading=\"lazy\" decoding=\"async\" width=\"425\" height=\"623\" data-id=\"447\" src=\"https:\/\/tolovaj.com\/trgovina\/wp-content\/uploads\/2024\/07\/Zgodbice_za_otroke-Lumpi_3a-006.jpg\" alt=\"\" class=\"wp-image-447\" srcset=\"https:\/\/tolovaj.com\/trgovina\/wp-content\/uploads\/2024\/07\/Zgodbice_za_otroke-Lumpi_3a-006.jpg 425w, https:\/\/tolovaj.com\/trgovina\/wp-content\/uploads\/2024\/07\/Zgodbice_za_otroke-Lumpi_3a-006-205x300.jpg 205w\" sizes=\"auto, (max-width: 425px) 100vw, 425px\" \/><\/figure>\n\n\n\n<figure class=\"wp-block-image size-large\"><img loading=\"lazy\" decoding=\"async\" width=\"443\" height=\"631\" data-id=\"450\" src=\"https:\/\/tolovaj.com\/trgovina\/wp-content\/uploads\/2024\/07\/Zgodbice_za_otroke-Lumpi_3a-007.jpg\" alt=\"\" class=\"wp-image-450\" srcset=\"https:\/\/tolovaj.com\/trgovina\/wp-content\/uploads\/2024\/07\/Zgodbice_za_otroke-Lumpi_3a-007.jpg 443w, https:\/\/tolovaj.com\/trgovina\/wp-content\/uploads\/2024\/07\/Zgodbice_za_otroke-Lumpi_3a-007-211x300.jpg 211w\" sizes=\"auto, (max-width: 443px) 100vw, 443px\" \/><\/figure>\n\n\n\n<figure class=\"wp-block-image size-large\"><img loading=\"lazy\" decoding=\"async\" width=\"1024\" height=\"880\" data-id=\"451\" src=\"https:\/\/tolovaj.com\/trgovina\/wp-content\/uploads\/2024\/07\/Lumpi_3a-Zadaj-2200-1024x880.jpg\" alt=\"\" class=\"wp-image-451\" srcset=\"https:\/\/tolovaj.com\/trgovina\/wp-content\/uploads\/2024\/07\/Lumpi_3a-Zadaj-2200-1024x880.jpg 1024w, https:\/\/tolovaj.com\/trgovina\/wp-content\/uploads\/2024\/07\/Lumpi_3a-Zadaj-2200-300x258.jpg 300w, https:\/\/tolovaj.com\/trgovina\/wp-content\/uploads\/2024\/07\/Lumpi_3a-Zadaj-2200-768x660.jpg 768w, https:\/\/tolovaj.com\/trgovina\/wp-content\/uploads\/2024\/07\/Lumpi_3a-Zadaj-2200-1536x1320.jpg 1536w, https:\/\/tolovaj.com\/trgovina\/wp-content\/uploads\/2024\/07\/Lumpi_3a-Zadaj-2200-2048x1759.jpg 2048w\" sizes=\"auto, (max-width: 1024px) 100vw, 1024px\" \/><\/figure>\n<\/figure>\n","protected":false},"excerpt":{"rendered":"<p>Kako se v 3. a spoprimejo s kontrolno nalogo? Kaj u\u0161pi\u010dijo na naravoslovnem dnevu? Kako se bo dru\u017eini spremenilo \u017eivljenje ob prihodu dojen\u010dka? Kaj vse se lahko zalomi na \u0161olski proslavi? Ali se bodo te\u017eave z vpisom na te\u010daj karateja re\u0161ile ali \u0161e pove\u010dale? Kaj pa ima z vsem skupaj dedek Mraz? Do\u017eiveta pripoved, ogromno [&hellip;]<\/p>\n","protected":false},"author":1,"featured_media":0,"parent":418,"menu_order":1,"comment_status":"closed","ping_status":"closed","template":"page-with-sidebar","meta":{"footnotes":""},"class_list":["post-438","page","type-page","status-publish","hentry"],"_links":{"self":[{"href":"https:\/\/tolovaj.com\/trgovina\/wp-json\/wp\/v2\/pages\/438","targetHints":{"allow":["GET"]}}],"collection":[{"href":"https:\/\/tolovaj.com\/trgovina\/wp-json\/wp\/v2\/pages"}],"about":[{"href":"https:\/\/tolovaj.com\/trgovina\/wp-json\/wp\/v2\/types\/page"}],"author":[{"embeddable":true,"href":"https:\/\/tolovaj.com\/trgovina\/wp-json\/wp\/v2\/users\/1"}],"replies":[{"embeddable":true,"href":"https:\/\/tolovaj.com\/trgovina\/wp-json\/wp\/v2\/comments?post=438"}],"version-history":[{"count":2,"href":"https:\/\/tolovaj.com\/trgovina\/wp-json\/wp\/v2\/pages\/438\/revisions"}],"predecessor-version":[{"id":470,"href":"https:\/\/tolovaj.com\/trgovina\/wp-json\/wp\/v2\/pages\/438\/revisions\/470"}],"up":[{"embeddable":true,"href":"https:\/\/tolovaj.com\/trgovina\/wp-json\/wp\/v2\/pages\/418"}],"wp:attachment":[{"href":"https:\/\/tolovaj.com\/trgovina\/wp-json\/wp\/v2\/media?parent=438"}],"curies":[{"name":"wp","href":"https:\/\/api.w.org\/{rel}","templated":true}]}}