{"id":418,"date":"2024-06-30T16:44:50","date_gmt":"2024-06-30T16:44:50","guid":{"rendered":"https:\/\/tolovaj.com\/trgovina1\/?page_id=418"},"modified":"2024-07-09T08:34:37","modified_gmt":"2024-07-09T08:34:37","slug":"zbirka-lumpi-lumpasti","status":"publish","type":"page","link":"https:\/\/tolovaj.com\/trgovina\/zbirka-lumpi-lumpasti\/","title":{"rendered":"Zbirka Lumpi lumpasti"},"content":{"rendered":"\n<p>Zbirka Lumpi lumpasti je zbirka knji\u017eic v priro\u010dnem formatu A5. S platnicami vred (in v tej zbirki bralci preberejo tudi platnice!) ima vsaka 56 strani, a \u0161e pomembneje je, da vsaka prina\u0161a kar \u0161est zgodbic o najpredrznej\u0161ih, najzabavnej\u0161ih in sploh najbolj nemogo\u010dih lumpih, kar jih je videl svet.<\/p>\n\n\n\n<p>Lumpi iz 3. a so neiz\u010drpen vir zabave za vse osnovno\u0161olce, saj se tudi prvo\u0161ol\u010dki zlahka prepoznajo v Jaki, Benu, Mihi, Ani, Poloni in njihovih tovari\u0161ih, starej\u0161i pa ob se prebiranju tako ali tako valjajo od smeha.<\/p>\n\n\n\n<p>Vse zgodbice odlikuje veliko dogajanja s presenetljivimi in duhovitimi preobrati, med katere se vrivajo v\u010dasih presenetljivo pronicljivi in kriti\u010dni komentarji.<\/p>\n\n\n\n<p>Zbirka je namenjena vsem, ki znajo brati sami, posebej jo lahko priporo\u010dimo otrokom, ki se za samostojno branje te\u017eko odlo\u010dijo, ker jih bolj pritegnejo prigode na televizijskem ali ra\u010dunalni\u0161kem zaslonu. Toda, pozor! Lumpi iz tretjega a so v\u010dasih malce (no, kar precej) nevzgojni. Osebam s \u0161ibkim srcem jih ne priporo\u010damo!<\/p>\n\n\n\n<figure class=\"wp-block-gallery has-nested-images columns-default is-cropped wp-block-gallery-1 is-layout-flex wp-block-gallery-is-layout-flex\">\n<figure class=\"wp-block-image size-large\"><a href=\"https:\/\/tolovaj.com\/trgovina\/zbirka-lumpi-lumpasti\/14-lumpi-iz-3-a\/\"><img loading=\"lazy\" decoding=\"async\" width=\"517\" height=\"720\" data-id=\"425\" src=\"https:\/\/tolovaj.com\/trgovina\/wp-content\/uploads\/2024\/06\/01-Lumpi_3a-Naslovka-brez.jpg\" alt=\"\" class=\"wp-image-425\" srcset=\"https:\/\/tolovaj.com\/trgovina\/wp-content\/uploads\/2024\/06\/01-Lumpi_3a-Naslovka-brez.jpg 517w, https:\/\/tolovaj.com\/trgovina\/wp-content\/uploads\/2024\/06\/01-Lumpi_3a-Naslovka-brez-215x300.jpg 215w\" sizes=\"auto, (max-width: 517px) 100vw, 517px\" \/><\/a><\/figure>\n\n\n\n<figure class=\"wp-block-image size-large\"><a href=\"https:\/\/tolovaj.com\/trgovina\/zbirka-lumpi-lumpasti\/18-spet-lumpi-iz-3-a\/\"><img loading=\"lazy\" decoding=\"async\" width=\"471\" height=\"683\" data-id=\"423\" src=\"https:\/\/tolovaj.com\/trgovina\/wp-content\/uploads\/2024\/06\/02-Spet_lumpi-Naslovka-brez.jpg\" alt=\"\" class=\"wp-image-423\" srcset=\"https:\/\/tolovaj.com\/trgovina\/wp-content\/uploads\/2024\/06\/02-Spet_lumpi-Naslovka-brez.jpg 471w, https:\/\/tolovaj.com\/trgovina\/wp-content\/uploads\/2024\/06\/02-Spet_lumpi-Naslovka-brez-207x300.jpg 207w\" sizes=\"auto, (max-width: 471px) 100vw, 471px\" \/><\/a><\/figure>\n\n\n\n<figure class=\"wp-block-image size-large\"><a href=\"https:\/\/tolovaj.com\/trgovina\/zbirka-lumpi-lumpasti\/22-lumpi-iz-3-a-in-lumpi-iz-3-b\/\"><img loading=\"lazy\" decoding=\"async\" width=\"505\" height=\"715\" data-id=\"428\" src=\"https:\/\/tolovaj.com\/trgovina\/wp-content\/uploads\/2024\/06\/03-Lumpi-3a_in_3b-Naslovka-brez.jpg\" alt=\"\" class=\"wp-image-428\" srcset=\"https:\/\/tolovaj.com\/trgovina\/wp-content\/uploads\/2024\/06\/03-Lumpi-3a_in_3b-Naslovka-brez.jpg 505w, https:\/\/tolovaj.com\/trgovina\/wp-content\/uploads\/2024\/06\/03-Lumpi-3a_in_3b-Naslovka-brez-212x300.jpg 212w\" sizes=\"auto, (max-width: 505px) 100vw, 505px\" \/><\/a><\/figure>\n\n\n\n<figure class=\"wp-block-image size-large\"><a href=\"https:\/\/tolovaj.com\/trgovina\/zbirka-lumpi-lumpasti\/25-lumpi-iz-3-a-se-ne-dajo\/\"><img loading=\"lazy\" decoding=\"async\" width=\"547\" height=\"792\" data-id=\"424\" src=\"https:\/\/tolovaj.com\/trgovina\/wp-content\/uploads\/2024\/06\/04-Lumpi_se_ne_dajo-Naslovka-Brez-01.jpg\" alt=\"\" class=\"wp-image-424\" srcset=\"https:\/\/tolovaj.com\/trgovina\/wp-content\/uploads\/2024\/06\/04-Lumpi_se_ne_dajo-Naslovka-Brez-01.jpg 547w, https:\/\/tolovaj.com\/trgovina\/wp-content\/uploads\/2024\/06\/04-Lumpi_se_ne_dajo-Naslovka-Brez-01-207x300.jpg 207w\" sizes=\"auto, (max-width: 547px) 100vw, 547px\" \/><\/a><\/figure>\n\n\n\n<figure class=\"wp-block-image size-large\"><a href=\"https:\/\/tolovaj.com\/trgovina\/zbirka-lumpi-lumpasti\/32-lumpi-iz-4-a\/\"><img loading=\"lazy\" decoding=\"async\" width=\"548\" height=\"795\" data-id=\"426\" src=\"https:\/\/tolovaj.com\/trgovina\/wp-content\/uploads\/2024\/06\/05-lumpi-iz-4a-Naslovka.jpg\" alt=\"\" class=\"wp-image-426\" srcset=\"https:\/\/tolovaj.com\/trgovina\/wp-content\/uploads\/2024\/06\/05-lumpi-iz-4a-Naslovka.jpg 548w, https:\/\/tolovaj.com\/trgovina\/wp-content\/uploads\/2024\/06\/05-lumpi-iz-4a-Naslovka-207x300.jpg 207w\" sizes=\"auto, (max-width: 548px) 100vw, 548px\" \/><\/a><\/figure>\n\n\n\n<figure class=\"wp-block-image size-large\"><a href=\"https:\/\/tolovaj.com\/trgovina\/zbirka-lumpi-lumpasti\/31-lumpi-iz-3-a-so-nekulturni\/\"><img loading=\"lazy\" decoding=\"async\" width=\"546\" height=\"800\" data-id=\"427\" src=\"https:\/\/tolovaj.com\/trgovina\/wp-content\/uploads\/2024\/06\/06-lumpi-so-nekulturni-naslovka.jpg\" alt=\"\" class=\"wp-image-427\" srcset=\"https:\/\/tolovaj.com\/trgovina\/wp-content\/uploads\/2024\/06\/06-lumpi-so-nekulturni-naslovka.jpg 546w, https:\/\/tolovaj.com\/trgovina\/wp-content\/uploads\/2024\/06\/06-lumpi-so-nekulturni-naslovka-205x300.jpg 205w\" sizes=\"auto, (max-width: 546px) 100vw, 546px\" \/><\/a><\/figure>\n\n\n\n<figure class=\"wp-block-image size-large\"><a href=\"https:\/\/tolovaj.com\/trgovina\/zbirka-lumpi-lumpasti\/26-lumpi-iz-3-a-so-romanticni\/\"><img loading=\"lazy\" decoding=\"async\" width=\"509\" height=\"714\" data-id=\"429\" src=\"https:\/\/tolovaj.com\/trgovina\/wp-content\/uploads\/2024\/06\/07-Lumpi_romanticni-Naslovka-brez.jpg\" alt=\"\" class=\"wp-image-429\" srcset=\"https:\/\/tolovaj.com\/trgovina\/wp-content\/uploads\/2024\/06\/07-Lumpi_romanticni-Naslovka-brez.jpg 509w, https:\/\/tolovaj.com\/trgovina\/wp-content\/uploads\/2024\/06\/07-Lumpi_romanticni-Naslovka-brez-214x300.jpg 214w\" sizes=\"auto, (max-width: 509px) 100vw, 509px\" \/><\/a><\/figure>\n<\/figure>\n\n\n<ul class=\"wp-block-page-list\"><li class=\"wp-block-pages-list__item\"><a class=\"wp-block-pages-list__item__link\" href=\"https:\/\/tolovaj.com\/trgovina\/zbirka-lumpi-lumpasti\/14-lumpi-iz-3-a\/\">Lumpi iz 3.a<\/a><\/li><li class=\"wp-block-pages-list__item\"><a class=\"wp-block-pages-list__item__link\" href=\"https:\/\/tolovaj.com\/trgovina\/zbirka-lumpi-lumpasti\/22-lumpi-iz-3-a-in-lumpi-iz-3-b\/\">Lumpi iz 3.a in lumpi iz 3.b<\/a><\/li><li class=\"wp-block-pages-list__item\"><a class=\"wp-block-pages-list__item__link\" href=\"https:\/\/tolovaj.com\/trgovina\/zbirka-lumpi-lumpasti\/25-lumpi-iz-3-a-se-ne-dajo\/\">Lumpi iz 3.a se ne dajo<\/a><\/li><li class=\"wp-block-pages-list__item\"><a class=\"wp-block-pages-list__item__link\" href=\"https:\/\/tolovaj.com\/trgovina\/zbirka-lumpi-lumpasti\/31-lumpi-iz-3-a-so-nekulturni\/\">Lumpi iz 3.a so nekulturni<\/a><\/li><li class=\"wp-block-pages-list__item\"><a class=\"wp-block-pages-list__item__link\" href=\"https:\/\/tolovaj.com\/trgovina\/zbirka-lumpi-lumpasti\/26-lumpi-iz-3-a-so-romanticni\/\">Lumpi iz 3.a so romanticni<\/a><\/li><li class=\"wp-block-pages-list__item\"><a class=\"wp-block-pages-list__item__link\" href=\"https:\/\/tolovaj.com\/trgovina\/zbirka-lumpi-lumpasti\/32-lumpi-iz-4-a\/\">Lumpi iz 4.a<\/a><\/li><li class=\"wp-block-pages-list__item\"><a class=\"wp-block-pages-list__item__link\" href=\"https:\/\/tolovaj.com\/trgovina\/zbirka-lumpi-lumpasti\/18-spet-lumpi-iz-3-a\/\">Spet lumpi iz 3.a<\/a><\/li><\/ul>\n\n\n<div class=\"wp-block-group is-vertical is-content-justification-center is-layout-flex wp-container-core-group-is-layout-838cd1cc wp-block-group-is-layout-flex\" style=\"padding-top:var(--wp--preset--spacing--40);padding-bottom:var(--wp--preset--spacing--50)\"><div class=\"is-default-size wp-block-site-logo\"><a href=\"https:\/\/tolovaj.com\/trgovina\/\" class=\"custom-logo-link\" rel=\"home\"><img loading=\"lazy\" decoding=\"async\" width=\"500\" height=\"479\" src=\"https:\/\/tolovaj.com\/trgovina\/wp-content\/uploads\/2024\/06\/jezna-gospa.png\" class=\"custom-logo\" alt=\"Zalo\u017eba Tolovaj\" srcset=\"https:\/\/tolovaj.com\/trgovina\/wp-content\/uploads\/2024\/06\/jezna-gospa.png 500w, https:\/\/tolovaj.com\/trgovina\/wp-content\/uploads\/2024\/06\/jezna-gospa-300x287.png 300w\" sizes=\"auto, (max-width: 500px) 100vw, 500px\" \/><\/a><\/div>\n\n\n<p><strong>Slikanice in knjige za otroke od dveh let naprej. Raznolika ponudba, ugodne cene, smo strokovnjaki za pravljice.<\/strong><\/p>\n\n\n\n<p>Vse pravice pridr\u017eane. \u00a9 2010 &#8211; 2025<\/p>\n\n\n\n<p class=\"has-text-align-center has-secondary-color has-text-color has-link-color has-small-font-size wp-elements-c04d1eb07621d3e55b93fd705b6e6bac\">\n\tDesigned with <a href=\"https:\/\/wordpress.org\" rel=\"nofollow\">WordPress<\/a>\t<\/p>\n<\/div>\n","protected":false},"excerpt":{"rendered":"<p>Zbirka Lumpi lumpasti je zbirka knji\u017eic v priro\u010dnem formatu A5. S platnicami vred (in v tej zbirki bralci preberejo tudi platnice!) ima vsaka 56 strani, a \u0161e pomembneje je, da vsaka prina\u0161a kar \u0161est zgodbic o najpredrznej\u0161ih, najzabavnej\u0161ih in sploh najbolj nemogo\u010dih lumpih, kar jih je videl svet. Lumpi iz 3. a so neiz\u010drpen vir [&hellip;]<\/p>\n","protected":false},"author":1,"featured_media":0,"parent":0,"menu_order":0,"comment_status":"closed","ping_status":"closed","template":"","meta":{"footnotes":""},"class_list":["post-418","page","type-page","status-publish","hentry"],"_links":{"self":[{"href":"https:\/\/tolovaj.com\/trgovina\/wp-json\/wp\/v2\/pages\/418","targetHints":{"allow":["GET"]}}],"collection":[{"href":"https:\/\/tolovaj.com\/trgovina\/wp-json\/wp\/v2\/pages"}],"about":[{"href":"https:\/\/tolovaj.com\/trgovina\/wp-json\/wp\/v2\/types\/page"}],"author":[{"embeddable":true,"href":"https:\/\/tolovaj.com\/trgovina\/wp-json\/wp\/v2\/users\/1"}],"replies":[{"embeddable":true,"href":"https:\/\/tolovaj.com\/trgovina\/wp-json\/wp\/v2\/comments?post=418"}],"version-history":[{"count":3,"href":"https:\/\/tolovaj.com\/trgovina\/wp-json\/wp\/v2\/pages\/418\/revisions"}],"predecessor-version":[{"id":583,"href":"https:\/\/tolovaj.com\/trgovina\/wp-json\/wp\/v2\/pages\/418\/revisions\/583"}],"wp:attachment":[{"href":"https:\/\/tolovaj.com\/trgovina\/wp-json\/wp\/v2\/media?parent=418"}],"curies":[{"name":"wp","href":"https:\/\/api.w.org\/{rel}","templated":true}]}}