{"id":403,"date":"2024-06-30T16:35:15","date_gmt":"2024-06-30T16:35:15","guid":{"rendered":"https:\/\/tolovaj.com\/trgovina1\/?page_id=403"},"modified":"2024-07-01T17:35:35","modified_gmt":"2024-07-01T17:35:35","slug":"27-masa","status":"publish","type":"page","link":"https:\/\/tolovaj.com\/trgovina\/zbirka-tamale-za-tamale\/27-masa\/","title":{"rendered":"Ma\u0161a"},"content":{"rendered":"\n<div class=\"wp-block-media-text is-stacked-on-mobile is-vertically-aligned-top\"><figure class=\"wp-block-media-text__media\"><img loading=\"lazy\" decoding=\"async\" width=\"506\" height=\"731\" src=\"https:\/\/tolovaj.com\/trgovina\/wp-content\/uploads\/2024\/06\/Masa-Naslovka-1.jpg\" alt=\"\" class=\"wp-image-406 size-full\" srcset=\"https:\/\/tolovaj.com\/trgovina\/wp-content\/uploads\/2024\/06\/Masa-Naslovka-1.jpg 506w, https:\/\/tolovaj.com\/trgovina\/wp-content\/uploads\/2024\/06\/Masa-Naslovka-1-208x300.jpg 208w\" sizes=\"auto, (max-width: 506px) 100vw, 506px\" \/><\/figure><div class=\"wp-block-media-text__content\">\n<p>Bo zve\u010der mami uspavala Ma\u0161o ali obratno? Kaj storiti, ko za tvoj skrivni koti\u010dek izve preve\u010d ljudi? Kako Ma\u0161a pomaga pri nakupovanju? Bo Miklav\u017e na\u0161el Ma\u0161o tudi pri babici? Kdo bo zmagal v bitki za klop z najlep\u0161im razgledom? Kako naj Ma\u0161a star\u0161e prepri\u010da, da je \u017ee zrasla v pravo gospo?<\/p>\n\n\n\n<p>Ma\u0161a je navihana deklica, ki svoje vsakdanje te\u017eave re\u0161uje z izjemno domiselnostjo in dobro mero humorja. Zbirko kratkih zgodbic dopolnjujejo ljubke in duhovite ilustracije.<\/p>\n\n\n\n<p><a href=\"http:\/\/www.tolovaj.com\/vsebina\/tolovajeva-votlina\" target=\"_blank\" rel=\"noreferrer noopener\">Cena:&nbsp; 17,99 EUR za kos<\/a><\/p>\n\n\n\n<p>Avtor: Tomo Ko\u010dar<br>Vrsta: knjiga<br>Leto izdaje: 2010<br>\u0160tevilo strani: 56<br>Format: trda vezava, A5&nbsp;<\/p>\n<\/div><\/div>\n\n\n\n<figure class=\"wp-block-gallery has-nested-images columns-default is-cropped wp-block-gallery-1 is-layout-flex wp-block-gallery-is-layout-flex\">\n<figure class=\"wp-block-image size-large\"><img loading=\"lazy\" decoding=\"async\" width=\"536\" height=\"733\" data-id=\"410\" src=\"https:\/\/tolovaj.com\/trgovina\/wp-content\/uploads\/2024\/06\/Zgodbice_za_otroke-Masa-02.jpg\" alt=\"\" class=\"wp-image-410\" srcset=\"https:\/\/tolovaj.com\/trgovina\/wp-content\/uploads\/2024\/06\/Zgodbice_za_otroke-Masa-02.jpg 536w, https:\/\/tolovaj.com\/trgovina\/wp-content\/uploads\/2024\/06\/Zgodbice_za_otroke-Masa-02-219x300.jpg 219w\" sizes=\"auto, (max-width: 536px) 100vw, 536px\" \/><\/figure>\n\n\n\n<figure class=\"wp-block-image size-large\"><img loading=\"lazy\" decoding=\"async\" width=\"513\" height=\"659\" data-id=\"409\" src=\"https:\/\/tolovaj.com\/trgovina\/wp-content\/uploads\/2024\/06\/Zgodbice_za_otroke-Masa-03.jpg\" alt=\"\" class=\"wp-image-409\" srcset=\"https:\/\/tolovaj.com\/trgovina\/wp-content\/uploads\/2024\/06\/Zgodbice_za_otroke-Masa-03.jpg 513w, https:\/\/tolovaj.com\/trgovina\/wp-content\/uploads\/2024\/06\/Zgodbice_za_otroke-Masa-03-234x300.jpg 234w\" sizes=\"auto, (max-width: 513px) 100vw, 513px\" \/><\/figure>\n\n\n\n<figure class=\"wp-block-image size-large\"><img loading=\"lazy\" decoding=\"async\" width=\"529\" height=\"706\" data-id=\"413\" src=\"https:\/\/tolovaj.com\/trgovina\/wp-content\/uploads\/2024\/06\/Zgodbice_za_otroke-Masa-04.jpg\" alt=\"\" class=\"wp-image-413\" srcset=\"https:\/\/tolovaj.com\/trgovina\/wp-content\/uploads\/2024\/06\/Zgodbice_za_otroke-Masa-04.jpg 529w, https:\/\/tolovaj.com\/trgovina\/wp-content\/uploads\/2024\/06\/Zgodbice_za_otroke-Masa-04-225x300.jpg 225w\" sizes=\"auto, (max-width: 529px) 100vw, 529px\" \/><\/figure>\n\n\n\n<figure class=\"wp-block-image size-large\"><img loading=\"lazy\" decoding=\"async\" width=\"503\" height=\"691\" data-id=\"411\" src=\"https:\/\/tolovaj.com\/trgovina\/wp-content\/uploads\/2024\/06\/Zgodbice_za_otroke-Masa-05.jpg\" alt=\"\" class=\"wp-image-411\" srcset=\"https:\/\/tolovaj.com\/trgovina\/wp-content\/uploads\/2024\/06\/Zgodbice_za_otroke-Masa-05.jpg 503w, https:\/\/tolovaj.com\/trgovina\/wp-content\/uploads\/2024\/06\/Zgodbice_za_otroke-Masa-05-218x300.jpg 218w\" sizes=\"auto, (max-width: 503px) 100vw, 503px\" \/><\/figure>\n\n\n\n<figure class=\"wp-block-image size-large\"><img loading=\"lazy\" decoding=\"async\" width=\"529\" height=\"697\" data-id=\"412\" src=\"https:\/\/tolovaj.com\/trgovina\/wp-content\/uploads\/2024\/06\/Zgodbice_za_otroke-Masa-06.jpg\" alt=\"\" class=\"wp-image-412\" srcset=\"https:\/\/tolovaj.com\/trgovina\/wp-content\/uploads\/2024\/06\/Zgodbice_za_otroke-Masa-06.jpg 529w, https:\/\/tolovaj.com\/trgovina\/wp-content\/uploads\/2024\/06\/Zgodbice_za_otroke-Masa-06-228x300.jpg 228w\" sizes=\"auto, (max-width: 529px) 100vw, 529px\" \/><\/figure>\n\n\n\n<figure class=\"wp-block-image size-large\"><img loading=\"lazy\" decoding=\"async\" width=\"529\" height=\"697\" data-id=\"414\" src=\"https:\/\/tolovaj.com\/trgovina\/wp-content\/uploads\/2024\/06\/Zgodbice_za_otroke-Masa-08.jpg\" alt=\"\" class=\"wp-image-414\" srcset=\"https:\/\/tolovaj.com\/trgovina\/wp-content\/uploads\/2024\/06\/Zgodbice_za_otroke-Masa-08.jpg 529w, https:\/\/tolovaj.com\/trgovina\/wp-content\/uploads\/2024\/06\/Zgodbice_za_otroke-Masa-08-228x300.jpg 228w\" sizes=\"auto, (max-width: 529px) 100vw, 529px\" \/><\/figure>\n<\/figure>\n","protected":false},"excerpt":{"rendered":"<p>Bo zve\u010der mami uspavala Ma\u0161o ali obratno? Kaj storiti, ko za tvoj skrivni koti\u010dek izve preve\u010d ljudi? Kako Ma\u0161a pomaga pri nakupovanju? Bo Miklav\u017e na\u0161el Ma\u0161o tudi pri babici? Kdo bo zmagal v bitki za klop z najlep\u0161im razgledom? Kako naj Ma\u0161a star\u0161e prepri\u010da, da je \u017ee zrasla v pravo gospo? Ma\u0161a je navihana deklica, [&hellip;]<\/p>\n","protected":false},"author":1,"featured_media":0,"parent":391,"menu_order":1,"comment_status":"closed","ping_status":"closed","template":"page-with-sidebar","meta":{"footnotes":""},"class_list":["post-403","page","type-page","status-publish","hentry"],"_links":{"self":[{"href":"https:\/\/tolovaj.com\/trgovina\/wp-json\/wp\/v2\/pages\/403","targetHints":{"allow":["GET"]}}],"collection":[{"href":"https:\/\/tolovaj.com\/trgovina\/wp-json\/wp\/v2\/pages"}],"about":[{"href":"https:\/\/tolovaj.com\/trgovina\/wp-json\/wp\/v2\/types\/page"}],"author":[{"embeddable":true,"href":"https:\/\/tolovaj.com\/trgovina\/wp-json\/wp\/v2\/users\/1"}],"replies":[{"embeddable":true,"href":"https:\/\/tolovaj.com\/trgovina\/wp-json\/wp\/v2\/comments?post=403"}],"version-history":[{"count":1,"href":"https:\/\/tolovaj.com\/trgovina\/wp-json\/wp\/v2\/pages\/403\/revisions"}],"predecessor-version":[{"id":415,"href":"https:\/\/tolovaj.com\/trgovina\/wp-json\/wp\/v2\/pages\/403\/revisions\/415"}],"up":[{"embeddable":true,"href":"https:\/\/tolovaj.com\/trgovina\/wp-json\/wp\/v2\/pages\/391"}],"wp:attachment":[{"href":"https:\/\/tolovaj.com\/trgovina\/wp-json\/wp\/v2\/media?parent=403"}],"curies":[{"name":"wp","href":"https:\/\/api.w.org\/{rel}","templated":true}]}}