{"id":391,"date":"2024-06-30T16:31:53","date_gmt":"2024-06-30T16:31:53","guid":{"rendered":"https:\/\/tolovaj.com\/trgovina1\/?page_id=391"},"modified":"2024-07-09T08:35:41","modified_gmt":"2024-07-09T08:35:41","slug":"zbirka-tamale-za-tamale","status":"publish","type":"page","link":"https:\/\/tolovaj.com\/trgovina\/zbirka-tamale-za-tamale\/","title":{"rendered":"Zbirka Tamale za tamale"},"content":{"rendered":"\n<p>Zbirka Tamale za tamale je zbirka knji\u017eic v priro\u010dnem formatu A5, ki je kot nala\u0161\u010d za male otro\u0161ke ro\u010dice, ki naj bi \u017ee bile dovolj spretne za samostojno listanje. S platnicami vred ima 56 strani, v vsaki knjigi pa najdemo \u0161est zgodbic z barvnimi ilustracijami. Namenjena je pred\u0161olskim otrokom in otrokom ni\u017ejih razredov osnovne \u0161ole.<\/p>\n\n\n\n<p>Zna\u010dilnost zbirke je zdru\u017eitev razli\u010dnih zgodb, v katerih sicer nastopajo isti liki, a je vsaka zgodba zase zaklju\u010dena celota. Pripovedi so dovolj dolge, da zadovoljijo pri\u010dakovanja po pravljici za lahko no\u010d in dovolj kratke, da si jih bralec ali poslu\u0161alec z malo bolj\u0161o \u2018kondicijo\u2019 lahko privo\u0161\u010di naenkrat.<\/p>\n\n\n\n<p>Zgodbe v zbirki Tamale za tamale so odli\u010dna prilo\u017enost za postopen prehod od branja v naro\u010dju k samostojnemu branju. \u010ceprav so zgodbice v zbirki \u0161e vedno ilustrirane, \u017ee dajejo poudarek besedilu, kar vzpodbuja otrokovo domi\u0161ljijo. Zapleti so preprosti, zabavni, skrita sporo\u010dila dajejo tudi dovolj izto\u010dnic za kak globji pogovor.<\/p>\n\n\n\n<p>Knjige v zbirki so torej zasnovane tako, da rasejo skupaj z otrokom. Pri \u0161tirih ali petih letih otroci pripovedi sledijo s pomo\u010djo slik, ob vstopu v \u0161olo jim spomin na \u017ee sli\u0161ane zgodbice pomaga utrjevati abecedo (\u0161e vedno ob pomo\u010di izku\u0161enega bralca), leto ali dve kasneje pa povsem samostojno u\u017eivajo ob zgodbah.<\/p>\n\n\n\n<figure class=\"wp-block-gallery has-nested-images columns-default is-cropped wp-block-gallery-1 is-layout-flex wp-block-gallery-is-layout-flex\">\n<figure class=\"wp-block-image size-large\"><a href=\"https:\/\/tolovaj.com\/trgovina\/zbirka-tamale-za-tamale\/27-masa\/\"><img loading=\"lazy\" decoding=\"async\" width=\"506\" height=\"731\" data-id=\"398\" src=\"https:\/\/tolovaj.com\/trgovina\/wp-content\/uploads\/2024\/06\/Masa-Naslovka.jpg\" alt=\"\" class=\"wp-image-398\" srcset=\"https:\/\/tolovaj.com\/trgovina\/wp-content\/uploads\/2024\/06\/Masa-Naslovka.jpg 506w, https:\/\/tolovaj.com\/trgovina\/wp-content\/uploads\/2024\/06\/Masa-Naslovka-208x300.jpg 208w\" sizes=\"auto, (max-width: 506px) 100vw, 506px\" \/><\/a><\/figure>\n\n\n\n<figure class=\"wp-block-image size-large\"><a href=\"https:\/\/tolovaj.com\/trgovina\/zbirka-tamale-za-tamale\/27-masa\/\"><img loading=\"lazy\" decoding=\"async\" width=\"493\" height=\"685\" data-id=\"396\" src=\"https:\/\/tolovaj.com\/trgovina\/wp-content\/uploads\/2024\/06\/Zadnja-01.jpg\" alt=\"\" class=\"wp-image-396\" srcset=\"https:\/\/tolovaj.com\/trgovina\/wp-content\/uploads\/2024\/06\/Zadnja-01.jpg 493w, https:\/\/tolovaj.com\/trgovina\/wp-content\/uploads\/2024\/06\/Zadnja-01-216x300.jpg 216w\" sizes=\"auto, (max-width: 493px) 100vw, 493px\" \/><\/a><\/figure>\n\n\n\n<figure class=\"wp-block-image size-full\"><a href=\"https:\/\/tolovaj.com\/trgovina\/zbirka-tamale-za-tamale\/27-masa\/\"><img loading=\"lazy\" decoding=\"async\" width=\"445\" height=\"584\" data-id=\"399\" src=\"https:\/\/tolovaj.com\/trgovina\/wp-content\/uploads\/2024\/06\/Masa-01-1.jpg\" alt=\"\" class=\"wp-image-399\" srcset=\"https:\/\/tolovaj.com\/trgovina\/wp-content\/uploads\/2024\/06\/Masa-01-1.jpg 445w, https:\/\/tolovaj.com\/trgovina\/wp-content\/uploads\/2024\/06\/Masa-01-1-229x300.jpg 229w\" sizes=\"auto, (max-width: 445px) 100vw, 445px\" \/><\/a><\/figure>\n<\/figure>\n\n\n<ul class=\"wp-block-page-list\"><li class=\"wp-block-pages-list__item\"><a class=\"wp-block-pages-list__item__link\" href=\"https:\/\/tolovaj.com\/trgovina\/zbirka-tamale-za-tamale\/27-masa\/\">Ma\u0161a<\/a><\/li><\/ul>\n\n\n<div class=\"wp-block-group is-vertical is-content-justification-center is-layout-flex wp-container-core-group-is-layout-838cd1cc wp-block-group-is-layout-flex\" style=\"padding-top:var(--wp--preset--spacing--40);padding-bottom:var(--wp--preset--spacing--50)\"><div class=\"is-default-size wp-block-site-logo\"><a href=\"https:\/\/tolovaj.com\/trgovina\/\" class=\"custom-logo-link\" rel=\"home\"><img loading=\"lazy\" decoding=\"async\" width=\"500\" height=\"479\" src=\"https:\/\/tolovaj.com\/trgovina\/wp-content\/uploads\/2024\/06\/jezna-gospa.png\" class=\"custom-logo\" alt=\"Zalo\u017eba Tolovaj\" srcset=\"https:\/\/tolovaj.com\/trgovina\/wp-content\/uploads\/2024\/06\/jezna-gospa.png 500w, https:\/\/tolovaj.com\/trgovina\/wp-content\/uploads\/2024\/06\/jezna-gospa-300x287.png 300w\" sizes=\"auto, (max-width: 500px) 100vw, 500px\" \/><\/a><\/div>\n\n\n<p><strong>Slikanice in knjige za otroke od dveh let naprej. Raznolika ponudba, ugodne cene, smo strokovnjaki za pravljice.<\/strong><\/p>\n\n\n\n<p>Vse pravice pridr\u017eane. \u00a9 2010 &#8211; 2025<\/p>\n\n\n\n<p class=\"has-text-align-center has-secondary-color has-text-color has-link-color has-small-font-size wp-elements-c04d1eb07621d3e55b93fd705b6e6bac\">\n\tDesigned with <a href=\"https:\/\/wordpress.org\" rel=\"nofollow\">WordPress<\/a>\t<\/p>\n<\/div>\n","protected":false},"excerpt":{"rendered":"<p>Zbirka Tamale za tamale je zbirka knji\u017eic v priro\u010dnem formatu A5, ki je kot nala\u0161\u010d za male otro\u0161ke ro\u010dice, ki naj bi \u017ee bile dovolj spretne za samostojno listanje. S platnicami vred ima 56 strani, v vsaki knjigi pa najdemo \u0161est zgodbic z barvnimi ilustracijami. Namenjena je pred\u0161olskim otrokom in otrokom ni\u017ejih razredov osnovne \u0161ole. [&hellip;]<\/p>\n","protected":false},"author":1,"featured_media":0,"parent":0,"menu_order":0,"comment_status":"closed","ping_status":"closed","template":"","meta":{"footnotes":""},"class_list":["post-391","page","type-page","status-publish","hentry"],"_links":{"self":[{"href":"https:\/\/tolovaj.com\/trgovina\/wp-json\/wp\/v2\/pages\/391","targetHints":{"allow":["GET"]}}],"collection":[{"href":"https:\/\/tolovaj.com\/trgovina\/wp-json\/wp\/v2\/pages"}],"about":[{"href":"https:\/\/tolovaj.com\/trgovina\/wp-json\/wp\/v2\/types\/page"}],"author":[{"embeddable":true,"href":"https:\/\/tolovaj.com\/trgovina\/wp-json\/wp\/v2\/users\/1"}],"replies":[{"embeddable":true,"href":"https:\/\/tolovaj.com\/trgovina\/wp-json\/wp\/v2\/comments?post=391"}],"version-history":[{"count":3,"href":"https:\/\/tolovaj.com\/trgovina\/wp-json\/wp\/v2\/pages\/391\/revisions"}],"predecessor-version":[{"id":584,"href":"https:\/\/tolovaj.com\/trgovina\/wp-json\/wp\/v2\/pages\/391\/revisions\/584"}],"wp:attachment":[{"href":"https:\/\/tolovaj.com\/trgovina\/wp-json\/wp\/v2\/media?parent=391"}],"curies":[{"name":"wp","href":"https:\/\/api.w.org\/{rel}","templated":true}]}}