{"id":375,"date":"2024-06-30T16:22:39","date_gmt":"2024-06-30T16:22:39","guid":{"rendered":"https:\/\/tolovaj.com\/trgovina1\/?page_id=375"},"modified":"2024-07-01T17:35:08","modified_gmt":"2024-07-01T17:35:08","slug":"30-moja-moja-moja","status":"publish","type":"page","link":"https:\/\/tolovaj.com\/trgovina\/zbirka-tolovaj\/30-moja-moja-moja\/","title":{"rendered":"Moja moja moja"},"content":{"rendered":"\n<div class=\"wp-block-media-text is-stacked-on-mobile is-vertically-aligned-top\"><figure class=\"wp-block-media-text__media\"><img loading=\"lazy\" decoding=\"async\" width=\"592\" height=\"851\" src=\"https:\/\/tolovaj.com\/trgovina\/wp-content\/uploads\/2024\/06\/moja-moja-moja-Naslovka-592.jpg\" alt=\"\" class=\"wp-image-378 size-full\" srcset=\"https:\/\/tolovaj.com\/trgovina\/wp-content\/uploads\/2024\/06\/moja-moja-moja-Naslovka-592.jpg 592w, https:\/\/tolovaj.com\/trgovina\/wp-content\/uploads\/2024\/06\/moja-moja-moja-Naslovka-592-209x300.jpg 209w\" sizes=\"auto, (max-width: 592px) 100vw, 592px\" \/><\/figure><div class=\"wp-block-media-text__content\">\n<p>Zaj\u010dka si \u017ee dalj \u010dasa ogledujeta njivo s slastnim zeljem. Ko se lotita pospravljanja, se za eno izmed zeljnih glav nikakor ne moreta dogovoriti, \u010digava bo. \u0160e enkrat ve\u010d se izka\u017ee, da pravilo o dveh, ki se prepirata, tretji pa ima ob tem dobi\u010dek, \u0161e kako dr\u017ei.<\/p>\n\n\n\n<p>Kratko zabavno prigodo, z znanim motivom, a povedano na sve\u017e na\u010din, odli\u010dno razgibajo prikupne ilustracije.<\/p>\n\n\n\n<p><a href=\"http:\/\/www.tolovaj.com\/vsebina\/tolovajeva-votlina\" target=\"_blank\" rel=\"noreferrer noopener\">Cena:&nbsp; 18,99 EUR za kos<\/a><\/p>\n\n\n\n<p>Avtor: Tomo Ko\u010dar<br>Vrsta: slikanica<br>Leto izdaje: 2011<br>\u0160tevilo strani: 32<br>Format: trda vezava, A4&nbsp;<\/p>\n<\/div><\/div>\n\n\n\n<figure class=\"wp-block-gallery has-nested-images columns-default is-cropped wp-block-gallery-1 is-layout-flex wp-block-gallery-is-layout-flex\">\n<figure class=\"wp-block-image size-large\"><img loading=\"lazy\" decoding=\"async\" width=\"432\" height=\"597\" data-id=\"381\" src=\"https:\/\/tolovaj.com\/trgovina\/wp-content\/uploads\/2024\/06\/moja-moja-moja-001.jpg\" alt=\"\" class=\"wp-image-381\" srcset=\"https:\/\/tolovaj.com\/trgovina\/wp-content\/uploads\/2024\/06\/moja-moja-moja-001.jpg 432w, https:\/\/tolovaj.com\/trgovina\/wp-content\/uploads\/2024\/06\/moja-moja-moja-001-217x300.jpg 217w\" sizes=\"auto, (max-width: 432px) 100vw, 432px\" \/><\/figure>\n\n\n\n<figure class=\"wp-block-image size-large\"><img loading=\"lazy\" decoding=\"async\" width=\"569\" height=\"808\" data-id=\"383\" src=\"https:\/\/tolovaj.com\/trgovina\/wp-content\/uploads\/2024\/06\/moja-moja-moja-002.jpg\" alt=\"\" class=\"wp-image-383\" srcset=\"https:\/\/tolovaj.com\/trgovina\/wp-content\/uploads\/2024\/06\/moja-moja-moja-002.jpg 569w, https:\/\/tolovaj.com\/trgovina\/wp-content\/uploads\/2024\/06\/moja-moja-moja-002-211x300.jpg 211w\" sizes=\"auto, (max-width: 569px) 100vw, 569px\" \/><\/figure>\n\n\n\n<figure class=\"wp-block-image size-large\"><img loading=\"lazy\" decoding=\"async\" width=\"439\" height=\"576\" data-id=\"382\" src=\"https:\/\/tolovaj.com\/trgovina\/wp-content\/uploads\/2024\/06\/moja-moja-moja-003.jpg\" alt=\"\" class=\"wp-image-382\" srcset=\"https:\/\/tolovaj.com\/trgovina\/wp-content\/uploads\/2024\/06\/moja-moja-moja-003.jpg 439w, https:\/\/tolovaj.com\/trgovina\/wp-content\/uploads\/2024\/06\/moja-moja-moja-003-229x300.jpg 229w\" sizes=\"auto, (max-width: 439px) 100vw, 439px\" \/><\/figure>\n\n\n\n<figure class=\"wp-block-image size-large\"><img loading=\"lazy\" decoding=\"async\" width=\"566\" height=\"807\" data-id=\"385\" src=\"https:\/\/tolovaj.com\/trgovina\/wp-content\/uploads\/2024\/06\/moja-moja-moja-006.jpg\" alt=\"\" class=\"wp-image-385\" srcset=\"https:\/\/tolovaj.com\/trgovina\/wp-content\/uploads\/2024\/06\/moja-moja-moja-006.jpg 566w, https:\/\/tolovaj.com\/trgovina\/wp-content\/uploads\/2024\/06\/moja-moja-moja-006-210x300.jpg 210w\" sizes=\"auto, (max-width: 566px) 100vw, 566px\" \/><\/figure>\n\n\n\n<figure class=\"wp-block-image size-large\"><img loading=\"lazy\" decoding=\"async\" width=\"496\" height=\"627\" data-id=\"386\" src=\"https:\/\/tolovaj.com\/trgovina\/wp-content\/uploads\/2024\/06\/moja-moja-moja-007.jpg\" alt=\"\" class=\"wp-image-386\" srcset=\"https:\/\/tolovaj.com\/trgovina\/wp-content\/uploads\/2024\/06\/moja-moja-moja-007.jpg 496w, https:\/\/tolovaj.com\/trgovina\/wp-content\/uploads\/2024\/06\/moja-moja-moja-007-237x300.jpg 237w\" sizes=\"auto, (max-width: 496px) 100vw, 496px\" \/><\/figure>\n\n\n\n<figure class=\"wp-block-image size-large\"><img loading=\"lazy\" decoding=\"async\" width=\"564\" height=\"805\" data-id=\"384\" src=\"https:\/\/tolovaj.com\/trgovina\/wp-content\/uploads\/2024\/06\/moja-moja-moja-010.jpg\" alt=\"\" class=\"wp-image-384\" srcset=\"https:\/\/tolovaj.com\/trgovina\/wp-content\/uploads\/2024\/06\/moja-moja-moja-010.jpg 564w, https:\/\/tolovaj.com\/trgovina\/wp-content\/uploads\/2024\/06\/moja-moja-moja-010-210x300.jpg 210w\" sizes=\"auto, (max-width: 564px) 100vw, 564px\" \/><\/figure>\n<\/figure>\n","protected":false},"excerpt":{"rendered":"<p>Zaj\u010dka si \u017ee dalj \u010dasa ogledujeta njivo s slastnim zeljem. Ko se lotita pospravljanja, se za eno izmed zeljnih glav nikakor ne moreta dogovoriti, \u010digava bo. \u0160e enkrat ve\u010d se izka\u017ee, da pravilo o dveh, ki se prepirata, tretji pa ima ob tem dobi\u010dek, \u0161e kako dr\u017ei. Kratko zabavno prigodo, z znanim motivom, a povedano [&hellip;]<\/p>\n","protected":false},"author":1,"featured_media":0,"parent":53,"menu_order":1,"comment_status":"closed","ping_status":"closed","template":"page-with-sidebar","meta":{"footnotes":""},"class_list":["post-375","page","type-page","status-publish","hentry"],"_links":{"self":[{"href":"https:\/\/tolovaj.com\/trgovina\/wp-json\/wp\/v2\/pages\/375","targetHints":{"allow":["GET"]}}],"collection":[{"href":"https:\/\/tolovaj.com\/trgovina\/wp-json\/wp\/v2\/pages"}],"about":[{"href":"https:\/\/tolovaj.com\/trgovina\/wp-json\/wp\/v2\/types\/page"}],"author":[{"embeddable":true,"href":"https:\/\/tolovaj.com\/trgovina\/wp-json\/wp\/v2\/users\/1"}],"replies":[{"embeddable":true,"href":"https:\/\/tolovaj.com\/trgovina\/wp-json\/wp\/v2\/comments?post=375"}],"version-history":[{"count":1,"href":"https:\/\/tolovaj.com\/trgovina\/wp-json\/wp\/v2\/pages\/375\/revisions"}],"predecessor-version":[{"id":387,"href":"https:\/\/tolovaj.com\/trgovina\/wp-json\/wp\/v2\/pages\/375\/revisions\/387"}],"up":[{"embeddable":true,"href":"https:\/\/tolovaj.com\/trgovina\/wp-json\/wp\/v2\/pages\/53"}],"wp:attachment":[{"href":"https:\/\/tolovaj.com\/trgovina\/wp-json\/wp\/v2\/media?parent=375"}],"curies":[{"name":"wp","href":"https:\/\/api.w.org\/{rel}","templated":true}]}}