{"id":359,"date":"2024-06-30T16:19:52","date_gmt":"2024-06-30T16:19:52","guid":{"rendered":"https:\/\/tolovaj.com\/trgovina1\/?page_id=359"},"modified":"2024-07-01T17:34:37","modified_gmt":"2024-07-01T17:34:37","slug":"29-zaljubljeni-zajcek","status":"publish","type":"page","link":"https:\/\/tolovaj.com\/trgovina\/zbirka-tolovaj\/29-zaljubljeni-zajcek\/","title":{"rendered":"Zaljubljeni zaj\u010dek"},"content":{"rendered":"\n<div class=\"wp-block-media-text is-stacked-on-mobile is-vertically-aligned-top\"><figure class=\"wp-block-media-text__media\"><img loading=\"lazy\" decoding=\"async\" width=\"592\" height=\"851\" src=\"https:\/\/tolovaj.com\/trgovina\/wp-content\/uploads\/2024\/06\/zaljubljeni-zajcek-naslovka-592-1.jpg\" alt=\"\" class=\"wp-image-364 size-full\" srcset=\"https:\/\/tolovaj.com\/trgovina\/wp-content\/uploads\/2024\/06\/zaljubljeni-zajcek-naslovka-592-1.jpg 592w, https:\/\/tolovaj.com\/trgovina\/wp-content\/uploads\/2024\/06\/zaljubljeni-zajcek-naslovka-592-1-209x300.jpg 209w\" sizes=\"auto, (max-width: 592px) 100vw, 592px\" \/><\/figure><div class=\"wp-block-media-text__content\">\n<p>Zaj\u010dek se zaljubi v najlep\u0161o zaj\u010dico v gozdu in jo zasnubi s \u0161opkom samih \u0161tiriperesnih deteljic. Ker ga zaj\u010dica zavrne, sklene sezidati grad, da bi nanjo napravil vtis, toda med gradnjo se marsikaj zaplete &#8230; Razplet je za marsikoga v gozdu presenetljiv, a za nikogar nesre\u010den.<\/p>\n\n\n\n<p>Toplo, duhovito zgodbo odli\u010dno dopolnjujejo domiselne ilustracije.<\/p>\n\n\n\n<p><a href=\"http:\/\/www.tolovaj.com\/vsebina\/tolovajeva-votlina\" target=\"_blank\" rel=\"noreferrer noopener\">Cena:&nbsp; 18,99 EUR za kos<\/a><\/p>\n\n\n\n<p>Avtor: Tomo Ko\u010dar<br>Vrsta: slikanica<br>Leto izdaje: 2011<br>\u0160tevilo strani: 32<br>Format: trda vezava, A4&nbsp;<\/p>\n<\/div><\/div>\n\n\n\n<figure class=\"wp-block-gallery has-nested-images columns-default is-cropped wp-block-gallery-1 is-layout-flex wp-block-gallery-is-layout-flex\">\n<figure class=\"wp-block-image size-large\"><img loading=\"lazy\" decoding=\"async\" width=\"438\" height=\"604\" data-id=\"365\" src=\"https:\/\/tolovaj.com\/trgovina\/wp-content\/uploads\/2024\/06\/zaljubljeni-zajcek-001a.jpg\" alt=\"\" class=\"wp-image-365\" srcset=\"https:\/\/tolovaj.com\/trgovina\/wp-content\/uploads\/2024\/06\/zaljubljeni-zajcek-001a.jpg 438w, https:\/\/tolovaj.com\/trgovina\/wp-content\/uploads\/2024\/06\/zaljubljeni-zajcek-001a-218x300.jpg 218w\" sizes=\"auto, (max-width: 438px) 100vw, 438px\" \/><\/figure>\n\n\n\n<figure class=\"wp-block-image size-large\"><img loading=\"lazy\" decoding=\"async\" width=\"567\" height=\"804\" data-id=\"370\" src=\"https:\/\/tolovaj.com\/trgovina\/wp-content\/uploads\/2024\/06\/zaljubljeni-zajcek-002.jpg\" alt=\"\" class=\"wp-image-370\" srcset=\"https:\/\/tolovaj.com\/trgovina\/wp-content\/uploads\/2024\/06\/zaljubljeni-zajcek-002.jpg 567w, https:\/\/tolovaj.com\/trgovina\/wp-content\/uploads\/2024\/06\/zaljubljeni-zajcek-002-212x300.jpg 212w\" sizes=\"auto, (max-width: 567px) 100vw, 567px\" \/><\/figure>\n\n\n\n<figure class=\"wp-block-image size-large\"><img loading=\"lazy\" decoding=\"async\" width=\"445\" height=\"596\" data-id=\"368\" src=\"https:\/\/tolovaj.com\/trgovina\/wp-content\/uploads\/2024\/06\/zaljubljeni-zajcek-003a.jpg\" alt=\"\" class=\"wp-image-368\" srcset=\"https:\/\/tolovaj.com\/trgovina\/wp-content\/uploads\/2024\/06\/zaljubljeni-zajcek-003a.jpg 445w, https:\/\/tolovaj.com\/trgovina\/wp-content\/uploads\/2024\/06\/zaljubljeni-zajcek-003a-224x300.jpg 224w\" sizes=\"auto, (max-width: 445px) 100vw, 445px\" \/><\/figure>\n\n\n\n<figure class=\"wp-block-image size-large\"><img loading=\"lazy\" decoding=\"async\" width=\"568\" height=\"807\" data-id=\"366\" src=\"https:\/\/tolovaj.com\/trgovina\/wp-content\/uploads\/2024\/06\/zaljubljeni-zajcek-004.jpg\" alt=\"\" class=\"wp-image-366\" srcset=\"https:\/\/tolovaj.com\/trgovina\/wp-content\/uploads\/2024\/06\/zaljubljeni-zajcek-004.jpg 568w, https:\/\/tolovaj.com\/trgovina\/wp-content\/uploads\/2024\/06\/zaljubljeni-zajcek-004-211x300.jpg 211w\" sizes=\"auto, (max-width: 568px) 100vw, 568px\" \/><\/figure>\n\n\n\n<figure class=\"wp-block-image size-large\"><img loading=\"lazy\" decoding=\"async\" width=\"565\" height=\"810\" data-id=\"367\" src=\"https:\/\/tolovaj.com\/trgovina\/wp-content\/uploads\/2024\/06\/zaljubljeni-zajcek-005.jpg\" alt=\"\" class=\"wp-image-367\" srcset=\"https:\/\/tolovaj.com\/trgovina\/wp-content\/uploads\/2024\/06\/zaljubljeni-zajcek-005.jpg 565w, https:\/\/tolovaj.com\/trgovina\/wp-content\/uploads\/2024\/06\/zaljubljeni-zajcek-005-209x300.jpg 209w\" sizes=\"auto, (max-width: 565px) 100vw, 565px\" \/><\/figure>\n\n\n\n<figure class=\"wp-block-image size-large\"><img loading=\"lazy\" decoding=\"async\" width=\"565\" height=\"809\" data-id=\"369\" src=\"https:\/\/tolovaj.com\/trgovina\/wp-content\/uploads\/2024\/06\/zaljubljeni-zajcek-007.jpg\" alt=\"\" class=\"wp-image-369\" srcset=\"https:\/\/tolovaj.com\/trgovina\/wp-content\/uploads\/2024\/06\/zaljubljeni-zajcek-007.jpg 565w, https:\/\/tolovaj.com\/trgovina\/wp-content\/uploads\/2024\/06\/zaljubljeni-zajcek-007-210x300.jpg 210w\" sizes=\"auto, (max-width: 565px) 100vw, 565px\" \/><\/figure>\n\n\n\n<figure class=\"wp-block-image size-large\"><img loading=\"lazy\" decoding=\"async\" width=\"567\" height=\"808\" data-id=\"371\" src=\"https:\/\/tolovaj.com\/trgovina\/wp-content\/uploads\/2024\/06\/zaljubljeni-zajcek-009.jpg\" alt=\"\" class=\"wp-image-371\" srcset=\"https:\/\/tolovaj.com\/trgovina\/wp-content\/uploads\/2024\/06\/zaljubljeni-zajcek-009.jpg 567w, https:\/\/tolovaj.com\/trgovina\/wp-content\/uploads\/2024\/06\/zaljubljeni-zajcek-009-211x300.jpg 211w\" sizes=\"auto, (max-width: 567px) 100vw, 567px\" \/><\/figure>\n<\/figure>\n","protected":false},"excerpt":{"rendered":"<p>Zaj\u010dek se zaljubi v najlep\u0161o zaj\u010dico v gozdu in jo zasnubi s \u0161opkom samih \u0161tiriperesnih deteljic. Ker ga zaj\u010dica zavrne, sklene sezidati grad, da bi nanjo napravil vtis, toda med gradnjo se marsikaj zaplete &#8230; Razplet je za marsikoga v gozdu presenetljiv, a za nikogar nesre\u010den. Toplo, duhovito zgodbo odli\u010dno dopolnjujejo domiselne ilustracije. Cena:&nbsp; 18,99 [&hellip;]<\/p>\n","protected":false},"author":1,"featured_media":0,"parent":53,"menu_order":1,"comment_status":"closed","ping_status":"closed","template":"page-with-sidebar","meta":{"footnotes":""},"class_list":["post-359","page","type-page","status-publish","hentry"],"_links":{"self":[{"href":"https:\/\/tolovaj.com\/trgovina\/wp-json\/wp\/v2\/pages\/359","targetHints":{"allow":["GET"]}}],"collection":[{"href":"https:\/\/tolovaj.com\/trgovina\/wp-json\/wp\/v2\/pages"}],"about":[{"href":"https:\/\/tolovaj.com\/trgovina\/wp-json\/wp\/v2\/types\/page"}],"author":[{"embeddable":true,"href":"https:\/\/tolovaj.com\/trgovina\/wp-json\/wp\/v2\/users\/1"}],"replies":[{"embeddable":true,"href":"https:\/\/tolovaj.com\/trgovina\/wp-json\/wp\/v2\/comments?post=359"}],"version-history":[{"count":1,"href":"https:\/\/tolovaj.com\/trgovina\/wp-json\/wp\/v2\/pages\/359\/revisions"}],"predecessor-version":[{"id":372,"href":"https:\/\/tolovaj.com\/trgovina\/wp-json\/wp\/v2\/pages\/359\/revisions\/372"}],"up":[{"embeddable":true,"href":"https:\/\/tolovaj.com\/trgovina\/wp-json\/wp\/v2\/pages\/53"}],"wp:attachment":[{"href":"https:\/\/tolovaj.com\/trgovina\/wp-json\/wp\/v2\/media?parent=359"}],"curies":[{"name":"wp","href":"https:\/\/api.w.org\/{rel}","templated":true}]}}