{"id":327,"date":"2024-06-30T16:15:54","date_gmt":"2024-06-30T16:15:54","guid":{"rendered":"https:\/\/tolovaj.com\/trgovina1\/?page_id=327"},"modified":"2024-07-01T17:34:07","modified_gmt":"2024-07-01T17:34:07","slug":"23-ime-mi-je-vuf","status":"publish","type":"page","link":"https:\/\/tolovaj.com\/trgovina\/zbirka-tolovaj\/23-ime-mi-je-vuf\/","title":{"rendered":"Ime mi je Vuf"},"content":{"rendered":"\n<div class=\"wp-block-media-text is-stacked-on-mobile is-vertically-aligned-top\"><figure class=\"wp-block-media-text__media\"><img loading=\"lazy\" decoding=\"async\" width=\"460\" height=\"614\" src=\"https:\/\/tolovaj.com\/trgovina\/wp-content\/uploads\/2024\/06\/Vuf-Naslovnica-POL-1.jpg\" alt=\"\" class=\"wp-image-330 size-full\" srcset=\"https:\/\/tolovaj.com\/trgovina\/wp-content\/uploads\/2024\/06\/Vuf-Naslovnica-POL-1.jpg 460w, https:\/\/tolovaj.com\/trgovina\/wp-content\/uploads\/2024\/06\/Vuf-Naslovnica-POL-1-225x300.jpg 225w\" sizes=\"auto, (max-width: 460px) 100vw, 460px\" \/><\/figure><div class=\"wp-block-media-text__content\">\n<p>Vuf je pes, ki se mu zdi, da je v\u010dasih za vse sam. Gospodarja mora peljati na sprehod, gospodarici poravnati preprogo, deklicama pomagati polizati kro\u017enike &#8230; Ko se pojavi skrivnosten mo\u017eak z zakritim obrazom in vre\u010do, se prijazni, a ne prav bistri Vuf odlo\u010di,&nbsp; da bo pomagal tudi njemu!<\/p>\n\n\n\n<p>Prismuknjena in zabavna pripoved se izjemno dopolnjuje s prismuknjenimi in zabavnimi ilustracijami.<\/p>\n\n\n\n<p><a href=\"http:\/\/www.tolovaj.com\/vsebina\/tolovajeva-votlina\" target=\"_blank\" rel=\"noreferrer noopener\">Cena:&nbsp; 16,99 EUR za kos<\/a><\/p>\n\n\n\n<p>Avtor: Tomo Ko\u010dar<br>Vrsta: slikanica<br>Leto izdaje: 2008<br>\u0160tevilo strani: 32<br>Format: trda vezava, A4<\/p>\n<\/div><\/div>\n\n\n\n<figure class=\"wp-block-gallery has-nested-images columns-default is-cropped wp-block-gallery-1 is-layout-flex wp-block-gallery-is-layout-flex\">\n<figure class=\"wp-block-image size-large\"><img loading=\"lazy\" decoding=\"async\" width=\"597\" height=\"848\" data-id=\"350\" src=\"https:\/\/tolovaj.com\/trgovina\/wp-content\/uploads\/2024\/06\/Vuf-01.jpg\" alt=\"\" class=\"wp-image-350\" srcset=\"https:\/\/tolovaj.com\/trgovina\/wp-content\/uploads\/2024\/06\/Vuf-01.jpg 597w, https:\/\/tolovaj.com\/trgovina\/wp-content\/uploads\/2024\/06\/Vuf-01-211x300.jpg 211w\" sizes=\"auto, (max-width: 597px) 100vw, 597px\" \/><\/figure>\n\n\n\n<figure class=\"wp-block-image size-large\"><img loading=\"lazy\" decoding=\"async\" width=\"595\" height=\"839\" data-id=\"353\" src=\"https:\/\/tolovaj.com\/trgovina\/wp-content\/uploads\/2024\/06\/Vuf-02.jpg\" alt=\"\" class=\"wp-image-353\" srcset=\"https:\/\/tolovaj.com\/trgovina\/wp-content\/uploads\/2024\/06\/Vuf-02.jpg 595w, https:\/\/tolovaj.com\/trgovina\/wp-content\/uploads\/2024\/06\/Vuf-02-213x300.jpg 213w\" sizes=\"auto, (max-width: 595px) 100vw, 595px\" \/><\/figure>\n\n\n\n<figure class=\"wp-block-image size-large\"><img loading=\"lazy\" decoding=\"async\" width=\"480\" height=\"671\" data-id=\"352\" src=\"https:\/\/tolovaj.com\/trgovina\/wp-content\/uploads\/2024\/06\/Vuf-03.jpg\" alt=\"\" class=\"wp-image-352\" srcset=\"https:\/\/tolovaj.com\/trgovina\/wp-content\/uploads\/2024\/06\/Vuf-03.jpg 480w, https:\/\/tolovaj.com\/trgovina\/wp-content\/uploads\/2024\/06\/Vuf-03-215x300.jpg 215w\" sizes=\"auto, (max-width: 480px) 100vw, 480px\" \/><\/figure>\n\n\n\n<figure class=\"wp-block-image size-large\"><img loading=\"lazy\" decoding=\"async\" width=\"595\" height=\"838\" data-id=\"354\" src=\"https:\/\/tolovaj.com\/trgovina\/wp-content\/uploads\/2024\/06\/Vuf-04.jpg\" alt=\"\" class=\"wp-image-354\" srcset=\"https:\/\/tolovaj.com\/trgovina\/wp-content\/uploads\/2024\/06\/Vuf-04.jpg 595w, https:\/\/tolovaj.com\/trgovina\/wp-content\/uploads\/2024\/06\/Vuf-04-213x300.jpg 213w\" sizes=\"auto, (max-width: 595px) 100vw, 595px\" \/><\/figure>\n\n\n\n<figure class=\"wp-block-image size-large\"><img loading=\"lazy\" decoding=\"async\" width=\"454\" height=\"617\" data-id=\"355\" src=\"https:\/\/tolovaj.com\/trgovina\/wp-content\/uploads\/2024\/06\/Vuf-05.jpg\" alt=\"\" class=\"wp-image-355\" srcset=\"https:\/\/tolovaj.com\/trgovina\/wp-content\/uploads\/2024\/06\/Vuf-05.jpg 454w, https:\/\/tolovaj.com\/trgovina\/wp-content\/uploads\/2024\/06\/Vuf-05-221x300.jpg 221w\" sizes=\"auto, (max-width: 454px) 100vw, 454px\" \/><\/figure>\n\n\n\n<figure class=\"wp-block-image size-large\"><img loading=\"lazy\" decoding=\"async\" width=\"350\" height=\"460\" data-id=\"351\" src=\"https:\/\/tolovaj.com\/trgovina\/wp-content\/uploads\/2024\/06\/Vuf-09.jpg\" alt=\"\" class=\"wp-image-351\" srcset=\"https:\/\/tolovaj.com\/trgovina\/wp-content\/uploads\/2024\/06\/Vuf-09.jpg 350w, https:\/\/tolovaj.com\/trgovina\/wp-content\/uploads\/2024\/06\/Vuf-09-228x300.jpg 228w\" sizes=\"auto, (max-width: 350px) 100vw, 350px\" \/><\/figure>\n<\/figure>\n","protected":false},"excerpt":{"rendered":"<p>Vuf je pes, ki se mu zdi, da je v\u010dasih za vse sam. Gospodarja mora peljati na sprehod, gospodarici poravnati preprogo, deklicama pomagati polizati kro\u017enike &#8230; Ko se pojavi skrivnosten mo\u017eak z zakritim obrazom in vre\u010do, se prijazni, a ne prav bistri Vuf odlo\u010di,&nbsp; da bo pomagal tudi njemu! Prismuknjena in zabavna pripoved se izjemno [&hellip;]<\/p>\n","protected":false},"author":1,"featured_media":0,"parent":53,"menu_order":1,"comment_status":"closed","ping_status":"closed","template":"page-with-sidebar","meta":{"footnotes":""},"class_list":["post-327","page","type-page","status-publish","hentry"],"_links":{"self":[{"href":"https:\/\/tolovaj.com\/trgovina\/wp-json\/wp\/v2\/pages\/327","targetHints":{"allow":["GET"]}}],"collection":[{"href":"https:\/\/tolovaj.com\/trgovina\/wp-json\/wp\/v2\/pages"}],"about":[{"href":"https:\/\/tolovaj.com\/trgovina\/wp-json\/wp\/v2\/types\/page"}],"author":[{"embeddable":true,"href":"https:\/\/tolovaj.com\/trgovina\/wp-json\/wp\/v2\/users\/1"}],"replies":[{"embeddable":true,"href":"https:\/\/tolovaj.com\/trgovina\/wp-json\/wp\/v2\/comments?post=327"}],"version-history":[{"count":2,"href":"https:\/\/tolovaj.com\/trgovina\/wp-json\/wp\/v2\/pages\/327\/revisions"}],"predecessor-version":[{"id":356,"href":"https:\/\/tolovaj.com\/trgovina\/wp-json\/wp\/v2\/pages\/327\/revisions\/356"}],"up":[{"embeddable":true,"href":"https:\/\/tolovaj.com\/trgovina\/wp-json\/wp\/v2\/pages\/53"}],"wp:attachment":[{"href":"https:\/\/tolovaj.com\/trgovina\/wp-json\/wp\/v2\/media?parent=327"}],"curies":[{"name":"wp","href":"https:\/\/api.w.org\/{rel}","templated":true}]}}