{"id":298,"date":"2024-06-30T15:25:09","date_gmt":"2024-06-30T15:25:09","guid":{"rendered":"https:\/\/tolovaj.com\/trgovina1\/?page_id=298"},"modified":"2024-07-01T17:33:35","modified_gmt":"2024-07-01T17:33:35","slug":"19-prijatelj-vedno-pride-prav","status":"publish","type":"page","link":"https:\/\/tolovaj.com\/trgovina\/zbirka-tolovaj\/19-prijatelj-vedno-pride-prav\/","title":{"rendered":"Prijatelj vedno pride prav"},"content":{"rendered":"\n<div class=\"wp-block-media-text is-stacked-on-mobile is-vertically-aligned-top\"><figure class=\"wp-block-media-text__media\"><img loading=\"lazy\" decoding=\"async\" width=\"433\" height=\"590\" src=\"https:\/\/tolovaj.com\/trgovina\/wp-content\/uploads\/2024\/06\/Prijatelj_vedno_Naslovka-433.jpg\" alt=\"\" class=\"wp-image-299 size-full\" srcset=\"https:\/\/tolovaj.com\/trgovina\/wp-content\/uploads\/2024\/06\/Prijatelj_vedno_Naslovka-433.jpg 433w, https:\/\/tolovaj.com\/trgovina\/wp-content\/uploads\/2024\/06\/Prijatelj_vedno_Naslovka-433-220x300.jpg 220w\" sizes=\"auto, (max-width: 433px) 100vw, 433px\" \/><\/figure><div class=\"wp-block-media-text__content\">\n<p>Kaj se zgodi, ko v trgovini z malimi \u017eivalicami lo\u010dijo bratca in sestrico? Bo Smr\u010dek sploh \u0161e kdaj videl sestrico Br\u010dico? Ko svojo pomo\u010d ponudi izku\u0161eni Papagaj, se naenkrat te\u017eave ne zdijo ve\u010d nere\u0161ljive. Iz oto\u017enega za\u010detka se dogajanje spremeni v napeto prigodo z nenavadnim koncem.<\/p>\n\n\n\n<p>Ljubka pripoved se odli\u010dno dopolnjuje s prisr\u010dnimi ilustracijami.<\/p>\n\n\n\n<p><a href=\"http:\/\/www.tolovaj.com\/vsebina\/tolovajeva-votlina\" target=\"_blank\" rel=\"noreferrer noopener\">Cena:&nbsp;&nbsp;8,99 EUR za kos<\/a><\/p>\n\n\n\n<p>Avtor: Tomo Ko\u010dar<br>Vrsta: slikanica<br>Leto izdaje: 2005<br>\u0160tevilo strani: 32<br>Format: mehka vezava, A4<\/p>\n<\/div><\/div>\n\n\n\n<figure class=\"wp-block-gallery has-nested-images columns-default is-cropped wp-block-gallery-1 is-layout-flex wp-block-gallery-is-layout-flex\">\n<figure class=\"wp-block-image size-full\"><img loading=\"lazy\" decoding=\"async\" width=\"356\" height=\"508\" data-id=\"308\" src=\"https:\/\/tolovaj.com\/trgovina\/wp-content\/uploads\/2024\/06\/Prijatelj-02-356-1.jpg\" alt=\"\" class=\"wp-image-308\" srcset=\"https:\/\/tolovaj.com\/trgovina\/wp-content\/uploads\/2024\/06\/Prijatelj-02-356-1.jpg 356w, https:\/\/tolovaj.com\/trgovina\/wp-content\/uploads\/2024\/06\/Prijatelj-02-356-1-210x300.jpg 210w\" sizes=\"auto, (max-width: 356px) 100vw, 356px\" \/><\/figure>\n\n\n\n<figure class=\"wp-block-image size-large\"><img loading=\"lazy\" decoding=\"async\" width=\"405\" height=\"576\" data-id=\"303\" src=\"https:\/\/tolovaj.com\/trgovina\/wp-content\/uploads\/2024\/06\/Prijatelj-01-405.jpg\" alt=\"\" class=\"wp-image-303\" srcset=\"https:\/\/tolovaj.com\/trgovina\/wp-content\/uploads\/2024\/06\/Prijatelj-01-405.jpg 405w, https:\/\/tolovaj.com\/trgovina\/wp-content\/uploads\/2024\/06\/Prijatelj-01-405-211x300.jpg 211w\" sizes=\"auto, (max-width: 405px) 100vw, 405px\" \/><\/figure>\n\n\n\n<figure class=\"wp-block-image size-large\"><img loading=\"lazy\" decoding=\"async\" width=\"410\" height=\"556\" data-id=\"304\" src=\"https:\/\/tolovaj.com\/trgovina\/wp-content\/uploads\/2024\/06\/Prijatelj-09-410.jpg\" alt=\"\" class=\"wp-image-304\" srcset=\"https:\/\/tolovaj.com\/trgovina\/wp-content\/uploads\/2024\/06\/Prijatelj-09-410.jpg 410w, https:\/\/tolovaj.com\/trgovina\/wp-content\/uploads\/2024\/06\/Prijatelj-09-410-221x300.jpg 221w\" sizes=\"auto, (max-width: 410px) 100vw, 410px\" \/><\/figure>\n\n\n\n<figure class=\"wp-block-image size-full\"><img loading=\"lazy\" decoding=\"async\" width=\"417\" height=\"591\" data-id=\"309\" src=\"https:\/\/tolovaj.com\/trgovina\/wp-content\/uploads\/2024\/06\/Prijatelj-06-417-1.jpg\" alt=\"\" class=\"wp-image-309\" srcset=\"https:\/\/tolovaj.com\/trgovina\/wp-content\/uploads\/2024\/06\/Prijatelj-06-417-1.jpg 417w, https:\/\/tolovaj.com\/trgovina\/wp-content\/uploads\/2024\/06\/Prijatelj-06-417-1-212x300.jpg 212w\" sizes=\"auto, (max-width: 417px) 100vw, 417px\" \/><\/figure>\n<\/figure>\n","protected":false},"excerpt":{"rendered":"<p>Kaj se zgodi, ko v trgovini z malimi \u017eivalicami lo\u010dijo bratca in sestrico? Bo Smr\u010dek sploh \u0161e kdaj videl sestrico Br\u010dico? Ko svojo pomo\u010d ponudi izku\u0161eni Papagaj, se naenkrat te\u017eave ne zdijo ve\u010d nere\u0161ljive. Iz oto\u017enega za\u010detka se dogajanje spremeni v napeto prigodo z nenavadnim koncem. Ljubka pripoved se odli\u010dno dopolnjuje s prisr\u010dnimi ilustracijami. Cena:&nbsp;&nbsp;8,99 [&hellip;]<\/p>\n","protected":false},"author":1,"featured_media":0,"parent":53,"menu_order":1,"comment_status":"closed","ping_status":"closed","template":"page-with-sidebar","meta":{"footnotes":""},"class_list":["post-298","page","type-page","status-publish","hentry"],"_links":{"self":[{"href":"https:\/\/tolovaj.com\/trgovina\/wp-json\/wp\/v2\/pages\/298","targetHints":{"allow":["GET"]}}],"collection":[{"href":"https:\/\/tolovaj.com\/trgovina\/wp-json\/wp\/v2\/pages"}],"about":[{"href":"https:\/\/tolovaj.com\/trgovina\/wp-json\/wp\/v2\/types\/page"}],"author":[{"embeddable":true,"href":"https:\/\/tolovaj.com\/trgovina\/wp-json\/wp\/v2\/users\/1"}],"replies":[{"embeddable":true,"href":"https:\/\/tolovaj.com\/trgovina\/wp-json\/wp\/v2\/comments?post=298"}],"version-history":[{"count":1,"href":"https:\/\/tolovaj.com\/trgovina\/wp-json\/wp\/v2\/pages\/298\/revisions"}],"predecessor-version":[{"id":310,"href":"https:\/\/tolovaj.com\/trgovina\/wp-json\/wp\/v2\/pages\/298\/revisions\/310"}],"up":[{"embeddable":true,"href":"https:\/\/tolovaj.com\/trgovina\/wp-json\/wp\/v2\/pages\/53"}],"wp:attachment":[{"href":"https:\/\/tolovaj.com\/trgovina\/wp-json\/wp\/v2\/media?parent=298"}],"curies":[{"name":"wp","href":"https:\/\/api.w.org\/{rel}","templated":true}]}}