{"id":274,"date":"2024-06-30T15:18:55","date_gmt":"2024-06-30T15:18:55","guid":{"rendered":"https:\/\/tolovaj.com\/trgovina1\/?page_id=274"},"modified":"2024-07-01T17:32:52","modified_gmt":"2024-07-01T17:32:52","slug":"17-prava-malenkost","status":"publish","type":"page","link":"https:\/\/tolovaj.com\/trgovina\/zbirka-tolovaj\/17-prava-malenkost\/","title":{"rendered":"Prava malenkost"},"content":{"rendered":"\n<div class=\"wp-block-media-text is-stacked-on-mobile is-vertically-aligned-top\"><figure class=\"wp-block-media-text__media\"><img loading=\"lazy\" decoding=\"async\" width=\"439\" height=\"627\" src=\"https:\/\/tolovaj.com\/trgovina\/wp-content\/uploads\/2024\/06\/PM-01-naslovka.-439JPG.jpg\" alt=\"\" class=\"wp-image-275 size-full\" srcset=\"https:\/\/tolovaj.com\/trgovina\/wp-content\/uploads\/2024\/06\/PM-01-naslovka.-439JPG.jpg 439w, https:\/\/tolovaj.com\/trgovina\/wp-content\/uploads\/2024\/06\/PM-01-naslovka.-439JPG-210x300.jpg 210w\" sizes=\"auto, (max-width: 439px) 100vw, 439px\" \/><\/figure><div class=\"wp-block-media-text__content\">\n<p>Janko Jazbec se znajde v nenavadni zadregi. Rad bi \u0161el na sejem in celo njegova \u017eenka ga pri tem zpodbuja. Toda kaj, ko ji mora s sejma prinesti volno! In to \u0161e ro\u017enato! Le kaj bodo rekli prijatelji, \u010de ga zalotijo pri tako \u2018\u017eenskem\u2019 opravku? Janko se kon\u010dno domisli nenavadne re\u0161itve &#8230;<\/p>\n\n\n\n<p>Zgodbico o povsem \u010dlove\u0161ki zadregi, v kateri se zlahka prepoznamo otroci in odrasli, je slikovito predstavljena z izvirnimi ilustracijami.<\/p>\n\n\n\n<p><a href=\"http:\/\/www.tolovaj.com\/vsebina\/tolovajeva-votlina\" target=\"_blank\" rel=\"noreferrer noopener\">Cena:&nbsp;&nbsp;8,99 EUR za kos<\/a><\/p>\n\n\n\n<p>Avtor: Tomo Ko\u010dar<br>Vrsta: slikanica<br>Leto izdaje: 2005<br>\u0160tevilo strani: 32<br>Format: mehka vezava, A4&nbsp;<\/p>\n<\/div><\/div>\n\n\n\n<figure class=\"wp-block-gallery has-nested-images columns-default is-cropped wp-block-gallery-1 is-layout-flex wp-block-gallery-is-layout-flex\">\n<figure class=\"wp-block-image size-large\"><img loading=\"lazy\" decoding=\"async\" width=\"414\" height=\"609\" data-id=\"281\" src=\"https:\/\/tolovaj.com\/trgovina\/wp-content\/uploads\/2024\/06\/PM-03-414.jpg\" alt=\"\" class=\"wp-image-281\" srcset=\"https:\/\/tolovaj.com\/trgovina\/wp-content\/uploads\/2024\/06\/PM-03-414.jpg 414w, https:\/\/tolovaj.com\/trgovina\/wp-content\/uploads\/2024\/06\/PM-03-414-204x300.jpg 204w\" sizes=\"auto, (max-width: 414px) 100vw, 414px\" \/><\/figure>\n\n\n\n<figure class=\"wp-block-image size-large\"><img loading=\"lazy\" decoding=\"async\" width=\"366\" height=\"512\" data-id=\"280\" src=\"https:\/\/tolovaj.com\/trgovina\/wp-content\/uploads\/2024\/06\/PM-05-366.jpg\" alt=\"\" class=\"wp-image-280\" srcset=\"https:\/\/tolovaj.com\/trgovina\/wp-content\/uploads\/2024\/06\/PM-05-366.jpg 366w, https:\/\/tolovaj.com\/trgovina\/wp-content\/uploads\/2024\/06\/PM-05-366-214x300.jpg 214w\" sizes=\"auto, (max-width: 366px) 100vw, 366px\" \/><\/figure>\n\n\n\n<figure class=\"wp-block-image size-large\"><img loading=\"lazy\" decoding=\"async\" width=\"366\" height=\"511\" data-id=\"278\" src=\"https:\/\/tolovaj.com\/trgovina\/wp-content\/uploads\/2024\/06\/PM-08-366.jpg\" alt=\"\" class=\"wp-image-278\" srcset=\"https:\/\/tolovaj.com\/trgovina\/wp-content\/uploads\/2024\/06\/PM-08-366.jpg 366w, https:\/\/tolovaj.com\/trgovina\/wp-content\/uploads\/2024\/06\/PM-08-366-215x300.jpg 215w\" sizes=\"auto, (max-width: 366px) 100vw, 366px\" \/><\/figure>\n\n\n\n<figure class=\"wp-block-image size-large\"><img loading=\"lazy\" decoding=\"async\" width=\"416\" height=\"606\" data-id=\"279\" src=\"https:\/\/tolovaj.com\/trgovina\/wp-content\/uploads\/2024\/06\/PM-10-416.jpg\" alt=\"\" class=\"wp-image-279\" srcset=\"https:\/\/tolovaj.com\/trgovina\/wp-content\/uploads\/2024\/06\/PM-10-416.jpg 416w, https:\/\/tolovaj.com\/trgovina\/wp-content\/uploads\/2024\/06\/PM-10-416-206x300.jpg 206w\" sizes=\"auto, (max-width: 416px) 100vw, 416px\" \/><\/figure>\n<\/figure>\n","protected":false},"excerpt":{"rendered":"<p>Janko Jazbec se znajde v nenavadni zadregi. Rad bi \u0161el na sejem in celo njegova \u017eenka ga pri tem zpodbuja. Toda kaj, ko ji mora s sejma prinesti volno! In to \u0161e ro\u017enato! Le kaj bodo rekli prijatelji, \u010de ga zalotijo pri tako \u2018\u017eenskem\u2019 opravku? Janko se kon\u010dno domisli nenavadne re\u0161itve &#8230; Zgodbico o povsem [&hellip;]<\/p>\n","protected":false},"author":1,"featured_media":0,"parent":53,"menu_order":1,"comment_status":"closed","ping_status":"closed","template":"page-with-sidebar","meta":{"footnotes":""},"class_list":["post-274","page","type-page","status-publish","hentry"],"_links":{"self":[{"href":"https:\/\/tolovaj.com\/trgovina\/wp-json\/wp\/v2\/pages\/274","targetHints":{"allow":["GET"]}}],"collection":[{"href":"https:\/\/tolovaj.com\/trgovina\/wp-json\/wp\/v2\/pages"}],"about":[{"href":"https:\/\/tolovaj.com\/trgovina\/wp-json\/wp\/v2\/types\/page"}],"author":[{"embeddable":true,"href":"https:\/\/tolovaj.com\/trgovina\/wp-json\/wp\/v2\/users\/1"}],"replies":[{"embeddable":true,"href":"https:\/\/tolovaj.com\/trgovina\/wp-json\/wp\/v2\/comments?post=274"}],"version-history":[{"count":1,"href":"https:\/\/tolovaj.com\/trgovina\/wp-json\/wp\/v2\/pages\/274\/revisions"}],"predecessor-version":[{"id":282,"href":"https:\/\/tolovaj.com\/trgovina\/wp-json\/wp\/v2\/pages\/274\/revisions\/282"}],"up":[{"embeddable":true,"href":"https:\/\/tolovaj.com\/trgovina\/wp-json\/wp\/v2\/pages\/53"}],"wp:attachment":[{"href":"https:\/\/tolovaj.com\/trgovina\/wp-json\/wp\/v2\/media?parent=274"}],"curies":[{"name":"wp","href":"https:\/\/api.w.org\/{rel}","templated":true}]}}