{"id":259,"date":"2024-06-30T15:16:29","date_gmt":"2024-06-30T15:16:29","guid":{"rendered":"https:\/\/tolovaj.com\/trgovina1\/?page_id=259"},"modified":"2024-07-01T17:32:14","modified_gmt":"2024-07-01T17:32:14","slug":"13-gozdni-strah","status":"publish","type":"page","link":"https:\/\/tolovaj.com\/trgovina\/zbirka-tolovaj\/13-gozdni-strah\/","title":{"rendered":"Gozdni strah"},"content":{"rendered":"\n<div class=\"wp-block-media-text is-stacked-on-mobile is-vertically-aligned-top\"><figure class=\"wp-block-media-text__media\"><img loading=\"lazy\" decoding=\"async\" width=\"595\" height=\"848\" src=\"https:\/\/tolovaj.com\/trgovina\/wp-content\/uploads\/2024\/06\/Gozdni_strah_Naslovka.jpg\" alt=\"\" class=\"wp-image-260 size-full\" srcset=\"https:\/\/tolovaj.com\/trgovina\/wp-content\/uploads\/2024\/06\/Gozdni_strah_Naslovka.jpg 595w, https:\/\/tolovaj.com\/trgovina\/wp-content\/uploads\/2024\/06\/Gozdni_strah_Naslovka-210x300.jpg 210w\" sizes=\"auto, (max-width: 595px) 100vw, 595px\" \/><\/figure><div class=\"wp-block-media-text__content\">\n<p>Janko Jazbec ima dru\u017eino, ki ji mora priskrbeti hrano, a se sam ne bi odrekel niti ve\u010dernemu posedanju in klepetu s svojimi prijatelji. Pri tem mu uspe razjeziti tako svojo \u017eenko Jasno kot gospo Sovo, a se hitro izka\u017ee, da je mogo\u010de razre\u0161iti vse te\u017eave. Potrebna je le ravno prav navihana domislica!<\/p>\n\n\n\n<p>Hudomu\u0161no pripoved z nekoliko \u010duda\u0161kimi, a vseeno zelo v\u0161e\u010dnim liki dopolnjujejo izjemno barvite ilustracije.<\/p>\n\n\n\n<p><a href=\"http:\/\/www.tolovaj.com\/vsebina\/tolovajeva-votlina\" target=\"_blank\" rel=\"noreferrer noopener\">Cena:&nbsp;&nbsp;8,99 EUR za kos<\/a><\/p>\n\n\n\n<p>Avtor: Tomo Ko\u010dar<br>Vrsta: slikanica<br>Leto izdaje: 2005<br>\u0160tevilo strani: 32<br>Format: mehka vezava, A4&nbsp;<\/p>\n<\/div><\/div>\n\n\n\n<figure class=\"wp-block-gallery has-nested-images columns-default is-cropped wp-block-gallery-1 is-layout-flex wp-block-gallery-is-layout-flex\">\n<figure class=\"wp-block-image size-large\"><img loading=\"lazy\" decoding=\"async\" width=\"459\" height=\"610\" data-id=\"267\" src=\"https:\/\/tolovaj.com\/trgovina\/wp-content\/uploads\/2024\/06\/Gozdni_strah-01.jpg\" alt=\"\" class=\"wp-image-267\" srcset=\"https:\/\/tolovaj.com\/trgovina\/wp-content\/uploads\/2024\/06\/Gozdni_strah-01.jpg 459w, https:\/\/tolovaj.com\/trgovina\/wp-content\/uploads\/2024\/06\/Gozdni_strah-01-226x300.jpg 226w\" sizes=\"auto, (max-width: 459px) 100vw, 459px\" \/><\/figure>\n\n\n\n<figure class=\"wp-block-image size-large\"><img loading=\"lazy\" decoding=\"async\" width=\"597\" height=\"849\" data-id=\"265\" src=\"https:\/\/tolovaj.com\/trgovina\/wp-content\/uploads\/2024\/06\/Gozdni_strah-02.jpg\" alt=\"\" class=\"wp-image-265\" srcset=\"https:\/\/tolovaj.com\/trgovina\/wp-content\/uploads\/2024\/06\/Gozdni_strah-02.jpg 597w, https:\/\/tolovaj.com\/trgovina\/wp-content\/uploads\/2024\/06\/Gozdni_strah-02-211x300.jpg 211w\" sizes=\"auto, (max-width: 597px) 100vw, 597px\" \/><\/figure>\n\n\n\n<figure class=\"wp-block-image size-large\"><img loading=\"lazy\" decoding=\"async\" width=\"448\" height=\"633\" data-id=\"270\" src=\"https:\/\/tolovaj.com\/trgovina\/wp-content\/uploads\/2024\/06\/Gozdni_strah-04.jpg\" alt=\"\" class=\"wp-image-270\" srcset=\"https:\/\/tolovaj.com\/trgovina\/wp-content\/uploads\/2024\/06\/Gozdni_strah-04.jpg 448w, https:\/\/tolovaj.com\/trgovina\/wp-content\/uploads\/2024\/06\/Gozdni_strah-04-212x300.jpg 212w\" sizes=\"auto, (max-width: 448px) 100vw, 448px\" \/><\/figure>\n\n\n\n<figure class=\"wp-block-image size-large\"><img loading=\"lazy\" decoding=\"async\" width=\"597\" height=\"847\" data-id=\"268\" src=\"https:\/\/tolovaj.com\/trgovina\/wp-content\/uploads\/2024\/06\/Gozdni_strah-05.jpg\" alt=\"\" class=\"wp-image-268\" srcset=\"https:\/\/tolovaj.com\/trgovina\/wp-content\/uploads\/2024\/06\/Gozdni_strah-05.jpg 597w, https:\/\/tolovaj.com\/trgovina\/wp-content\/uploads\/2024\/06\/Gozdni_strah-05-211x300.jpg 211w\" sizes=\"auto, (max-width: 597px) 100vw, 597px\" \/><\/figure>\n\n\n\n<figure class=\"wp-block-image size-large\"><img loading=\"lazy\" decoding=\"async\" width=\"558\" height=\"784\" data-id=\"266\" src=\"https:\/\/tolovaj.com\/trgovina\/wp-content\/uploads\/2024\/06\/Gozdni_strah-06.jpg\" alt=\"\" class=\"wp-image-266\" srcset=\"https:\/\/tolovaj.com\/trgovina\/wp-content\/uploads\/2024\/06\/Gozdni_strah-06.jpg 558w, https:\/\/tolovaj.com\/trgovina\/wp-content\/uploads\/2024\/06\/Gozdni_strah-06-214x300.jpg 214w\" sizes=\"auto, (max-width: 558px) 100vw, 558px\" \/><\/figure>\n\n\n\n<figure class=\"wp-block-image size-large\"><img loading=\"lazy\" decoding=\"async\" width=\"597\" height=\"847\" data-id=\"269\" src=\"https:\/\/tolovaj.com\/trgovina\/wp-content\/uploads\/2024\/06\/Gozdni_strah-08.jpg\" alt=\"\" class=\"wp-image-269\" srcset=\"https:\/\/tolovaj.com\/trgovina\/wp-content\/uploads\/2024\/06\/Gozdni_strah-08.jpg 597w, https:\/\/tolovaj.com\/trgovina\/wp-content\/uploads\/2024\/06\/Gozdni_strah-08-211x300.jpg 211w\" sizes=\"auto, (max-width: 597px) 100vw, 597px\" \/><\/figure>\n<\/figure>\n","protected":false},"excerpt":{"rendered":"<p>Janko Jazbec ima dru\u017eino, ki ji mora priskrbeti hrano, a se sam ne bi odrekel niti ve\u010dernemu posedanju in klepetu s svojimi prijatelji. Pri tem mu uspe razjeziti tako svojo \u017eenko Jasno kot gospo Sovo, a se hitro izka\u017ee, da je mogo\u010de razre\u0161iti vse te\u017eave. Potrebna je le ravno prav navihana domislica! Hudomu\u0161no pripoved z [&hellip;]<\/p>\n","protected":false},"author":1,"featured_media":0,"parent":53,"menu_order":1,"comment_status":"closed","ping_status":"closed","template":"page-with-sidebar","meta":{"footnotes":""},"class_list":["post-259","page","type-page","status-publish","hentry"],"_links":{"self":[{"href":"https:\/\/tolovaj.com\/trgovina\/wp-json\/wp\/v2\/pages\/259","targetHints":{"allow":["GET"]}}],"collection":[{"href":"https:\/\/tolovaj.com\/trgovina\/wp-json\/wp\/v2\/pages"}],"about":[{"href":"https:\/\/tolovaj.com\/trgovina\/wp-json\/wp\/v2\/types\/page"}],"author":[{"embeddable":true,"href":"https:\/\/tolovaj.com\/trgovina\/wp-json\/wp\/v2\/users\/1"}],"replies":[{"embeddable":true,"href":"https:\/\/tolovaj.com\/trgovina\/wp-json\/wp\/v2\/comments?post=259"}],"version-history":[{"count":1,"href":"https:\/\/tolovaj.com\/trgovina\/wp-json\/wp\/v2\/pages\/259\/revisions"}],"predecessor-version":[{"id":271,"href":"https:\/\/tolovaj.com\/trgovina\/wp-json\/wp\/v2\/pages\/259\/revisions\/271"}],"up":[{"embeddable":true,"href":"https:\/\/tolovaj.com\/trgovina\/wp-json\/wp\/v2\/pages\/53"}],"wp:attachment":[{"href":"https:\/\/tolovaj.com\/trgovina\/wp-json\/wp\/v2\/media?parent=259"}],"curies":[{"name":"wp","href":"https:\/\/api.w.org\/{rel}","templated":true}]}}