{"id":245,"date":"2024-06-30T15:13:51","date_gmt":"2024-06-30T15:13:51","guid":{"rendered":"https:\/\/tolovaj.com\/trgovina1\/?page_id=245"},"modified":"2024-07-01T17:31:43","modified_gmt":"2024-07-01T17:31:43","slug":"20-storzek-v-tezavah","status":"publish","type":"page","link":"https:\/\/tolovaj.com\/trgovina\/zbirka-tolovaj\/20-storzek-v-tezavah\/","title":{"rendered":"Stor\u017eek v te\u017eavah"},"content":{"rendered":"\n<div class=\"wp-block-media-text is-stacked-on-mobile is-vertically-aligned-top\"><figure class=\"wp-block-media-text__media\"><img loading=\"lazy\" decoding=\"async\" width=\"384\" height=\"567\" src=\"https:\/\/tolovaj.com\/trgovina\/wp-content\/uploads\/2024\/06\/Storzek-naslovka-1-364.jpg\" alt=\"\" class=\"wp-image-248 size-full\" srcset=\"https:\/\/tolovaj.com\/trgovina\/wp-content\/uploads\/2024\/06\/Storzek-naslovka-1-364.jpg 384w, https:\/\/tolovaj.com\/trgovina\/wp-content\/uploads\/2024\/06\/Storzek-naslovka-1-364-203x300.jpg 203w\" sizes=\"auto, (max-width: 384px) 100vw, 384px\" \/><\/figure><div class=\"wp-block-media-text__content\">\n<p>Leska, ki raste pod duplinico veveri\u010dka Stor\u017eka, je obilno obrodila. Prijatelj Zobek mu je z veseljem prisko\u010dil na pomo\u010d pri obiranju in kuhanju le\u0161nikove kreme. Ko pa so bili vsi le\u0161niki \u017ee davno obrani, Zobek pa \u0161e kar ni kon\u010dal s svojim obiskom, se je Stor\u017eek vpra\u0161al, kako naj Zobku dopove, da bi bil rad malo sam.<\/p>\n\n\n\n<p>Zgodba o prijateljstvu v dobrem in slabem je predstavljena na izviren, zabaven, a vseeno poglobljen in u\u010dinkovit na\u010din.<\/p>\n\n\n\n<p>Pravljica je iz\u0161la tudi na zgo\u0161\u010denki <a href=\"http:\/\/panika.si\/index.php?page=shop.product_details&amp;flypage=flypage-ask.tpl&amp;product_id=244&amp;category_id=3&amp;option=com_virtuemart&amp;Itemid=1\" target=\"_blank\" rel=\"noreferrer noopener\">Lisjak prihaja<\/a>, lahko pa si jo <a href=\"https:\/\/tolovaj.com\/vsebina\/index.php?option=com_phocadownload&amp;view=category&amp;id=1&amp;Itemid=99\" target=\"_blank\" rel=\"noreferrer noopener\">prenesete<\/a> in <a href=\"http:\/\/www.tolovaj.com\/vsebina\/poslusajte\/storzek-v-tezavah-mp3\" target=\"_blank\" rel=\"noreferrer noopener\">poslu\u0161ate v mp3<\/a> obliki.<\/p>\n\n\n\n<p><a href=\"http:\/\/www.tolovaj.com\/vsebina\/tolovajeva-votlina\" target=\"_blank\" rel=\"noreferrer noopener\">Cena:&nbsp; 16,99 EUR za kos<\/a><\/p>\n\n\n\n<p>Avtor: Tomo Ko\u010dar<br>Vrsta: slikanica<br>Leto izdaje: 2007<br>\u0160tevilo strani: 32<br>Format: trda vezava, A4<\/p>\n<\/div><\/div>\n\n\n\n<figure class=\"wp-block-gallery has-nested-images columns-default is-cropped wp-block-gallery-1 is-layout-flex wp-block-gallery-is-layout-flex\">\n<figure class=\"wp-block-image size-large\"><img loading=\"lazy\" decoding=\"async\" width=\"321\" height=\"470\" data-id=\"253\" src=\"https:\/\/tolovaj.com\/trgovina\/wp-content\/uploads\/2024\/06\/Storzek_v_tezavah-001-321.jpg\" alt=\"\" class=\"wp-image-253\" srcset=\"https:\/\/tolovaj.com\/trgovina\/wp-content\/uploads\/2024\/06\/Storzek_v_tezavah-001-321.jpg 321w, https:\/\/tolovaj.com\/trgovina\/wp-content\/uploads\/2024\/06\/Storzek_v_tezavah-001-321-205x300.jpg 205w\" sizes=\"auto, (max-width: 321px) 100vw, 321px\" \/><\/figure>\n\n\n\n<figure class=\"wp-block-image size-large\"><img loading=\"lazy\" decoding=\"async\" width=\"384\" height=\"540\" data-id=\"252\" src=\"https:\/\/tolovaj.com\/trgovina\/wp-content\/uploads\/2024\/06\/Storzek_v_tezavah-003-384.jpg\" alt=\"\" class=\"wp-image-252\" srcset=\"https:\/\/tolovaj.com\/trgovina\/wp-content\/uploads\/2024\/06\/Storzek_v_tezavah-003-384.jpg 384w, https:\/\/tolovaj.com\/trgovina\/wp-content\/uploads\/2024\/06\/Storzek_v_tezavah-003-384-213x300.jpg 213w\" sizes=\"auto, (max-width: 384px) 100vw, 384px\" \/><\/figure>\n\n\n\n<figure class=\"wp-block-image size-large\"><img loading=\"lazy\" decoding=\"async\" width=\"314\" height=\"439\" data-id=\"254\" src=\"https:\/\/tolovaj.com\/trgovina\/wp-content\/uploads\/2024\/06\/Storzek_v_tezavah-008-314.jpg\" alt=\"\" class=\"wp-image-254\" srcset=\"https:\/\/tolovaj.com\/trgovina\/wp-content\/uploads\/2024\/06\/Storzek_v_tezavah-008-314.jpg 314w, https:\/\/tolovaj.com\/trgovina\/wp-content\/uploads\/2024\/06\/Storzek_v_tezavah-008-314-215x300.jpg 215w\" sizes=\"auto, (max-width: 314px) 100vw, 314px\" \/><\/figure>\n\n\n\n<figure class=\"wp-block-image size-full\"><img loading=\"lazy\" decoding=\"async\" width=\"545\" height=\"774\" data-id=\"255\" src=\"https:\/\/tolovaj.com\/trgovina\/wp-content\/uploads\/2024\/06\/Storzek_v_tezavah-005.jpg\" alt=\"\" class=\"wp-image-255\" srcset=\"https:\/\/tolovaj.com\/trgovina\/wp-content\/uploads\/2024\/06\/Storzek_v_tezavah-005.jpg 545w, https:\/\/tolovaj.com\/trgovina\/wp-content\/uploads\/2024\/06\/Storzek_v_tezavah-005-211x300.jpg 211w\" sizes=\"auto, (max-width: 545px) 100vw, 545px\" \/><\/figure>\n<\/figure>\n","protected":false},"excerpt":{"rendered":"<p>Leska, ki raste pod duplinico veveri\u010dka Stor\u017eka, je obilno obrodila. Prijatelj Zobek mu je z veseljem prisko\u010dil na pomo\u010d pri obiranju in kuhanju le\u0161nikove kreme. Ko pa so bili vsi le\u0161niki \u017ee davno obrani, Zobek pa \u0161e kar ni kon\u010dal s svojim obiskom, se je Stor\u017eek vpra\u0161al, kako naj Zobku dopove, da bi bil rad [&hellip;]<\/p>\n","protected":false},"author":1,"featured_media":0,"parent":53,"menu_order":1,"comment_status":"closed","ping_status":"closed","template":"page-with-sidebar","meta":{"footnotes":""},"class_list":["post-245","page","type-page","status-publish","hentry"],"_links":{"self":[{"href":"https:\/\/tolovaj.com\/trgovina\/wp-json\/wp\/v2\/pages\/245","targetHints":{"allow":["GET"]}}],"collection":[{"href":"https:\/\/tolovaj.com\/trgovina\/wp-json\/wp\/v2\/pages"}],"about":[{"href":"https:\/\/tolovaj.com\/trgovina\/wp-json\/wp\/v2\/types\/page"}],"author":[{"embeddable":true,"href":"https:\/\/tolovaj.com\/trgovina\/wp-json\/wp\/v2\/users\/1"}],"replies":[{"embeddable":true,"href":"https:\/\/tolovaj.com\/trgovina\/wp-json\/wp\/v2\/comments?post=245"}],"version-history":[{"count":1,"href":"https:\/\/tolovaj.com\/trgovina\/wp-json\/wp\/v2\/pages\/245\/revisions"}],"predecessor-version":[{"id":256,"href":"https:\/\/tolovaj.com\/trgovina\/wp-json\/wp\/v2\/pages\/245\/revisions\/256"}],"up":[{"embeddable":true,"href":"https:\/\/tolovaj.com\/trgovina\/wp-json\/wp\/v2\/pages\/53"}],"wp:attachment":[{"href":"https:\/\/tolovaj.com\/trgovina\/wp-json\/wp\/v2\/media?parent=245"}],"curies":[{"name":"wp","href":"https:\/\/api.w.org\/{rel}","templated":true}]}}