{"id":231,"date":"2024-06-30T15:11:03","date_gmt":"2024-06-30T15:11:03","guid":{"rendered":"https:\/\/tolovaj.com\/trgovina1\/?page_id=231"},"modified":"2024-07-01T17:31:13","modified_gmt":"2024-07-01T17:31:13","slug":"16-razvajeni-detelcek","status":"publish","type":"page","link":"https:\/\/tolovaj.com\/trgovina\/zbirka-tolovaj\/16-razvajeni-detelcek\/","title":{"rendered":"Razvajeni detel\u010dek"},"content":{"rendered":"\n<div class=\"wp-block-media-text is-stacked-on-mobile is-vertically-aligned-top\"><figure class=\"wp-block-media-text__media\"><img loading=\"lazy\" decoding=\"async\" width=\"419\" height=\"593\" src=\"https:\/\/tolovaj.com\/trgovina\/wp-content\/uploads\/2024\/06\/Razvajeni_Naslovka-419.jpg\" alt=\"\" class=\"wp-image-234 size-full\" srcset=\"https:\/\/tolovaj.com\/trgovina\/wp-content\/uploads\/2024\/06\/Razvajeni_Naslovka-419.jpg 419w, https:\/\/tolovaj.com\/trgovina\/wp-content\/uploads\/2024\/06\/Razvajeni_Naslovka-419-212x300.jpg 212w\" sizes=\"auto, (max-width: 419px) 100vw, 419px\" \/><\/figure><div class=\"wp-block-media-text__content\">\n<p>Mali detel\u010dek bi ves dan pre\u017edel v gnezdu in se pustil stre\u010di mami in o\u010dku. Veveri\u010dka Zobek in Stor\u017eek sta s svojo posko\u010dnostjo njegovo popolno nasprotje. Zato ju o\u010de Detel prosi, naj mu pomagata razvajen\u010dka spraviti iz gnezda. Seveda sta veveri\u010dka pripravljena pomagati, toda &#8230;<\/p>\n\n\n\n<p>Prijazna pripoved z duhovitim preobratom se raz\u017eivi s pomo\u010djo odli\u010dnih ilustracij.<\/p>\n\n\n\n<p><a href=\"http:\/\/www.tolovaj.com\/vsebina\/tolovajeva-votlina\" target=\"_blank\" rel=\"noreferrer noopener\">Cena:&nbsp;&nbsp;8,99 EUR za kos<\/a><\/p>\n\n\n\n<p>Avtor: Tomo Ko\u010dar<br>Vrsta: slikanica<br>Leto izdaje: 2005<br>\u0160tevilo strani: 32<br>Format: mehka vezava, A4&nbsp;<\/p>\n<\/div><\/div>\n\n\n\n<figure class=\"wp-block-gallery has-nested-images columns-default is-cropped wp-block-gallery-1 is-layout-flex wp-block-gallery-is-layout-flex\">\n<figure class=\"wp-block-image size-large\"><img loading=\"lazy\" decoding=\"async\" width=\"422\" height=\"583\" data-id=\"238\" src=\"https:\/\/tolovaj.com\/trgovina\/wp-content\/uploads\/2024\/06\/Razvajeni-01-422.jpg\" alt=\"\" class=\"wp-image-238\" srcset=\"https:\/\/tolovaj.com\/trgovina\/wp-content\/uploads\/2024\/06\/Razvajeni-01-422.jpg 422w, https:\/\/tolovaj.com\/trgovina\/wp-content\/uploads\/2024\/06\/Razvajeni-01-422-217x300.jpg 217w\" sizes=\"auto, (max-width: 422px) 100vw, 422px\" \/><\/figure>\n\n\n\n<figure class=\"wp-block-image size-large\"><img loading=\"lazy\" decoding=\"async\" width=\"419\" height=\"587\" data-id=\"237\" src=\"https:\/\/tolovaj.com\/trgovina\/wp-content\/uploads\/2024\/06\/Razvajeni-04-419.jpg\" alt=\"\" class=\"wp-image-237\" srcset=\"https:\/\/tolovaj.com\/trgovina\/wp-content\/uploads\/2024\/06\/Razvajeni-04-419.jpg 419w, https:\/\/tolovaj.com\/trgovina\/wp-content\/uploads\/2024\/06\/Razvajeni-04-419-214x300.jpg 214w\" sizes=\"auto, (max-width: 419px) 100vw, 419px\" \/><\/figure>\n\n\n\n<figure class=\"wp-block-image size-large\"><img loading=\"lazy\" decoding=\"async\" width=\"407\" height=\"572\" data-id=\"240\" src=\"https:\/\/tolovaj.com\/trgovina\/wp-content\/uploads\/2024\/06\/Razvajeni-07-407.jpg\" alt=\"\" class=\"wp-image-240\" srcset=\"https:\/\/tolovaj.com\/trgovina\/wp-content\/uploads\/2024\/06\/Razvajeni-07-407.jpg 407w, https:\/\/tolovaj.com\/trgovina\/wp-content\/uploads\/2024\/06\/Razvajeni-07-407-213x300.jpg 213w\" sizes=\"auto, (max-width: 407px) 100vw, 407px\" \/><\/figure>\n\n\n\n<figure class=\"wp-block-image size-full\"><img loading=\"lazy\" decoding=\"async\" width=\"413\" height=\"582\" data-id=\"241\" src=\"https:\/\/tolovaj.com\/trgovina\/wp-content\/uploads\/2024\/06\/Razvajeni-06-413-1.jpg\" alt=\"\" class=\"wp-image-241\" srcset=\"https:\/\/tolovaj.com\/trgovina\/wp-content\/uploads\/2024\/06\/Razvajeni-06-413-1.jpg 413w, https:\/\/tolovaj.com\/trgovina\/wp-content\/uploads\/2024\/06\/Razvajeni-06-413-1-213x300.jpg 213w\" sizes=\"auto, (max-width: 413px) 100vw, 413px\" \/><\/figure>\n<\/figure>\n","protected":false},"excerpt":{"rendered":"<p>Mali detel\u010dek bi ves dan pre\u017edel v gnezdu in se pustil stre\u010di mami in o\u010dku. Veveri\u010dka Zobek in Stor\u017eek sta s svojo posko\u010dnostjo njegovo popolno nasprotje. Zato ju o\u010de Detel prosi, naj mu pomagata razvajen\u010dka spraviti iz gnezda. Seveda sta veveri\u010dka pripravljena pomagati, toda &#8230; Prijazna pripoved z duhovitim preobratom se raz\u017eivi s pomo\u010djo odli\u010dnih [&hellip;]<\/p>\n","protected":false},"author":1,"featured_media":0,"parent":53,"menu_order":1,"comment_status":"closed","ping_status":"closed","template":"page-with-sidebar","meta":{"footnotes":""},"class_list":["post-231","page","type-page","status-publish","hentry"],"_links":{"self":[{"href":"https:\/\/tolovaj.com\/trgovina\/wp-json\/wp\/v2\/pages\/231","targetHints":{"allow":["GET"]}}],"collection":[{"href":"https:\/\/tolovaj.com\/trgovina\/wp-json\/wp\/v2\/pages"}],"about":[{"href":"https:\/\/tolovaj.com\/trgovina\/wp-json\/wp\/v2\/types\/page"}],"author":[{"embeddable":true,"href":"https:\/\/tolovaj.com\/trgovina\/wp-json\/wp\/v2\/users\/1"}],"replies":[{"embeddable":true,"href":"https:\/\/tolovaj.com\/trgovina\/wp-json\/wp\/v2\/comments?post=231"}],"version-history":[{"count":1,"href":"https:\/\/tolovaj.com\/trgovina\/wp-json\/wp\/v2\/pages\/231\/revisions"}],"predecessor-version":[{"id":242,"href":"https:\/\/tolovaj.com\/trgovina\/wp-json\/wp\/v2\/pages\/231\/revisions\/242"}],"up":[{"embeddable":true,"href":"https:\/\/tolovaj.com\/trgovina\/wp-json\/wp\/v2\/pages\/53"}],"wp:attachment":[{"href":"https:\/\/tolovaj.com\/trgovina\/wp-json\/wp\/v2\/media?parent=231"}],"curies":[{"name":"wp","href":"https:\/\/api.w.org\/{rel}","templated":true}]}}