{"id":213,"date":"2024-06-30T14:11:42","date_gmt":"2024-06-30T14:11:42","guid":{"rendered":"https:\/\/tolovaj.com\/trgovina1\/?page_id=213"},"modified":"2024-07-01T17:30:38","modified_gmt":"2024-07-01T17:30:38","slug":"12-vevericja-zabava","status":"publish","type":"page","link":"https:\/\/tolovaj.com\/trgovina\/zbirka-tolovaj\/12-vevericja-zabava\/","title":{"rendered":"Veveri\u010dja zabava"},"content":{"rendered":"\n<div class=\"wp-block-media-text is-stacked-on-mobile\"><figure class=\"wp-block-media-text__media\"><img loading=\"lazy\" decoding=\"async\" width=\"594\" height=\"839\" src=\"https:\/\/tolovaj.com\/trgovina\/wp-content\/uploads\/2024\/06\/Vevericja_zabava_Naslovka.jpg\" alt=\"\" class=\"wp-image-216 size-full\" srcset=\"https:\/\/tolovaj.com\/trgovina\/wp-content\/uploads\/2024\/06\/Vevericja_zabava_Naslovka.jpg 594w, https:\/\/tolovaj.com\/trgovina\/wp-content\/uploads\/2024\/06\/Vevericja_zabava_Naslovka-212x300.jpg 212w\" sizes=\"auto, (max-width: 594px) 100vw, 594px\" \/><\/figure><div class=\"wp-block-media-text__content\">\n<p>Veveri\u010dka Zobek in Stor\u017eek sta najbolj\u0161a prijatelja. Ko je njuna duplinica postala premajhna za oba, se je Zobek odselil. Stor\u017eek ga je sprva pogre\u0161al, a prijatelj se je \u0161e vedno vra\u010dal na obiske. Vsak dan je pri\u0161el in Stor\u017eek se je ustra\u0161il za svoje zaloge le\u0161nikov &#8230;<\/p>\n\n\n\n<p>Zbadljivo zgodbico dopolnjujejo izvirne in duhovite ilustracije.<\/p>\n\n\n\n<p><a href=\"http:\/\/www.tolovaj.com\/vsebina\/tolovajeva-votlina\" target=\"_blank\" rel=\"noreferrer noopener\">Cena:&nbsp;&nbsp;8,99 EUR za kos<\/a><\/p>\n\n\n\n<p>Avtor: Tomo Ko\u010dar<br>Vrsta: slikanica<br>Leto izdaje: 2005<br>\u0160tevilo strani: 32<br>Format: mehka vezava, A4&nbsp;<\/p>\n<\/div><\/div>\n\n\n\n<figure class=\"wp-block-gallery has-nested-images columns-default is-cropped wp-block-gallery-1 is-layout-flex wp-block-gallery-is-layout-flex\">\n<figure class=\"wp-block-image size-large\"><img loading=\"lazy\" decoding=\"async\" width=\"459\" height=\"617\" data-id=\"225\" src=\"https:\/\/tolovaj.com\/trgovina\/wp-content\/uploads\/2024\/06\/Vevericja-01.jpg\" alt=\"\" class=\"wp-image-225\" srcset=\"https:\/\/tolovaj.com\/trgovina\/wp-content\/uploads\/2024\/06\/Vevericja-01.jpg 459w, https:\/\/tolovaj.com\/trgovina\/wp-content\/uploads\/2024\/06\/Vevericja-01-223x300.jpg 223w\" sizes=\"auto, (max-width: 459px) 100vw, 459px\" \/><\/figure>\n\n\n\n<figure class=\"wp-block-image size-large\"><img loading=\"lazy\" decoding=\"async\" width=\"598\" height=\"848\" data-id=\"222\" src=\"https:\/\/tolovaj.com\/trgovina\/wp-content\/uploads\/2024\/06\/Vevericja-02.jpg\" alt=\"\" class=\"wp-image-222\" srcset=\"https:\/\/tolovaj.com\/trgovina\/wp-content\/uploads\/2024\/06\/Vevericja-02.jpg 598w, https:\/\/tolovaj.com\/trgovina\/wp-content\/uploads\/2024\/06\/Vevericja-02-212x300.jpg 212w\" sizes=\"auto, (max-width: 598px) 100vw, 598px\" \/><\/figure>\n\n\n\n<figure class=\"wp-block-image size-large\"><img loading=\"lazy\" decoding=\"async\" width=\"472\" height=\"690\" data-id=\"221\" src=\"https:\/\/tolovaj.com\/trgovina\/wp-content\/uploads\/2024\/06\/Vevericja-03.jpg\" alt=\"\" class=\"wp-image-221\" srcset=\"https:\/\/tolovaj.com\/trgovina\/wp-content\/uploads\/2024\/06\/Vevericja-03.jpg 472w, https:\/\/tolovaj.com\/trgovina\/wp-content\/uploads\/2024\/06\/Vevericja-03-205x300.jpg 205w\" sizes=\"auto, (max-width: 472px) 100vw, 472px\" \/><\/figure>\n\n\n\n<figure class=\"wp-block-image size-large\"><img loading=\"lazy\" decoding=\"async\" width=\"605\" height=\"848\" data-id=\"226\" src=\"https:\/\/tolovaj.com\/trgovina\/wp-content\/uploads\/2024\/06\/Vevericja-04.jpg\" alt=\"\" class=\"wp-image-226\" srcset=\"https:\/\/tolovaj.com\/trgovina\/wp-content\/uploads\/2024\/06\/Vevericja-04.jpg 605w, https:\/\/tolovaj.com\/trgovina\/wp-content\/uploads\/2024\/06\/Vevericja-04-214x300.jpg 214w\" sizes=\"auto, (max-width: 605px) 100vw, 605px\" \/><\/figure>\n\n\n\n<figure class=\"wp-block-image size-large\"><img loading=\"lazy\" decoding=\"async\" width=\"477\" height=\"709\" data-id=\"220\" src=\"https:\/\/tolovaj.com\/trgovina\/wp-content\/uploads\/2024\/06\/Vevericja-05.jpg\" alt=\"\" class=\"wp-image-220\" srcset=\"https:\/\/tolovaj.com\/trgovina\/wp-content\/uploads\/2024\/06\/Vevericja-05.jpg 477w, https:\/\/tolovaj.com\/trgovina\/wp-content\/uploads\/2024\/06\/Vevericja-05-202x300.jpg 202w\" sizes=\"auto, (max-width: 477px) 100vw, 477px\" \/><\/figure>\n\n\n\n<figure class=\"wp-block-image size-large\"><img loading=\"lazy\" decoding=\"async\" width=\"598\" height=\"848\" data-id=\"224\" src=\"https:\/\/tolovaj.com\/trgovina\/wp-content\/uploads\/2024\/06\/Vevericja-07.jpg\" alt=\"\" class=\"wp-image-224\" srcset=\"https:\/\/tolovaj.com\/trgovina\/wp-content\/uploads\/2024\/06\/Vevericja-07.jpg 598w, https:\/\/tolovaj.com\/trgovina\/wp-content\/uploads\/2024\/06\/Vevericja-07-212x300.jpg 212w\" sizes=\"auto, (max-width: 598px) 100vw, 598px\" \/><\/figure>\n\n\n\n<figure class=\"wp-block-image size-large\"><img loading=\"lazy\" decoding=\"async\" width=\"598\" height=\"845\" data-id=\"223\" src=\"https:\/\/tolovaj.com\/trgovina\/wp-content\/uploads\/2024\/06\/Vevericja-08.jpg\" alt=\"\" class=\"wp-image-223\" srcset=\"https:\/\/tolovaj.com\/trgovina\/wp-content\/uploads\/2024\/06\/Vevericja-08.jpg 598w, https:\/\/tolovaj.com\/trgovina\/wp-content\/uploads\/2024\/06\/Vevericja-08-212x300.jpg 212w\" sizes=\"auto, (max-width: 598px) 100vw, 598px\" \/><\/figure>\n<\/figure>\n","protected":false},"excerpt":{"rendered":"<p>Veveri\u010dka Zobek in Stor\u017eek sta najbolj\u0161a prijatelja. Ko je njuna duplinica postala premajhna za oba, se je Zobek odselil. Stor\u017eek ga je sprva pogre\u0161al, a prijatelj se je \u0161e vedno vra\u010dal na obiske. Vsak dan je pri\u0161el in Stor\u017eek se je ustra\u0161il za svoje zaloge le\u0161nikov &#8230; Zbadljivo zgodbico dopolnjujejo izvirne in duhovite ilustracije. Cena:&nbsp;&nbsp;8,99 [&hellip;]<\/p>\n","protected":false},"author":1,"featured_media":0,"parent":53,"menu_order":1,"comment_status":"closed","ping_status":"closed","template":"page-with-sidebar","meta":{"footnotes":""},"class_list":["post-213","page","type-page","status-publish","hentry"],"_links":{"self":[{"href":"https:\/\/tolovaj.com\/trgovina\/wp-json\/wp\/v2\/pages\/213","targetHints":{"allow":["GET"]}}],"collection":[{"href":"https:\/\/tolovaj.com\/trgovina\/wp-json\/wp\/v2\/pages"}],"about":[{"href":"https:\/\/tolovaj.com\/trgovina\/wp-json\/wp\/v2\/types\/page"}],"author":[{"embeddable":true,"href":"https:\/\/tolovaj.com\/trgovina\/wp-json\/wp\/v2\/users\/1"}],"replies":[{"embeddable":true,"href":"https:\/\/tolovaj.com\/trgovina\/wp-json\/wp\/v2\/comments?post=213"}],"version-history":[{"count":1,"href":"https:\/\/tolovaj.com\/trgovina\/wp-json\/wp\/v2\/pages\/213\/revisions"}],"predecessor-version":[{"id":227,"href":"https:\/\/tolovaj.com\/trgovina\/wp-json\/wp\/v2\/pages\/213\/revisions\/227"}],"up":[{"embeddable":true,"href":"https:\/\/tolovaj.com\/trgovina\/wp-json\/wp\/v2\/pages\/53"}],"wp:attachment":[{"href":"https:\/\/tolovaj.com\/trgovina\/wp-json\/wp\/v2\/media?parent=213"}],"curies":[{"name":"wp","href":"https:\/\/api.w.org\/{rel}","templated":true}]}}