{"id":172,"date":"2024-06-30T13:16:14","date_gmt":"2024-06-30T13:16:14","guid":{"rendered":"https:\/\/tolovaj.com\/trgovina1\/?page_id=172"},"modified":"2024-07-01T17:30:08","modified_gmt":"2024-07-01T17:30:08","slug":"15-skatla","status":"publish","type":"page","link":"https:\/\/tolovaj.com\/trgovina\/zbirka-tolovaj\/15-skatla\/","title":{"rendered":"\u0160katla"},"content":{"rendered":"\n<p><\/p>\n\n\n\n<div class=\"wp-block-media-text is-stacked-on-mobile is-vertically-aligned-top\"><figure class=\"wp-block-media-text__media\"><img loading=\"lazy\" decoding=\"async\" width=\"447\" height=\"631\" src=\"https:\/\/tolovaj.com\/trgovina\/wp-content\/uploads\/2024\/06\/Skatla-01-NASLOVKA-447.jpg\" alt=\"\" class=\"wp-image-175 size-full\" srcset=\"https:\/\/tolovaj.com\/trgovina\/wp-content\/uploads\/2024\/06\/Skatla-01-NASLOVKA-447.jpg 447w, https:\/\/tolovaj.com\/trgovina\/wp-content\/uploads\/2024\/06\/Skatla-01-NASLOVKA-447-213x300.jpg 213w\" sizes=\"auto, (max-width: 447px) 100vw, 447px\" \/><\/figure><div class=\"wp-block-media-text__content\">\n<p>\u0160katla je druga knjiga o Je\u017eku \u0160pikcu in njegovi \u017eenki Bodulj\u010dici, ki jima tokrat delajo dru\u017ebo trije otro\u010di\u010dki. Nekega jutra se na njihovi jasi pojavi skrivnosten predmet. \u0160pikec je pred \u010dasom \u017ee videl podobne \u0161katle, pred katerimi se ob ve\u010derih zbirajo ljudje in dru\u017einica se odlo\u010di, da jih bo posku\u0161ala posmemati.<\/p>\n\n\n\n<p>Preprosta, nekoliko zbadljiva zgodbica z \u017eivahnimi ilustracijami je obvezno branje vseh malih ljubiteljev Je\u017eka \u0160pikca, a bo zabavala tudi odrasle.<\/p>\n\n\n\n<p><a href=\"http:\/\/www.tolovaj.com\/vsebina\/tolovajeva-votlina\" target=\"_blank\" rel=\"noreferrer noopener\">Cena:&nbsp;&nbsp;8,99 EUR za kos<\/a><\/p>\n\n\n\n<p>Avtor: Tomo Ko\u010dar<br>Vrsta: slikanica<br>Leto izdaje: 2005<br>\u0160tevilo strani: 32<br>Format: mehka vezava, A4&nbsp;<\/p>\n<\/div><\/div>\n\n\n\n<figure class=\"wp-block-gallery has-nested-images columns-default is-cropped wp-block-gallery-1 is-layout-flex wp-block-gallery-is-layout-flex\">\n<figure class=\"wp-block-image size-large\"><img loading=\"lazy\" decoding=\"async\" width=\"442\" height=\"620\" data-id=\"178\" src=\"https:\/\/tolovaj.com\/trgovina\/wp-content\/uploads\/2024\/06\/Skatla-03-442.jpg\" alt=\"\" class=\"wp-image-178\" srcset=\"https:\/\/tolovaj.com\/trgovina\/wp-content\/uploads\/2024\/06\/Skatla-03-442.jpg 442w, https:\/\/tolovaj.com\/trgovina\/wp-content\/uploads\/2024\/06\/Skatla-03-442-214x300.jpg 214w\" sizes=\"auto, (max-width: 442px) 100vw, 442px\" \/><\/figure>\n\n\n\n<figure class=\"wp-block-image size-large\"><img loading=\"lazy\" decoding=\"async\" width=\"443\" height=\"622\" data-id=\"179\" src=\"https:\/\/tolovaj.com\/trgovina\/wp-content\/uploads\/2024\/06\/Skatla-04-443.jpg\" alt=\"\" class=\"wp-image-179\" srcset=\"https:\/\/tolovaj.com\/trgovina\/wp-content\/uploads\/2024\/06\/Skatla-04-443.jpg 443w, https:\/\/tolovaj.com\/trgovina\/wp-content\/uploads\/2024\/06\/Skatla-04-443-214x300.jpg 214w\" sizes=\"auto, (max-width: 443px) 100vw, 443px\" \/><\/figure>\n\n\n\n<figure class=\"wp-block-image size-large\"><img loading=\"lazy\" decoding=\"async\" width=\"447\" height=\"624\" data-id=\"177\" src=\"https:\/\/tolovaj.com\/trgovina\/wp-content\/uploads\/2024\/06\/Skatla-05-447.jpg\" alt=\"\" class=\"wp-image-177\" srcset=\"https:\/\/tolovaj.com\/trgovina\/wp-content\/uploads\/2024\/06\/Skatla-05-447.jpg 447w, https:\/\/tolovaj.com\/trgovina\/wp-content\/uploads\/2024\/06\/Skatla-05-447-215x300.jpg 215w\" sizes=\"auto, (max-width: 447px) 100vw, 447px\" \/><\/figure>\n\n\n\n<figure class=\"wp-block-image size-full\"><img loading=\"lazy\" decoding=\"async\" width=\"629\" height=\"892\" data-id=\"211\" src=\"https:\/\/tolovaj.com\/trgovina\/wp-content\/uploads\/2024\/06\/Pravljica-Skatla-08.jpg\" alt=\"\" class=\"wp-image-211\" srcset=\"https:\/\/tolovaj.com\/trgovina\/wp-content\/uploads\/2024\/06\/Pravljica-Skatla-08.jpg 629w, https:\/\/tolovaj.com\/trgovina\/wp-content\/uploads\/2024\/06\/Pravljica-Skatla-08-212x300.jpg 212w\" sizes=\"auto, (max-width: 629px) 100vw, 629px\" \/><\/figure>\n<\/figure>\n","protected":false},"excerpt":{"rendered":"<p>\u0160katla je druga knjiga o Je\u017eku \u0160pikcu in njegovi \u017eenki Bodulj\u010dici, ki jima tokrat delajo dru\u017ebo trije otro\u010di\u010dki. Nekega jutra se na njihovi jasi pojavi skrivnosten predmet. \u0160pikec je pred \u010dasom \u017ee videl podobne \u0161katle, pred katerimi se ob ve\u010derih zbirajo ljudje in dru\u017einica se odlo\u010di, da jih bo posku\u0161ala posmemati. Preprosta, nekoliko zbadljiva zgodbica [&hellip;]<\/p>\n","protected":false},"author":1,"featured_media":0,"parent":53,"menu_order":1,"comment_status":"closed","ping_status":"closed","template":"page-with-sidebar","meta":{"footnotes":""},"class_list":["post-172","page","type-page","status-publish","hentry"],"_links":{"self":[{"href":"https:\/\/tolovaj.com\/trgovina\/wp-json\/wp\/v2\/pages\/172","targetHints":{"allow":["GET"]}}],"collection":[{"href":"https:\/\/tolovaj.com\/trgovina\/wp-json\/wp\/v2\/pages"}],"about":[{"href":"https:\/\/tolovaj.com\/trgovina\/wp-json\/wp\/v2\/types\/page"}],"author":[{"embeddable":true,"href":"https:\/\/tolovaj.com\/trgovina\/wp-json\/wp\/v2\/users\/1"}],"replies":[{"embeddable":true,"href":"https:\/\/tolovaj.com\/trgovina\/wp-json\/wp\/v2\/comments?post=172"}],"version-history":[{"count":3,"href":"https:\/\/tolovaj.com\/trgovina\/wp-json\/wp\/v2\/pages\/172\/revisions"}],"predecessor-version":[{"id":212,"href":"https:\/\/tolovaj.com\/trgovina\/wp-json\/wp\/v2\/pages\/172\/revisions\/212"}],"up":[{"embeddable":true,"href":"https:\/\/tolovaj.com\/trgovina\/wp-json\/wp\/v2\/pages\/53"}],"wp:attachment":[{"href":"https:\/\/tolovaj.com\/trgovina\/wp-json\/wp\/v2\/media?parent=172"}],"curies":[{"name":"wp","href":"https:\/\/api.w.org\/{rel}","templated":true}]}}